{"id":13574,"date":"2025-06-30T17:09:18","date_gmt":"2025-06-30T09:09:18","guid":{"rendered":"https:\/\/k-level.com\/?post_type=product&#038;p=13574"},"modified":"2025-07-15T16:27:03","modified_gmt":"2025-07-15T08:27:03","slug":"support-de-laser-de-ligne-llb18a","status":"publish","type":"product","link":"https:\/\/k-level.com\/fr\/produit\/support-de-laser-de-ligne-llb18a\/","title":{"rendered":"Support pour laser de ligne LLB18A"},"content":{"rendered":"<p>Le support laser de ligne LLB18A est un outil fiable et polyvalent con\u00e7u pour les applications laser, dot\u00e9 d&#039;une base magn\u00e9tique et d&#039;un filetage 1\/4\u2033-20 pour une fixation facile.<\/p>\n<p>Sa construction l\u00e9g\u00e8re mais durable et sa conception r\u00e9glable le rendent parfait pour r\u00e9aliser des mesures pr\u00e9cises.<\/p>\n<p>Support laser de ligne LLB18A, un outil essentiel con\u00e7u pour les professionnels \u00e0 la recherche d&#039;un laser fiable et <a href=\"https:\/\/k-level.com\/fr\/a-propos-de-nous\/\">Support de niveau laser pratique<\/a> solutions.<\/p>\n<p>Notre support de niveau laser pratique se distingue par sa construction robuste en aluminium qui garantit des performances durables, m\u00eame dans les environnements de travail exigeants. Le LLB18A est dot\u00e9 d&#039;un m\u00e9canisme de d\u00e9montage rapide et d&#039;une rotation \u00e0 360\u00b0, permettant des r\u00e9glages sans effort et un positionnement optimal de votre laser de ligne. V\u00e9ritable support de niveau laser pratique, il offre une compatibilit\u00e9 universelle avec la plupart des grandes marques de lasers de ligne, \u00e9liminant ainsi le recours \u00e0 plusieurs solutions de montage.<\/p>\n<p>La conception intelligente du LLB18A int\u00e8gre de multiples options de montage, notamment la compatibilit\u00e9 avec un tr\u00e9pied et la polyvalence d&#039;un montage mural, ce qui rend ce support de niveau laser pratique adapt\u00e9 \u00e0 diverses exigences de chantier. Sa conception compacte et robuste assure une stabilit\u00e9 optimale pendant l&#039;utilisation, tout en restant l\u00e9g\u00e8re pour un transport ais\u00e9.<\/p>\n<p>Avec le LLB18A <a href=\"https:\/\/k-level.com\/fr\/a-propos-de-nous\/\">Support de niveau laser pratique<\/a>, les professionnels b\u00e9n\u00e9ficient d&#039;un outil fiable qui am\u00e9liore la pr\u00e9cision des mesures tout en \u00e9conomisant un temps pr\u00e9cieux sur la configuration et les r\u00e9glages.<\/p>\n<p><img fetchpriority=\"high\" decoding=\"async\" class=\"aligncenter wp-image-13576 size-medium\" src=\"https:\/\/k-level.com\/wp-content\/uploads\/2025\/06\/LLB18A2-300x300.jpg\" alt=\"Support de niveau laser pratique\" width=\"300\" height=\"300\" srcset=\"https:\/\/k-level.com\/wp-content\/uploads\/2025\/06\/LLB18A2-300x300.jpg 300w, https:\/\/k-level.com\/wp-content\/uploads\/2025\/06\/LLB18A2-150x150.jpg 150w, https:\/\/k-level.com\/wp-content\/uploads\/2025\/06\/LLB18A2-768x768.jpg 768w, https:\/\/k-level.com\/wp-content\/uploads\/2025\/06\/LLB18A2-12x12.jpg 12w, https:\/\/k-level.com\/wp-content\/uploads\/2025\/06\/LLB18A2-370x370.jpg 370w, https:\/\/k-level.com\/wp-content\/uploads\/2025\/06\/LLB18A2-400x400.jpg 400w, https:\/\/k-level.com\/wp-content\/uploads\/2025\/06\/LLB18A2-100x100.jpg 100w, https:\/\/k-level.com\/wp-content\/uploads\/2025\/06\/LLB18A2-50x50.jpg 50w, https:\/\/k-level.com\/wp-content\/uploads\/2025\/06\/LLB18A2.jpg 800w\" sizes=\"(max-width: 300px) 100vw, 300px\" \/><br \/>\nSupport laser de ligne LLB18A pour un positionnement pr\u00e9cis, garantissant un alignement pr\u00e9cis dans tous les projets laser.<\/p>\n<p>Besoin d&#039;une solution?<br \/>\nK-level propose des services de conseil en \u00e9quipement d&#039;arpentage. Contactez-nous pour les commandes group\u00e9es ou l&#039;assistance technique\u00a0!<\/p>","protected":false},"excerpt":{"rendered":"<ul>\n<li>Support laser de ligne LLB18A Id\u00e9al pour les professionnels de la construction et de l&#039;arpentage.<\/li>\n<li>rendant le support laser de ligne LLB18A adapt\u00e9<\/li>\n<li>pour les applications int\u00e9rieures et ext\u00e9rieures.<\/li>\n<\/ul>\n<p><img decoding=\"async\" class=\"alignnone size-medium wp-image-13646\" src=\"https:\/\/k-level.com\/wp-content\/uploads\/2025\/05\/logo-300x98.png\" alt=\"\" width=\"300\" height=\"98\" srcset=\"https:\/\/k-level.com\/wp-content\/uploads\/2025\/05\/logo-300x98.png 300w, https:\/\/k-level.com\/wp-content\/uploads\/2025\/05\/logo-18x6.png 18w, https:\/\/k-level.com\/wp-content\/uploads\/2025\/05\/logo.png 307w\" sizes=\"(max-width: 300px) 100vw, 300px\" \/><\/p>\n<p>&nbsp;<\/p>","protected":false},"featured_media":13575,"comment_status":"open","ping_status":"closed","template":"","meta":[],"product_brand":[],"product_cat":[260],"product_tag":[238],"class_list":{"0":"post-13574","1":"product","2":"type-product","3":"status-publish","4":"has-post-thumbnail","6":"product_cat-line-laser-bracket","7":"product_tag-carpentry-and-furniture","9":"first","10":"instock","11":"shipping-taxable","12":"product-type-simple"},"_links":{"self":[{"href":"https:\/\/k-level.com\/fr\/wp-json\/wp\/v2\/product\/13574","targetHints":{"allow":["GET"]}}],"collection":[{"href":"https:\/\/k-level.com\/fr\/wp-json\/wp\/v2\/product"}],"about":[{"href":"https:\/\/k-level.com\/fr\/wp-json\/wp\/v2\/types\/product"}],"replies":[{"embeddable":true,"href":"https:\/\/k-level.com\/fr\/wp-json\/wp\/v2\/comments?post=13574"}],"version-history":[{"count":4,"href":"https:\/\/k-level.com\/fr\/wp-json\/wp\/v2\/product\/13574\/revisions"}],"predecessor-version":[{"id":13787,"href":"https:\/\/k-level.com\/fr\/wp-json\/wp\/v2\/product\/13574\/revisions\/13787"}],"wp:featuredmedia":[{"embeddable":true,"href":"https:\/\/k-level.com\/fr\/wp-json\/wp\/v2\/media\/13575"}],"wp:attachment":[{"href":"https:\/\/k-level.com\/fr\/wp-json\/wp\/v2\/media?parent=13574"}],"wp:term":[{"taxonomy":"product_brand","embeddable":true,"href":"https:\/\/k-level.com\/fr\/wp-json\/wp\/v2\/product_brand?post=13574"},{"taxonomy":"product_cat","embeddable":true,"href":"https:\/\/k-level.com\/fr\/wp-json\/wp\/v2\/product_cat?post=13574"},{"taxonomy":"product_tag","embeddable":true,"href":"https:\/\/k-level.com\/fr\/wp-json\/wp\/v2\/product_tag?post=13574"}],"curies":[{"name":"wp","href":"https:\/\/api.w.org\/{rel}","templated":true}]}}