{"id":13571,"date":"2025-06-30T16:55:31","date_gmt":"2025-06-30T08:55:31","guid":{"rendered":"https:\/\/k-level.com\/?post_type=product&#038;p=13571"},"modified":"2025-07-15T15:46:26","modified_gmt":"2025-07-15T07:46:26","slug":"support-de-laser-de-ligne-llb06","status":"publish","type":"product","link":"https:\/\/k-level.com\/fr\/produit\/support-de-laser-de-ligne-llb06\/","title":{"rendered":"Support pour laser \u00e0 ligne LLB06"},"content":{"rendered":"<p>Le <a href=\"https:\/\/k-level.com\/fr\/contactez-nous\/\">Support pour laser \u00e0 ligne LLB06<\/a> est une solution de montage professionnelle con\u00e7ue pour allier pr\u00e9cision et praticit\u00e9. Dot\u00e9 d&#039;un aimant puissant, d&#039;un angle r\u00e9glable de 0\u00b0 \u00e0 90\u00b0 et de deux adaptateurs (1\/4\u2033-20 et 5\/8\u2033-11), il assure une fixation s\u00fbre et polyvalente pour les lasers lin\u00e9aires utilis\u00e9s dans la construction, la topographie et l&#039;industrie.<\/p>\n<p><img fetchpriority=\"high\" decoding=\"async\" class=\"aligncenter wp-image-13572 size-medium\" src=\"https:\/\/k-level.com\/wp-content\/uploads\/2025\/06\/01-3-300x300.jpg\" alt=\"Support en L pour niveau laser magn\u00e9tique\" width=\"300\" height=\"300\" srcset=\"https:\/\/k-level.com\/wp-content\/uploads\/2025\/06\/01-3-300x300.jpg 300w, https:\/\/k-level.com\/wp-content\/uploads\/2025\/06\/01-3-150x150.jpg 150w, https:\/\/k-level.com\/wp-content\/uploads\/2025\/06\/01-3-768x768.jpg 768w, https:\/\/k-level.com\/wp-content\/uploads\/2025\/06\/01-3-12x12.jpg 12w, https:\/\/k-level.com\/wp-content\/uploads\/2025\/06\/01-3-370x370.jpg 370w, https:\/\/k-level.com\/wp-content\/uploads\/2025\/06\/01-3-400x400.jpg 400w, https:\/\/k-level.com\/wp-content\/uploads\/2025\/06\/01-3-100x100.jpg 100w, https:\/\/k-level.com\/wp-content\/uploads\/2025\/06\/01-3-50x50.jpg 50w, https:\/\/k-level.com\/wp-content\/uploads\/2025\/06\/01-3.jpg 800w\" sizes=\"(max-width: 300px) 100vw, 300px\" \/><\/p>\n<p>Le support laser de ligne LLB06 est de conception durable et son installation facile en fait un outil essentiel pour les professionnels \u00e0 la recherche d&#039;un positionnement laser fiable et efficace.<\/p>\n<p>Le support pour laser de ligne LLB06 t\u00e9moigne de notre engagement envers la qualit\u00e9 et l&#039;innovation. Cet outil polyvalent est con\u00e7u pour am\u00e9liorer la fonctionnalit\u00e9 de vos niveaux laser de ligne, offrant pr\u00e9cision et flexibilit\u00e9 dans diverses applications.<\/p>\n<p>Le <a href=\"https:\/\/k-level.com\/fr\/contactez-nous\/\">Support en L pour niveau laser magn\u00e9tique<\/a> est un accessoire indispensable pour tout professionnel ou bricoleur souhaitant obtenir des mesures pr\u00e9cises. Sa base magn\u00e9tique robuste se fixe solidement aux surfaces m\u00e9talliques, offrant une plateforme stable \u00e0 votre laser de ligne, que vous travailliez sur un chantier, en r\u00e9novation ou m\u00eame pour des installations artistiques. Le support magn\u00e9tique en L pour niveau laser maintient votre laser en place pendant que vous vous concentrez sur vos mesures, r\u00e9duisant ainsi les risques d&#039;erreur et am\u00e9liorant l&#039;efficacit\u00e9 globale.<\/p>\n<p>L&#039;une des caract\u00e9ristiques les plus remarquables du LLB06 est sa conception r\u00e9glable. Le support en L magn\u00e9tique du niveau laser peut \u00eatre facilement positionn\u00e9 \u00e0 diff\u00e9rents angles, vous permettant de projeter des lignes laser pr\u00e9cis\u00e9ment l\u00e0 o\u00f9 vous le souhaitez. Cette flexibilit\u00e9 est particuli\u00e8rement utile pour des t\u00e2ches telles que l&#039;alignement d&#039;\u00e9tag\u00e8res, l&#039;installation de meubles ou le marquage des murs avant peinture. Gr\u00e2ce \u00e0 la possibilit\u00e9 de personnaliser l&#039;angle et la hauteur, ce support s&#039;adapte aux besoins sp\u00e9cifiques de votre projet, ce qui en fait un outil indispensable \u00e0 votre arsenal de mesure.<\/p>\n<p>La durabilit\u00e9 est une autre caract\u00e9ristique du LLB06. Fabriqu\u00e9 \u00e0 partir de mat\u00e9riaux de haute qualit\u00e9, <a href=\"https:\/\/k-level.com\/fr\/contactez-nous\/\">Support en L pour niveau laser magn\u00e9tique<\/a> est con\u00e7u pour r\u00e9sister aux rigueurs d&#039;une utilisation quotidienne.<\/p>\n<p>Besoin d&#039;une solution?<br \/>\nK-level propose des services de conseil en \u00e9quipement d&#039;arpentage. Contactez-nous pour les commandes group\u00e9es ou l&#039;assistance technique\u00a0!<\/p>","protected":false},"excerpt":{"rendered":"<ul>\n<li>Support laser de ligne LLB06 pour un alignement laser stable dans divers environnements de travail<\/li>\n<li>rendant le support laser de ligne LLB06 id\u00e9al pour les professionnels qui<br \/>\nbesoin de solutions de montage laser efficaces et pr\u00e9cises.<\/li>\n<\/ul>\n<p><img decoding=\"async\" class=\"alignnone size-medium wp-image-13646\" src=\"https:\/\/k-level.com\/wp-content\/uploads\/2025\/05\/logo-300x98.png\" alt=\"\" width=\"300\" height=\"98\" srcset=\"https:\/\/k-level.com\/wp-content\/uploads\/2025\/05\/logo-300x98.png 300w, https:\/\/k-level.com\/wp-content\/uploads\/2025\/05\/logo-18x6.png 18w, https:\/\/k-level.com\/wp-content\/uploads\/2025\/05\/logo.png 307w\" sizes=\"(max-width: 300px) 100vw, 300px\" \/><\/p>","protected":false},"featured_media":13572,"comment_status":"open","ping_status":"closed","template":"","meta":[],"product_brand":[],"product_cat":[260],"product_tag":[238],"class_list":{"0":"post-13571","1":"product","2":"type-product","3":"status-publish","4":"has-post-thumbnail","6":"product_cat-line-laser-bracket","7":"product_tag-carpentry-and-furniture","9":"first","10":"instock","11":"shipping-taxable","12":"product-type-simple"},"_links":{"self":[{"href":"https:\/\/k-level.com\/fr\/wp-json\/wp\/v2\/product\/13571","targetHints":{"allow":["GET"]}}],"collection":[{"href":"https:\/\/k-level.com\/fr\/wp-json\/wp\/v2\/product"}],"about":[{"href":"https:\/\/k-level.com\/fr\/wp-json\/wp\/v2\/types\/product"}],"replies":[{"embeddable":true,"href":"https:\/\/k-level.com\/fr\/wp-json\/wp\/v2\/comments?post=13571"}],"version-history":[{"count":4,"href":"https:\/\/k-level.com\/fr\/wp-json\/wp\/v2\/product\/13571\/revisions"}],"predecessor-version":[{"id":13785,"href":"https:\/\/k-level.com\/fr\/wp-json\/wp\/v2\/product\/13571\/revisions\/13785"}],"wp:featuredmedia":[{"embeddable":true,"href":"https:\/\/k-level.com\/fr\/wp-json\/wp\/v2\/media\/13572"}],"wp:attachment":[{"href":"https:\/\/k-level.com\/fr\/wp-json\/wp\/v2\/media?parent=13571"}],"wp:term":[{"taxonomy":"product_brand","embeddable":true,"href":"https:\/\/k-level.com\/fr\/wp-json\/wp\/v2\/product_brand?post=13571"},{"taxonomy":"product_cat","embeddable":true,"href":"https:\/\/k-level.com\/fr\/wp-json\/wp\/v2\/product_cat?post=13571"},{"taxonomy":"product_tag","embeddable":true,"href":"https:\/\/k-level.com\/fr\/wp-json\/wp\/v2\/product_tag?post=13571"}],"curies":[{"name":"wp","href":"https:\/\/api.w.org\/{rel}","templated":true}]}}