{"id":13532,"date":"2025-06-25T17:20:58","date_gmt":"2025-06-25T09:20:58","guid":{"rendered":"https:\/\/k-level.com\/?post_type=product&#038;p=13532"},"modified":"2025-07-15T14:16:30","modified_gmt":"2025-07-15T06:16:30","slug":"plaque-cible-laser-ltp01","status":"publish","type":"product","link":"https:\/\/k-level.com\/fr\/produit\/plaque-cible-laser-ltp01\/","title":{"rendered":"Plaque cible laser LTP01"},"content":{"rendered":"<p><strong>Plaques cibles laser LTP01R\/LTP01G<\/strong> \u2013 Outils de mesure de pr\u00e9cision pour niveaux laser<\/p>\n<p>Le<a href=\"https:\/\/k-level.com\/fr\/\"> Plaque cible laser LTP01<\/a> est un outil de pr\u00e9cision essentiel qui am\u00e9liore consid\u00e9rablement la pr\u00e9cision de mesure pour diverses applications de niveau laser.<\/p>\n<p>Disponibles en deux mod\u00e8les sp\u00e9cialis\u00e9s \u2013 LTP01R pour les lasers rouges et LTP01G pour les lasers verts \u2013 ces cibles laser magn\u00e9tiques offrent une visibilit\u00e9 claire du faisceau et des capacit\u00e9s de mesure pr\u00e9cises, m\u00eame \u00e0 des distances \u00e9tendues de votre unit\u00e9 laser.<\/p>\n<p>Au niveau K, nous sommes fiers de fournir des instruments de mesure de haute pr\u00e9cision et notre <a href=\"https:\/\/k-level.com\/fr\/contactez-nous\/\">Plaque cible laser LTP01<\/a> est une solution exceptionnelle pour des t\u00e2ches d&#039;alignement et de nivellement laser pr\u00e9cises. Con\u00e7ue pour les professionnels de la construction, de l&#039;arpentage et des applications industrielles, cette gamme de produits comprend des variantes sp\u00e9cialis\u00e9es telles que la plaque cible magn\u00e9tique verte et la carte cible laser magn\u00e9tique au sol, garantissant polyvalence et fiabilit\u00e9 dans divers environnements de travail.<\/p>\n<p>Le <a href=\"https:\/\/k-level.com\/fr\/contactez-nous\/\">Plaque cible magn\u00e9tique verte<\/a> Con\u00e7ue pour une visibilit\u00e9 et une durabilit\u00e9 sup\u00e9rieures, sa surface vert vif am\u00e9liore la d\u00e9tection du faisceau laser, m\u00eame en conditions de faible luminosit\u00e9. Son support magn\u00e9tique robuste permet une fixation solide sur les surfaces m\u00e9talliques, ce qui la rend id\u00e9ale pour les charpentes m\u00e9talliques, les conduits et l&#039;alignement des machines. La plaque cible laser magn\u00e9tique au sol offre quant \u00e0 elle une conception l\u00e9g\u00e8re et robuste, id\u00e9ale pour les mesures au sol et le marquage d&#039;implantation.<\/p>\n<p>La plaque cible magn\u00e9tique verte et la carte cible laser magn\u00e9tique au sol sont des outils essentiels pour les professionnels qui exigent pr\u00e9cision et efficacit\u00e9.<\/p>\n<p><img fetchpriority=\"high\" decoding=\"async\" class=\"aligncenter wp-image-13534 size-medium\" src=\"https:\/\/k-level.com\/wp-content\/uploads\/2025\/06\/LTP012-300x300.jpg\" alt=\"Plaque cible magn\u00e9tique verte\" width=\"300\" height=\"300\" srcset=\"https:\/\/k-level.com\/wp-content\/uploads\/2025\/06\/LTP012-300x300.jpg 300w, https:\/\/k-level.com\/wp-content\/uploads\/2025\/06\/LTP012-150x150.jpg 150w, https:\/\/k-level.com\/wp-content\/uploads\/2025\/06\/LTP012-768x768.jpg 768w, https:\/\/k-level.com\/wp-content\/uploads\/2025\/06\/LTP012-12x12.jpg 12w, https:\/\/k-level.com\/wp-content\/uploads\/2025\/06\/LTP012-370x370.jpg 370w, https:\/\/k-level.com\/wp-content\/uploads\/2025\/06\/LTP012-400x400.jpg 400w, https:\/\/k-level.com\/wp-content\/uploads\/2025\/06\/LTP012-100x100.jpg 100w, https:\/\/k-level.com\/wp-content\/uploads\/2025\/06\/LTP012-50x50.jpg 50w, https:\/\/k-level.com\/wp-content\/uploads\/2025\/06\/LTP012.jpg 800w\" sizes=\"(max-width: 300px) 100vw, 300px\" \/><\/p>\n<p><strong>Compatibilit\u00e9 universelle<\/strong><\/p>\n<p>Fonctionne avec tous les types de niveaux laser, notamment :<br \/>\nLasers rotatifs<br \/>\nLasers \u00e0 lignes crois\u00e9es<br \/>\nLasers ponctuels<br \/>\nMesures laser<\/p>\n<p>&nbsp;<\/p>\n<p>Besoin d&#039;une solution?<br \/>\nK-level propose des services de conseil en \u00e9quipement d&#039;arpentage. Contactez-nous pour les commandes group\u00e9es ou l&#039;assistance technique\u00a0!<\/p>","protected":false},"excerpt":{"rendered":"<ul>\n<li>Mesure de pr\u00e9cision : des \u00e9chelles pr\u00e9cises en pouces\/cm garantissent des mesures fiables<\/li>\n<li>Visibilit\u00e9 am\u00e9lior\u00e9e : les surfaces sp\u00e9cialis\u00e9es permettent aux faisceaux laser de se d\u00e9marquer clairement<\/li>\n<li>Compatibilit\u00e9 universelle : plaque cible magn\u00e9tique verte fonctionne avec toutes les principales marques de niveaux laser<\/li>\n<\/ul>\n<p><img decoding=\"async\" class=\"alignnone size-medium wp-image-13646\" src=\"https:\/\/k-level.com\/wp-content\/uploads\/2025\/05\/logo-300x98.png\" alt=\"\" width=\"300\" height=\"98\" srcset=\"https:\/\/k-level.com\/wp-content\/uploads\/2025\/05\/logo-300x98.png 300w, https:\/\/k-level.com\/wp-content\/uploads\/2025\/05\/logo-18x6.png 18w, https:\/\/k-level.com\/wp-content\/uploads\/2025\/05\/logo.png 307w\" sizes=\"(max-width: 300px) 100vw, 300px\" \/><\/p>","protected":false},"featured_media":13533,"comment_status":"open","ping_status":"closed","template":"","meta":[],"product_brand":[],"product_cat":[255],"product_tag":[238],"class_list":{"0":"post-13532","1":"product","2":"type-product","3":"status-publish","4":"has-post-thumbnail","6":"product_cat-laser-target-plate","7":"product_tag-carpentry-and-furniture","9":"first","10":"instock","11":"shipping-taxable","12":"product-type-simple"},"_links":{"self":[{"href":"https:\/\/k-level.com\/fr\/wp-json\/wp\/v2\/product\/13532","targetHints":{"allow":["GET"]}}],"collection":[{"href":"https:\/\/k-level.com\/fr\/wp-json\/wp\/v2\/product"}],"about":[{"href":"https:\/\/k-level.com\/fr\/wp-json\/wp\/v2\/types\/product"}],"replies":[{"embeddable":true,"href":"https:\/\/k-level.com\/fr\/wp-json\/wp\/v2\/comments?post=13532"}],"version-history":[{"count":4,"href":"https:\/\/k-level.com\/fr\/wp-json\/wp\/v2\/product\/13532\/revisions"}],"predecessor-version":[{"id":13779,"href":"https:\/\/k-level.com\/fr\/wp-json\/wp\/v2\/product\/13532\/revisions\/13779"}],"wp:featuredmedia":[{"embeddable":true,"href":"https:\/\/k-level.com\/fr\/wp-json\/wp\/v2\/media\/13533"}],"wp:attachment":[{"href":"https:\/\/k-level.com\/fr\/wp-json\/wp\/v2\/media?parent=13532"}],"wp:term":[{"taxonomy":"product_brand","embeddable":true,"href":"https:\/\/k-level.com\/fr\/wp-json\/wp\/v2\/product_brand?post=13532"},{"taxonomy":"product_cat","embeddable":true,"href":"https:\/\/k-level.com\/fr\/wp-json\/wp\/v2\/product_cat?post=13532"},{"taxonomy":"product_tag","embeddable":true,"href":"https:\/\/k-level.com\/fr\/wp-json\/wp\/v2\/product_tag?post=13532"}],"curies":[{"name":"wp","href":"https:\/\/api.w.org\/{rel}","templated":true}]}}