{"id":13525,"date":"2025-06-25T17:08:07","date_gmt":"2025-06-25T09:08:07","guid":{"rendered":"https:\/\/k-level.com\/?post_type=product&#038;p=13525"},"modified":"2025-07-14T17:36:57","modified_gmt":"2025-07-14T09:36:57","slug":"lunettes-laser-lg01","status":"publish","type":"product","link":"https:\/\/k-level.com\/fr\/produit\/lunettes-laser-lg01\/","title":{"rendered":"Lunettes laser LG01"},"content":{"rendered":"<p>Lunettes laser LG01R\/LG01G \u2013 Protection oculaire professionnelle pour niveaux laser lin\u00e9aires<\/p>\n<p>Le <a href=\"https:\/\/k-level.com\/fr\/a-propos-de-nous\/\">Lunettes laser LG01<\/a> La s\u00e9rie propose une protection oculaire sp\u00e9cialis\u00e9e avec deux mod\u00e8les sp\u00e9cifiques \u00e0 la longueur d&#039;onde : LG01R pour les lasers rouges (635-650 nm) et LG01G pour les lasers verts (520-532 nm).<\/p>\n<p>Lunettes de s\u00e9curit\u00e9 laser LG01 Con\u00e7ues sp\u00e9cifiquement pour \u00eatre utilis\u00e9es avec des niveaux laser lin\u00e9aires, ces lunettes de s\u00e9curit\u00e9 am\u00e9liorent consid\u00e9rablement la visibilit\u00e9 du laser tout en offrant une protection oculaire essentielle contre les rayonnements nocifs.<\/p>\n<p>Chez K-level, nous sommes sp\u00e9cialis\u00e9s dans les instruments de mesure et les \u00e9quipements de s\u00e9curit\u00e9 haute performance, notamment nos lunettes laser LG01, tr\u00e8s appr\u00e9ci\u00e9es. Con\u00e7ues pour les professionnels travaillant avec des appareils laser, ces lunettes de s\u00e9curit\u00e9 laser offrent une protection in\u00e9gal\u00e9e tout en garantissant une visibilit\u00e9 optimale.<\/p>\n<p>Les lunettes laser LG01 sont con\u00e7ues pour bloquer les rayonnements laser nocifs, ce qui les rend id\u00e9ales pour les g\u00e9om\u00e8tres, les ing\u00e9nieurs et les techniciens de laboratoire. Sp\u00e9cialis\u00e9es dans la protection laser verte, elles offrent un filtrage am\u00e9lior\u00e9 pour les longueurs d&#039;onde de 532 nm, couramment utilis\u00e9es pour l&#039;alignement, le nivellement et les applications scientifiques dans le secteur de la construction. Contrairement aux lunettes classiques, nos lunettes de protection laser sont soumises \u00e0 des tests rigoureux pour r\u00e9pondre aux normes de s\u00e9curit\u00e9 internationales (EN 207 et ANSI Z136.1), garantissant une protection fiable contre les expositions accidentelles.<\/p>\n<p>Que vous ayez besoin de lunettes de s\u00e9curit\u00e9 laser vertes pour l&#039;arpentage ou <a href=\"https:\/\/k-level.com\/fr\/a-propos-de-nous\/\">lunettes de s\u00e9curit\u00e9 laser<\/a> Pour un usage industriel, le LG01 offre une protection de qualit\u00e9 professionnelle sans compromettre le confort. Faites confiance \u00e0 K-level pour un \u00e9quipement de s\u00e9curit\u00e9 de pr\u00e9cision qui vous permet de rester concentr\u00e9 et en s\u00e9curit\u00e9.<\/p>\n<p><img fetchpriority=\"high\" decoding=\"async\" class=\"aligncenter wp-image-13527 size-medium\" src=\"https:\/\/k-level.com\/wp-content\/uploads\/2025\/06\/LG012-300x300.jpg\" alt=\"lunettes de s\u00e9curit\u00e9 laser\" width=\"300\" height=\"300\" srcset=\"https:\/\/k-level.com\/wp-content\/uploads\/2025\/06\/LG012-300x300.jpg 300w, https:\/\/k-level.com\/wp-content\/uploads\/2025\/06\/LG012-150x150.jpg 150w, https:\/\/k-level.com\/wp-content\/uploads\/2025\/06\/LG012-768x768.jpg 768w, https:\/\/k-level.com\/wp-content\/uploads\/2025\/06\/LG012-12x12.jpg 12w, https:\/\/k-level.com\/wp-content\/uploads\/2025\/06\/LG012-370x370.jpg 370w, https:\/\/k-level.com\/wp-content\/uploads\/2025\/06\/LG012-400x400.jpg 400w, https:\/\/k-level.com\/wp-content\/uploads\/2025\/06\/LG012-100x100.jpg 100w, https:\/\/k-level.com\/wp-content\/uploads\/2025\/06\/LG012-50x50.jpg 50w, https:\/\/k-level.com\/wp-content\/uploads\/2025\/06\/LG012.jpg 800w\" sizes=\"(max-width: 300px) 100vw, 300px\" \/><\/p>\n<p>Leurs filtres optiques optimis\u00e9s rendent les lignes laser plus lumineuses et plus nettes, am\u00e9liorant ainsi la pr\u00e9cision dans les applications de construction, d&#039;alignement et de nivellement.<\/p>\n<p>Besoin d&#039;une solution?<br \/>\nK-level propose des services de conseil en \u00e9quipement d&#039;arpentage. Contactez-nous pour les commandes group\u00e9es ou l&#039;assistance technique\u00a0!<\/p>","protected":false},"excerpt":{"rendered":"<ul>\n<li>Les lunettes laser LG01R et LG01G offrent aux professionnels une protection oculaire cibl\u00e9e et une visibilit\u00e9 am\u00e9lior\u00e9e.<\/li>\n<li>Leurs lunettes de s\u00e9curit\u00e9 laser allient s\u00e9curit\u00e9, confort et clart\u00e9 optique<\/li>\n<li>Accessoire indispensable pour les entrepreneurs, les g\u00e9om\u00e8tres et les bricoleurs travaillant avec des niveaux laser \u00e0 ligne.<\/li>\n<\/ul>\n<p><img decoding=\"async\" class=\"alignnone size-medium wp-image-13646\" src=\"https:\/\/k-level.com\/wp-content\/uploads\/2025\/05\/logo-300x98.png\" alt=\"\" width=\"300\" height=\"98\" srcset=\"https:\/\/k-level.com\/wp-content\/uploads\/2025\/05\/logo-300x98.png 300w, https:\/\/k-level.com\/wp-content\/uploads\/2025\/05\/logo-18x6.png 18w, https:\/\/k-level.com\/wp-content\/uploads\/2025\/05\/logo.png 307w\" sizes=\"(max-width: 300px) 100vw, 300px\" \/><\/p>","protected":false},"featured_media":13526,"comment_status":"open","ping_status":"closed","template":"","meta":[],"product_brand":[],"product_cat":[254],"product_tag":[238],"class_list":{"0":"post-13525","1":"product","2":"type-product","3":"status-publish","4":"has-post-thumbnail","6":"product_cat-laser-safety-glasses","7":"product_tag-carpentry-and-furniture","9":"first","10":"instock","11":"shipping-taxable","12":"product-type-simple"},"_links":{"self":[{"href":"https:\/\/k-level.com\/fr\/wp-json\/wp\/v2\/product\/13525","targetHints":{"allow":["GET"]}}],"collection":[{"href":"https:\/\/k-level.com\/fr\/wp-json\/wp\/v2\/product"}],"about":[{"href":"https:\/\/k-level.com\/fr\/wp-json\/wp\/v2\/types\/product"}],"replies":[{"embeddable":true,"href":"https:\/\/k-level.com\/fr\/wp-json\/wp\/v2\/comments?post=13525"}],"version-history":[{"count":3,"href":"https:\/\/k-level.com\/fr\/wp-json\/wp\/v2\/product\/13525\/revisions"}],"predecessor-version":[{"id":13777,"href":"https:\/\/k-level.com\/fr\/wp-json\/wp\/v2\/product\/13525\/revisions\/13777"}],"wp:featuredmedia":[{"embeddable":true,"href":"https:\/\/k-level.com\/fr\/wp-json\/wp\/v2\/media\/13526"}],"wp:attachment":[{"href":"https:\/\/k-level.com\/fr\/wp-json\/wp\/v2\/media?parent=13525"}],"wp:term":[{"taxonomy":"product_brand","embeddable":true,"href":"https:\/\/k-level.com\/fr\/wp-json\/wp\/v2\/product_brand?post=13525"},{"taxonomy":"product_cat","embeddable":true,"href":"https:\/\/k-level.com\/fr\/wp-json\/wp\/v2\/product_cat?post=13525"},{"taxonomy":"product_tag","embeddable":true,"href":"https:\/\/k-level.com\/fr\/wp-json\/wp\/v2\/product_tag?post=13525"}],"curies":[{"name":"wp","href":"https:\/\/api.w.org\/{rel}","templated":true}]}}