{"id":13519,"date":"2025-06-25T16:27:09","date_gmt":"2025-06-25T08:27:09","guid":{"rendered":"https:\/\/k-level.com\/?post_type=product&#038;p=13519"},"modified":"2026-03-30T10:07:01","modified_gmt":"2026-03-30T02:07:01","slug":"telecommande-laser-rotatif-rc300","status":"publish","type":"product","link":"https:\/\/k-level.com\/fr\/produit\/telecommande-laser-rotatif-rc300\/","title":{"rendered":"T\u00e9l\u00e9commande laser rotative RC300"},"content":{"rendered":"<p>T\u00e9l\u00e9commande laser rotative RC300 \u2013 T\u00e9l\u00e9commande sans fil LCD professionnelle avec r\u00e9glage de la pente<\/p>\n<p>Le <strong>T\u00e9l\u00e9commande laser rotative RC300<\/strong> r\u00e9volutionne l&#039;efficacit\u00e9 du chantier gr\u00e2ce \u00e0 son \u00e9cran LCD pour un r\u00e9glage pratique de la pente et des capacit\u00e9s de communication bidirectionnelle.<\/p>\n<p>Le <a href=\"https:\/\/k-level.com\/fr\/boutique\/\">T\u00e9l\u00e9commande laser rotative RC300<\/a> se distingue comme la t\u00e9l\u00e9commande de niveau laser bon march\u00e9 la plus rentable de sa cat\u00e9gorie, offrant des fonctionnalit\u00e9s haut de gamme \u00e0 un prix accessible.<br \/>\nMalgr\u00e9 son prix abordable, cette t\u00e9l\u00e9commande de niveau laser conserve la pr\u00e9cision et la fiabilit\u00e9 attendues des produits de niveau K.<\/p>\n<p>Bien que commercialis\u00e9 comme un <a href=\"https:\/\/k-level.com\/fr\/boutique\/\">t\u00e9l\u00e9commande de niveau laser bon march\u00e9<\/a>, le RC300 ne fait pas de compromis l\u00e0 o\u00f9 cela compte.<\/p>\n<p><img fetchpriority=\"high\" decoding=\"async\" class=\"aligncenter wp-image-13520 size-medium\" src=\"https:\/\/k-level.com\/wp-content\/uploads\/2025\/06\/RC3001-300x300.jpg\" alt=\"t\u00e9l\u00e9commande de niveau laser bon march\u00e9\" width=\"300\" height=\"300\" srcset=\"https:\/\/k-level.com\/wp-content\/uploads\/2025\/06\/RC3001-300x300.jpg 300w, https:\/\/k-level.com\/wp-content\/uploads\/2025\/06\/RC3001-150x150.jpg 150w, https:\/\/k-level.com\/wp-content\/uploads\/2025\/06\/RC3001-768x768.jpg 768w, https:\/\/k-level.com\/wp-content\/uploads\/2025\/06\/RC3001-12x12.jpg 12w, https:\/\/k-level.com\/wp-content\/uploads\/2025\/06\/RC3001-370x370.jpg 370w, https:\/\/k-level.com\/wp-content\/uploads\/2025\/06\/RC3001-400x400.jpg 400w, https:\/\/k-level.com\/wp-content\/uploads\/2025\/06\/RC3001-100x100.jpg 100w, https:\/\/k-level.com\/wp-content\/uploads\/2025\/06\/RC3001-50x50.jpg 50w, https:\/\/k-level.com\/wp-content\/uploads\/2025\/06\/RC3001.jpg 800w\" sizes=\"(max-width: 300px) 100vw, 300px\" \/><\/p>\n<p>Cette t\u00e9l\u00e9commande laser rotative avanc\u00e9e offre un contr\u00f4le in\u00e9gal\u00e9 sur les niveaux laser rotatifs \u00e0 des distances \u2265 300 m, avec une surveillance de l&#039;\u00e9tat en temps r\u00e9el et cinq vitesses de rotation laser r\u00e9glables (300\/600\/1000\/1500\/3000 tr\/min) pour une pr\u00e9cision ultime dans les applications de construction et d&#039;arpentage.<\/p>\n<p>&nbsp;<\/p>\n<p><img decoding=\"async\" class=\"wp-image-13523 aligncenter\" src=\"https:\/\/k-level.com\/wp-content\/uploads\/2025\/06\/1750839659214-300x205.png\" alt=\"\" width=\"559\" height=\"382\" \/><\/p>\n<p>&nbsp;<\/p>\n<p>&nbsp;<\/p>\n<p>Besoin d&#039;une solution?<br \/>\nK-level propose des services de conseil en \u00e9quipement d&#039;arpentage. Contactez-nous pour les commandes group\u00e9es ou l&#039;assistance technique\u00a0!<\/p>","protected":false},"excerpt":{"rendered":"<ul>\n<li>Cinq options de vitesse (300-3000 tr\/min) \u2013 Contr\u00f4le polyvalent de la vitesse de rotation du laser pour toutes les applications<\/li>\n<li>Indicateurs d&#039;\u00e9tat en temps r\u00e9el \u2013 Surveillez imm\u00e9diatement le fonctionnement de votre niveau laser rotatif gr\u00e2ce \u00e0 des voyants de fonction clairs<\/li>\n<li>Corps robuste recouvert de caoutchouc \u2013 T\u00e9l\u00e9commande de niveau laser bon march\u00e9 et durable.<\/li>\n<\/ul>\n<p><img decoding=\"async\" class=\"alignnone size-medium wp-image-13646\" src=\"https:\/\/k-level.com\/wp-content\/uploads\/2025\/05\/logo-300x98.png\" alt=\"\" width=\"300\" height=\"98\" srcset=\"https:\/\/k-level.com\/wp-content\/uploads\/2025\/05\/logo-300x98.png 300w, https:\/\/k-level.com\/wp-content\/uploads\/2025\/05\/logo-18x6.png 18w, https:\/\/k-level.com\/wp-content\/uploads\/2025\/05\/logo.png 307w\" sizes=\"(max-width: 300px) 100vw, 300px\" \/><\/p>","protected":false},"featured_media":14006,"comment_status":"open","ping_status":"closed","template":"","meta":[],"product_brand":[],"product_cat":[251],"product_tag":[237],"class_list":{"0":"post-13519","1":"product","2":"type-product","3":"status-publish","4":"has-post-thumbnail","6":"product_cat-rotary-laser-remote-control","7":"product_tag-professional-engineering","9":"first","10":"instock","11":"shipping-taxable","12":"product-type-simple"},"_links":{"self":[{"href":"https:\/\/k-level.com\/fr\/wp-json\/wp\/v2\/product\/13519","targetHints":{"allow":["GET"]}}],"collection":[{"href":"https:\/\/k-level.com\/fr\/wp-json\/wp\/v2\/product"}],"about":[{"href":"https:\/\/k-level.com\/fr\/wp-json\/wp\/v2\/types\/product"}],"replies":[{"embeddable":true,"href":"https:\/\/k-level.com\/fr\/wp-json\/wp\/v2\/comments?post=13519"}],"version-history":[{"count":4,"href":"https:\/\/k-level.com\/fr\/wp-json\/wp\/v2\/product\/13519\/revisions"}],"predecessor-version":[{"id":13776,"href":"https:\/\/k-level.com\/fr\/wp-json\/wp\/v2\/product\/13519\/revisions\/13776"}],"wp:featuredmedia":[{"embeddable":true,"href":"https:\/\/k-level.com\/fr\/wp-json\/wp\/v2\/media\/14006"}],"wp:attachment":[{"href":"https:\/\/k-level.com\/fr\/wp-json\/wp\/v2\/media?parent=13519"}],"wp:term":[{"taxonomy":"product_brand","embeddable":true,"href":"https:\/\/k-level.com\/fr\/wp-json\/wp\/v2\/product_brand?post=13519"},{"taxonomy":"product_cat","embeddable":true,"href":"https:\/\/k-level.com\/fr\/wp-json\/wp\/v2\/product_cat?post=13519"},{"taxonomy":"product_tag","embeddable":true,"href":"https:\/\/k-level.com\/fr\/wp-json\/wp\/v2\/product_tag?post=13519"}],"curies":[{"name":"wp","href":"https:\/\/api.w.org\/{rel}","templated":true}]}}