{"id":13514,"date":"2025-06-25T16:11:56","date_gmt":"2025-06-25T08:11:56","guid":{"rendered":"https:\/\/k-level.com\/?post_type=product&#038;p=13514"},"modified":"2026-03-30T10:06:15","modified_gmt":"2026-03-30T02:06:15","slug":"telecommande-laser-rotatif-rc200","status":"publish","type":"product","link":"https:\/\/k-level.com\/fr\/produit\/telecommande-laser-rotatif-rc200\/","title":{"rendered":"T\u00e9l\u00e9commande laser rotative RC200"},"content":{"rendered":"<p>T\u00e9l\u00e9commande laser rotative RC200 \u2013 T\u00e9l\u00e9commande sans fil bidirectionnelle avec affichage de l&#039;\u00e9tat en temps r\u00e9el<\/p>\n<p>En tant que fabricant leader d&#039;instruments de mesure professionnels, K-level est fier de pr\u00e9senter la t\u00e9l\u00e9commande laser rotative RC200, la meilleure t\u00e9l\u00e9commande laser rotative du march\u00e9. Con\u00e7ue pour les applications exigeantes de construction et de topographie, notre RC200 offre des performances, une fiabilit\u00e9 et une convivialit\u00e9 in\u00e9gal\u00e9es.<\/p>\n<p>Pourquoi la RC200 se distingue comme la meilleure t\u00e9l\u00e9commande laser rotative\u00a0:<\/p>\n<p>Le RC200 s&#039;impose comme le <a href=\"https:\/\/k-level.com\/fr\/boutique\/\">meilleure t\u00e9l\u00e9commande laser rotative<\/a> Avec une port\u00e9e impressionnante de 400 m, les op\u00e9rateurs peuvent effectuer des r\u00e9glages pr\u00e9cis \u00e0 distance. Sa technologie sans fil 2,4 GHz avanc\u00e9e assure une connectivit\u00e9 stable, m\u00eame dans des conditions de chantier difficiles.<\/p>\n<p><strong>T\u00e9l\u00e9commande laser rotative RC200 Applications :<\/strong><br \/>\nId\u00e9al pour l&#039;am\u00e9nagement de construction, le nivellement, les travaux de fondation et la finition int\u00e9rieure, le RC200 <a href=\"https:\/\/k-level.com\/fr\/\">meilleure t\u00e9l\u00e9commande laser rotative<\/a> aide les professionnels \u00e0 terminer leurs projets plus rapidement et avec plus de pr\u00e9cision tout en r\u00e9duisant la tension physique due aux ajustements manuels constants.<\/p>\n<p><img fetchpriority=\"high\" decoding=\"async\" class=\"aligncenter wp-image-13516 size-medium\" src=\"https:\/\/k-level.com\/wp-content\/uploads\/2025\/06\/RC2002-300x300.jpg\" alt=\"Meilleure t\u00e9l\u00e9commande laser rotative\" width=\"300\" height=\"300\" srcset=\"https:\/\/k-level.com\/wp-content\/uploads\/2025\/06\/RC2002-300x300.jpg 300w, https:\/\/k-level.com\/wp-content\/uploads\/2025\/06\/RC2002-150x150.jpg 150w, https:\/\/k-level.com\/wp-content\/uploads\/2025\/06\/RC2002-768x768.jpg 768w, https:\/\/k-level.com\/wp-content\/uploads\/2025\/06\/RC2002-12x12.jpg 12w, https:\/\/k-level.com\/wp-content\/uploads\/2025\/06\/RC2002-370x370.jpg 370w, https:\/\/k-level.com\/wp-content\/uploads\/2025\/06\/RC2002-400x400.jpg 400w, https:\/\/k-level.com\/wp-content\/uploads\/2025\/06\/RC2002-100x100.jpg 100w, https:\/\/k-level.com\/wp-content\/uploads\/2025\/06\/RC2002-50x50.jpg 50w, https:\/\/k-level.com\/wp-content\/uploads\/2025\/06\/RC2002.jpg 800w\" sizes=\"(max-width: 300px) 100vw, 300px\" \/><\/p>\n<p>T\u00e9l\u00e9commande laser rotative RC200 Dot\u00e9e d&#039;une communication bidirectionnelle, cette t\u00e9l\u00e9commande laser rotative permet aux utilisateurs d&#039;ajuster les param\u00e8tres, de surveiller l&#039;\u00e9tat du laser et de modifier les vitesses de rotation (300\/600\/1000\/1500 tr\/min) \u00e0 une distance \u2265 300 m, am\u00e9liorant ainsi l&#039;efficacit\u00e9 des t\u00e2ches de construction, de nivellement et d&#039;alignement.<\/p>\n<p>Besoin d&#039;une solution?<br \/>\nK-level propose des services de conseil en \u00e9quipement d&#039;arpentage. Contactez-nous pour les commandes group\u00e9es ou l&#039;assistance technique\u00a0!<\/p>","protected":false},"excerpt":{"rendered":"<ul>\n<li>Voyants d&#039;\u00e9tat en temps r\u00e9el \u2013 V\u00e9rifiez instantan\u00e9ment l&#039;\u00e9tat de fonctionnement du niveau laser rotatif.<\/li>\n<li>Batterie au lithium int\u00e9gr\u00e9e \u2013 Dur\u00e9e de travail prolong\u00e9e pour une productivit\u00e9 tout au long de la journ\u00e9e.<\/li>\n<li>Conception recouverte de caoutchouc et r\u00e9sistante aux chutes \u2013 Meilleure t\u00e9l\u00e9commande laser rotative.<\/li>\n<\/ul>\n<p><img decoding=\"async\" class=\"alignnone size-medium wp-image-13646\" src=\"https:\/\/k-level.com\/wp-content\/uploads\/2025\/05\/logo-300x98.png\" alt=\"\" width=\"300\" height=\"98\" srcset=\"https:\/\/k-level.com\/wp-content\/uploads\/2025\/05\/logo-300x98.png 300w, https:\/\/k-level.com\/wp-content\/uploads\/2025\/05\/logo-18x6.png 18w, https:\/\/k-level.com\/wp-content\/uploads\/2025\/05\/logo.png 307w\" sizes=\"(max-width: 300px) 100vw, 300px\" \/><\/p>","protected":false},"featured_media":14005,"comment_status":"open","ping_status":"closed","template":"","meta":[],"product_brand":[],"product_cat":[251],"product_tag":[237],"class_list":{"0":"post-13514","1":"product","2":"type-product","3":"status-publish","4":"has-post-thumbnail","6":"product_cat-rotary-laser-remote-control","7":"product_tag-professional-engineering","9":"first","10":"instock","11":"shipping-taxable","12":"product-type-simple"},"_links":{"self":[{"href":"https:\/\/k-level.com\/fr\/wp-json\/wp\/v2\/product\/13514","targetHints":{"allow":["GET"]}}],"collection":[{"href":"https:\/\/k-level.com\/fr\/wp-json\/wp\/v2\/product"}],"about":[{"href":"https:\/\/k-level.com\/fr\/wp-json\/wp\/v2\/types\/product"}],"replies":[{"embeddable":true,"href":"https:\/\/k-level.com\/fr\/wp-json\/wp\/v2\/comments?post=13514"}],"version-history":[{"count":4,"href":"https:\/\/k-level.com\/fr\/wp-json\/wp\/v2\/product\/13514\/revisions"}],"predecessor-version":[{"id":13774,"href":"https:\/\/k-level.com\/fr\/wp-json\/wp\/v2\/product\/13514\/revisions\/13774"}],"wp:featuredmedia":[{"embeddable":true,"href":"https:\/\/k-level.com\/fr\/wp-json\/wp\/v2\/media\/14005"}],"wp:attachment":[{"href":"https:\/\/k-level.com\/fr\/wp-json\/wp\/v2\/media?parent=13514"}],"wp:term":[{"taxonomy":"product_brand","embeddable":true,"href":"https:\/\/k-level.com\/fr\/wp-json\/wp\/v2\/product_brand?post=13514"},{"taxonomy":"product_cat","embeddable":true,"href":"https:\/\/k-level.com\/fr\/wp-json\/wp\/v2\/product_cat?post=13514"},{"taxonomy":"product_tag","embeddable":true,"href":"https:\/\/k-level.com\/fr\/wp-json\/wp\/v2\/product_tag?post=13514"}],"curies":[{"name":"wp","href":"https:\/\/api.w.org\/{rel}","templated":true}]}}