{"id":13509,"date":"2025-06-25T15:49:01","date_gmt":"2025-06-25T07:49:01","guid":{"rendered":"https:\/\/k-level.com\/?post_type=product&#038;p=13509"},"modified":"2026-03-30T10:05:12","modified_gmt":"2026-03-30T02:05:12","slug":"telecommande-laser-rotatif-rc100","status":"publish","type":"product","link":"https:\/\/k-level.com\/fr\/produit\/telecommande-laser-rotatif-rc100\/","title":{"rendered":"T\u00e9l\u00e9commande laser rotative RC100"},"content":{"rendered":"<p>La t\u00e9l\u00e9commande laser rotative RC100 est con\u00e7ue pour offrir des performances in\u00e9gal\u00e9es pour les applications de construction et de topographie. Con\u00e7ue pour une int\u00e9gration parfaite avec les syst\u00e8mes de niveau laser 360\u00b0, cette t\u00e9l\u00e9commande assure une utilisation pr\u00e9cise et mains libres, am\u00e9liorant ainsi l&#039;efficacit\u00e9 sur tous les chantiers.<\/p>\n<p>Le RC100 <a href=\"https:\/\/k-level.com\/fr\/contactez-nous\/\">T\u00e9l\u00e9commande de niveau laser 360<\/a> Offre un contr\u00f4le total sur 360 niveaux laser, permettant aux utilisateurs de r\u00e9gler la pente, l&#039;inclinaison et l&#039;alignement \u00e0 distance. Sa connectivit\u00e9 longue port\u00e9e (jusqu&#039;\u00e0 300 m) le rend id\u00e9al pour les projets de construction de grande envergure.<\/p>\n<p>Compar\u00e9 \u00e0 ses concurrents, le laser rotatif \u00e0 distance RC100 offre un rapport qualit\u00e9-prix exceptionnel sans compromettre la durabilit\u00e9 ni la fonctionnalit\u00e9. Con\u00e7u pour r\u00e9sister aux environnements difficiles gr\u00e2ce \u00e0 sa conception r\u00e9sistante aux chocs et \u00e0 son indice de protection IP54, il est \u00e9galement dot\u00e9 d&#039;une fonction de s\u00e9curit\u00e9.<\/p>\n<p><img fetchpriority=\"high\" decoding=\"async\" class=\"aligncenter wp-image-13512 size-medium\" src=\"https:\/\/k-level.com\/wp-content\/uploads\/2025\/06\/RC1003-300x300.jpg\" alt=\"T\u00e9l\u00e9commande de niveau laser 360\u00b0 RC100\" width=\"300\" height=\"300\" srcset=\"https:\/\/k-level.com\/wp-content\/uploads\/2025\/06\/RC1003-300x300.jpg 300w, https:\/\/k-level.com\/wp-content\/uploads\/2025\/06\/RC1003-150x150.jpg 150w, https:\/\/k-level.com\/wp-content\/uploads\/2025\/06\/RC1003-768x768.jpg 768w, https:\/\/k-level.com\/wp-content\/uploads\/2025\/06\/RC1003-12x12.jpg 12w, https:\/\/k-level.com\/wp-content\/uploads\/2025\/06\/RC1003-370x370.jpg 370w, https:\/\/k-level.com\/wp-content\/uploads\/2025\/06\/RC1003-400x400.jpg 400w, https:\/\/k-level.com\/wp-content\/uploads\/2025\/06\/RC1003-100x100.jpg 100w, https:\/\/k-level.com\/wp-content\/uploads\/2025\/06\/RC1003-50x50.jpg 50w, https:\/\/k-level.com\/wp-content\/uploads\/2025\/06\/RC1003.jpg 800w\" sizes=\"(max-width: 300px) 100vw, 300px\" \/><\/p>\n<p>Gr\u00e2ce \u00e0 sa conception conviviale et \u00e0 sa port\u00e9e op\u00e9rationnelle accrue, cette t\u00e9l\u00e9commande simplifie le processus de mise \u00e0 niveau, ce qui en fait un ajout inestimable \u00e0 toute bo\u00eete \u00e0 outils.<\/p>\n<p>Besoin d&#039;une solution?<br \/>\n<a href=\"https:\/\/k-level.com\/fr\/contactez-nous\/\">Niveau K<\/a> Nous fournissons des services de conseil en \u00e9quipement d&#039;arpentage. Contactez-nous pour les commandes group\u00e9es ou l&#039;assistance technique\u00a0!<\/p>","protected":false},"excerpt":{"rendered":"<ul>\n<li>Facilit\u00e9 d&#039;utilisation : la t\u00e9l\u00e9commande laser rotative RC100 offre des commandes intuitives.<\/li>\n<li>Compatibilit\u00e9 : T\u00e9l\u00e9commande de niveau laser 360\u00b0 Con\u00e7u pour fonctionner de mani\u00e8re transparente avec divers mod\u00e8les de laser rotatif, am\u00e9liorant ainsi leurs fonctionnalit\u00e9s.<\/li>\n<li>Durabilit\u00e9 : Con\u00e7u pour r\u00e9sister aux conditions difficiles du chantier, garantissant des performances fiables dans le temps.<\/li>\n<\/ul>\n<p><img decoding=\"async\" class=\"alignnone size-medium wp-image-13646\" src=\"https:\/\/k-level.com\/wp-content\/uploads\/2025\/05\/logo-300x98.png\" alt=\"\" width=\"300\" height=\"98\" srcset=\"https:\/\/k-level.com\/wp-content\/uploads\/2025\/05\/logo-300x98.png 300w, https:\/\/k-level.com\/wp-content\/uploads\/2025\/05\/logo-18x6.png 18w, https:\/\/k-level.com\/wp-content\/uploads\/2025\/05\/logo.png 307w\" sizes=\"(max-width: 300px) 100vw, 300px\" \/><\/p>","protected":false},"featured_media":14004,"comment_status":"open","ping_status":"closed","template":"","meta":[],"product_brand":[],"product_cat":[251],"product_tag":[237],"class_list":{"0":"post-13509","1":"product","2":"type-product","3":"status-publish","4":"has-post-thumbnail","6":"product_cat-rotary-laser-remote-control","7":"product_tag-professional-engineering","9":"first","10":"instock","11":"shipping-taxable","12":"product-type-simple"},"_links":{"self":[{"href":"https:\/\/k-level.com\/fr\/wp-json\/wp\/v2\/product\/13509","targetHints":{"allow":["GET"]}}],"collection":[{"href":"https:\/\/k-level.com\/fr\/wp-json\/wp\/v2\/product"}],"about":[{"href":"https:\/\/k-level.com\/fr\/wp-json\/wp\/v2\/types\/product"}],"replies":[{"embeddable":true,"href":"https:\/\/k-level.com\/fr\/wp-json\/wp\/v2\/comments?post=13509"}],"version-history":[{"count":4,"href":"https:\/\/k-level.com\/fr\/wp-json\/wp\/v2\/product\/13509\/revisions"}],"predecessor-version":[{"id":13771,"href":"https:\/\/k-level.com\/fr\/wp-json\/wp\/v2\/product\/13509\/revisions\/13771"}],"wp:featuredmedia":[{"embeddable":true,"href":"https:\/\/k-level.com\/fr\/wp-json\/wp\/v2\/media\/14004"}],"wp:attachment":[{"href":"https:\/\/k-level.com\/fr\/wp-json\/wp\/v2\/media?parent=13509"}],"wp:term":[{"taxonomy":"product_brand","embeddable":true,"href":"https:\/\/k-level.com\/fr\/wp-json\/wp\/v2\/product_brand?post=13509"},{"taxonomy":"product_cat","embeddable":true,"href":"https:\/\/k-level.com\/fr\/wp-json\/wp\/v2\/product_cat?post=13509"},{"taxonomy":"product_tag","embeddable":true,"href":"https:\/\/k-level.com\/fr\/wp-json\/wp\/v2\/product_tag?post=13509"}],"curies":[{"name":"wp","href":"https:\/\/api.w.org\/{rel}","templated":true}]}}