{"id":13502,"date":"2025-06-25T15:23:30","date_gmt":"2025-06-25T07:23:30","guid":{"rendered":"https:\/\/k-level.com\/?post_type=product&#038;p=13502"},"modified":"2025-07-10T17:32:41","modified_gmt":"2025-07-10T09:32:41","slug":"recepteur-laser-de-controle-de-machine-kmrc02","status":"publish","type":"product","link":"https:\/\/k-level.com\/fr\/produit\/recepteur-laser-de-controle-de-machine-kmrc02\/","title":{"rendered":"R\u00e9cepteur laser de contr\u00f4le de machine KMRC02"},"content":{"rendered":"<p>R\u00e9cepteur laser de contr\u00f4le de machine KMRC02 \u2013 D\u00e9tection laser polyvalente pour des mesures de pr\u00e9cision<\/p>\n<p>Con\u00e7u pour offrir un contr\u00f4le d&#039;\u00e9l\u00e9vation ultra-pr\u00e9cis, le r\u00e9cepteur laser de contr\u00f4le de machine KMRC02 assure une int\u00e9gration transparente avec les tracteurs, les niveleuses et les grattoirs pour des performances de nivellement de terrain optimales.<\/p>\n<p>En tant que terrain de premi\u00e8re qualit\u00e9 <a href=\"https:\/\/k-level.com\/fr\/boutique\/\">r\u00e9cepteur laser de nivellement<\/a>,<strong> R\u00e9cepteur laser de contr\u00f4le de machine KMRC02<\/strong> est id\u00e9al pour :<br \/>\nNivellement des terres agricoles et nivellement au laser<br \/>\nPr\u00e9paration de chantier et terrassement<br \/>\nInstallation d&#039;un syst\u00e8me d&#039;irrigation de pr\u00e9cision<br \/>\nConstruction de terrains de sport et de golf<\/p>\n<p>Con\u00e7u pour l&#039;efficacit\u00e9 et la durabilit\u00e9, ce r\u00e9cepteur laser de nivellement de terrain aide les op\u00e9rateurs \u00e0 :<br \/>\n\u2022 Obtenez une pr\u00e9cision de gradation parfaite (\u00b1 1 mm\/m)<br \/>\n\u2022 R\u00e9duisez les co\u00fbts de carburant et de main-d&#039;\u0153uvre gr\u00e2ce au contr\u00f4le automatis\u00e9 de l&#039;\u00e9l\u00e9vation<br \/>\n\u2022 Travaillez de jour comme de nuit gr\u00e2ce aux indicateurs LED haute visibilit\u00e9<\/p>\n<p>Faites confiance aux K-level <a href=\"https:\/\/k-level.com\/fr\/boutique\/\">R\u00e9cepteur laser de contr\u00f4le de machine KMRC02<\/a> \u2013 le choix du professionnel pour les op\u00e9rations de nivellement de terrain haute performance.<\/p>\n<p><img decoding=\"async\" class=\"aligncenter\" src=\"https:\/\/k-level.com\/wp-content\/uploads\/2025\/06\/KMRC023-150x150.jpg\" alt=\"r\u00e9cepteur laser de nivellement du terrain\" width=\"150\" height=\"150\" \/><\/p>\n<p>Le r\u00e9cepteur laser de contr\u00f4le de machine KMRC02 est disponible en deux versions\u00a0: le r\u00e9cepteur laser de machine KMR02 et le bo\u00eetier de contr\u00f4le KMC02. Ces deux options offrent des performances fiables, garantissant des mesures pr\u00e9cises et une int\u00e9gration parfaite avec les machines existantes.<\/p>\n<p>Besoin d&#039;une solution?<br \/>\nK-level propose des services de conseil en \u00e9quipement d&#039;arpentage. Contactez-nous pour les commandes group\u00e9es ou l&#039;assistance technique\u00a0!<\/p>\n<p>&nbsp;<\/p>","protected":false},"excerpt":{"rendered":"<ul>\n<li>Polyvalence : KMRC02 convient \u00e0 une large gamme de t\u00e2ches de construction et d&#039;arpentage.<\/li>\n<li>Haute pr\u00e9cision : con\u00e7u pour fournir des lectures pr\u00e9cises, minimisant les erreurs de mesure.<\/li>\n<li>Durabilit\u00e9 : r\u00e9cepteur laser de nivellement de terrain Con\u00e7u pour r\u00e9sister aux environnements de travail difficiles.<\/li>\n<\/ul>\n<p><img decoding=\"async\" class=\"alignnone size-medium wp-image-13646\" src=\"https:\/\/k-level.com\/wp-content\/uploads\/2025\/05\/logo-300x98.png\" alt=\"\" width=\"300\" height=\"98\" srcset=\"https:\/\/k-level.com\/wp-content\/uploads\/2025\/05\/logo-300x98.png 300w, https:\/\/k-level.com\/wp-content\/uploads\/2025\/05\/logo-18x6.png 18w, https:\/\/k-level.com\/wp-content\/uploads\/2025\/05\/logo.png 307w\" sizes=\"(max-width: 300px) 100vw, 300px\" \/><\/p>","protected":false},"featured_media":13503,"comment_status":"open","ping_status":"closed","template":"","meta":[],"product_brand":[],"product_cat":[250],"product_tag":[237],"class_list":{"0":"post-13502","1":"product","2":"type-product","3":"status-publish","4":"has-post-thumbnail","6":"product_cat-machine-receiver-control-box","7":"product_tag-professional-engineering","9":"first","10":"instock","11":"shipping-taxable","12":"product-type-simple"},"_links":{"self":[{"href":"https:\/\/k-level.com\/fr\/wp-json\/wp\/v2\/product\/13502","targetHints":{"allow":["GET"]}}],"collection":[{"href":"https:\/\/k-level.com\/fr\/wp-json\/wp\/v2\/product"}],"about":[{"href":"https:\/\/k-level.com\/fr\/wp-json\/wp\/v2\/types\/product"}],"replies":[{"embeddable":true,"href":"https:\/\/k-level.com\/fr\/wp-json\/wp\/v2\/comments?post=13502"}],"version-history":[{"count":3,"href":"https:\/\/k-level.com\/fr\/wp-json\/wp\/v2\/product\/13502\/revisions"}],"predecessor-version":[{"id":13770,"href":"https:\/\/k-level.com\/fr\/wp-json\/wp\/v2\/product\/13502\/revisions\/13770"}],"wp:featuredmedia":[{"embeddable":true,"href":"https:\/\/k-level.com\/fr\/wp-json\/wp\/v2\/media\/13503"}],"wp:attachment":[{"href":"https:\/\/k-level.com\/fr\/wp-json\/wp\/v2\/media?parent=13502"}],"wp:term":[{"taxonomy":"product_brand","embeddable":true,"href":"https:\/\/k-level.com\/fr\/wp-json\/wp\/v2\/product_brand?post=13502"},{"taxonomy":"product_cat","embeddable":true,"href":"https:\/\/k-level.com\/fr\/wp-json\/wp\/v2\/product_cat?post=13502"},{"taxonomy":"product_tag","embeddable":true,"href":"https:\/\/k-level.com\/fr\/wp-json\/wp\/v2\/product_tag?post=13502"}],"curies":[{"name":"wp","href":"https:\/\/api.w.org\/{rel}","templated":true}]}}