{"id":13498,"date":"2025-06-24T17:24:47","date_gmt":"2025-06-24T09:24:47","guid":{"rendered":"https:\/\/k-level.com\/?post_type=product&#038;p=13498"},"modified":"2025-07-10T17:27:22","modified_gmt":"2025-07-10T09:27:22","slug":"recepteur-laser-de-controle-de-machine-kmr01m","status":"publish","type":"product","link":"https:\/\/k-level.com\/fr\/produit\/recepteur-laser-de-controle-de-machine-kmr01m\/","title":{"rendered":"R\u00e9cepteur laser de contr\u00f4le de machine KMR01M"},"content":{"rendered":"<p>R\u00e9cepteur laser de contr\u00f4le de machine KMR01M avec aimant puissant \u2013 Capteur laser robuste pour \u00e9quipements de construction<\/p>\n<p>Le r\u00e9cepteur laser de contr\u00f4le de machine KMR01M est une solution avanc\u00e9e con\u00e7ue pour l&#039;automatisation du nivellement de pr\u00e9cision, de l&#039;excavation et de la construction. Con\u00e7u pour un contr\u00f4le d&#039;\u00e9l\u00e9vation en temps r\u00e9el, le r\u00e9cepteur laser de contr\u00f4le de machine KMR01M <strong>R\u00e9cepteur laser de contr\u00f4le de machine KMR01M<\/strong> assure une pr\u00e9cision au millim\u00e8tre pr\u00e8s pour les op\u00e9rateurs travaillant avec des bulldozers, des niveleuses et des compacteurs.<\/p>\n<p>Dans le cadre de la prime de K-level <a href=\"https:\/\/k-level.com\/fr\/a-propos-de-nous\/\">Op\u00e9rateurs Contr\u00f4le des machines R\u00e9cepteurs laser<\/a> s\u00e9rie,Le r\u00e9cepteur laser de contr\u00f4le de machine KMR01M est id\u00e9al pour :<br \/>\nNivellement et nivellement sans GPS<br \/>\nTranch\u00e9es de pr\u00e9cision et installation de services publics<br \/>\nConstruction de routes et rev\u00eatement d&#039;asphalte<br \/>\nAm\u00e9nagement du territoire et pr\u00e9paration du site<\/p>\n<p>Con\u00e7ue pour l&#039;efficacit\u00e9 et la fiabilit\u00e9, cette solution de r\u00e9cepteurs laser de contr\u00f4le de machines pour op\u00e9rateurs aide les entrepreneurs \u00e0 :<br \/>\n\u2022 R\u00e9duisez les retouches gr\u00e2ce au suivi d&#039;\u00e9l\u00e9vation en temps r\u00e9el<br \/>\n\u2022 Augmentez la productivit\u00e9 gr\u00e2ce au contr\u00f4le automatis\u00e9 de la lame\/de la r\u00e8gle<br \/>\n\u2022 Maximiser la pr\u00e9cision dans des conditions de chantier difficiles<\/p>\n<p>Faites confiance au r\u00e9cepteur laser de contr\u00f4le de machine KMR01M de K-level, l&#039;outil ultime de r\u00e9cepteurs laser de contr\u00f4le de machine pour l&#039;automatisation de la construction moderne.<\/p>\n<p><img fetchpriority=\"high\" decoding=\"async\" class=\"aligncenter wp-image-13492 size-medium\" src=\"https:\/\/k-level.com\/wp-content\/uploads\/2025\/06\/KMR012-300x300.jpg\" alt=\"Op\u00e9rateurs Contr\u00f4le des machines R\u00e9cepteurs laser\" width=\"300\" height=\"300\" srcset=\"https:\/\/k-level.com\/wp-content\/uploads\/2025\/06\/KMR012-300x300.jpg 300w, https:\/\/k-level.com\/wp-content\/uploads\/2025\/06\/KMR012-150x150.jpg 150w, https:\/\/k-level.com\/wp-content\/uploads\/2025\/06\/KMR012-768x768.jpg 768w, https:\/\/k-level.com\/wp-content\/uploads\/2025\/06\/KMR012-12x12.jpg 12w, https:\/\/k-level.com\/wp-content\/uploads\/2025\/06\/KMR012-370x370.jpg 370w, https:\/\/k-level.com\/wp-content\/uploads\/2025\/06\/KMR012-400x400.jpg 400w, https:\/\/k-level.com\/wp-content\/uploads\/2025\/06\/KMR012-100x100.jpg 100w, https:\/\/k-level.com\/wp-content\/uploads\/2025\/06\/KMR012-50x50.jpg 50w, https:\/\/k-level.com\/wp-content\/uploads\/2025\/06\/KMR012.jpg 800w\" sizes=\"(max-width: 300px) 100vw, 300px\" \/><\/p>\n<p>Besoin d&#039;une solution?<br \/>\n<a href=\"https:\/\/k-level.com\/fr\/a-propos-de-nous\/\">Niveau K<\/a> Nous fournissons des services de conseil en \u00e9quipement d&#039;arpentage. Contactez-nous pour les commandes group\u00e9es ou l&#039;assistance technique\u00a0!<\/p>","protected":false},"excerpt":{"rendered":"<ul>\n<li>Support magn\u00e9tique puissant \u2013 Fixation facile sur les surfaces m\u00e9talliques<\/li>\n<li>Durable et r\u00e9sistant aux intemp\u00e9ries \u2013 Con\u00e7u pour r\u00e9sister aux environnements difficiles<\/li>\n<li>Large compatibilit\u00e9 \u2013 R\u00e9cepteurs laser de contr\u00f4le de machine d&#039;op\u00e9rateurs Fonctionne avec la plupart des syst\u00e8mes de contr\u00f4le laser<\/li>\n<li>D\u00e9tection de haute pr\u00e9cision \u2013 Garantit des r\u00e9sultats de classement pr\u00e9cis<\/li>\n<\/ul>\n<p><img decoding=\"async\" class=\"alignnone size-medium wp-image-13646\" src=\"https:\/\/k-level.com\/wp-content\/uploads\/2025\/05\/logo-300x98.png\" alt=\"\" width=\"300\" height=\"98\" srcset=\"https:\/\/k-level.com\/wp-content\/uploads\/2025\/05\/logo-300x98.png 300w, https:\/\/k-level.com\/wp-content\/uploads\/2025\/05\/logo-18x6.png 18w, https:\/\/k-level.com\/wp-content\/uploads\/2025\/05\/logo.png 307w\" sizes=\"(max-width: 300px) 100vw, 300px\" \/><\/p>","protected":false},"featured_media":13492,"comment_status":"open","ping_status":"closed","template":"","meta":[],"product_brand":[],"product_cat":[250],"product_tag":[237],"class_list":{"0":"post-13498","1":"product","2":"type-product","3":"status-publish","4":"has-post-thumbnail","6":"product_cat-machine-receiver-control-box","7":"product_tag-professional-engineering","9":"first","10":"instock","11":"shipping-taxable","12":"product-type-simple"},"_links":{"self":[{"href":"https:\/\/k-level.com\/fr\/wp-json\/wp\/v2\/product\/13498","targetHints":{"allow":["GET"]}}],"collection":[{"href":"https:\/\/k-level.com\/fr\/wp-json\/wp\/v2\/product"}],"about":[{"href":"https:\/\/k-level.com\/fr\/wp-json\/wp\/v2\/types\/product"}],"replies":[{"embeddable":true,"href":"https:\/\/k-level.com\/fr\/wp-json\/wp\/v2\/comments?post=13498"}],"version-history":[{"count":4,"href":"https:\/\/k-level.com\/fr\/wp-json\/wp\/v2\/product\/13498\/revisions"}],"predecessor-version":[{"id":13769,"href":"https:\/\/k-level.com\/fr\/wp-json\/wp\/v2\/product\/13498\/revisions\/13769"}],"wp:featuredmedia":[{"embeddable":true,"href":"https:\/\/k-level.com\/fr\/wp-json\/wp\/v2\/media\/13492"}],"wp:attachment":[{"href":"https:\/\/k-level.com\/fr\/wp-json\/wp\/v2\/media?parent=13498"}],"wp:term":[{"taxonomy":"product_brand","embeddable":true,"href":"https:\/\/k-level.com\/fr\/wp-json\/wp\/v2\/product_brand?post=13498"},{"taxonomy":"product_cat","embeddable":true,"href":"https:\/\/k-level.com\/fr\/wp-json\/wp\/v2\/product_cat?post=13498"},{"taxonomy":"product_tag","embeddable":true,"href":"https:\/\/k-level.com\/fr\/wp-json\/wp\/v2\/product_tag?post=13498"}],"curies":[{"name":"wp","href":"https:\/\/api.w.org\/{rel}","templated":true}]}}