{"id":13489,"date":"2025-06-24T16:59:42","date_gmt":"2025-06-24T08:59:42","guid":{"rendered":"https:\/\/k-level.com\/?post_type=product&#038;p=13489"},"modified":"2025-07-10T17:09:09","modified_gmt":"2025-07-10T09:09:09","slug":"recepteur-laser-de-controle-de-machine-kmr01","status":"publish","type":"product","link":"https:\/\/k-level.com\/fr\/produit\/recepteur-laser-de-controle-de-machine-kmr01\/","title":{"rendered":"R\u00e9cepteur laser de contr\u00f4le de machine KMR01"},"content":{"rendered":"<p>R\u00e9cepteur laser de contr\u00f4le de machine KMR01 avec pince \u00e0 vis \u2013 Capteur laser de haute pr\u00e9cision pour \u00e9quipements de terrassement et de nivellement<\/p>\n<p>Le niveau K introduit le<strong> R\u00e9cepteur laser de contr\u00f4le de machine KMR01<\/strong>, un r\u00e9cepteur laser de contr\u00f4le de machines de haute pr\u00e9cision con\u00e7u pour les \u00e9quipements automatis\u00e9s de nivellement et d&#039;excavation. Int\u00e9gr\u00e9 \u00e0 nos solutions technologiques de construction avanc\u00e9es, le r\u00e9cepteur laser de contr\u00f4le de machines KMR01C fournit des donn\u00e9es d&#039;\u00e9l\u00e9vation en temps r\u00e9el avec une pr\u00e9cision millim\u00e9trique, garantissant un contr\u00f4le irr\u00e9prochable des machines pour les projets de terrassement et d&#039;am\u00e9nagement de sites.<\/p>\n<p>Le <a href=\"https:\/\/k-level.com\/fr\/contactez-nous\/\">R\u00e9cepteur laser de contr\u00f4le de machine KMR01C<\/a> est id\u00e9al pour :<br \/>\nOp\u00e9rations de classement sans GPS<br \/>\nTranch\u00e9es de pr\u00e9cision et pose de tuyaux<br \/>\nPr\u00e9paration de la dalle de b\u00e9ton<br \/>\nConstruction de routes et am\u00e9nagement du territoire<\/p>\n<p>En tant que composant essentiel de tout syst\u00e8me moderne <a href=\"https:\/\/k-level.com\/fr\/contactez-nous\/\">R\u00e9cepteur laser du syst\u00e8me de contr\u00f4le de la machine<\/a> configuration, la s\u00e9rie KMR01 fournit :<br \/>\n\u2022 Contr\u00f4le automatique de la lame\/de la r\u00e8gle<br \/>\n\u2022 Surveillance continue de l&#039;altitude<br \/>\n\u2022 Performances r\u00e9sistantes aux vibrations<\/p>\n<p>Le r\u00e9cepteur laser de contr\u00f4le de machine KMR01C de K-level repr\u00e9sente la prochaine g\u00e9n\u00e9ration d&#039;automatisation de machine, combinant un suivi laser fiable avec un fonctionnement intuitif pour les entrepreneurs qui exigent une productivit\u00e9 et une pr\u00e9cision maximales.<\/p>\n<p><img fetchpriority=\"high\" decoding=\"async\" class=\"aligncenter wp-image-13491 size-medium\" src=\"https:\/\/k-level.com\/wp-content\/uploads\/2025\/06\/KMR011-300x300.jpg\" alt=\"R\u00e9cepteur laser du syst\u00e8me de contr\u00f4le de la machine\" width=\"300\" height=\"300\" srcset=\"https:\/\/k-level.com\/wp-content\/uploads\/2025\/06\/KMR011-300x300.jpg 300w, https:\/\/k-level.com\/wp-content\/uploads\/2025\/06\/KMR011-150x150.jpg 150w, https:\/\/k-level.com\/wp-content\/uploads\/2025\/06\/KMR011-768x768.jpg 768w, https:\/\/k-level.com\/wp-content\/uploads\/2025\/06\/KMR011-12x12.jpg 12w, https:\/\/k-level.com\/wp-content\/uploads\/2025\/06\/KMR011-370x370.jpg 370w, https:\/\/k-level.com\/wp-content\/uploads\/2025\/06\/KMR011-400x400.jpg 400w, https:\/\/k-level.com\/wp-content\/uploads\/2025\/06\/KMR011-100x100.jpg 100w, https:\/\/k-level.com\/wp-content\/uploads\/2025\/06\/KMR011-50x50.jpg 50w, https:\/\/k-level.com\/wp-content\/uploads\/2025\/06\/KMR011.jpg 800w\" sizes=\"(max-width: 300px) 100vw, 300px\" \/><\/p>\n<p>Dot\u00e9 d&#039;une vis de serrage s\u00e9curis\u00e9e pour un montage facile, ce r\u00e9cepteur assure une d\u00e9tection stable du signal, m\u00eame dans des conditions de chantier difficiles. Compatible avec la plupart des \u00e9metteurs laser, il assure un contr\u00f4le d&#039;\u00e9l\u00e9vation en temps r\u00e9el pour les bulldozers, niveleuses et d\u00e9capeuses, am\u00e9liorant ainsi l&#039;efficacit\u00e9 et la pr\u00e9cision du travail.<\/p>\n<p>Besoin d&#039;une solution?<br \/>\nK-level propose des services de conseil en \u00e9quipement d&#039;arpentage. Contactez-nous pour les commandes group\u00e9es ou l&#039;assistance technique\u00a0!<\/p>","protected":false},"excerpt":{"rendered":"<ul>\n<li>D\u00e9tection haute sensibilit\u00e9 \u2013 R\u00e9ception fiable du signal pour un classement pr\u00e9cis<\/li>\n<li>Durable et r\u00e9sistant aux intemp\u00e9ries \u2013 Con\u00e7u pour les environnements de construction difficiles<\/li>\n<li>Support de serrage \u00e0 vis universel \u2013 Installation facile sur diff\u00e9rents types de machines<\/li>\n<li>Large compatibilit\u00e9 \u2013 Fonctionne avec le r\u00e9cepteur laser standard du syst\u00e8me de contr\u00f4le de machine<\/li>\n<\/ul>\n<p><img decoding=\"async\" class=\"alignnone size-medium wp-image-13646\" src=\"https:\/\/k-level.com\/wp-content\/uploads\/2025\/05\/logo-300x98.png\" alt=\"\" width=\"300\" height=\"98\" srcset=\"https:\/\/k-level.com\/wp-content\/uploads\/2025\/05\/logo-300x98.png 300w, https:\/\/k-level.com\/wp-content\/uploads\/2025\/05\/logo-18x6.png 18w, https:\/\/k-level.com\/wp-content\/uploads\/2025\/05\/logo.png 307w\" sizes=\"(max-width: 300px) 100vw, 300px\" \/><\/p>","protected":false},"featured_media":13490,"comment_status":"open","ping_status":"closed","template":"","meta":[],"product_brand":[],"product_cat":[250],"product_tag":[237],"class_list":{"0":"post-13489","1":"product","2":"type-product","3":"status-publish","4":"has-post-thumbnail","6":"product_cat-machine-receiver-control-box","7":"product_tag-professional-engineering","9":"first","10":"instock","11":"shipping-taxable","12":"product-type-simple"},"_links":{"self":[{"href":"https:\/\/k-level.com\/fr\/wp-json\/wp\/v2\/product\/13489","targetHints":{"allow":["GET"]}}],"collection":[{"href":"https:\/\/k-level.com\/fr\/wp-json\/wp\/v2\/product"}],"about":[{"href":"https:\/\/k-level.com\/fr\/wp-json\/wp\/v2\/types\/product"}],"replies":[{"embeddable":true,"href":"https:\/\/k-level.com\/fr\/wp-json\/wp\/v2\/comments?post=13489"}],"version-history":[{"count":5,"href":"https:\/\/k-level.com\/fr\/wp-json\/wp\/v2\/product\/13489\/revisions"}],"predecessor-version":[{"id":13768,"href":"https:\/\/k-level.com\/fr\/wp-json\/wp\/v2\/product\/13489\/revisions\/13768"}],"wp:featuredmedia":[{"embeddable":true,"href":"https:\/\/k-level.com\/fr\/wp-json\/wp\/v2\/media\/13490"}],"wp:attachment":[{"href":"https:\/\/k-level.com\/fr\/wp-json\/wp\/v2\/media?parent=13489"}],"wp:term":[{"taxonomy":"product_brand","embeddable":true,"href":"https:\/\/k-level.com\/fr\/wp-json\/wp\/v2\/product_brand?post=13489"},{"taxonomy":"product_cat","embeddable":true,"href":"https:\/\/k-level.com\/fr\/wp-json\/wp\/v2\/product_cat?post=13489"},{"taxonomy":"product_tag","embeddable":true,"href":"https:\/\/k-level.com\/fr\/wp-json\/wp\/v2\/product_tag?post=13489"}],"curies":[{"name":"wp","href":"https:\/\/api.w.org\/{rel}","templated":true}]}}