{"id":13464,"date":"2025-06-20T17:04:48","date_gmt":"2025-06-20T09:04:48","guid":{"rendered":"https:\/\/k-level.com\/?post_type=product&#038;p=13464"},"modified":"2026-03-30T10:04:24","modified_gmt":"2026-03-30T02:04:24","slug":"recepteur-laser-lp700-pour-niveau-laser","status":"publish","type":"product","link":"https:\/\/k-level.com\/fr\/produit\/recepteur-laser-lp700-pour-niveau-laser\/","title":{"rendered":"R\u00e9cepteur LP700"},"content":{"rendered":"<p>R\u00e9cepteur LP700 \u2013 Le compagnon id\u00e9al pour une mesure pr\u00e9cise<\/p>\n<p>Con\u00e7u pour am\u00e9liorer la fonctionnalit\u00e9 des niveaux laser, le LP700 est un <a href=\"https:\/\/k-level.com\/fr\/a-propos-de-nous\/\">r\u00e9cepteur laser pour niveau laser<\/a> applications, ce qui en fait un outil essentiel pour les professionnels de la construction, de l&#039;arpentage et de divers projets de bricolage.<\/p>\n<p>D\u00e9tecteur laser polyvalent, le LP700 est dot\u00e9 d&#039;un \u00e9cran clair et lisible qui fournit un retour d&#039;information en temps r\u00e9el. Les utilisateurs peuvent choisir entre des indicateurs sonores et visuels, pour une utilisation fluide quelles que soient les conditions environnementales. Que vous ayez besoin de jalonner un site, d&#039;aligner des structures ou d&#039;effectuer des travaux de nivellement, le r\u00e9cepteur laser LP700 pour les applications de niveau laser vous garantit d&#039;atteindre vos cibles en toute confiance.<\/p>\n<p>Le LP700 a \u00e9t\u00e9 con\u00e7u pour \u00eatre pratique. L\u00e9ger et compact, il est portable et facile \u00e0 manipuler, tandis que sa construction robuste garantit sa durabilit\u00e9 dans les environnements de travail exigeants. Le r\u00e9cepteur se fixe facilement sur tr\u00e9pied ou autre surface, offrant une grande flexibilit\u00e9 pour diverses applications. De plus, sa longue autonomie vous permet de compter sur le LP700 tout au long de votre journ\u00e9e de travail, sans interruption.<\/p>\n<p><img fetchpriority=\"high\" decoding=\"async\" class=\"aligncenter wp-image-13467 size-medium\" src=\"https:\/\/k-level.com\/wp-content\/uploads\/2025\/06\/03-1-300x300.jpg\" alt=\"R\u00e9cepteur laser LP700 pour niveau laser\" width=\"300\" height=\"300\" srcset=\"https:\/\/k-level.com\/wp-content\/uploads\/2025\/06\/03-1-300x300.jpg 300w, https:\/\/k-level.com\/wp-content\/uploads\/2025\/06\/03-1-150x150.jpg 150w, https:\/\/k-level.com\/wp-content\/uploads\/2025\/06\/03-1-768x768.jpg 768w, https:\/\/k-level.com\/wp-content\/uploads\/2025\/06\/03-1-12x12.jpg 12w, https:\/\/k-level.com\/wp-content\/uploads\/2025\/06\/03-1-370x370.jpg 370w, https:\/\/k-level.com\/wp-content\/uploads\/2025\/06\/03-1-400x400.jpg 400w, https:\/\/k-level.com\/wp-content\/uploads\/2025\/06\/03-1-100x100.jpg 100w, https:\/\/k-level.com\/wp-content\/uploads\/2025\/06\/03-1-50x50.jpg 50w, https:\/\/k-level.com\/wp-content\/uploads\/2025\/06\/03-1.jpg 800w\" sizes=\"(max-width: 300px) 100vw, 300px\" \/><\/p>\n<p>Le <a href=\"https:\/\/k-level.com\/fr\/a-propos-de-nous\/\">R\u00e9cepteur LP700<\/a> Peut \u00eatre utilis\u00e9 jusqu&#039;\u00e0 400 m\u00e8tres (avec le laser rotatif K-LEVEL) et jusqu&#039;\u00e0 300 m\u00e8tres avec d&#039;autres lasers rotatifs. \u00c9quip\u00e9 d&#039;une pince, il est facile \u00e0 fixer et \u00e0 ajuster. Aliment\u00e9 par des piles alcalines n\u00b0 5, il affiche clairement la distance mesur\u00e9e.<\/p>\n<p>Besoin d&#039;une solution?<br \/>\nK-level propose des services de conseil en \u00e9quipement d&#039;arpentage. Contactez-nous pour les commandes group\u00e9es ou l&#039;assistance technique\u00a0!<\/p>\n<p>&nbsp;<\/p>","protected":false},"excerpt":{"rendered":"<ul>\n<li>Le r\u00e9cepteur LP700 est un r\u00e9cepteur de mesure efficace et durable.<\/li>\n<li>Convient pour une utilisation avec le kit LASER ROTATIF.<\/li>\n<li>Le r\u00e9cepteur laser LP700 pour niveau laser peut fournir une exp\u00e9rience de mesure pr\u00e9cise et fiable.<\/li>\n<\/ul>\n<p><img decoding=\"async\" class=\"alignnone size-medium wp-image-13646\" src=\"https:\/\/k-level.com\/wp-content\/uploads\/2025\/05\/logo-300x98.png\" alt=\"\" width=\"300\" height=\"98\" srcset=\"https:\/\/k-level.com\/wp-content\/uploads\/2025\/05\/logo-300x98.png 300w, https:\/\/k-level.com\/wp-content\/uploads\/2025\/05\/logo-18x6.png 18w, https:\/\/k-level.com\/wp-content\/uploads\/2025\/05\/logo.png 307w\" sizes=\"(max-width: 300px) 100vw, 300px\" \/><\/p>","protected":false},"featured_media":14003,"comment_status":"open","ping_status":"closed","template":"","meta":[],"product_brand":[],"product_cat":[223],"product_tag":[237],"class_list":{"0":"post-13464","1":"product","2":"type-product","3":"status-publish","4":"has-post-thumbnail","6":"product_cat-rotary-laser-detector","7":"product_tag-professional-engineering","9":"first","10":"instock","11":"shipping-taxable","12":"product-type-simple"},"_links":{"self":[{"href":"https:\/\/k-level.com\/fr\/wp-json\/wp\/v2\/product\/13464","targetHints":{"allow":["GET"]}}],"collection":[{"href":"https:\/\/k-level.com\/fr\/wp-json\/wp\/v2\/product"}],"about":[{"href":"https:\/\/k-level.com\/fr\/wp-json\/wp\/v2\/types\/product"}],"replies":[{"embeddable":true,"href":"https:\/\/k-level.com\/fr\/wp-json\/wp\/v2\/comments?post=13464"}],"version-history":[{"count":4,"href":"https:\/\/k-level.com\/fr\/wp-json\/wp\/v2\/product\/13464\/revisions"}],"predecessor-version":[{"id":13767,"href":"https:\/\/k-level.com\/fr\/wp-json\/wp\/v2\/product\/13464\/revisions\/13767"}],"wp:featuredmedia":[{"embeddable":true,"href":"https:\/\/k-level.com\/fr\/wp-json\/wp\/v2\/media\/14003"}],"wp:attachment":[{"href":"https:\/\/k-level.com\/fr\/wp-json\/wp\/v2\/media?parent=13464"}],"wp:term":[{"taxonomy":"product_brand","embeddable":true,"href":"https:\/\/k-level.com\/fr\/wp-json\/wp\/v2\/product_brand?post=13464"},{"taxonomy":"product_cat","embeddable":true,"href":"https:\/\/k-level.com\/fr\/wp-json\/wp\/v2\/product_cat?post=13464"},{"taxonomy":"product_tag","embeddable":true,"href":"https:\/\/k-level.com\/fr\/wp-json\/wp\/v2\/product_tag?post=13464"}],"curies":[{"name":"wp","href":"https:\/\/api.w.org\/{rel}","templated":true}]}}