{"id":13128,"date":"2025-06-12T16:01:59","date_gmt":"2025-06-12T08:01:59","guid":{"rendered":"https:\/\/k-level.com\/?post_type=product&#038;p=13128"},"modified":"2026-03-30T10:03:39","modified_gmt":"2026-03-30T02:03:39","slug":"recepteur-lp500","status":"publish","type":"product","link":"https:\/\/k-level.com\/fr\/produit\/recepteur-lp500\/","title":{"rendered":"R\u00e9cepteur LP500"},"content":{"rendered":"<p><strong>Introduction au r\u00e9cepteur LP500<\/strong><\/p>\n<p>En tant que composant essentiel des \u00e9quipements d&#039;arpentage et de construction de qualit\u00e9 professionnelle, le r\u00e9cepteur LP500 assure une d\u00e9tection pr\u00e9cise du faisceau laser pour les t\u00e2ches de nivellement et d&#039;alignement, m\u00eame dans des conditions ext\u00e9rieures lumineuses.<\/p>\n<p>Le<strong> R\u00e9cepteur LP500<\/strong> est con\u00e7u pour s&#039;int\u00e9grer parfaitement \u00e0 n&#039;importe quel <a href=\"https:\/\/k-level.com\/fr\/a-propos-de-nous\/\">kit de niveau laser rotatif<\/a>.<\/p>\n<p>Id\u00e9al pour :<br \/>\n\u2713 Nivellement et nivellement de chantier<br \/>\n\u2713 Projets d&#039;arpentage et d&#039;excavation<br \/>\n\u2713 Coulage de b\u00e9ton et travaux de fondation<br \/>\n\u2713 Alignement des pentes et du drainage<\/p>\n<p>R\u00e9cepteur de niveau laser essentiel \u00e0 tout kit de niveau laser rotatif, le LP500 offre des performances fiables et de haute pr\u00e9cision, garantissant aux professionnels des r\u00e9sultats de mesure impeccables. Faites confiance \u00e0 K-level pour vous fournir les outils qui optimiseront votre flux de travail.<\/p>\n<p><img fetchpriority=\"high\" decoding=\"async\" class=\"aligncenter wp-image-13131 size-medium\" src=\"https:\/\/k-level.com\/wp-content\/uploads\/2025\/06\/03-300x300.jpg\" alt=\"kit de niveau laser rotatif\" width=\"300\" height=\"300\" srcset=\"https:\/\/k-level.com\/wp-content\/uploads\/2025\/06\/03-300x300.jpg 300w, https:\/\/k-level.com\/wp-content\/uploads\/2025\/06\/03-150x150.jpg 150w, https:\/\/k-level.com\/wp-content\/uploads\/2025\/06\/03-768x768.jpg 768w, https:\/\/k-level.com\/wp-content\/uploads\/2025\/06\/03-12x12.jpg 12w, https:\/\/k-level.com\/wp-content\/uploads\/2025\/06\/03-370x370.jpg 370w, https:\/\/k-level.com\/wp-content\/uploads\/2025\/06\/03-400x400.jpg 400w, https:\/\/k-level.com\/wp-content\/uploads\/2025\/06\/03-100x100.jpg 100w, https:\/\/k-level.com\/wp-content\/uploads\/2025\/06\/03-50x50.jpg 50w, https:\/\/k-level.com\/wp-content\/uploads\/2025\/06\/03.jpg 800w\" sizes=\"(max-width: 300px) 100vw, 300px\" \/><\/p>\n<p>Besoin d&#039;une solution?<br \/>\n<a href=\"https:\/\/k-level.com\/fr\/a-propos-de-nous\/\">Niveau K<\/a> Nous fournissons des services de conseil en \u00e9quipement d&#039;arpentage. Contactez-nous pour les commandes group\u00e9es ou l&#039;assistance technique\u00a0!<\/p>\n<p>&nbsp;<\/p>","protected":false},"excerpt":{"rendered":"<ul>\n<li>Le r\u00e9cepteur LP500 est un d\u00e9tecteur laser rotatif indispensable.<\/li>\n<li>Am\u00e9liore les capacit\u00e9s de tout niveau laser.<\/li>\n<li>Kit de niveau laser rotatif Am\u00e9liorez votre exp\u00e9rience de nivellement.<\/li>\n<\/ul>\n<p><img decoding=\"async\" class=\"alignnone size-medium wp-image-13646\" src=\"https:\/\/k-level.com\/wp-content\/uploads\/2025\/05\/logo-300x98.png\" alt=\"\" width=\"300\" height=\"98\" srcset=\"https:\/\/k-level.com\/wp-content\/uploads\/2025\/05\/logo-300x98.png 300w, https:\/\/k-level.com\/wp-content\/uploads\/2025\/05\/logo-18x6.png 18w, https:\/\/k-level.com\/wp-content\/uploads\/2025\/05\/logo.png 307w\" sizes=\"(max-width: 300px) 100vw, 300px\" \/><\/p>","protected":false},"featured_media":14002,"comment_status":"open","ping_status":"closed","template":"","meta":[],"product_brand":[],"product_cat":[223],"product_tag":[237],"class_list":{"0":"post-13128","1":"product","2":"type-product","3":"status-publish","4":"has-post-thumbnail","6":"product_cat-rotary-laser-detector","7":"product_tag-professional-engineering","9":"first","10":"instock","11":"shipping-taxable","12":"product-type-simple"},"_links":{"self":[{"href":"https:\/\/k-level.com\/fr\/wp-json\/wp\/v2\/product\/13128","targetHints":{"allow":["GET"]}}],"collection":[{"href":"https:\/\/k-level.com\/fr\/wp-json\/wp\/v2\/product"}],"about":[{"href":"https:\/\/k-level.com\/fr\/wp-json\/wp\/v2\/types\/product"}],"replies":[{"embeddable":true,"href":"https:\/\/k-level.com\/fr\/wp-json\/wp\/v2\/comments?post=13128"}],"version-history":[{"count":5,"href":"https:\/\/k-level.com\/fr\/wp-json\/wp\/v2\/product\/13128\/revisions"}],"predecessor-version":[{"id":13329,"href":"https:\/\/k-level.com\/fr\/wp-json\/wp\/v2\/product\/13128\/revisions\/13329"}],"wp:featuredmedia":[{"embeddable":true,"href":"https:\/\/k-level.com\/fr\/wp-json\/wp\/v2\/media\/14002"}],"wp:attachment":[{"href":"https:\/\/k-level.com\/fr\/wp-json\/wp\/v2\/media?parent=13128"}],"wp:term":[{"taxonomy":"product_brand","embeddable":true,"href":"https:\/\/k-level.com\/fr\/wp-json\/wp\/v2\/product_brand?post=13128"},{"taxonomy":"product_cat","embeddable":true,"href":"https:\/\/k-level.com\/fr\/wp-json\/wp\/v2\/product_cat?post=13128"},{"taxonomy":"product_tag","embeddable":true,"href":"https:\/\/k-level.com\/fr\/wp-json\/wp\/v2\/product_tag?post=13128"}],"curies":[{"name":"wp","href":"https:\/\/api.w.org\/{rel}","templated":true}]}}