{"id":13080,"date":"2025-06-11T16:11:50","date_gmt":"2025-06-11T08:11:50","guid":{"rendered":"https:\/\/k-level.com\/?post_type=product&#038;p=13080"},"modified":"2025-08-05T09:19:53","modified_gmt":"2025-08-05T01:19:53","slug":"laser-rotatif-autonivelant-krl-540","status":"publish","type":"product","link":"https:\/\/k-level.com\/fr\/produit\/laser-rotatif-autonivelant-krl-540\/","title":{"rendered":"Laser rotatif KRL-540"},"content":{"rendered":"<p>Laser rotatif autonivelant KRL-540\u00a0: l&#039;outil ultime pour un nivellement de pr\u00e9cision<\/p>\n<p>Le <a href=\"https:\/\/k-level.com\/fr\/boutique\/\">Laser rotatif KRL-540<\/a> Dot\u00e9 de la technologie d&#039;autonivellement, ce laser rotatif haut de gamme est con\u00e7u pour offrir une pr\u00e9cision in\u00e9gal\u00e9e pour le nivellement professionnel des terrains et l&#039;implantation de projets de construction. Il est dot\u00e9 d&#039;un m\u00e9canisme avanc\u00e9 d&#039;autonivellement avec une plage de compensation de \u00b15\u00b0 qui corrige automatiquement les d\u00e9fauts d&#039;alignement, garantissant des mesures pr\u00e9cises en quelques secondes. Associ\u00e9 \u00e0 notre r\u00e9cepteur laser rotatif haute sensibilit\u00e9, le syst\u00e8me atteint une port\u00e9e de travail impressionnante de 800 m\u00e8tres, ce qui le rend id\u00e9al pour les projets de grande envergure n\u00e9cessitant un contr\u00f4le d&#039;\u00e9l\u00e9vation constant.<\/p>\n<p>Con\u00e7u pour les chantiers exigeants, ce syst\u00e8me de nivellement automatique laser rotatif allie une construction robuste certifi\u00e9e IP66 \u00e0 des performances optiques exceptionnelles. Le faisceau laser rotatif lumineux offre une couverture \u00e0 360\u00b0, tandis que le r\u00e9cepteur laser rotatif inclus \u00e9met des signaux visuels et sonores pour une d\u00e9tection fiable quelles que soient les conditions d&#039;\u00e9clairage. Que vous travailliez sur des routes, des fondations ou des am\u00e9nagements paysagers, le KRL-540 s&#039;impose comme le laser rotatif le plus polyvalent de sa cat\u00e9gorie pour le nivellement de terrain.<\/p>\n<p>Le kit complet de nivellement automatique laser rotatif comprend notre r\u00e9cepteur laser rotatif haut de gamme LR-200 avec affichage num\u00e9rique, un tr\u00e9pied robuste, une mire de nivellement et une mallette de transport. Avec sa double inclinaison (\u00b110%), son autonomie de 40 heures et son fonctionnement simple \u00e0 un seul bouton, le KRL-540 optimise le flux de travail tout en conservant une pr\u00e9cision de \u00b11,5 mm \u00e0 30 m\u00e8tres. Pour les entrepreneurs exigeant vitesse et pr\u00e9cision avec leur laser rotatif pour le nivellement du terrain, ce syst\u00e8me autonivelant offre des r\u00e9sultats professionnels, projet apr\u00e8s projet.<\/p>\n<p><img fetchpriority=\"high\" decoding=\"async\" class=\"aligncenter wp-image-13084 size-medium\" src=\"https:\/\/k-level.com\/wp-content\/uploads\/2025\/06\/KRL-5404-300x300.jpg\" alt=\"Laser rotatif autonivelant KRL-540\" width=\"300\" height=\"300\" srcset=\"https:\/\/k-level.com\/wp-content\/uploads\/2025\/06\/KRL-5404-300x300.jpg 300w, https:\/\/k-level.com\/wp-content\/uploads\/2025\/06\/KRL-5404-370x370.jpg 370w, https:\/\/k-level.com\/wp-content\/uploads\/2025\/06\/KRL-5404-100x100.jpg 100w, https:\/\/k-level.com\/wp-content\/uploads\/2025\/06\/KRL-5404-400x400.jpg 400w, https:\/\/k-level.com\/wp-content\/uploads\/2025\/06\/KRL-5404-150x150.jpg 150w, https:\/\/k-level.com\/wp-content\/uploads\/2025\/06\/KRL-5404-768x768.jpg 768w, https:\/\/k-level.com\/wp-content\/uploads\/2025\/06\/KRL-5404-12x12.jpg 12w, https:\/\/k-level.com\/wp-content\/uploads\/2025\/06\/KRL-5404-50x50.jpg 50w, https:\/\/k-level.com\/wp-content\/uploads\/2025\/06\/KRL-5404.jpg 800w\" sizes=\"(max-width: 300px) 100vw, 300px\" \/><\/p>\n<p>&nbsp;<\/p>\n<p><strong>Pourquoi les professionnels choisissent le <a href=\"https:\/\/k-level.com\/fr\/a-propos-de-nous\/\">Laser rotatif KRL-540<\/a>:<\/strong><\/p>\n<p>Ce <a href=\"https:\/\/k-level.com\/fr\/contactez-nous\/\">Laser rotatif autonivelant KRL-540<\/a> L&#039;alliance parfaite entre pr\u00e9cision et durabilit\u00e9. Son \u00e9tanch\u00e9it\u00e9 IP garantit des performances fiables dans les conditions les plus difficiles, tandis que ses fonctionnalit\u00e9s avanc\u00e9es optimisent le flux de travail. Que vous travailliez sur des chantiers de construction commerciale, des projets de g\u00e9nie civil ou des installations industrielles, le laser rotatif autonivelant KRL-540 offre la pr\u00e9cision et la fiabilit\u00e9 exig\u00e9es par les professionnels.<\/p>\n<p><strong>Comparaison des param\u00e8tres du mod\u00e8le de diff\u00e9rents instruments laser rotatifs<\/strong><\/p>\n<table width=\"1112\">\n<tbody>\n<tr>\n<td width=\"101\">Num\u00e9ro d&#039;article<\/td>\n<td width=\"101\">Faisceau<\/td>\n<td width=\"101\">Horizontal<\/td>\n<td width=\"101\">Verticale<\/td>\n<td width=\"101\">Point culminant<\/td>\n<td width=\"101\">Point bas<\/td>\n<td width=\"168\">Poign\u00e9e<\/td>\n<td width=\"333\">Bulle<\/td>\n<\/tr>\n<tr>\n<td>KRL-405R<\/td>\n<td>Faisceau rouge<\/td>\n<td>\u2714<\/td>\n<td><\/td>\n<td><\/td>\n<td><\/td>\n<td>Poign\u00e9e unique<\/td>\n<td>1 bulle ind\u00e9pendante + 1 bulle ronde<\/td>\n<\/tr>\n<tr>\n<td>KRL-405G<\/td>\n<td>Faisceau vert<\/td>\n<td>\u2714<\/td>\n<td><\/td>\n<td><\/td>\n<td><\/td>\n<td>Poign\u00e9e unique<\/td>\n<td>1 bulle ind\u00e9pendante + 1 bulle ronde<\/td>\n<\/tr>\n<tr>\n<td>KRL-410R<\/td>\n<td>Faisceau rouge<\/td>\n<td>\u2714<\/td>\n<td>\u2714<\/td>\n<td>\u2714<\/td>\n<td><\/td>\n<td>Poign\u00e9e unique<\/td>\n<td>1 bulle ind\u00e9pendante + 1 bulle ronde<\/td>\n<\/tr>\n<tr>\n<td>KRL-410G<\/td>\n<td>Faisceau vert<\/td>\n<td>\u2714<\/td>\n<td>\u2714<\/td>\n<td>\u2714<\/td>\n<td><\/td>\n<td>Poign\u00e9e unique<\/td>\n<td>1 bulle ind\u00e9pendante + 1 bulle ronde<\/td>\n<\/tr>\n<tr>\n<td>KRL-420G<\/td>\n<td>Faisceau vert<\/td>\n<td>\u2714<\/td>\n<td>\u2714<\/td>\n<td>\u2714<\/td>\n<td>\u2714<\/td>\n<td>Double poign\u00e9e<\/td>\n<td>1 bulle ind\u00e9pendante + 1 bulle ronde<\/td>\n<\/tr>\n<tr>\n<td>KRL-420R<\/td>\n<td>Faisceau rouge<\/td>\n<td>\u2714<\/td>\n<td>\u2714<\/td>\n<td>\u2714<\/td>\n<td>\u2714<\/td>\n<td>Double poign\u00e9e<\/td>\n<td>1 bulle ind\u00e9pendante + 1 bulle ronde<\/td>\n<\/tr>\n<tr>\n<td>KRL-440R<\/td>\n<td>Faisceau rouge<\/td>\n<td>\u2714<\/td>\n<td>\u2714<\/td>\n<td>\u2714<\/td>\n<td>\u2714<\/td>\n<td>Quatre poign\u00e9es<\/td>\n<td>1 bulle ind\u00e9pendante + 1 bulle ronde<\/td>\n<\/tr>\n<tr>\n<td>KRL-440G<\/td>\n<td>Faisceau vert<\/td>\n<td>\u2714<\/td>\n<td>\u2714<\/td>\n<td>\u2714<\/td>\n<td>\u2714<\/td>\n<td>Quatre poign\u00e9es<\/td>\n<td>1 bulle ind\u00e9pendante + 1 bulle ronde<\/td>\n<\/tr>\n<tr>\n<td>KRL-540G<\/td>\n<td>Faisceau vert<\/td>\n<td>\u2714<\/td>\n<td>\u2714<\/td>\n<td colspan=\"2\" width=\"203\">3 capteurs longs ind\u00e9pendants<\/td>\n<td>Quatre poign\u00e9es<\/td>\n<td>3 blisters longs ind\u00e9pendants<\/td>\n<\/tr>\n<tr>\n<td>KRL-540R<\/td>\n<td>Faisceau rouge<\/td>\n<td>\u2714<\/td>\n<td>\u2714<\/td>\n<td colspan=\"2\" width=\"203\">3 capteurs longs ind\u00e9pendants<\/td>\n<td>Quatre poign\u00e9es<\/td>\n<td>3 blisters longs ind\u00e9pendants<\/td>\n<\/tr>\n<tr>\n<td>KRL-640R<\/td>\n<td>Faisceau rouge<\/td>\n<td>\u2714<\/td>\n<td>\u2714<\/td>\n<td colspan=\"2\" width=\"203\">3 capteurs longs ind\u00e9pendants<\/td>\n<td>Quatre poign\u00e9es<\/td>\n<td>3 blisters longs ind\u00e9pendants<\/td>\n<\/tr>\n<tr>\n<td>KRL-640G<\/td>\n<td>Faisceau vert<\/td>\n<td>\u2714<\/td>\n<td>\u2714<\/td>\n<td colspan=\"2\" width=\"203\">3 capteurs longs ind\u00e9pendants<\/td>\n<td>Quatre poign\u00e9es<\/td>\n<td>3 blisters longs ind\u00e9pendants<\/td>\n<\/tr>\n<\/tbody>\n<\/table>\n<p>Besoin d&#039;une solution?<\/p>\n<p>K-level propose des services de conseil en \u00e9quipement d&#039;arpentage. Contactez-nous pour les commandes group\u00e9es ou l&#039;assistance technique\u00a0!<\/p>\n<p>&nbsp;<\/p>\n<p>&nbsp;<\/p>","protected":false},"excerpt":{"rendered":"<ul>\n<li>Syst\u00e8me laser rotatif KRL-540 aujourd&#039;hui et exp\u00e9rience<\/li>\n<li>Le laser rotatif \u00e0 nivellement automatique, l&#039;avenir de la technologie de mise en page de pr\u00e9cision<\/li>\n<li>Laser rotatif, conception \u00e9tanche et durable, class\u00e9 IP.<\/li>\n<\/ul>\n<p><img decoding=\"async\" class=\"alignnone size-medium wp-image-13646\" src=\"https:\/\/k-level.com\/wp-content\/uploads\/2025\/05\/logo-300x98.png\" alt=\"\" width=\"300\" height=\"98\" srcset=\"https:\/\/k-level.com\/wp-content\/uploads\/2025\/05\/logo-300x98.png 300w, https:\/\/k-level.com\/wp-content\/uploads\/2025\/05\/logo-18x6.png 18w, https:\/\/k-level.com\/wp-content\/uploads\/2025\/05\/logo.png 307w\" sizes=\"(max-width: 300px) 100vw, 300px\" \/><\/p>","protected":false},"featured_media":13956,"comment_status":"open","ping_status":"closed","template":"","meta":[],"product_brand":[],"product_cat":[243],"product_tag":[236],"class_list":{"0":"post-13080","1":"product","2":"type-product","3":"status-publish","4":"has-post-thumbnail","6":"product_cat-krl-540","7":"product_tag-construction","9":"first","10":"instock","11":"shipping-taxable","12":"product-type-simple"},"_links":{"self":[{"href":"https:\/\/k-level.com\/fr\/wp-json\/wp\/v2\/product\/13080","targetHints":{"allow":["GET"]}}],"collection":[{"href":"https:\/\/k-level.com\/fr\/wp-json\/wp\/v2\/product"}],"about":[{"href":"https:\/\/k-level.com\/fr\/wp-json\/wp\/v2\/types\/product"}],"replies":[{"embeddable":true,"href":"https:\/\/k-level.com\/fr\/wp-json\/wp\/v2\/comments?post=13080"}],"version-history":[{"count":5,"href":"https:\/\/k-level.com\/fr\/wp-json\/wp\/v2\/product\/13080\/revisions"}],"predecessor-version":[{"id":14080,"href":"https:\/\/k-level.com\/fr\/wp-json\/wp\/v2\/product\/13080\/revisions\/14080"}],"wp:featuredmedia":[{"embeddable":true,"href":"https:\/\/k-level.com\/fr\/wp-json\/wp\/v2\/media\/13956"}],"wp:attachment":[{"href":"https:\/\/k-level.com\/fr\/wp-json\/wp\/v2\/media?parent=13080"}],"wp:term":[{"taxonomy":"product_brand","embeddable":true,"href":"https:\/\/k-level.com\/fr\/wp-json\/wp\/v2\/product_brand?post=13080"},{"taxonomy":"product_cat","embeddable":true,"href":"https:\/\/k-level.com\/fr\/wp-json\/wp\/v2\/product_cat?post=13080"},{"taxonomy":"product_tag","embeddable":true,"href":"https:\/\/k-level.com\/fr\/wp-json\/wp\/v2\/product_tag?post=13080"}],"curies":[{"name":"wp","href":"https:\/\/api.w.org\/{rel}","templated":true}]}}