{"id":13075,"date":"2025-06-11T15:16:35","date_gmt":"2025-06-11T07:16:35","guid":{"rendered":"https:\/\/k-level.com\/?post_type=product&#038;p=13075"},"modified":"2026-03-30T09:49:36","modified_gmt":"2026-03-30T01:49:36","slug":"laser-rotatif-a-alignement-automatique-krl-440","status":"publish","type":"product","link":"https:\/\/k-level.com\/fr\/produit\/laser-rotatif-a-alignement-automatique-krl-440\/","title":{"rendered":"Laser rotatif KRL-440"},"content":{"rendered":"<p><strong>Pr\u00e9sentation du laser rotatif KRL-440<\/strong><\/p>\n<p>Le <strong>Laser rotatif \u00e0 alignement automatique KRL-440<\/strong> repr\u00e9sente la prochaine g\u00e9n\u00e9ration de <a href=\"https:\/\/k-level.com\/fr\/contactez-nous\/\">technologie de nivellement de pr\u00e9cision<\/a>, alliant des capacit\u00e9s avanc\u00e9es de nivellement automatique \u00e0 une fonctionnalit\u00e9 \u00e0 deux axes. Niveau laser rotatif horizontal et vertical de qualit\u00e9 professionnelle, ce laser rotatif \u00e0 alignement automatique offre une pr\u00e9cision exceptionnelle de \u00b1 3 mm \u00e0 30 m, ce qui le rend id\u00e9al pour les applications exigeantes de construction, de nivellement et d&#039;am\u00e9nagement. Ce syst\u00e8me laser rotatif est dot\u00e9 d&#039;un m\u00e9canisme de compensation automatique unique qui maintient un alignement parfait, m\u00eame sur des surfaces irr\u00e9guli\u00e8res, r\u00e9duisant ainsi consid\u00e9rablement le temps d&#039;installation et am\u00e9liorant l&#039;efficacit\u00e9 sur le chantier.<\/p>\n<p>Notre niveau laser rotatif horizontal et vertical innovant offre une polyvalence in\u00e9gal\u00e9e gr\u00e2ce \u00e0 sa capacit\u00e9 \u00e0 projeter simultan\u00e9ment des plans horizontaux \u00e0 360\u00b0 et des lignes verticales pr\u00e9cises. Le faisceau laser haute visibilit\u00e9 du laser rotatif \u00e0 alignement automatique KRL-440 reste parfaitement visible jusqu&#039;\u00e0 150 m de jour, tandis que sa port\u00e9e \u00e9tendue de 800 m avec d\u00e9tecteur garantit des performances fiables sur les projets de grande envergure. Cette solution de niveau laser rotatif est particuli\u00e8rement utile pour les applications n\u00e9cessitant \u00e0 la fois des r\u00e9f\u00e9rences de plan\u00e9it\u00e9 et d&#039;aplomb, telles que le montage de structures m\u00e9talliques, le coffrage de b\u00e9ton et le cloisonnement int\u00e9rieur.<\/p>\n<p>Le laser rotatif \u00e0 alignement automatique KRL-440 est dot\u00e9 d&#039;un bo\u00eetier robuste IP66 r\u00e9sistant aux conditions de chantier difficiles, notamment \u00e0 la poussi\u00e8re, \u00e0 l&#039;eau et aux chutes accidentelles. Il est \u00e9quip\u00e9 de notre t\u00e9l\u00e9commande SmartRemote\u2122 exclusive, permettant une utilisation par une seule personne jusqu&#039;\u00e0 100 m de distance. V\u00e9ritable niveau laser rotatif horizontal et vertical, il offre une fonction d&#039;inclinaison intuitive avec un r\u00e9glage de \u00b110\u00b0 pour des applications de nivellement pr\u00e9cises. Les entrepreneurs appr\u00e9cieront la conception r\u00e9sistante aux vibrations et l&#039;autonomie prolong\u00e9e de 40 heures de ce syst\u00e8me laser rotatif professionnel, qui garantit des performances constantes m\u00eame pendant les longues journ\u00e9es de travail.<\/p>\n<p>&nbsp;<\/p>\n<p><img fetchpriority=\"high\" decoding=\"async\" class=\"aligncenter wp-image-13077 size-medium\" src=\"https:\/\/k-level.com\/wp-content\/uploads\/2025\/06\/KRL-4402-1-300x300.jpg\" alt=\"Laser rotatif \u00e0 alignement automatique KRL-440\" width=\"300\" height=\"300\" srcset=\"https:\/\/k-level.com\/wp-content\/uploads\/2025\/06\/KRL-4402-1-300x300.jpg 300w, https:\/\/k-level.com\/wp-content\/uploads\/2025\/06\/KRL-4402-1-370x370.jpg 370w, https:\/\/k-level.com\/wp-content\/uploads\/2025\/06\/KRL-4402-1-100x100.jpg 100w, https:\/\/k-level.com\/wp-content\/uploads\/2025\/06\/KRL-4402-1-400x400.jpg 400w, https:\/\/k-level.com\/wp-content\/uploads\/2025\/06\/KRL-4402-1-150x150.jpg 150w, https:\/\/k-level.com\/wp-content\/uploads\/2025\/06\/KRL-4402-1-768x768.jpg 768w, https:\/\/k-level.com\/wp-content\/uploads\/2025\/06\/KRL-4402-1-12x12.jpg 12w, https:\/\/k-level.com\/wp-content\/uploads\/2025\/06\/KRL-4402-1-50x50.jpg 50w, https:\/\/k-level.com\/wp-content\/uploads\/2025\/06\/KRL-4402-1.jpg 800w\" sizes=\"(max-width: 300px) 100vw, 300px\" \/><\/p>\n<p>Le KRL-440 <a href=\"https:\/\/k-level.com\/fr\/contactez-nous\/\">Laser rotatif<\/a> Id\u00e9al pour de nombreuses applications, notamment le nivellement, l&#039;excavation et la pose de fondations. Sa haute pr\u00e9cision et sa large plage de travail le rendent adapt\u00e9 \u00e0 une utilisation en int\u00e9rieur comme en ext\u00e9rieur, ce qui en fait un outil pr\u00e9cieux pour les entrepreneurs, les g\u00e9om\u00e8tres et les constructeurs.<\/p>\n<p><strong>Comparaison des param\u00e8tres du mod\u00e8le de diff\u00e9rents instruments laser rotatifs<\/strong><\/p>\n<table width=\"1112\">\n<tbody>\n<tr>\n<td width=\"101\">Num\u00e9ro d&#039;article<\/td>\n<td width=\"101\">Faisceau<\/td>\n<td width=\"101\">Horizontal<\/td>\n<td width=\"101\">Verticale<\/td>\n<td width=\"101\">Point culminant<\/td>\n<td width=\"101\">Point bas<\/td>\n<td width=\"168\">Poign\u00e9e<\/td>\n<td width=\"333\">Bulle<\/td>\n<\/tr>\n<tr>\n<td>KRL-405R<\/td>\n<td>Faisceau rouge<\/td>\n<td>\u2714<\/td>\n<td><\/td>\n<td><\/td>\n<td><\/td>\n<td>Poign\u00e9e unique<\/td>\n<td>1 bulle ind\u00e9pendante + 1 bulle ronde<\/td>\n<\/tr>\n<tr>\n<td>KRL-405G<\/td>\n<td>Faisceau vert<\/td>\n<td>\u2714<\/td>\n<td><\/td>\n<td><\/td>\n<td><\/td>\n<td>Poign\u00e9e unique<\/td>\n<td>1 bulle ind\u00e9pendante + 1 bulle ronde<\/td>\n<\/tr>\n<tr>\n<td>KRL-410R<\/td>\n<td>Faisceau rouge<\/td>\n<td>\u2714<\/td>\n<td>\u2714<\/td>\n<td>\u2714<\/td>\n<td><\/td>\n<td>Poign\u00e9e unique<\/td>\n<td>1 bulle ind\u00e9pendante + 1 bulle ronde<\/td>\n<\/tr>\n<tr>\n<td>KRL-410G<\/td>\n<td>Faisceau vert<\/td>\n<td>\u2714<\/td>\n<td>\u2714<\/td>\n<td>\u2714<\/td>\n<td><\/td>\n<td>Poign\u00e9e unique<\/td>\n<td>1 bulle ind\u00e9pendante + 1 bulle ronde<\/td>\n<\/tr>\n<tr>\n<td>KRL-420G<\/td>\n<td>Faisceau vert<\/td>\n<td>\u2714<\/td>\n<td>\u2714<\/td>\n<td>\u2714<\/td>\n<td>\u2714<\/td>\n<td>Double poign\u00e9e<\/td>\n<td>1 bulle ind\u00e9pendante + 1 bulle ronde<\/td>\n<\/tr>\n<tr>\n<td>KRL-420R<\/td>\n<td>Faisceau rouge<\/td>\n<td>\u2714<\/td>\n<td>\u2714<\/td>\n<td>\u2714<\/td>\n<td>\u2714<\/td>\n<td>Double poign\u00e9e<\/td>\n<td>1 bulle ind\u00e9pendante + 1 bulle ronde<\/td>\n<\/tr>\n<tr>\n<td>KRL-440R<\/td>\n<td>Faisceau rouge<\/td>\n<td>\u2714<\/td>\n<td>\u2714<\/td>\n<td>\u2714<\/td>\n<td>\u2714<\/td>\n<td>Quatre poign\u00e9es<\/td>\n<td>1 bulle ind\u00e9pendante + 1 bulle ronde<\/td>\n<\/tr>\n<tr>\n<td>KRL-440G<\/td>\n<td>Faisceau vert<\/td>\n<td>\u2714<\/td>\n<td>\u2714<\/td>\n<td>\u2714<\/td>\n<td>\u2714<\/td>\n<td>Quatre poign\u00e9es<\/td>\n<td>1 bulle ind\u00e9pendante + 1 bulle ronde<\/td>\n<\/tr>\n<tr>\n<td>KRL-540G<\/td>\n<td>Faisceau vert<\/td>\n<td>\u2714<\/td>\n<td>\u2714<\/td>\n<td colspan=\"2\" width=\"203\">3 capteurs longs ind\u00e9pendants<\/td>\n<td>Quatre poign\u00e9es<\/td>\n<td>3 blisters longs ind\u00e9pendants<\/td>\n<\/tr>\n<tr>\n<td>KRL-540R<\/td>\n<td>Faisceau rouge<\/td>\n<td>\u2714<\/td>\n<td>\u2714<\/td>\n<td colspan=\"2\" width=\"203\">3 capteurs longs ind\u00e9pendants<\/td>\n<td>Quatre poign\u00e9es<\/td>\n<td>3 blisters longs ind\u00e9pendants<\/td>\n<\/tr>\n<tr>\n<td>KRL-640R<\/td>\n<td>Faisceau rouge<\/td>\n<td>\u2714<\/td>\n<td>\u2714<\/td>\n<td colspan=\"2\" width=\"203\">3 capteurs longs ind\u00e9pendants<\/td>\n<td>Quatre poign\u00e9es<\/td>\n<td>3 blisters longs ind\u00e9pendants<\/td>\n<\/tr>\n<tr>\n<td>KRL-640G<\/td>\n<td>Faisceau vert<\/td>\n<td>\u2714<\/td>\n<td>\u2714<\/td>\n<td colspan=\"2\" width=\"203\">3 capteurs longs ind\u00e9pendants<\/td>\n<td>Quatre poign\u00e9es<\/td>\n<td>3 blisters longs ind\u00e9pendants<\/td>\n<\/tr>\n<\/tbody>\n<\/table>\n<p>Besoin d&#039;une solution?<\/p>\n<p>K-level fournit des services de conseil pour <a href=\"https:\/\/k-level.com\/fr\/boutique\/\">\u00e9quipement d&#039;arpentage<\/a>Contactez-nous pour des commandes en gros ou une assistance technique !<\/p>","protected":false},"excerpt":{"rendered":"<ul>\n<li>Le laser rotatif KRL-440 se distingue comme un laser rotatif de premier ordre.<\/li>\n<li>Outil de mesure laser rotatif \u00e0 alignement automatique KRL-440<\/li>\n<li>Laser rotatif \u00e0 alignement automatique, nivellement pr\u00e9cis et efficace \u00e0 chaque fois.<\/li>\n<\/ul>\n<p><img decoding=\"async\" class=\"alignnone size-medium wp-image-13646\" src=\"https:\/\/k-level.com\/wp-content\/uploads\/2025\/05\/logo-300x98.png\" alt=\"\" width=\"300\" height=\"98\" srcset=\"https:\/\/k-level.com\/wp-content\/uploads\/2025\/05\/logo-300x98.png 300w, https:\/\/k-level.com\/wp-content\/uploads\/2025\/05\/logo-18x6.png 18w, https:\/\/k-level.com\/wp-content\/uploads\/2025\/05\/logo.png 307w\" sizes=\"(max-width: 300px) 100vw, 300px\" \/><\/p>","protected":false},"featured_media":14000,"comment_status":"open","ping_status":"closed","template":"","meta":[],"product_brand":[],"product_cat":[242],"product_tag":[236],"class_list":{"0":"post-13075","1":"product","2":"type-product","3":"status-publish","4":"has-post-thumbnail","6":"product_cat-krl-440","7":"product_tag-construction","9":"first","10":"instock","11":"shipping-taxable","12":"product-type-simple"},"_links":{"self":[{"href":"https:\/\/k-level.com\/fr\/wp-json\/wp\/v2\/product\/13075","targetHints":{"allow":["GET"]}}],"collection":[{"href":"https:\/\/k-level.com\/fr\/wp-json\/wp\/v2\/product"}],"about":[{"href":"https:\/\/k-level.com\/fr\/wp-json\/wp\/v2\/types\/product"}],"replies":[{"embeddable":true,"href":"https:\/\/k-level.com\/fr\/wp-json\/wp\/v2\/comments?post=13075"}],"version-history":[{"count":4,"href":"https:\/\/k-level.com\/fr\/wp-json\/wp\/v2\/product\/13075\/revisions"}],"predecessor-version":[{"id":14081,"href":"https:\/\/k-level.com\/fr\/wp-json\/wp\/v2\/product\/13075\/revisions\/14081"}],"wp:featuredmedia":[{"embeddable":true,"href":"https:\/\/k-level.com\/fr\/wp-json\/wp\/v2\/media\/14000"}],"wp:attachment":[{"href":"https:\/\/k-level.com\/fr\/wp-json\/wp\/v2\/media?parent=13075"}],"wp:term":[{"taxonomy":"product_brand","embeddable":true,"href":"https:\/\/k-level.com\/fr\/wp-json\/wp\/v2\/product_brand?post=13075"},{"taxonomy":"product_cat","embeddable":true,"href":"https:\/\/k-level.com\/fr\/wp-json\/wp\/v2\/product_cat?post=13075"},{"taxonomy":"product_tag","embeddable":true,"href":"https:\/\/k-level.com\/fr\/wp-json\/wp\/v2\/product_tag?post=13075"}],"curies":[{"name":"wp","href":"https:\/\/api.w.org\/{rel}","templated":true}]}}