{"id":13045,"date":"2025-06-11T13:08:46","date_gmt":"2025-06-11T05:08:46","guid":{"rendered":"https:\/\/k-level.com\/?post_type=product&#038;p=13045"},"modified":"2025-07-24T14:24:44","modified_gmt":"2025-07-24T06:24:44","slug":"niveau-laser-a-ligne-automatique-kll-015-a-360","status":"publish","type":"product","link":"https:\/\/k-level.com\/fr\/produit\/niveau-laser-a-ligne-automatique-kll-015-a-360\/","title":{"rendered":"Laser \u00e0 ligne KLL-015"},"content":{"rendered":"<p>Pr\u00e9sentation du <strong>Laser \u00e0 ligne KLL-015<\/strong> \u2013 Visibilit\u00e9 sup\u00e9rieure gr\u00e2ce \u00e0 la technologie de nivellement par pendule<\/p>\n<p><a href=\"https:\/\/k-level.com\/fr\/boutique\/\">Laser \u00e0 ligne KLL-015<\/a>, notre niveau laser 360\u00b0 autonivelant haut de gamme, con\u00e7u pour les professionnels et les utilisateurs exigeants. Cet outil laser avanc\u00e9 allie une couverture compl\u00e8te \u00e0 360\u00b0 \u00e0 une technologie d&#039;autonivellement automatique, ce qui le rend id\u00e9al pour les projets complexes de construction, d&#039;am\u00e9nagement int\u00e9rieur et de r\u00e9novation.<\/p>\n<p>Le <a href=\"https:\/\/k-level.com\/fr\/\">niveau laser \u00e0 ligne 360 autonivelant<\/a> Le syst\u00e8me est particuli\u00e8rement utile pour :<\/p>\n<p>\u2713 Projets complets de r\u00e9novation de pi\u00e8ces<br \/>\n\u2713 Installation professionnelle de carrelage et de rev\u00eatement de sol<br \/>\n\u2713 Alignement des grilles de plafond et des faux plafonds<br \/>\n\u2713 Charpente et cloisonnement des murs<br \/>\n\u2713 Installations \u00e9lectriques et de plomberie<\/p>\n<p>&nbsp;<\/p>\n<p><img fetchpriority=\"high\" decoding=\"async\" class=\"aligncenter wp-image-13047 size-medium\" src=\"https:\/\/k-level.com\/wp-content\/uploads\/2025\/06\/KLL-0152-300x300.jpg\" alt=\"niveau laser \u00e0 ligne 360 autonivelant\" width=\"300\" height=\"300\" srcset=\"https:\/\/k-level.com\/wp-content\/uploads\/2025\/06\/KLL-0152-300x300.jpg 300w, https:\/\/k-level.com\/wp-content\/uploads\/2025\/06\/KLL-0152-370x370.jpg 370w, https:\/\/k-level.com\/wp-content\/uploads\/2025\/06\/KLL-0152-100x100.jpg 100w, https:\/\/k-level.com\/wp-content\/uploads\/2025\/06\/KLL-0152-400x400.jpg 400w, https:\/\/k-level.com\/wp-content\/uploads\/2025\/06\/KLL-0152-150x150.jpg 150w, https:\/\/k-level.com\/wp-content\/uploads\/2025\/06\/KLL-0152-768x768.jpg 768w, https:\/\/k-level.com\/wp-content\/uploads\/2025\/06\/KLL-0152-12x12.jpg 12w, https:\/\/k-level.com\/wp-content\/uploads\/2025\/06\/KLL-0152-50x50.jpg 50w, https:\/\/k-level.com\/wp-content\/uploads\/2025\/06\/KLL-0152.jpg 800w\" sizes=\"(max-width: 300px) 100vw, 300px\" \/><\/p>\n<p>Besoin d&#039;une solution?<br \/>\nK-level propose des services de conseil en \u00e9quipement d&#039;arpentage. Contactez-nous pour les commandes group\u00e9es ou l&#039;assistance technique\u00a0!<\/p>","protected":false},"excerpt":{"rendered":"<ul>\n<li>Travailler \u00e0 l\u2019int\u00e9rieur sous des lumi\u00e8res vives ou \u00e0 l\u2019ext\u00e9rieur sur de longues distances.<\/li>\n<li>Le niveau laser \u00e0 ligne 360\u00b0 autonivelant KLL-015 se distingue comme un niveau haut de gamme<\/li>\n<li>Niveau laser pendulaire pour professionnels.<\/li>\n<\/ul>\n<p><img decoding=\"async\" class=\"alignnone size-medium wp-image-13646\" src=\"https:\/\/k-level.com\/wp-content\/uploads\/2025\/05\/logo-300x98.png\" alt=\"\" width=\"300\" height=\"98\" srcset=\"https:\/\/k-level.com\/wp-content\/uploads\/2025\/05\/logo-300x98.png 300w, https:\/\/k-level.com\/wp-content\/uploads\/2025\/05\/logo-18x6.png 18w, https:\/\/k-level.com\/wp-content\/uploads\/2025\/05\/logo.png 307w\" sizes=\"(max-width: 300px) 100vw, 300px\" \/><\/p>","protected":false},"featured_media":14019,"comment_status":"open","ping_status":"closed","template":"","meta":[],"product_brand":[111],"product_cat":[140],"product_tag":[235],"class_list":{"0":"post-13045","1":"product","2":"type-product","3":"status-publish","4":"has-post-thumbnail","6":"product_brand-kll-015","7":"product_cat-pendulum-leveling-laser-level-for-sale-in-china-factory","8":"product_tag-interior-decoration","10":"first","11":"instock","12":"shipping-taxable","13":"product-type-simple"},"_links":{"self":[{"href":"https:\/\/k-level.com\/fr\/wp-json\/wp\/v2\/product\/13045","targetHints":{"allow":["GET"]}}],"collection":[{"href":"https:\/\/k-level.com\/fr\/wp-json\/wp\/v2\/product"}],"about":[{"href":"https:\/\/k-level.com\/fr\/wp-json\/wp\/v2\/types\/product"}],"replies":[{"embeddable":true,"href":"https:\/\/k-level.com\/fr\/wp-json\/wp\/v2\/comments?post=13045"}],"version-history":[{"count":5,"href":"https:\/\/k-level.com\/fr\/wp-json\/wp\/v2\/product\/13045\/revisions"}],"predecessor-version":[{"id":13761,"href":"https:\/\/k-level.com\/fr\/wp-json\/wp\/v2\/product\/13045\/revisions\/13761"}],"wp:featuredmedia":[{"embeddable":true,"href":"https:\/\/k-level.com\/fr\/wp-json\/wp\/v2\/media\/14019"}],"wp:attachment":[{"href":"https:\/\/k-level.com\/fr\/wp-json\/wp\/v2\/media?parent=13045"}],"wp:term":[{"taxonomy":"product_brand","embeddable":true,"href":"https:\/\/k-level.com\/fr\/wp-json\/wp\/v2\/product_brand?post=13045"},{"taxonomy":"product_cat","embeddable":true,"href":"https:\/\/k-level.com\/fr\/wp-json\/wp\/v2\/product_cat?post=13045"},{"taxonomy":"product_tag","embeddable":true,"href":"https:\/\/k-level.com\/fr\/wp-json\/wp\/v2\/product_tag?post=13045"}],"curies":[{"name":"wp","href":"https:\/\/api.w.org\/{rel}","templated":true}]}}