{"id":13021,"date":"2025-06-11T10:13:04","date_gmt":"2025-06-11T02:13:04","guid":{"rendered":"https:\/\/k-level.com\/?post_type=product&#038;p=13021"},"modified":"2026-03-30T09:19:22","modified_gmt":"2026-03-30T01:19:22","slug":"laser-a-ligne-kll-d300","status":"publish","type":"product","link":"https:\/\/k-level.com\/fr\/produit\/laser-a-ligne-kll-d300\/","title":{"rendered":"Laser \u00e0 ligne KLL-D300"},"content":{"rendered":"<p>K-level pr\u00e9sente fi\u00e8rement le<strong> Laser \u00e0 ligne KLL-D300<\/strong>, un avanc\u00e9<a href=\"https:\/\/k-level.com\/fr\/boutique\/\"> niveau laser \u00e0 lignes crois\u00e9es autonivelant<\/a> outil con\u00e7u pour les entrepreneurs professionnels et les applications de pr\u00e9cision.<br \/>\nCet instrument haute performance combine une pr\u00e9cision exceptionnelle avec une technologie d&#039;auto-nivellement automatique, ce qui le rend id\u00e9al pour les projets de construction, de design d&#039;int\u00e9rieur et de r\u00e9novation qui exigent un alignement parfait.<\/p>\n<p>Disponible en deux options de faisceau distinctes (rouge et vert), le <a href=\"https:\/\/k-level.com\/fr\/boutique\/\">Laser \u00e0 ligne KLL-D300<\/a> assure une pr\u00e9cision et une visibilit\u00e9 in\u00e9gal\u00e9es pour tous vos besoins de nivellement et d&#039;alignement.<\/p>\n<p>En prime <a href=\"https:\/\/k-level.com\/fr\/boutique\/\">dispositif de nivellement automatique \u00e0 niveau laser en croix<\/a>Le KLL-D300 projette des lignes transversales lumineuses et tr\u00e8s visibles (horizontales et verticales) avec une pr\u00e9cision de \u00b1 0,2 mm\/m. Son m\u00e9canisme de mise \u00e0 niveau automatique (\u00e0 \u00b1 4\u00b0 pr\u00e8s) assure une installation rapide et des performances fiables, tandis que le mode manuel permet un alignement en pente si n\u00e9cessaire.<\/p>\n<p>&nbsp;<\/p>\n<p>&nbsp;<\/p>\n<p><img fetchpriority=\"high\" decoding=\"async\" class=\"aligncenter wp-image-13024 size-medium\" src=\"https:\/\/k-level.com\/wp-content\/uploads\/2025\/06\/KLL-3002-300x300.jpg\" alt=\"niveau laser \u00e0 lignes crois\u00e9es autonivelant\" width=\"300\" height=\"300\" srcset=\"https:\/\/k-level.com\/wp-content\/uploads\/2025\/06\/KLL-3002-300x300.jpg 300w, https:\/\/k-level.com\/wp-content\/uploads\/2025\/06\/KLL-3002-370x370.jpg 370w, https:\/\/k-level.com\/wp-content\/uploads\/2025\/06\/KLL-3002-100x100.jpg 100w, https:\/\/k-level.com\/wp-content\/uploads\/2025\/06\/KLL-3002-400x400.jpg 400w, https:\/\/k-level.com\/wp-content\/uploads\/2025\/06\/KLL-3002-150x150.jpg 150w, https:\/\/k-level.com\/wp-content\/uploads\/2025\/06\/KLL-3002-768x768.jpg 768w, https:\/\/k-level.com\/wp-content\/uploads\/2025\/06\/KLL-3002-12x12.jpg 12w, https:\/\/k-level.com\/wp-content\/uploads\/2025\/06\/KLL-3002-50x50.jpg 50w, https:\/\/k-level.com\/wp-content\/uploads\/2025\/06\/KLL-3002.jpg 800w\" sizes=\"(max-width: 300px) 100vw, 300px\" \/><\/p>\n<p>Besoin d&#039;une solution?<br \/>\nK-level propose des services de conseil en \u00e9quipement d&#039;arpentage. Contactez-nous pour les commandes group\u00e9es ou l&#039;assistance technique\u00a0!<\/p>","protected":false},"excerpt":{"rendered":"<ul>\n<li>Le laser \u00e0 ligne KLL-D300 garantit pr\u00e9cision et efficacit\u00e9<\/li>\n<li>Niveau laser \u00e0 lignes crois\u00e9es autonivelant KLL-D300 Durabilit\u00e9\u00a0: ce qui en fait le niveau de nivellement ultime<\/li>\n<li>Niveau laser pour les professionnels qui exigent le meilleur.<\/li>\n<\/ul>\n<p><img decoding=\"async\" class=\"alignnone size-medium wp-image-13646\" src=\"https:\/\/k-level.com\/wp-content\/uploads\/2025\/05\/logo-300x98.png\" alt=\"\" width=\"300\" height=\"98\" srcset=\"https:\/\/k-level.com\/wp-content\/uploads\/2025\/05\/logo-300x98.png 300w, https:\/\/k-level.com\/wp-content\/uploads\/2025\/05\/logo-18x6.png 18w, https:\/\/k-level.com\/wp-content\/uploads\/2025\/05\/logo.png 307w\" sizes=\"(max-width: 300px) 100vw, 300px\" \/><\/p>","protected":false},"featured_media":14020,"comment_status":"open","ping_status":"closed","template":"","meta":[],"product_brand":[256],"product_cat":[133],"product_tag":[235],"class_list":{"0":"post-13021","1":"product","2":"type-product","3":"status-publish","4":"has-post-thumbnail","6":"product_brand-kll-d300","7":"product_cat-electronic-line-laser-for-sale","8":"product_tag-interior-decoration","10":"first","11":"instock","12":"shipping-taxable","13":"product-type-simple"},"_links":{"self":[{"href":"https:\/\/k-level.com\/fr\/wp-json\/wp\/v2\/product\/13021","targetHints":{"allow":["GET"]}}],"collection":[{"href":"https:\/\/k-level.com\/fr\/wp-json\/wp\/v2\/product"}],"about":[{"href":"https:\/\/k-level.com\/fr\/wp-json\/wp\/v2\/types\/product"}],"replies":[{"embeddable":true,"href":"https:\/\/k-level.com\/fr\/wp-json\/wp\/v2\/comments?post=13021"}],"version-history":[{"count":5,"href":"https:\/\/k-level.com\/fr\/wp-json\/wp\/v2\/product\/13021\/revisions"}],"predecessor-version":[{"id":13763,"href":"https:\/\/k-level.com\/fr\/wp-json\/wp\/v2\/product\/13021\/revisions\/13763"}],"wp:featuredmedia":[{"embeddable":true,"href":"https:\/\/k-level.com\/fr\/wp-json\/wp\/v2\/media\/14020"}],"wp:attachment":[{"href":"https:\/\/k-level.com\/fr\/wp-json\/wp\/v2\/media?parent=13021"}],"wp:term":[{"taxonomy":"product_brand","embeddable":true,"href":"https:\/\/k-level.com\/fr\/wp-json\/wp\/v2\/product_brand?post=13021"},{"taxonomy":"product_cat","embeddable":true,"href":"https:\/\/k-level.com\/fr\/wp-json\/wp\/v2\/product_cat?post=13021"},{"taxonomy":"product_tag","embeddable":true,"href":"https:\/\/k-level.com\/fr\/wp-json\/wp\/v2\/product_tag?post=13021"}],"curies":[{"name":"wp","href":"https:\/\/api.w.org\/{rel}","templated":true}]}}