{"id":13007,"date":"2025-06-10T17:34:48","date_gmt":"2025-06-10T09:34:48","guid":{"rendered":"https:\/\/k-level.com\/?post_type=product&#038;p=13007"},"modified":"2025-07-10T13:19:42","modified_gmt":"2025-07-10T05:19:42","slug":"laser-a-ligne-kll-012","status":"publish","type":"product","link":"https:\/\/k-level.com\/fr\/produit\/laser-a-ligne-kll-012\/","title":{"rendered":"Laser \u00e0 ligne KLL-012"},"content":{"rendered":"<p>K-level pr\u00e9sente fi\u00e8rement le <a href=\"https:\/\/k-level.com\/fr\/boutique\/\">Laser \u00e0 ligne KLL-012<\/a>, un niveau laser de pointe con\u00e7u pour les professionnels exigeant une pr\u00e9cision et une polyvalence optimales pour leurs projets de construction, de r\u00e9novation et d&#039;am\u00e9nagement int\u00e9rieur. Issu de notre gamme avanc\u00e9e de niveaux laser, le KLL-012 se distingue par sa projection 4 lignes, offrant une couverture \u00e0 360\u00b0 pour des am\u00e9nagements complexes avec une pr\u00e9cision in\u00e9gal\u00e9e.<\/p>\n<p>Le KLL-012 <a href=\"https:\/\/k-level.com\/fr\/boutique\/\">\u00a0niveau laser lin\u00e9aire<\/a> Dot\u00e9 de faisceaux laser verts tr\u00e8s visibles, offrant une visibilit\u00e9 quatre fois sup\u00e9rieure \u00e0 celle des lasers rouges traditionnels, ce niveau laser 4 lignes est id\u00e9al pour les chantiers tr\u00e8s \u00e9clair\u00e9s et les projets de grande envergure. Dot\u00e9 d&#039;une technologie de nivellement automatique et d&#039;une pr\u00e9cision de \u00b1 0,1 mm\/m, ce niveau laser 4 lignes assure un alignement parfait pour des t\u00e2ches telles que la pose de carrelage, l&#039;installation de plafonds et la charpente murale.<\/p>\n<p><img fetchpriority=\"high\" decoding=\"async\" class=\"aligncenter wp-image-13008 size-medium\" src=\"https:\/\/k-level.com\/wp-content\/uploads\/2025\/06\/KLL-0122-300x300.jpg\" alt=\"Niveau laser 16 lignes\" width=\"300\" height=\"300\" srcset=\"https:\/\/k-level.com\/wp-content\/uploads\/2025\/06\/KLL-0122-300x300.jpg 300w, https:\/\/k-level.com\/wp-content\/uploads\/2025\/06\/KLL-0122-370x370.jpg 370w, https:\/\/k-level.com\/wp-content\/uploads\/2025\/06\/KLL-0122-100x100.jpg 100w, https:\/\/k-level.com\/wp-content\/uploads\/2025\/06\/KLL-0122-400x400.jpg 400w, https:\/\/k-level.com\/wp-content\/uploads\/2025\/06\/KLL-0122-150x150.jpg 150w, https:\/\/k-level.com\/wp-content\/uploads\/2025\/06\/KLL-0122-768x768.jpg 768w, https:\/\/k-level.com\/wp-content\/uploads\/2025\/06\/KLL-0122-12x12.jpg 12w, https:\/\/k-level.com\/wp-content\/uploads\/2025\/06\/KLL-0122-50x50.jpg 50w, https:\/\/k-level.com\/wp-content\/uploads\/2025\/06\/KLL-0122.jpg 800w\" sizes=\"(max-width: 300px) 100vw, 300px\" \/><\/p>\n<p><a href=\"https:\/\/k-level.com\/fr\/\">Laser \u00e0 ligne KLL-012<\/a> Applications larges<br \/>\nQue vous soyez entrepreneur, \u00e9lectricien ou bricoleur, le KLL-012 s&#039;adapte \u00e0 des t\u00e2ches telles que :<\/p>\n<p>Alignement des murs et du sol<\/p>\n<p>Installation de plafond suspendu<\/p>\n<p>Encadrement et classement<\/p>\n<p>Travaux de CVC et d&#039;\u00e9lectricit\u00e9<\/p>\n<p>Besoin d&#039;une solution?<br \/>\nK-level propose des services de conseil en \u00e9quipement d&#039;arpentage. Contactez-nous pour les commandes group\u00e9es ou l&#039;assistance technique\u00a0!<\/p>","protected":false},"excerpt":{"rendered":"<ul>\n<li>Placez le laser \u00e0 ligne sur une surface stable.<\/li>\n<li>allumer l&#039;appareil<\/li>\n<li>ajustez la ligne laser \u00e0 la hauteur souhait\u00e9e.<\/li>\n<li>le niveau laser \u00e0 4 lignes projettera une ligne horizontale ou verticale claire.<\/li>\n<\/ul>\n<p><img decoding=\"async\" class=\"alignnone size-medium wp-image-13646\" src=\"https:\/\/k-level.com\/wp-content\/uploads\/2025\/05\/logo-300x98.png\" alt=\"\" width=\"300\" height=\"98\" srcset=\"https:\/\/k-level.com\/wp-content\/uploads\/2025\/05\/logo-300x98.png 300w, https:\/\/k-level.com\/wp-content\/uploads\/2025\/05\/logo-18x6.png 18w, https:\/\/k-level.com\/wp-content\/uploads\/2025\/05\/logo.png 307w\" sizes=\"(max-width: 300px) 100vw, 300px\" \/><\/p>","protected":false},"featured_media":13008,"comment_status":"open","ping_status":"closed","template":"","meta":[],"product_brand":[],"product_cat":[133],"product_tag":[235],"class_list":{"0":"post-13007","1":"product","2":"type-product","3":"status-publish","4":"has-post-thumbnail","6":"product_cat-electronic-line-laser-for-sale","7":"product_tag-interior-decoration","9":"first","10":"instock","11":"shipping-taxable","12":"product-type-simple"},"_links":{"self":[{"href":"https:\/\/k-level.com\/fr\/wp-json\/wp\/v2\/product\/13007","targetHints":{"allow":["GET"]}}],"collection":[{"href":"https:\/\/k-level.com\/fr\/wp-json\/wp\/v2\/product"}],"about":[{"href":"https:\/\/k-level.com\/fr\/wp-json\/wp\/v2\/types\/product"}],"replies":[{"embeddable":true,"href":"https:\/\/k-level.com\/fr\/wp-json\/wp\/v2\/comments?post=13007"}],"version-history":[{"count":5,"href":"https:\/\/k-level.com\/fr\/wp-json\/wp\/v2\/product\/13007\/revisions"}],"predecessor-version":[{"id":13760,"href":"https:\/\/k-level.com\/fr\/wp-json\/wp\/v2\/product\/13007\/revisions\/13760"}],"wp:featuredmedia":[{"embeddable":true,"href":"https:\/\/k-level.com\/fr\/wp-json\/wp\/v2\/media\/13008"}],"wp:attachment":[{"href":"https:\/\/k-level.com\/fr\/wp-json\/wp\/v2\/media?parent=13007"}],"wp:term":[{"taxonomy":"product_brand","embeddable":true,"href":"https:\/\/k-level.com\/fr\/wp-json\/wp\/v2\/product_brand?post=13007"},{"taxonomy":"product_cat","embeddable":true,"href":"https:\/\/k-level.com\/fr\/wp-json\/wp\/v2\/product_cat?post=13007"},{"taxonomy":"product_tag","embeddable":true,"href":"https:\/\/k-level.com\/fr\/wp-json\/wp\/v2\/product_tag?post=13007"}],"curies":[{"name":"wp","href":"https:\/\/api.w.org\/{rel}","templated":true}]}}