{"id":12640,"date":"2025-05-07T15:24:04","date_gmt":"2025-05-07T07:24:04","guid":{"rendered":"http:\/\/www.xcar.com\/?post_type=product&#038;p=12640"},"modified":"2026-03-30T09:07:28","modified_gmt":"2026-03-30T01:07:28","slug":"laser-rotatif-multifonctionnel-krl-405","status":"publish","type":"product","link":"https:\/\/k-level.com\/fr\/produit\/laser-rotatif-multifonctionnel-krl-405\/","title":{"rendered":"Laser rotatif KRL-405"},"content":{"rendered":"<p>Laser rotatif KRL-405 \u2013 Instrument de mesure multifonctionnel de pr\u00e9cision<\/p>\n<p>Le laser rotatif KRL-405 est un laser haute performance <a href=\"https:\/\/k-level.com\/fr\/boutique\/\">laser rotatif multifonctionnel<\/a> Con\u00e7u pour la construction, l&#039;arpentage et les applications industrielles. Avec ses options de faisceau laser rotatif vert et rouge, cet outil polyvalent assure une visibilit\u00e9 optimale dans diverses conditions d&#039;\u00e9clairage, id\u00e9al pour une utilisation en int\u00e9rieur comme en ext\u00e9rieur.<\/p>\n<p>Laser rotatif multifonction, le KRL-405 offre un nivellement automatique, un mode d&#039;inclinaison manuel et un faisceau rotatif \u00e0 360\u00b0 pour une couverture compl\u00e8te du chantier. Le faisceau vert (520 nm) offre une visibilit\u00e9 jusqu&#039;\u00e0 4 fois sup\u00e9rieure \u00e0 celle des faisceaux rouges traditionnels, id\u00e9al pour les environnements lumineux. <a href=\"https:\/\/k-level.com\/fr\/a-propos-de-nous\/\">laser rotatif<\/a> Le faisceau rouge (635 nm) reste un choix fiable pour les applications standard. Avec une port\u00e9e allant jusqu&#039;\u00e0 800 m (avec d\u00e9tecteur) et une pr\u00e9cision de \u00b1 1,5 mm \u00e0 30 m, ce laser garantit une pr\u00e9cision de niveau professionnel.<\/p>\n<p><img fetchpriority=\"high\" decoding=\"async\" class=\"aligncenter wp-image-13057 size-medium\" src=\"https:\/\/k-level.com\/wp-content\/uploads\/2025\/05\/KRL-4053-300x300.jpg\" alt=\"Laser rotatif multifonctionnel KRL-405\" width=\"300\" height=\"300\" srcset=\"https:\/\/k-level.com\/wp-content\/uploads\/2025\/05\/KRL-4053-300x300.jpg 300w, https:\/\/k-level.com\/wp-content\/uploads\/2025\/05\/KRL-4053-370x370.jpg 370w, https:\/\/k-level.com\/wp-content\/uploads\/2025\/05\/KRL-4053-100x100.jpg 100w, https:\/\/k-level.com\/wp-content\/uploads\/2025\/05\/KRL-4053-400x400.jpg 400w, https:\/\/k-level.com\/wp-content\/uploads\/2025\/05\/KRL-4053-150x150.jpg 150w, https:\/\/k-level.com\/wp-content\/uploads\/2025\/05\/KRL-4053-768x768.jpg 768w, https:\/\/k-level.com\/wp-content\/uploads\/2025\/05\/KRL-4053-12x12.jpg 12w, https:\/\/k-level.com\/wp-content\/uploads\/2025\/05\/KRL-4053-50x50.jpg 50w, https:\/\/k-level.com\/wp-content\/uploads\/2025\/05\/KRL-4053.jpg 800w\" sizes=\"(max-width: 300px) 100vw, 300px\" \/><\/p>\n<p><a href=\"https:\/\/k-level.com\/fr\/boutique\/\">Laser rotatif multifonctionnel KRL-405<\/a> inclure:<\/p>\n<p>Basculez entre le faisceau laser rotatif vert et le faisceau laser rotatif rouge selon vos besoins<br \/>\nR\u00e9sistant \u00e0 la poussi\u00e8re et \u00e0 l&#039;eau pour les chantiers difficiles<br \/>\nAm\u00e9liore l&#039;efficacit\u00e9 des projets \u00e0 grande \u00e9chelle<\/p>\n<p>Que vous ayez besoin d&#039;un alignement haute visibilit\u00e9 ou d&#039;un nivellement longue port\u00e9e, le laser rotatif multifonctionnel KRL-405 offre des performances in\u00e9gal\u00e9es.<\/p>\n<p><strong>Comparaison des param\u00e8tres du mod\u00e8le de diff\u00e9rents instruments laser rotatifs<\/strong><\/p>\n<table width=\"1112\">\n<tbody>\n<tr>\n<td width=\"101\">Num\u00e9ro d&#039;article<\/td>\n<td width=\"101\">Faisceau<\/td>\n<td width=\"101\">Horizontal<\/td>\n<td width=\"101\">Verticale<\/td>\n<td width=\"101\">Point culminant<\/td>\n<td width=\"101\">Point bas<\/td>\n<td width=\"168\">Poign\u00e9e<\/td>\n<td width=\"333\">Bulle<\/td>\n<\/tr>\n<tr>\n<td>KRL-405R<\/td>\n<td>Faisceau rouge<\/td>\n<td>\u2714<\/td>\n<td><\/td>\n<td><\/td>\n<td><\/td>\n<td>Poign\u00e9e unique<\/td>\n<td>1 bulle ind\u00e9pendante + 1 bulle ronde<\/td>\n<\/tr>\n<tr>\n<td>KRL-405G<\/td>\n<td>Faisceau vert<\/td>\n<td>\u2714<\/td>\n<td><\/td>\n<td><\/td>\n<td><\/td>\n<td>Poign\u00e9e unique<\/td>\n<td>1 bulle ind\u00e9pendante + 1 bulle ronde<\/td>\n<\/tr>\n<tr>\n<td>KRL-410R<\/td>\n<td>Faisceau rouge<\/td>\n<td>\u2714<\/td>\n<td>\u2714<\/td>\n<td>\u2714<\/td>\n<td><\/td>\n<td>Poign\u00e9e unique<\/td>\n<td>1 bulle ind\u00e9pendante + 1 bulle ronde<\/td>\n<\/tr>\n<tr>\n<td>KRL-410G<\/td>\n<td>Faisceau vert<\/td>\n<td>\u2714<\/td>\n<td>\u2714<\/td>\n<td>\u2714<\/td>\n<td><\/td>\n<td>Poign\u00e9e unique<\/td>\n<td>1 bulle ind\u00e9pendante + 1 bulle ronde<\/td>\n<\/tr>\n<tr>\n<td>KRL-420G<\/td>\n<td>Faisceau vert<\/td>\n<td>\u2714<\/td>\n<td>\u2714<\/td>\n<td>\u2714<\/td>\n<td>\u2714<\/td>\n<td>Double poign\u00e9e<\/td>\n<td>1 bulle ind\u00e9pendante + 1 bulle ronde<\/td>\n<\/tr>\n<tr>\n<td>KRL-420R<\/td>\n<td>Faisceau rouge<\/td>\n<td>\u2714<\/td>\n<td>\u2714<\/td>\n<td>\u2714<\/td>\n<td>\u2714<\/td>\n<td>Double poign\u00e9e<\/td>\n<td>1 bulle ind\u00e9pendante + 1 bulle ronde<\/td>\n<\/tr>\n<tr>\n<td>KRL-440R<\/td>\n<td>Faisceau rouge<\/td>\n<td>\u2714<\/td>\n<td>\u2714<\/td>\n<td>\u2714<\/td>\n<td>\u2714<\/td>\n<td>Quatre poign\u00e9es<\/td>\n<td>1 bulle ind\u00e9pendante + 1 bulle ronde<\/td>\n<\/tr>\n<tr>\n<td>KRL-440G<\/td>\n<td>Faisceau vert<\/td>\n<td>\u2714<\/td>\n<td>\u2714<\/td>\n<td>\u2714<\/td>\n<td>\u2714<\/td>\n<td>Quatre poign\u00e9es<\/td>\n<td>1 bulle ind\u00e9pendante + 1 bulle ronde<\/td>\n<\/tr>\n<tr>\n<td>KRL-540G<\/td>\n<td>Faisceau vert<\/td>\n<td>\u2714<\/td>\n<td>\u2714<\/td>\n<td colspan=\"2\" width=\"203\">3 blisters longs ind\u00e9pendants<\/td>\n<td>Quatre poign\u00e9es<\/td>\n<td>3 blisters longs ind\u00e9pendants<\/td>\n<\/tr>\n<tr>\n<td>KRL-540R<\/td>\n<td>Faisceau rouge<\/td>\n<td>\u2714<\/td>\n<td>\u2714<\/td>\n<td colspan=\"2\" width=\"203\">3 blisters longs ind\u00e9pendants<\/td>\n<td>Quatre poign\u00e9es<\/td>\n<td>3 blisters longs ind\u00e9pendants<\/td>\n<\/tr>\n<tr>\n<td>KRL-640R<\/td>\n<td>Faisceau rouge<\/td>\n<td>\u2714<\/td>\n<td>\u2714<\/td>\n<td colspan=\"2\" width=\"203\">3 blisters longs ind\u00e9pendants<\/td>\n<td>Quatre poign\u00e9es<\/td>\n<td>3 blisters longs ind\u00e9pendants<\/td>\n<\/tr>\n<tr>\n<td>KRL-640G<\/td>\n<td>Faisceau vert<\/td>\n<td>\u2714<\/td>\n<td>\u2714<\/td>\n<td colspan=\"2\" width=\"203\">3 blisters longs ind\u00e9pendants<\/td>\n<td>Quatre poign\u00e9es<\/td>\n<td>3 blisters longs ind\u00e9pendants<\/td>\n<\/tr>\n<\/tbody>\n<\/table>\n<p>Besoin d&#039;une solution?<\/p>\n<p>K-level propose des services de conseil en \u00e9quipement d&#039;arpentage. Contactez-nous pour les commandes group\u00e9es ou l&#039;assistance technique\u00a0!<\/p>","protected":false},"excerpt":{"rendered":"<ul>\n<li>Le laser rotatif KRL-405 combine une technologie de pointe<\/li>\n<li>Laser rotatif KRL-405 aux performances robustes.<\/li>\n<li>Le laser rotatif multifonctionnel offre un nivellement de haute pr\u00e9cision, une visibilit\u00e9 \u00e0 longue port\u00e9e et une conception durable.<\/li>\n<\/ul>\n<p><img decoding=\"async\" class=\"alignnone size-medium wp-image-13646\" src=\"https:\/\/k-level.com\/wp-content\/uploads\/2025\/05\/logo-300x98.png\" alt=\"\" width=\"300\" height=\"98\" srcset=\"https:\/\/k-level.com\/wp-content\/uploads\/2025\/05\/logo-300x98.png 300w, https:\/\/k-level.com\/wp-content\/uploads\/2025\/05\/logo-18x6.png 18w, https:\/\/k-level.com\/wp-content\/uploads\/2025\/05\/logo.png 307w\" sizes=\"(max-width: 300px) 100vw, 300px\" \/><\/p>","protected":false},"featured_media":13997,"comment_status":"open","ping_status":"closed","template":"","meta":[],"product_brand":[],"product_cat":[239],"product_tag":[236],"class_list":{"0":"post-12640","1":"product","2":"type-product","3":"status-publish","4":"has-post-thumbnail","6":"product_cat-krl-405","7":"product_tag-construction","9":"first","10":"instock","11":"shipping-taxable","12":"product-type-simple"},"_links":{"self":[{"href":"https:\/\/k-level.com\/fr\/wp-json\/wp\/v2\/product\/12640","targetHints":{"allow":["GET"]}}],"collection":[{"href":"https:\/\/k-level.com\/fr\/wp-json\/wp\/v2\/product"}],"about":[{"href":"https:\/\/k-level.com\/fr\/wp-json\/wp\/v2\/types\/product"}],"replies":[{"embeddable":true,"href":"https:\/\/k-level.com\/fr\/wp-json\/wp\/v2\/comments?post=12640"}],"version-history":[{"count":5,"href":"https:\/\/k-level.com\/fr\/wp-json\/wp\/v2\/product\/12640\/revisions"}],"predecessor-version":[{"id":13651,"href":"https:\/\/k-level.com\/fr\/wp-json\/wp\/v2\/product\/12640\/revisions\/13651"}],"wp:featuredmedia":[{"embeddable":true,"href":"https:\/\/k-level.com\/fr\/wp-json\/wp\/v2\/media\/13997"}],"wp:attachment":[{"href":"https:\/\/k-level.com\/fr\/wp-json\/wp\/v2\/media?parent=12640"}],"wp:term":[{"taxonomy":"product_brand","embeddable":true,"href":"https:\/\/k-level.com\/fr\/wp-json\/wp\/v2\/product_brand?post=12640"},{"taxonomy":"product_cat","embeddable":true,"href":"https:\/\/k-level.com\/fr\/wp-json\/wp\/v2\/product_cat?post=12640"},{"taxonomy":"product_tag","embeddable":true,"href":"https:\/\/k-level.com\/fr\/wp-json\/wp\/v2\/product_tag?post=12640"}],"curies":[{"name":"wp","href":"https:\/\/api.w.org\/{rel}","templated":true}]}}