{"id":13978,"date":"2025-07-23T15:34:45","date_gmt":"2025-07-23T07:34:45","guid":{"rendered":"https:\/\/k-level.com\/?post_type=product&#038;p=13978"},"modified":"2025-07-23T15:35:24","modified_gmt":"2025-07-23T07:35:24","slug":"tripode-de-nivel-laser-de-alta-calidad","status":"publish","type":"product","link":"https:\/\/k-level.com\/es\/producto\/tripode-de-nivel-laser-de-alta-calidad\/","title":{"rendered":"Tr\u00edpode de nivel l\u00e1ser de alta calidad"},"content":{"rendered":"<p>La serie de tr\u00edpodes de nivel l\u00e1ser de alta calidad de <a href=\"https:\/\/k-level.com\/es\/sobre-nosotros\/\">Nivel K<\/a> Ofrece precisi\u00f3n, durabilidad y estabilidad para aplicaciones profesionales de topograf\u00eda y construcci\u00f3n. Dise\u00f1ado para entornos exigentes.<\/p>\n<p>Este <a href=\"https:\/\/k-level.com\/es\/sobre-nosotros\/\">Tr\u00edpode de nivel l\u00e1ser de elevador negro<\/a> Est\u00e1 fabricado con \u00f3xido de aluminio de alto grado (A), lo que garantiza una resistencia liviana y resistencia a la corrosi\u00f3n.<\/p>\n<p><img fetchpriority=\"high\" decoding=\"async\" class=\"size-medium wp-image-13980 aligncenter\" src=\"https:\/\/k-level.com\/wp-content\/uploads\/2025\/07\/B3160HP2-2-300x300.jpg\" alt=\"Tr\u00edpode de nivel l\u00e1ser de alta calidad\" width=\"300\" height=\"300\" srcset=\"https:\/\/k-level.com\/wp-content\/uploads\/2025\/07\/B3160HP2-2-300x300.jpg 300w, https:\/\/k-level.com\/wp-content\/uploads\/2025\/07\/B3160HP2-2-150x150.jpg 150w, https:\/\/k-level.com\/wp-content\/uploads\/2025\/07\/B3160HP2-2-768x768.jpg 768w, https:\/\/k-level.com\/wp-content\/uploads\/2025\/07\/B3160HP2-2-12x12.jpg 12w, https:\/\/k-level.com\/wp-content\/uploads\/2025\/07\/B3160HP2-2-370x370.jpg 370w, https:\/\/k-level.com\/wp-content\/uploads\/2025\/07\/B3160HP2-2-400x400.jpg 400w, https:\/\/k-level.com\/wp-content\/uploads\/2025\/07\/B3160HP2-2-100x100.jpg 100w, https:\/\/k-level.com\/wp-content\/uploads\/2025\/07\/B3160HP2-2-50x50.jpg 50w, https:\/\/k-level.com\/wp-content\/uploads\/2025\/07\/B3160HP2-2.jpg 800w\" sizes=\"(max-width: 300px) 100vw, 300px\" \/><\/p>\n<p><a href=\"https:\/\/k-level.com\/es\/sobre-nosotros\/\">Tr\u00edpode de nivel l\u00e1ser de alta calidad<\/a> Serie 3<br \/>\nBA3-045HP: 0,45 metros, con cabezal de pl\u00e1stico de 5\/8\u2033-11<br \/>\nBA3-120HP: 1,20 metros, con cabezal de pl\u00e1stico de 5\/8\u2033-11<br \/>\nBA3-160HP: 1,60 metros, con cabezal de pl\u00e1stico de 5\/8\u2033-11<br \/>\nBA3-180HB: 1,80 metros, con cabeza redonda grande de 5\/8\u2033-11<br \/>\nBA3-200HB: 2,00 metros, con cabeza redonda grande de 5\/8\u2033-11<br \/>\nBA3-300HA: 3,00 metros, con cabezal de aluminio de 5\/8\u2033-11<\/p>\n<p><img decoding=\"async\" class=\"size-medium wp-image-13982 aligncenter\" src=\"https:\/\/k-level.com\/wp-content\/uploads\/2025\/07\/B3160HP5-300x300.jpg\" alt=\"Tr\u00edpode de nivel l\u00e1ser de alta calidad\" width=\"300\" height=\"300\" srcset=\"https:\/\/k-level.com\/wp-content\/uploads\/2025\/07\/B3160HP5-300x300.jpg 300w, https:\/\/k-level.com\/wp-content\/uploads\/2025\/07\/B3160HP5-150x150.jpg 150w, https:\/\/k-level.com\/wp-content\/uploads\/2025\/07\/B3160HP5-768x768.jpg 768w, https:\/\/k-level.com\/wp-content\/uploads\/2025\/07\/B3160HP5-12x12.jpg 12w, https:\/\/k-level.com\/wp-content\/uploads\/2025\/07\/B3160HP5-370x370.jpg 370w, https:\/\/k-level.com\/wp-content\/uploads\/2025\/07\/B3160HP5-400x400.jpg 400w, https:\/\/k-level.com\/wp-content\/uploads\/2025\/07\/B3160HP5-100x100.jpg 100w, https:\/\/k-level.com\/wp-content\/uploads\/2025\/07\/B3160HP5-50x50.jpg 50w, https:\/\/k-level.com\/wp-content\/uploads\/2025\/07\/B3160HP5.jpg 800w\" sizes=\"(max-width: 300px) 100vw, 300px\" \/><\/p>\n<p>\u00bfNecesita una soluci\u00f3n?<\/p>\n<p>K-level ofrece servicios de consultor\u00eda para equipos topogr\u00e1ficos. \u00a1Cont\u00e1ctenos para pedidos al por mayor o asistencia t\u00e9cnica!<\/p>","protected":false},"excerpt":{"rendered":"<ul>\n<li>Ya sea que necesite un tr\u00edpode de nivel l\u00e1ser de alta calidad para alineaci\u00f3n de ascensores, dise\u00f1o de construcci\u00f3n o topograf\u00eda<\/li>\n<li>o un tr\u00edpode de nivel l\u00e1ser elevador negro resistente para aplicaciones de trabajo pesado<\/li>\n<li>La Serie BA3 ofrece confiabilidad y precisi\u00f3n en cada modelo.<\/li>\n<\/ul>\n<p><img decoding=\"async\" class=\"alignnone size-medium wp-image-13646\" src=\"https:\/\/k-level.com\/wp-content\/uploads\/2025\/05\/logo-300x98.png\" alt=\"\" width=\"300\" height=\"98\" srcset=\"https:\/\/k-level.com\/wp-content\/uploads\/2025\/05\/logo-300x98.png 300w, https:\/\/k-level.com\/wp-content\/uploads\/2025\/05\/logo-18x6.png 18w, https:\/\/k-level.com\/wp-content\/uploads\/2025\/05\/logo.png 307w\" sizes=\"(max-width: 300px) 100vw, 300px\" \/><\/p>","protected":false},"featured_media":13982,"comment_status":"open","ping_status":"closed","template":"","meta":[],"product_brand":[],"product_cat":[263],"product_tag":[238],"class_list":{"0":"post-13978","1":"product","2":"type-product","3":"status-publish","4":"has-post-thumbnail","6":"product_cat-laser-level-tripod","7":"product_tag-carpentry-and-furniture","9":"first","10":"instock","11":"shipping-taxable","12":"product-type-simple"},"_links":{"self":[{"href":"https:\/\/k-level.com\/es\/wp-json\/wp\/v2\/product\/13978","targetHints":{"allow":["GET"]}}],"collection":[{"href":"https:\/\/k-level.com\/es\/wp-json\/wp\/v2\/product"}],"about":[{"href":"https:\/\/k-level.com\/es\/wp-json\/wp\/v2\/types\/product"}],"replies":[{"embeddable":true,"href":"https:\/\/k-level.com\/es\/wp-json\/wp\/v2\/comments?post=13978"}],"version-history":[{"count":2,"href":"https:\/\/k-level.com\/es\/wp-json\/wp\/v2\/product\/13978\/revisions"}],"predecessor-version":[{"id":13985,"href":"https:\/\/k-level.com\/es\/wp-json\/wp\/v2\/product\/13978\/revisions\/13985"}],"wp:featuredmedia":[{"embeddable":true,"href":"https:\/\/k-level.com\/es\/wp-json\/wp\/v2\/media\/13982"}],"wp:attachment":[{"href":"https:\/\/k-level.com\/es\/wp-json\/wp\/v2\/media?parent=13978"}],"wp:term":[{"taxonomy":"product_brand","embeddable":true,"href":"https:\/\/k-level.com\/es\/wp-json\/wp\/v2\/product_brand?post=13978"},{"taxonomy":"product_cat","embeddable":true,"href":"https:\/\/k-level.com\/es\/wp-json\/wp\/v2\/product_cat?post=13978"},{"taxonomy":"product_tag","embeddable":true,"href":"https:\/\/k-level.com\/es\/wp-json\/wp\/v2\/product_tag?post=13978"}],"curies":[{"name":"gracias","href":"https:\/\/api.w.org\/{rel}","templated":true}]}}