{"id":13964,"date":"2025-07-23T14:39:04","date_gmt":"2025-07-23T06:39:04","guid":{"rendered":"https:\/\/k-level.com\/?post_type=product&#038;p=13964"},"modified":"2025-07-23T14:59:49","modified_gmt":"2025-07-23T06:59:49","slug":"mini-tripode-de-nivel-laser-de-aluminio-plateado","status":"publish","type":"product","link":"https:\/\/k-level.com\/es\/producto\/mini-tripode-de-nivel-laser-de-aluminio-plateado\/","title":{"rendered":"Mini tr\u00edpode de nivel l\u00e1ser de aluminio plateado serie SA11"},"content":{"rendered":"<p>Presentamos el mini tr\u00edpode de nivel l\u00e1ser de aluminio plateado de la serie SA11<\/p>\n<p>La serie SA11 <a href=\"https:\/\/k-level.com\/es\/comercio\/\">Mini tr\u00edpode de nivel l\u00e1ser de aluminio plateado<\/a> por K-level es una prima<a href=\"https:\/\/k-level.com\/es\/comercio\/\"> tr\u00edpode ajustable para nivel l\u00e1ser<\/a>, dise\u00f1ado para precisi\u00f3n y portabilidad.<br \/>\nIdeal para top\u00f3grafos, contratistas y entusiastas del bricolaje, este tr\u00edpode de nivel l\u00e1ser de aluminio port\u00e1til combina durabilidad, construcci\u00f3n liviana y estabilidad de nivel profesional para mediciones precisas en diversas aplicaciones.<\/p>\n<p>El tr\u00edpode elevador Silver Mini ofrece dos modelos, que se pueden distinguir por el tr\u00edpode de nivel l\u00e1ser de altura ajustable.<\/p>\n<p><img fetchpriority=\"high\" decoding=\"async\" class=\"aligncenter wp-image-13968 size-medium\" src=\"https:\/\/k-level.com\/wp-content\/uploads\/2025\/07\/S110507-300x300.jpg\" alt=\"Mini tr\u00edpode de nivel l\u00e1ser de aluminio plateado\" width=\"300\" height=\"300\" srcset=\"https:\/\/k-level.com\/wp-content\/uploads\/2025\/07\/S110507-300x300.jpg 300w, https:\/\/k-level.com\/wp-content\/uploads\/2025\/07\/S110507-150x150.jpg 150w, https:\/\/k-level.com\/wp-content\/uploads\/2025\/07\/S110507-768x768.jpg 768w, https:\/\/k-level.com\/wp-content\/uploads\/2025\/07\/S110507-12x12.jpg 12w, https:\/\/k-level.com\/wp-content\/uploads\/2025\/07\/S110507-370x370.jpg 370w, https:\/\/k-level.com\/wp-content\/uploads\/2025\/07\/S110507-400x400.jpg 400w, https:\/\/k-level.com\/wp-content\/uploads\/2025\/07\/S110507-100x100.jpg 100w, https:\/\/k-level.com\/wp-content\/uploads\/2025\/07\/S110507-50x50.jpg 50w, https:\/\/k-level.com\/wp-content\/uploads\/2025\/07\/S110507.jpg 800w\" sizes=\"(max-width: 300px) 100vw, 300px\" \/><br \/>\nSerie SA11 N.\u00ba de modelo:<\/p>\n<p>SA11-050F: Plata, 0,50 m, cabezal fijo inclinable con rosca extra\u00edble de 1\/4\u2033-20<br \/>\nSA11-100F: Plata, 1,00 m, cabezal fijo inclinable con rosca extra\u00edble de 1\/4\u2033-20<\/p>\n<p><img decoding=\"async\" class=\"aligncenter wp-image-13967 size-medium\" src=\"https:\/\/k-level.com\/wp-content\/uploads\/2025\/07\/S1105051-300x300.jpg\" alt=\"Mini tr\u00edpode de nivel l\u00e1ser de aluminio plateado SA11-100F\" width=\"300\" height=\"300\" srcset=\"https:\/\/k-level.com\/wp-content\/uploads\/2025\/07\/S1105051-300x300.jpg 300w, https:\/\/k-level.com\/wp-content\/uploads\/2025\/07\/S1105051-150x150.jpg 150w, https:\/\/k-level.com\/wp-content\/uploads\/2025\/07\/S1105051-768x768.jpg 768w, https:\/\/k-level.com\/wp-content\/uploads\/2025\/07\/S1105051-12x12.jpg 12w, https:\/\/k-level.com\/wp-content\/uploads\/2025\/07\/S1105051-370x370.jpg 370w, https:\/\/k-level.com\/wp-content\/uploads\/2025\/07\/S1105051-400x400.jpg 400w, https:\/\/k-level.com\/wp-content\/uploads\/2025\/07\/S1105051-100x100.jpg 100w, https:\/\/k-level.com\/wp-content\/uploads\/2025\/07\/S1105051-50x50.jpg 50w, https:\/\/k-level.com\/wp-content\/uploads\/2025\/07\/S1105051.jpg 800w\" sizes=\"(max-width: 300px) 100vw, 300px\" \/><\/p>\n<p>\u00bfNecesita una soluci\u00f3n?<\/p>\n<p><a href=\"https:\/\/k-level.com\/es\/comercio\/\">Nivel K<\/a>\u00a0Ofrecemos servicios de consultor\u00eda para equipos topogr\u00e1ficos. \u00a1Cont\u00e1ctenos para pedidos al por mayor o asistencia t\u00e9cnica!<\/p>","protected":false},"excerpt":{"rendered":"<ul>\n<li>Ya sea que necesite un tr\u00edpode ajustable para nivel l\u00e1ser para nivelaci\u00f3n en interiores o topograf\u00eda en exteriores<\/li>\n<li>El tr\u00edpode de nivel l\u00e1ser con cabezal inclinable proporciona confiabilidad y precisi\u00f3n en un formato compacto.<\/li>\n<\/ul>\n<p><img decoding=\"async\" class=\"alignnone size-medium wp-image-13646\" src=\"https:\/\/k-level.com\/wp-content\/uploads\/2025\/05\/logo-300x98.png\" alt=\"\" width=\"300\" height=\"98\" srcset=\"https:\/\/k-level.com\/wp-content\/uploads\/2025\/05\/logo-300x98.png 300w, https:\/\/k-level.com\/wp-content\/uploads\/2025\/05\/logo-18x6.png 18w, https:\/\/k-level.com\/wp-content\/uploads\/2025\/05\/logo.png 307w\" sizes=\"(max-width: 300px) 100vw, 300px\" \/><\/p>","protected":false},"featured_media":13965,"comment_status":"open","ping_status":"closed","template":"","meta":[],"product_brand":[],"product_cat":[263],"product_tag":[238],"class_list":{"0":"post-13964","1":"product","2":"type-product","3":"status-publish","4":"has-post-thumbnail","6":"product_cat-laser-level-tripod","7":"product_tag-carpentry-and-furniture","9":"first","10":"instock","11":"shipping-taxable","12":"product-type-simple"},"_links":{"self":[{"href":"https:\/\/k-level.com\/es\/wp-json\/wp\/v2\/product\/13964","targetHints":{"allow":["GET"]}}],"collection":[{"href":"https:\/\/k-level.com\/es\/wp-json\/wp\/v2\/product"}],"about":[{"href":"https:\/\/k-level.com\/es\/wp-json\/wp\/v2\/types\/product"}],"replies":[{"embeddable":true,"href":"https:\/\/k-level.com\/es\/wp-json\/wp\/v2\/comments?post=13964"}],"version-history":[{"count":3,"href":"https:\/\/k-level.com\/es\/wp-json\/wp\/v2\/product\/13964\/revisions"}],"predecessor-version":[{"id":13977,"href":"https:\/\/k-level.com\/es\/wp-json\/wp\/v2\/product\/13964\/revisions\/13977"}],"wp:featuredmedia":[{"embeddable":true,"href":"https:\/\/k-level.com\/es\/wp-json\/wp\/v2\/media\/13965"}],"wp:attachment":[{"href":"https:\/\/k-level.com\/es\/wp-json\/wp\/v2\/media?parent=13964"}],"wp:term":[{"taxonomy":"product_brand","embeddable":true,"href":"https:\/\/k-level.com\/es\/wp-json\/wp\/v2\/product_brand?post=13964"},{"taxonomy":"product_cat","embeddable":true,"href":"https:\/\/k-level.com\/es\/wp-json\/wp\/v2\/product_cat?post=13964"},{"taxonomy":"product_tag","embeddable":true,"href":"https:\/\/k-level.com\/es\/wp-json\/wp\/v2\/product_tag?post=13964"}],"curies":[{"name":"gracias","href":"https:\/\/api.w.org\/{rel}","templated":true}]}}