{"id":13891,"date":"2025-07-21T11:23:25","date_gmt":"2025-07-21T03:23:25","guid":{"rendered":"https:\/\/k-level.com\/?post_type=product&#038;p=13891"},"modified":"2025-07-21T11:23:25","modified_gmt":"2025-07-21T03:23:25","slug":"baston-laser-lr350-2t-2q","status":"publish","type":"product","link":"https:\/\/k-level.com\/es\/producto\/baston-laser-lr350-2t-2q\/","title":{"rendered":"Mira l\u00e1ser LR350-2T\/2Q"},"content":{"rendered":"<p><strong>Mira l\u00e1ser LR350-2T\/2Q de K-level<\/strong><\/p>\n<p>El nivel K introduce la <a href=\"https:\/\/k-level.com\/es\/contactanos\/\">Mira l\u00e1ser LR350-2T\/2Q,<\/a> una prima <a href=\"https:\/\/k-level.com\/es\/contactanos\/\">Mira niveladora telesc\u00f3pica de aluminio<\/a> Dise\u00f1ado para aplicaciones profesionales de topograf\u00eda y construcci\u00f3n.<\/p>\n<p>Disponible en dos variantes de bloqueo: LR350-2T (bloqueo giratorio) y LR350-2Q (bloqueo r\u00e1pido), este <a href=\"https:\/\/k-level.com\/es\/contactanos\/\">Bastones de nivelaci\u00f3n topogr\u00e1fica<\/a> La soluci\u00f3n ofrece versatilidad y confiabilidad para mediciones de elevaci\u00f3n precisas.<\/p>\n<p><img fetchpriority=\"high\" decoding=\"async\" class=\"aligncenter wp-image-13882 size-medium\" src=\"https:\/\/k-level.com\/wp-content\/uploads\/2025\/07\/IMG_8243_\u526f\u672c-300x300.png\" alt=\"Mira niveladora telesc\u00f3pica de aluminio\" width=\"300\" height=\"300\" srcset=\"https:\/\/k-level.com\/wp-content\/uploads\/2025\/07\/IMG_8243_\u526f\u672c-300x300.png 300w, https:\/\/k-level.com\/wp-content\/uploads\/2025\/07\/IMG_8243_\u526f\u672c-150x150.png 150w, https:\/\/k-level.com\/wp-content\/uploads\/2025\/07\/IMG_8243_\u526f\u672c-768x768.png 768w, https:\/\/k-level.com\/wp-content\/uploads\/2025\/07\/IMG_8243_\u526f\u672c-12x12.png 12w, https:\/\/k-level.com\/wp-content\/uploads\/2025\/07\/IMG_8243_\u526f\u672c-370x370.png 370w, https:\/\/k-level.com\/wp-content\/uploads\/2025\/07\/IMG_8243_\u526f\u672c-400x400.png 400w, https:\/\/k-level.com\/wp-content\/uploads\/2025\/07\/IMG_8243_\u526f\u672c-100x100.png 100w, https:\/\/k-level.com\/wp-content\/uploads\/2025\/07\/IMG_8243_\u526f\u672c-50x50.png 50w, https:\/\/k-level.com\/wp-content\/uploads\/2025\/07\/IMG_8243_\u526f\u672c.png 800w\" sizes=\"(max-width: 300px) 100vw, 300px\" \/><\/p>\n<p>Actualice su kit de herramientas con la mira niveladora telesc\u00f3pica de aluminio LR350-2T\/2Q de K-level, la mejor mira niveladora topogr\u00e1fica para una precisi\u00f3n y durabilidad inigualables.<\/p>\n<p>\u00bfNecesita una soluci\u00f3n?<\/p>\n<p>K-level ofrece servicios de consultor\u00eda para equipos topogr\u00e1ficos. \u00a1Cont\u00e1ctenos para pedidos al por mayor o asistencia t\u00e9cnica!<\/p>","protected":false},"excerpt":{"rendered":"<ul>\n<li style=\"text-align: left;\">La mira niveladora telesc\u00f3pica de aluminio se extiende suavemente hasta 3,5 m<\/li>\n<li style=\"text-align: left;\">Mejorar la eficiencia de la medici\u00f3n en tareas de topograf\u00eda y construcci\u00f3n.<\/li>\n<\/ul>\n<p><img decoding=\"async\" class=\"alignnone size-medium wp-image-13646\" src=\"https:\/\/k-level.com\/wp-content\/uploads\/2025\/05\/logo-300x98.png\" alt=\"\" width=\"300\" height=\"98\" srcset=\"https:\/\/k-level.com\/wp-content\/uploads\/2025\/05\/logo-300x98.png 300w, https:\/\/k-level.com\/wp-content\/uploads\/2025\/05\/logo-18x6.png 18w, https:\/\/k-level.com\/wp-content\/uploads\/2025\/05\/logo.png 307w\" sizes=\"(max-width: 300px) 100vw, 300px\" \/><\/p>","protected":false},"featured_media":13882,"comment_status":"open","ping_status":"closed","template":"","meta":[],"product_brand":[],"product_cat":[249],"product_tag":[237],"class_list":{"0":"post-13891","1":"product","2":"type-product","3":"status-publish","4":"has-post-thumbnail","6":"product_cat-laser-staff","7":"product_tag-professional-engineering","9":"first","10":"instock","11":"shipping-taxable","12":"product-type-simple"},"_links":{"self":[{"href":"https:\/\/k-level.com\/es\/wp-json\/wp\/v2\/product\/13891","targetHints":{"allow":["GET"]}}],"collection":[{"href":"https:\/\/k-level.com\/es\/wp-json\/wp\/v2\/product"}],"about":[{"href":"https:\/\/k-level.com\/es\/wp-json\/wp\/v2\/types\/product"}],"replies":[{"embeddable":true,"href":"https:\/\/k-level.com\/es\/wp-json\/wp\/v2\/comments?post=13891"}],"version-history":[{"count":2,"href":"https:\/\/k-level.com\/es\/wp-json\/wp\/v2\/product\/13891\/revisions"}],"predecessor-version":[{"id":13893,"href":"https:\/\/k-level.com\/es\/wp-json\/wp\/v2\/product\/13891\/revisions\/13893"}],"wp:featuredmedia":[{"embeddable":true,"href":"https:\/\/k-level.com\/es\/wp-json\/wp\/v2\/media\/13882"}],"wp:attachment":[{"href":"https:\/\/k-level.com\/es\/wp-json\/wp\/v2\/media?parent=13891"}],"wp:term":[{"taxonomy":"product_brand","embeddable":true,"href":"https:\/\/k-level.com\/es\/wp-json\/wp\/v2\/product_brand?post=13891"},{"taxonomy":"product_cat","embeddable":true,"href":"https:\/\/k-level.com\/es\/wp-json\/wp\/v2\/product_cat?post=13891"},{"taxonomy":"product_tag","embeddable":true,"href":"https:\/\/k-level.com\/es\/wp-json\/wp\/v2\/product_tag?post=13891"}],"curies":[{"name":"gracias","href":"https:\/\/api.w.org\/{rel}","templated":true}]}}