{"id":13883,"date":"2025-07-21T11:04:32","date_gmt":"2025-07-21T03:04:32","guid":{"rendered":"https:\/\/k-level.com\/?post_type=product&#038;p=13883"},"modified":"2025-07-21T11:04:51","modified_gmt":"2025-07-21T03:04:51","slug":"mira-laser-lr240-2t-2q","status":"publish","type":"product","link":"https:\/\/k-level.com\/es\/producto\/mira-laser-lr240-2t-2q\/","title":{"rendered":"Mira l\u00e1ser LR240-2T\/2Q"},"content":{"rendered":"<p>K-level presenta el bast\u00f3n l\u00e1ser LR240-2T\/2Q, un bast\u00f3n l\u00e1ser de alto rendimiento <a href=\"https:\/\/k-level.com\/es\/comercio\/\">Vara de medici\u00f3n l\u00e1ser<\/a> Dise\u00f1ado para precisi\u00f3n y eficiencia en aplicaciones de construcci\u00f3n, topograf\u00eda e ingenier\u00eda.<\/p>\n<p>Esta varilla de nivelaci\u00f3n para nivel l\u00e1ser est\u00e1 disponible en dos modelos: varilla l\u00e1ser LR240-2T (bloqueo giratorio) y varilla l\u00e1ser LR240-2Q (bloqueo r\u00e1pido), lo que proporciona flexibilidad seg\u00fan las preferencias del usuario.<\/p>\n<p>Ya sea que necesite la versi\u00f3n Twist Lock (LR240-2T) o Quick Lock (LR240-2Q), K-level <a href=\"https:\/\/k-level.com\/es\/\">Vara de medici\u00f3n l\u00e1ser<\/a> Ofrece precisi\u00f3n y comodidad inigualables para los profesionales.<br \/>\n\u00a1Actualice su kit de herramientas con este nivel l\u00e1ser de alta calidad hoy mismo!<\/p>\n<p><img fetchpriority=\"high\" decoding=\"async\" class=\"aligncenter wp-image-13886 size-medium\" src=\"https:\/\/k-level.com\/wp-content\/uploads\/2025\/07\/01-4-300x300.jpg\" alt=\"Vara de medici\u00f3n l\u00e1ser\" width=\"300\" height=\"300\" srcset=\"https:\/\/k-level.com\/wp-content\/uploads\/2025\/07\/01-4-300x300.jpg 300w, https:\/\/k-level.com\/wp-content\/uploads\/2025\/07\/01-4-150x150.jpg 150w, https:\/\/k-level.com\/wp-content\/uploads\/2025\/07\/01-4-768x768.jpg 768w, https:\/\/k-level.com\/wp-content\/uploads\/2025\/07\/01-4-12x12.jpg 12w, https:\/\/k-level.com\/wp-content\/uploads\/2025\/07\/01-4-370x370.jpg 370w, https:\/\/k-level.com\/wp-content\/uploads\/2025\/07\/01-4-400x400.jpg 400w, https:\/\/k-level.com\/wp-content\/uploads\/2025\/07\/01-4-100x100.jpg 100w, https:\/\/k-level.com\/wp-content\/uploads\/2025\/07\/01-4-50x50.jpg 50w, https:\/\/k-level.com\/wp-content\/uploads\/2025\/07\/01-4.jpg 800w\" sizes=\"(max-width: 300px) 100vw, 300px\" \/><\/p>\n<p>\u00bfNecesita una soluci\u00f3n?<\/p>\n<p><a href=\"https:\/\/k-level.com\/es\/comercio\/\">Nivel K<\/a>\u00a0Ofrecemos servicios de consultor\u00eda para equipos topogr\u00e1ficos. \u00a1Cont\u00e1ctenos para pedidos al por mayor o asistencia t\u00e9cnica!<\/p>","protected":false},"excerpt":{"rendered":"<ul>\n<li>Mira l\u00e1ser LR240-2T\/2Q Simplemente desl\u00edcela para ajustarla m\u00e1s r\u00e1pido<\/li>\n<li>Mira l\u00e1ser LR240-2T\/2Q para mediciones m\u00e1s precisas.<\/li>\n<\/ul>\n<p><img decoding=\"async\" class=\"alignnone size-medium wp-image-13646\" src=\"https:\/\/k-level.com\/wp-content\/uploads\/2025\/05\/logo-300x98.png\" alt=\"\" width=\"300\" height=\"98\" srcset=\"https:\/\/k-level.com\/wp-content\/uploads\/2025\/05\/logo-300x98.png 300w, https:\/\/k-level.com\/wp-content\/uploads\/2025\/05\/logo-18x6.png 18w, https:\/\/k-level.com\/wp-content\/uploads\/2025\/05\/logo.png 307w\" sizes=\"(max-width: 300px) 100vw, 300px\" \/><\/p>","protected":false},"featured_media":13885,"comment_status":"open","ping_status":"closed","template":"","meta":[],"product_brand":[],"product_cat":[249],"product_tag":[237],"class_list":{"0":"post-13883","1":"product","2":"type-product","3":"status-publish","4":"has-post-thumbnail","6":"product_cat-laser-staff","7":"product_tag-professional-engineering","9":"first","10":"instock","11":"shipping-taxable","12":"product-type-simple"},"_links":{"self":[{"href":"https:\/\/k-level.com\/es\/wp-json\/wp\/v2\/product\/13883","targetHints":{"allow":["GET"]}}],"collection":[{"href":"https:\/\/k-level.com\/es\/wp-json\/wp\/v2\/product"}],"about":[{"href":"https:\/\/k-level.com\/es\/wp-json\/wp\/v2\/types\/product"}],"replies":[{"embeddable":true,"href":"https:\/\/k-level.com\/es\/wp-json\/wp\/v2\/comments?post=13883"}],"version-history":[{"count":2,"href":"https:\/\/k-level.com\/es\/wp-json\/wp\/v2\/product\/13883\/revisions"}],"predecessor-version":[{"id":13890,"href":"https:\/\/k-level.com\/es\/wp-json\/wp\/v2\/product\/13883\/revisions\/13890"}],"wp:featuredmedia":[{"embeddable":true,"href":"https:\/\/k-level.com\/es\/wp-json\/wp\/v2\/media\/13885"}],"wp:attachment":[{"href":"https:\/\/k-level.com\/es\/wp-json\/wp\/v2\/media?parent=13883"}],"wp:term":[{"taxonomy":"product_brand","embeddable":true,"href":"https:\/\/k-level.com\/es\/wp-json\/wp\/v2\/product_brand?post=13883"},{"taxonomy":"product_cat","embeddable":true,"href":"https:\/\/k-level.com\/es\/wp-json\/wp\/v2\/product_cat?post=13883"},{"taxonomy":"product_tag","embeddable":true,"href":"https:\/\/k-level.com\/es\/wp-json\/wp\/v2\/product_tag?post=13883"}],"curies":[{"name":"gracias","href":"https:\/\/api.w.org\/{rel}","templated":true}]}}