{"id":13870,"date":"2025-07-18T17:25:28","date_gmt":"2025-07-18T09:25:28","guid":{"rendered":"https:\/\/k-level.com\/?post_type=product&#038;p=13870"},"modified":"2025-07-25T09:39:30","modified_gmt":"2025-07-25T01:39:30","slug":"l8s8-35-baston-nivelador","status":"publish","type":"product","link":"https:\/\/k-level.com\/es\/producto\/l8s8-35-baston-nivelador\/","title":{"rendered":"Bast\u00f3n nivelador L8S8-35"},"content":{"rendered":"<p>Mira niveladora L8S8-35 de K-level, una opci\u00f3n premium para profesionales de la topograf\u00eda. Esta vers\u00e1til mira... <a href=\"https:\/\/k-level.com\/es\/sobre-nosotros\/\">poste de nivel l\u00e1ser<\/a> Est\u00e1 dise\u00f1ado para satisfacer diversas necesidades topogr\u00e1ficas, combinando precisi\u00f3n, durabilidad y facilidad de uso. Nuestro equipo de top\u00f3grafos a la venta incluye este excepcional modelo, meticulosamente dise\u00f1ado para mejorar su experiencia topogr\u00e1fica.<\/p>\n<p>La mira niveladora L8S8-35 ofrece diversas escalas de medici\u00f3n, que permiten a los usuarios seleccionar entre pies\/d\u00e9cimas o pies\/pulgadas. Fabricada en una aleaci\u00f3n de aluminio ligera pero duradera, esta mira niveladora rectangular est\u00e1 dise\u00f1ada para soportar los rigores del trabajo de campo. La escala en la parte posterior facilita la lectura de la altura total, lo que permite a los top\u00f3grafos determinar las medidas con rapidez y precisi\u00f3n.<\/p>\n<p><img fetchpriority=\"high\" decoding=\"async\" class=\"aligncenter wp-image-13871 size-medium\" src=\"https:\/\/k-level.com\/wp-content\/uploads\/2025\/07\/L8S8-351-300x300.jpg\" alt=\"poste de nivel l\u00e1ser\" width=\"300\" height=\"300\" srcset=\"https:\/\/k-level.com\/wp-content\/uploads\/2025\/07\/L8S8-351-300x300.jpg 300w, https:\/\/k-level.com\/wp-content\/uploads\/2025\/07\/L8S8-351-150x150.jpg 150w, https:\/\/k-level.com\/wp-content\/uploads\/2025\/07\/L8S8-351-768x768.jpg 768w, https:\/\/k-level.com\/wp-content\/uploads\/2025\/07\/L8S8-351-12x12.jpg 12w, https:\/\/k-level.com\/wp-content\/uploads\/2025\/07\/L8S8-351-370x370.jpg 370w, https:\/\/k-level.com\/wp-content\/uploads\/2025\/07\/L8S8-351-400x400.jpg 400w, https:\/\/k-level.com\/wp-content\/uploads\/2025\/07\/L8S8-351-100x100.jpg 100w, https:\/\/k-level.com\/wp-content\/uploads\/2025\/07\/L8S8-351-50x50.jpg 50w, https:\/\/k-level.com\/wp-content\/uploads\/2025\/07\/L8S8-351.jpg 800w\" sizes=\"(max-width: 300px) 100vw, 300px\" \/><\/p>\n<p>Con cuatro secciones ajustables y un bot\u00f3n de bloqueo seguro, el<a href=\"https:\/\/k-level.com\/es\/sobre-nosotros\/\"> Poste de nivel l\u00e1ser L8S8-35<\/a> Ofrece flexibilidad y estabilidad durante su uso. Adem\u00e1s, es resistente al agua y a la corrosi\u00f3n, lo que la hace ideal para diversas condiciones clim\u00e1ticas. Para facilitar su portabilidad, la mira de nivelaci\u00f3n incluye una pr\u00e1ctica bolsa de transporte que permite a los top\u00f3grafos transportarla f\u00e1cilmente de una obra a otra.<\/p>\n<p>\u00bfNecesita una soluci\u00f3n?<\/p>\n<p>K-level ofrece servicios de consultor\u00eda para equipos topogr\u00e1ficos. \u00a1Cont\u00e1ctenos para pedidos al por mayor o asistencia t\u00e9cnica!<\/p>\n<p>&nbsp;<\/p>","protected":false},"excerpt":{"rendered":"<ul>\n<li>K-level garantiza que cada poste de nivel l\u00e1ser est\u00e9 dise\u00f1ado para brindar precisi\u00f3n y confiabilidad<\/li>\n<li>lo que lo convierte en una valiosa adici\u00f3n a cualquier conjunto de herramientas de topograf\u00eda.<\/li>\n<li>Nuestro personal de topograf\u00eda a la venta, incluido el L8S8-35, es perfecto tanto para profesionales experimentados como para principiantes en el campo.<\/li>\n<\/ul>\n<p><img decoding=\"async\" class=\"alignnone size-medium wp-image-13646\" src=\"https:\/\/k-level.com\/wp-content\/uploads\/2025\/05\/logo-300x98.png\" alt=\"\" width=\"300\" height=\"98\" srcset=\"https:\/\/k-level.com\/wp-content\/uploads\/2025\/05\/logo-300x98.png 300w, https:\/\/k-level.com\/wp-content\/uploads\/2025\/05\/logo-18x6.png 18w, https:\/\/k-level.com\/wp-content\/uploads\/2025\/05\/logo.png 307w\" sizes=\"(max-width: 300px) 100vw, 300px\" \/><\/p>","protected":false},"featured_media":13875,"comment_status":"open","ping_status":"closed","template":"","meta":[],"product_brand":[],"product_cat":[248],"product_tag":[237],"class_list":{"0":"post-13870","1":"product","2":"type-product","3":"status-publish","4":"has-post-thumbnail","6":"product_cat-leveling-staff","7":"product_tag-professional-engineering","9":"first","10":"instock","11":"shipping-taxable","12":"product-type-simple"},"_links":{"self":[{"href":"https:\/\/k-level.com\/es\/wp-json\/wp\/v2\/product\/13870","targetHints":{"allow":["GET"]}}],"collection":[{"href":"https:\/\/k-level.com\/es\/wp-json\/wp\/v2\/product"}],"about":[{"href":"https:\/\/k-level.com\/es\/wp-json\/wp\/v2\/types\/product"}],"replies":[{"embeddable":true,"href":"https:\/\/k-level.com\/es\/wp-json\/wp\/v2\/comments?post=13870"}],"version-history":[{"count":2,"href":"https:\/\/k-level.com\/es\/wp-json\/wp\/v2\/product\/13870\/revisions"}],"predecessor-version":[{"id":13877,"href":"https:\/\/k-level.com\/es\/wp-json\/wp\/v2\/product\/13870\/revisions\/13877"}],"wp:featuredmedia":[{"embeddable":true,"href":"https:\/\/k-level.com\/es\/wp-json\/wp\/v2\/media\/13875"}],"wp:attachment":[{"href":"https:\/\/k-level.com\/es\/wp-json\/wp\/v2\/media?parent=13870"}],"wp:term":[{"taxonomy":"product_brand","embeddable":true,"href":"https:\/\/k-level.com\/es\/wp-json\/wp\/v2\/product_brand?post=13870"},{"taxonomy":"product_cat","embeddable":true,"href":"https:\/\/k-level.com\/es\/wp-json\/wp\/v2\/product_cat?post=13870"},{"taxonomy":"product_tag","embeddable":true,"href":"https:\/\/k-level.com\/es\/wp-json\/wp\/v2\/product_tag?post=13870"}],"curies":[{"name":"gracias","href":"https:\/\/api.w.org\/{rel}","templated":true}]}}