{"id":13841,"date":"2025-07-16T17:43:50","date_gmt":"2025-07-16T09:43:50","guid":{"rendered":"https:\/\/k-level.com\/?post_type=product&#038;p=13841"},"modified":"2025-07-16T17:43:50","modified_gmt":"2025-07-16T09:43:50","slug":"adaptador-giratorio-para-nivel-laser-llra09a-09b","status":"publish","type":"product","link":"https:\/\/k-level.com\/es\/producto\/adaptador-giratorio-para-nivel-laser-llra09a-09b\/","title":{"rendered":"Adaptador giratorio para nivel l\u00e1ser LLRA09A\/09B"},"content":{"rendered":"<p>Adaptador giratorio para nivel l\u00e1ser LLRA09A\/09B para montar niveles l\u00e1ser en tr\u00edpodes con control de rotaci\u00f3n mejorado. Esta serie de adaptadores es esencial. <a href=\"https:\/\/k-level.com\/es\/comercio\/\">adaptador de tr\u00edpode para nivel l\u00e1ser<\/a> Para profesionales que requieren versatilidad, precisi\u00f3n y durabilidad en el campo.<\/p>\n<p>El adaptador giratorio para nivel l\u00e1ser LLRA09A\/09B incluye dos opciones de rosca para adaptarse a diferentes configuraciones de l\u00e1ser y tr\u00edpode. El adaptador giratorio para nivel l\u00e1ser LLRA09A tiene una rosca de 1\/4\u2033-20, mientras que el adaptador giratorio para nivel l\u00e1ser LLRA09B tiene una rosca de 5\/8\u2033-11, lo que lo hace compatible con una amplia gama de niveles l\u00e1ser y tr\u00edpodes de uso com\u00fan en construcci\u00f3n y topograf\u00eda. Tanto si trabaja con l\u00e1seres rotatorios como de l\u00ednea, este adaptador garantiza un ajuste seguro y una alineaci\u00f3n precisa.<\/p>\n<p>Como un confiable <a href=\"https:\/\/k-level.com\/es\/sobre-nosotros\/\">adaptador de tr\u00edpode para nivel l\u00e1ser<\/a>Ambos modelos est\u00e1n dise\u00f1ados para una rotaci\u00f3n suave de 360\u00b0, lo que permite ajustes direccionales precisos sin necesidad de mover el tr\u00edpode. Esto mejora considerablemente la eficiencia durante el trabajo de configuraci\u00f3n y dise\u00f1o. Fabricado con materiales de alta calidad, el LLRA09A\/09B ofrece durabilidad a largo plazo y una plataforma estable para sus herramientas l\u00e1ser en entornos de trabajo exigentes.<\/p>\n<p><img fetchpriority=\"high\" decoding=\"async\" class=\"aligncenter wp-image-13842 size-medium\" src=\"https:\/\/k-level.com\/wp-content\/uploads\/2025\/07\/LLRA091-300x300.jpg\" alt=\"adaptador de tr\u00edpode para nivel l\u00e1ser\" width=\"300\" height=\"300\" srcset=\"https:\/\/k-level.com\/wp-content\/uploads\/2025\/07\/LLRA091-300x300.jpg 300w, https:\/\/k-level.com\/wp-content\/uploads\/2025\/07\/LLRA091-150x150.jpg 150w, https:\/\/k-level.com\/wp-content\/uploads\/2025\/07\/LLRA091-768x768.jpg 768w, https:\/\/k-level.com\/wp-content\/uploads\/2025\/07\/LLRA091-12x12.jpg 12w, https:\/\/k-level.com\/wp-content\/uploads\/2025\/07\/LLRA091-370x370.jpg 370w, https:\/\/k-level.com\/wp-content\/uploads\/2025\/07\/LLRA091-400x400.jpg 400w, https:\/\/k-level.com\/wp-content\/uploads\/2025\/07\/LLRA091-100x100.jpg 100w, https:\/\/k-level.com\/wp-content\/uploads\/2025\/07\/LLRA091-50x50.jpg 50w, https:\/\/k-level.com\/wp-content\/uploads\/2025\/07\/LLRA091.jpg 800w\" sizes=\"(max-width: 300px) 100vw, 300px\" \/><\/p>\n<p>\u00bfNecesita una soluci\u00f3n?<\/p>\n<p><a href=\"https:\/\/k-level.com\/es\/sobre-nosotros\/\">Nivel K<\/a>\u00a0Ofrecemos servicios de consultor\u00eda para equipos topogr\u00e1ficos. \u00a1Cont\u00e1ctenos para pedidos al por mayor o asistencia t\u00e9cnica!<\/p>\n<p>&nbsp;<\/p>","protected":false},"excerpt":{"rendered":"<ul>\n<li>K-level contin\u00faa ofreciendo soluciones de nivel profesional que son simples, inteligentes y efectivas.<\/li>\n<li>El adaptador de tr\u00edpode de nivel l\u00e1ser perfecto para mejorar su flujo de trabajo y la precisi\u00f3n del l\u00e1ser.<\/li>\n<\/ul>\n<p><img decoding=\"async\" class=\"alignnone size-medium wp-image-13646\" src=\"https:\/\/k-level.com\/wp-content\/uploads\/2025\/05\/logo-300x98.png\" alt=\"\" width=\"300\" height=\"98\" srcset=\"https:\/\/k-level.com\/wp-content\/uploads\/2025\/05\/logo-300x98.png 300w, https:\/\/k-level.com\/wp-content\/uploads\/2025\/05\/logo-18x6.png 18w, https:\/\/k-level.com\/wp-content\/uploads\/2025\/05\/logo.png 307w\" sizes=\"(max-width: 300px) 100vw, 300px\" \/><\/p>","protected":false},"featured_media":13842,"comment_status":"open","ping_status":"closed","template":"","meta":[],"product_brand":[],"product_cat":[264],"product_tag":[238],"class_list":{"0":"post-13841","1":"product","2":"type-product","3":"status-publish","4":"has-post-thumbnail","6":"product_cat-rotation-adapter","7":"product_tag-carpentry-and-furniture","9":"first","10":"instock","11":"shipping-taxable","12":"product-type-simple"},"_links":{"self":[{"href":"https:\/\/k-level.com\/es\/wp-json\/wp\/v2\/product\/13841","targetHints":{"allow":["GET"]}}],"collection":[{"href":"https:\/\/k-level.com\/es\/wp-json\/wp\/v2\/product"}],"about":[{"href":"https:\/\/k-level.com\/es\/wp-json\/wp\/v2\/types\/product"}],"replies":[{"embeddable":true,"href":"https:\/\/k-level.com\/es\/wp-json\/wp\/v2\/comments?post=13841"}],"version-history":[{"count":2,"href":"https:\/\/k-level.com\/es\/wp-json\/wp\/v2\/product\/13841\/revisions"}],"predecessor-version":[{"id":13844,"href":"https:\/\/k-level.com\/es\/wp-json\/wp\/v2\/product\/13841\/revisions\/13844"}],"wp:featuredmedia":[{"embeddable":true,"href":"https:\/\/k-level.com\/es\/wp-json\/wp\/v2\/media\/13842"}],"wp:attachment":[{"href":"https:\/\/k-level.com\/es\/wp-json\/wp\/v2\/media?parent=13841"}],"wp:term":[{"taxonomy":"product_brand","embeddable":true,"href":"https:\/\/k-level.com\/es\/wp-json\/wp\/v2\/product_brand?post=13841"},{"taxonomy":"product_cat","embeddable":true,"href":"https:\/\/k-level.com\/es\/wp-json\/wp\/v2\/product_cat?post=13841"},{"taxonomy":"product_tag","embeddable":true,"href":"https:\/\/k-level.com\/es\/wp-json\/wp\/v2\/product_tag?post=13841"}],"curies":[{"name":"gracias","href":"https:\/\/api.w.org\/{rel}","templated":true}]}}