{"id":13831,"date":"2025-07-16T17:20:17","date_gmt":"2025-07-16T09:20:17","guid":{"rendered":"https:\/\/k-level.com\/?post_type=product&#038;p=13831"},"modified":"2025-07-16T17:20:18","modified_gmt":"2025-07-16T09:20:18","slug":"adaptador-giratorio-para-nivel-laser-llra04","status":"publish","type":"product","link":"https:\/\/k-level.com\/es\/producto\/adaptador-giratorio-para-nivel-laser-llra04\/","title":{"rendered":"Adaptador giratorio para nivel l\u00e1ser LLRA04"},"content":{"rendered":"<p>Soporte de tr\u00edpode para nivel l\u00e1ser giratorio K-Level LLRA04: M\u00e1xima precisi\u00f3n para nivelaci\u00f3n profesional<\/p>\n<p>El <a href=\"https:\/\/k-level.com\/es\/contactanos\/\">Soporte de tr\u00edpode para nivel l\u00e1ser con rotaci\u00f3n ajustable<\/a> El modelo LLRA04 revoluciona su experiencia de nivelaci\u00f3n con su capacidad superior de rotaci\u00f3n de 360\u00b0. Este adaptador premium de nivel l\u00e1ser para tr\u00edpode cuenta con una rosca universal de 1\/4\u2033-20 que garantiza una compatibilidad perfecta con las principales marcas de niveles l\u00e1ser y sistemas de tr\u00edpode.<\/p>\n<p>Dise\u00f1ado como el perfecto <a href=\"https:\/\/k-level.com\/es\/contactanos\/\">Soporte de tr\u00edpode para nivel l\u00e1ser con rotaci\u00f3n ajustable<\/a>Proporciona estabilidad y precisi\u00f3n inigualables para proyectos de construcci\u00f3n, topograf\u00eda y bricolaje.<\/p>\n<p><img fetchpriority=\"high\" decoding=\"async\" class=\"aligncenter wp-image-13833 size-medium\" src=\"https:\/\/k-level.com\/wp-content\/uploads\/2025\/07\/LLRA042-300x300.jpg\" alt=\"Soporte de tr\u00edpode para nivel l\u00e1ser con rotaci\u00f3n ajustable\" width=\"300\" height=\"300\" srcset=\"https:\/\/k-level.com\/wp-content\/uploads\/2025\/07\/LLRA042-300x300.jpg 300w, https:\/\/k-level.com\/wp-content\/uploads\/2025\/07\/LLRA042-150x150.jpg 150w, https:\/\/k-level.com\/wp-content\/uploads\/2025\/07\/LLRA042-768x768.jpg 768w, https:\/\/k-level.com\/wp-content\/uploads\/2025\/07\/LLRA042-12x12.jpg 12w, https:\/\/k-level.com\/wp-content\/uploads\/2025\/07\/LLRA042-370x370.jpg 370w, https:\/\/k-level.com\/wp-content\/uploads\/2025\/07\/LLRA042-400x400.jpg 400w, https:\/\/k-level.com\/wp-content\/uploads\/2025\/07\/LLRA042-100x100.jpg 100w, https:\/\/k-level.com\/wp-content\/uploads\/2025\/07\/LLRA042-50x50.jpg 50w, https:\/\/k-level.com\/wp-content\/uploads\/2025\/07\/LLRA042.jpg 800w\" sizes=\"(max-width: 300px) 100vw, 300px\" \/><\/p>\n<p>\u00bfNecesita una soluci\u00f3n?<\/p>\n<p><a href=\"https:\/\/k-level.com\/es\/contactanos\/\">Nivel K<\/a>\u00a0Ofrecemos servicios de consultor\u00eda para equipos topogr\u00e1ficos. \u00a1Cont\u00e1ctenos para pedidos al por mayor o asistencia t\u00e9cnica!<\/p>","protected":false},"excerpt":{"rendered":"<ul>\n<li>El soporte de tr\u00edpode de nivel l\u00e1ser de rotaci\u00f3n ajustable est\u00e1 dise\u00f1ado para transformar su adaptador de nivel l\u00e1ser para<\/li>\n<li>Tr\u00edpode en un instrumento de alta precisi\u00f3n.<\/li>\n<li>Experimente la diferencia con nuestra innovadora soluci\u00f3n de soporte giratorio.<\/li>\n<\/ul>\n<p><img decoding=\"async\" class=\"alignnone size-medium wp-image-13646\" src=\"https:\/\/k-level.com\/wp-content\/uploads\/2025\/05\/logo-300x98.png\" alt=\"\" width=\"300\" height=\"98\" srcset=\"https:\/\/k-level.com\/wp-content\/uploads\/2025\/05\/logo-300x98.png 300w, https:\/\/k-level.com\/wp-content\/uploads\/2025\/05\/logo-18x6.png 18w, https:\/\/k-level.com\/wp-content\/uploads\/2025\/05\/logo.png 307w\" sizes=\"(max-width: 300px) 100vw, 300px\" \/><\/p>","protected":false},"featured_media":13832,"comment_status":"open","ping_status":"closed","template":"","meta":[],"product_brand":[],"product_cat":[264],"product_tag":[238],"class_list":{"0":"post-13831","1":"product","2":"type-product","3":"status-publish","4":"has-post-thumbnail","6":"product_cat-rotation-adapter","7":"product_tag-carpentry-and-furniture","9":"first","10":"instock","11":"shipping-taxable","12":"product-type-simple"},"_links":{"self":[{"href":"https:\/\/k-level.com\/es\/wp-json\/wp\/v2\/product\/13831","targetHints":{"allow":["GET"]}}],"collection":[{"href":"https:\/\/k-level.com\/es\/wp-json\/wp\/v2\/product"}],"about":[{"href":"https:\/\/k-level.com\/es\/wp-json\/wp\/v2\/types\/product"}],"replies":[{"embeddable":true,"href":"https:\/\/k-level.com\/es\/wp-json\/wp\/v2\/comments?post=13831"}],"version-history":[{"count":2,"href":"https:\/\/k-level.com\/es\/wp-json\/wp\/v2\/product\/13831\/revisions"}],"predecessor-version":[{"id":13836,"href":"https:\/\/k-level.com\/es\/wp-json\/wp\/v2\/product\/13831\/revisions\/13836"}],"wp:featuredmedia":[{"embeddable":true,"href":"https:\/\/k-level.com\/es\/wp-json\/wp\/v2\/media\/13832"}],"wp:attachment":[{"href":"https:\/\/k-level.com\/es\/wp-json\/wp\/v2\/media?parent=13831"}],"wp:term":[{"taxonomy":"product_brand","embeddable":true,"href":"https:\/\/k-level.com\/es\/wp-json\/wp\/v2\/product_brand?post=13831"},{"taxonomy":"product_cat","embeddable":true,"href":"https:\/\/k-level.com\/es\/wp-json\/wp\/v2\/product_cat?post=13831"},{"taxonomy":"product_tag","embeddable":true,"href":"https:\/\/k-level.com\/es\/wp-json\/wp\/v2\/product_tag?post=13831"}],"curies":[{"name":"gracias","href":"https:\/\/api.w.org\/{rel}","templated":true}]}}