{"id":13825,"date":"2025-07-16T16:54:52","date_gmt":"2025-07-16T08:54:52","guid":{"rendered":"https:\/\/k-level.com\/?post_type=product&#038;p=13825"},"modified":"2025-07-16T17:11:06","modified_gmt":"2025-07-16T09:11:06","slug":"adaptador-giratorio-para-nivel-laser-llra02","status":"publish","type":"product","link":"https:\/\/k-level.com\/es\/producto\/adaptador-giratorio-para-nivel-laser-llra02\/","title":{"rendered":"Adaptador giratorio para nivel l\u00e1ser LLRA02"},"content":{"rendered":"<p>Nivel K <strong>Adaptador giratorio para nivel l\u00e1ser LLRA02<\/strong> \u2013 Rotaci\u00f3n de precisi\u00f3n para nivelaci\u00f3n l\u00e1ser<\/p>\n<p>El nivel l\u00e1ser giratorio LLRA02 es un accesorio de alto rendimiento dise\u00f1ado para mejorar la funcionalidad de los niveles l\u00e1ser en aplicaciones de construcci\u00f3n y topograf\u00eda.<\/p>\n<p><a href=\"https:\/\/k-level.com\/es\/contactanos\/\">Adaptador giratorio para nivel l\u00e1ser LLRA02<\/a> es rosca 1\/4\u2033-20, esta <a href=\"https:\/\/k-level.com\/es\/contactanos\/\">Base giratoria de ajuste del adaptador de nivelaci\u00f3n l\u00e1ser<\/a> garantiza una compatibilidad perfecta con la mayor\u00eda de los tr\u00edpodes y unidades de nivel l\u00e1ser, proporcionando una rotaci\u00f3n suave de 360\u00b0 para una alineaci\u00f3n precisa.<\/p>\n<p><img fetchpriority=\"high\" decoding=\"async\" class=\"aligncenter wp-image-13828 size-medium\" src=\"https:\/\/k-level.com\/wp-content\/uploads\/2025\/07\/LLRA025-300x300.jpg\" alt=\"Adaptador giratorio para nivel l\u00e1ser LLRA02\" width=\"300\" height=\"300\" srcset=\"https:\/\/k-level.com\/wp-content\/uploads\/2025\/07\/LLRA025-300x300.jpg 300w, https:\/\/k-level.com\/wp-content\/uploads\/2025\/07\/LLRA025-150x150.jpg 150w, https:\/\/k-level.com\/wp-content\/uploads\/2025\/07\/LLRA025-768x768.jpg 768w, https:\/\/k-level.com\/wp-content\/uploads\/2025\/07\/LLRA025-12x12.jpg 12w, https:\/\/k-level.com\/wp-content\/uploads\/2025\/07\/LLRA025-370x370.jpg 370w, https:\/\/k-level.com\/wp-content\/uploads\/2025\/07\/LLRA025-400x400.jpg 400w, https:\/\/k-level.com\/wp-content\/uploads\/2025\/07\/LLRA025-100x100.jpg 100w, https:\/\/k-level.com\/wp-content\/uploads\/2025\/07\/LLRA025-50x50.jpg 50w, https:\/\/k-level.com\/wp-content\/uploads\/2025\/07\/LLRA025.jpg 800w\" sizes=\"(max-width: 300px) 100vw, 300px\" \/><\/p>\n<p>\u00bfNecesita una soluci\u00f3n?<\/p>\n<p><a href=\"https:\/\/k-level.com\/es\/contactanos\/\">Nivel K<\/a>\u00a0Ofrecemos servicios de consultor\u00eda para equipos topogr\u00e1ficos. \u00a1Cont\u00e1ctenos para pedidos al por mayor o asistencia t\u00e9cnica!<\/p>\n<p>&nbsp;<\/p>","protected":false},"excerpt":{"rendered":"<ul>\n<li>El nivel l\u00e1ser LLRA02 con base giratoria y adaptador de nivelaci\u00f3n l\u00e1ser con ajuste proporciona precisi\u00f3n y confiabilidad inigualables.<\/li>\n<li>\u00a1Mejore su configuraci\u00f3n de nivel l\u00e1ser con el adaptador giratorio de calidad profesional de K-Level!<\/li>\n<\/ul>\n<p><img decoding=\"async\" class=\"alignnone size-medium wp-image-13646\" src=\"https:\/\/k-level.com\/wp-content\/uploads\/2025\/05\/logo-300x98.png\" alt=\"\" width=\"300\" height=\"98\" srcset=\"https:\/\/k-level.com\/wp-content\/uploads\/2025\/05\/logo-300x98.png 300w, https:\/\/k-level.com\/wp-content\/uploads\/2025\/05\/logo-18x6.png 18w, https:\/\/k-level.com\/wp-content\/uploads\/2025\/05\/logo.png 307w\" sizes=\"(max-width: 300px) 100vw, 300px\" \/><\/p>","protected":false},"featured_media":13827,"comment_status":"open","ping_status":"closed","template":"","meta":[],"product_brand":[],"product_cat":[264],"product_tag":[238],"class_list":{"0":"post-13825","1":"product","2":"type-product","3":"status-publish","4":"has-post-thumbnail","6":"product_cat-rotation-adapter","7":"product_tag-carpentry-and-furniture","9":"first","10":"instock","11":"shipping-taxable","12":"product-type-simple"},"_links":{"self":[{"href":"https:\/\/k-level.com\/es\/wp-json\/wp\/v2\/product\/13825","targetHints":{"allow":["GET"]}}],"collection":[{"href":"https:\/\/k-level.com\/es\/wp-json\/wp\/v2\/product"}],"about":[{"href":"https:\/\/k-level.com\/es\/wp-json\/wp\/v2\/types\/product"}],"replies":[{"embeddable":true,"href":"https:\/\/k-level.com\/es\/wp-json\/wp\/v2\/comments?post=13825"}],"version-history":[{"count":2,"href":"https:\/\/k-level.com\/es\/wp-json\/wp\/v2\/product\/13825\/revisions"}],"predecessor-version":[{"id":13830,"href":"https:\/\/k-level.com\/es\/wp-json\/wp\/v2\/product\/13825\/revisions\/13830"}],"wp:featuredmedia":[{"embeddable":true,"href":"https:\/\/k-level.com\/es\/wp-json\/wp\/v2\/media\/13827"}],"wp:attachment":[{"href":"https:\/\/k-level.com\/es\/wp-json\/wp\/v2\/media?parent=13825"}],"wp:term":[{"taxonomy":"product_brand","embeddable":true,"href":"https:\/\/k-level.com\/es\/wp-json\/wp\/v2\/product_brand?post=13825"},{"taxonomy":"product_cat","embeddable":true,"href":"https:\/\/k-level.com\/es\/wp-json\/wp\/v2\/product_cat?post=13825"},{"taxonomy":"product_tag","embeddable":true,"href":"https:\/\/k-level.com\/es\/wp-json\/wp\/v2\/product_tag?post=13825"}],"curies":[{"name":"gracias","href":"https:\/\/api.w.org\/{rel}","templated":true}]}}