{"id":13821,"date":"2025-07-16T16:41:09","date_gmt":"2025-07-16T08:41:09","guid":{"rendered":"https:\/\/k-level.com\/?post_type=product&#038;p=13821"},"modified":"2025-07-16T16:41:09","modified_gmt":"2025-07-16T08:41:09","slug":"adaptador-giratorio-para-nivel-laser-llra01","status":"publish","type":"product","link":"https:\/\/k-level.com\/es\/producto\/adaptador-giratorio-para-nivel-laser-llra01\/","title":{"rendered":"Adaptador giratorio para nivel l\u00e1ser LLRA01"},"content":{"rendered":"<p><strong>Descripci\u00f3n general del adaptador giratorio para nivel l\u00e1ser LLRA01<\/strong><\/p>\n<p>Como un confiable <a href=\"https:\/\/k-level.com\/es\/comercio\/\">Adaptador de nivelaci\u00f3n<\/a>El adaptador giratorio de nivel l\u00e1ser LLRA01 es ideal para alinear herramientas l\u00e1ser con mayor estabilidad y precisi\u00f3n en los lugares de trabajo.<\/p>\n<p>El adaptador giratorio para nivel l\u00e1ser LLRA01 est\u00e1 dise\u00f1ado para proporcionar ajustes de rotaci\u00f3n suaves y precisos, lo que lo convierte en una excelente soluci\u00f3n para ajustar el l\u00e1ser durante tareas de dise\u00f1o, nivelaci\u00f3n y alineaci\u00f3n. Su doble rosca (1\/4\u2033-20 en la parte superior y 5\/8\u2033-11 en la inferior) permite conectar una amplia gama de niveles l\u00e1ser, tr\u00edpodes e instrumentos topogr\u00e1ficos. Esto lo convierte en un producto altamente compatible. <a href=\"https:\/\/k-level.com\/es\/comercio\/\">Adaptador de nivelaci\u00f3n<\/a> Para aplicaciones tanto profesionales como de bricolaje.<\/p>\n<p>Con un di\u00e1metro exterior de 65 mm, el LLRA01 ofrece una base compacta pero estable para operaciones de rotaci\u00f3n. El dise\u00f1o de precisi\u00f3n del adaptador permite una rotaci\u00f3n de 360\u00b0, lo que brinda a los usuarios control total sobre la direcci\u00f3n del rayo l\u00e1ser sin necesidad de reposicionar toda la configuraci\u00f3n. Tanto si trabaja con dise\u00f1os horizontales como verticales, el <a href=\"https:\/\/k-level.com\/es\/contactanos\/\">Adaptador giratorio para nivel l\u00e1ser LLRA01<\/a> Proporciona la estabilidad y flexibilidad que necesita.<img fetchpriority=\"high\" decoding=\"async\" class=\"aligncenter wp-image-13822 size-medium\" src=\"https:\/\/k-level.com\/wp-content\/uploads\/2025\/07\/LLRA011-300x300.jpg\" alt=\"Adaptador de nivelaci\u00f3n\" width=\"300\" height=\"300\" srcset=\"https:\/\/k-level.com\/wp-content\/uploads\/2025\/07\/LLRA011-300x300.jpg 300w, https:\/\/k-level.com\/wp-content\/uploads\/2025\/07\/LLRA011-150x150.jpg 150w, https:\/\/k-level.com\/wp-content\/uploads\/2025\/07\/LLRA011-768x768.jpg 768w, https:\/\/k-level.com\/wp-content\/uploads\/2025\/07\/LLRA011-12x12.jpg 12w, https:\/\/k-level.com\/wp-content\/uploads\/2025\/07\/LLRA011-370x370.jpg 370w, https:\/\/k-level.com\/wp-content\/uploads\/2025\/07\/LLRA011-400x400.jpg 400w, https:\/\/k-level.com\/wp-content\/uploads\/2025\/07\/LLRA011-100x100.jpg 100w, https:\/\/k-level.com\/wp-content\/uploads\/2025\/07\/LLRA011-50x50.jpg 50w, https:\/\/k-level.com\/wp-content\/uploads\/2025\/07\/LLRA011.jpg 800w\" sizes=\"(max-width: 300px) 100vw, 300px\" \/><\/p>\n<p>Adaptador de topograf\u00eda de nivel confiable, este producto est\u00e1 fabricado con materiales de alta calidad para garantizar la durabilidad tanto en entornos interiores como exteriores.<\/p>\n<p>\u00bfNecesita una soluci\u00f3n?<\/p>\n<p>K-level ofrece servicios de consultor\u00eda para equipos topogr\u00e1ficos. \u00a1Cont\u00e1ctenos para pedidos al por mayor o asistencia t\u00e9cnica!<\/p>","protected":false},"excerpt":{"rendered":"<ul>\n<li>El compromiso de K-level con la funcionalidad, la precisi\u00f3n y el rendimiento de nivel profesional<\/li>\n<li>Convierte al LLRA01 en una herramienta esencial en cualquier configuraci\u00f3n de topograf\u00eda l\u00e1ser.<\/li>\n<\/ul>\n<p><img decoding=\"async\" class=\"alignnone size-medium wp-image-13646\" src=\"https:\/\/k-level.com\/wp-content\/uploads\/2025\/05\/logo-300x98.png\" alt=\"\" width=\"300\" height=\"98\" srcset=\"https:\/\/k-level.com\/wp-content\/uploads\/2025\/05\/logo-300x98.png 300w, https:\/\/k-level.com\/wp-content\/uploads\/2025\/05\/logo-18x6.png 18w, https:\/\/k-level.com\/wp-content\/uploads\/2025\/05\/logo.png 307w\" sizes=\"(max-width: 300px) 100vw, 300px\" \/><\/p>","protected":false},"featured_media":13822,"comment_status":"open","ping_status":"closed","template":"","meta":[],"product_brand":[],"product_cat":[264],"product_tag":[238],"class_list":{"0":"post-13821","1":"product","2":"type-product","3":"status-publish","4":"has-post-thumbnail","6":"product_cat-rotation-adapter","7":"product_tag-carpentry-and-furniture","9":"first","10":"instock","11":"shipping-taxable","12":"product-type-simple"},"_links":{"self":[{"href":"https:\/\/k-level.com\/es\/wp-json\/wp\/v2\/product\/13821","targetHints":{"allow":["GET"]}}],"collection":[{"href":"https:\/\/k-level.com\/es\/wp-json\/wp\/v2\/product"}],"about":[{"href":"https:\/\/k-level.com\/es\/wp-json\/wp\/v2\/types\/product"}],"replies":[{"embeddable":true,"href":"https:\/\/k-level.com\/es\/wp-json\/wp\/v2\/comments?post=13821"}],"version-history":[{"count":2,"href":"https:\/\/k-level.com\/es\/wp-json\/wp\/v2\/product\/13821\/revisions"}],"predecessor-version":[{"id":13824,"href":"https:\/\/k-level.com\/es\/wp-json\/wp\/v2\/product\/13821\/revisions\/13824"}],"wp:featuredmedia":[{"embeddable":true,"href":"https:\/\/k-level.com\/es\/wp-json\/wp\/v2\/media\/13822"}],"wp:attachment":[{"href":"https:\/\/k-level.com\/es\/wp-json\/wp\/v2\/media?parent=13821"}],"wp:term":[{"taxonomy":"product_brand","embeddable":true,"href":"https:\/\/k-level.com\/es\/wp-json\/wp\/v2\/product_brand?post=13821"},{"taxonomy":"product_cat","embeddable":true,"href":"https:\/\/k-level.com\/es\/wp-json\/wp\/v2\/product_cat?post=13821"},{"taxonomy":"product_tag","embeddable":true,"href":"https:\/\/k-level.com\/es\/wp-json\/wp\/v2\/product_tag?post=13821"}],"curies":[{"name":"gracias","href":"https:\/\/api.w.org\/{rel}","templated":true}]}}