{"id":13805,"date":"2025-07-16T15:29:23","date_gmt":"2025-07-16T07:29:23","guid":{"rendered":"https:\/\/k-level.com\/?post_type=product&#038;p=13805"},"modified":"2025-07-16T15:31:45","modified_gmt":"2025-07-16T07:31:45","slug":"soporte-laser-giratorio-rlb02a-02b","status":"publish","type":"product","link":"https:\/\/k-level.com\/es\/producto\/soporte-laser-giratorio-rlb02a-02b\/","title":{"rendered":"Soporte l\u00e1ser giratorio RLB02A\/02B"},"content":{"rendered":"<p><strong>Descripci\u00f3n general del soporte l\u00e1ser giratorio RLB02A\/02B<\/strong><\/p>\n<p><a href=\"https:\/\/k-level.com\/es\/sobre-nosotros\/\">Soporte l\u00e1ser giratorio RLB02A\/02B<\/a> Serie: una soluci\u00f3n vers\u00e1til dise\u00f1ada para profesionales que buscan <a href=\"https:\/\/k-level.com\/es\/sobre-nosotros\/\">El mejor soporte l\u00e1ser giratorio<\/a> Para instalaciones en techos y marcos de acero en forma de L. Dise\u00f1ado con un cuerpo totalmente met\u00e1lico, el soporte l\u00e1ser giratorio RLB02A\/02B ofrece durabilidad, estabilidad y facilidad de uso en lugares de trabajo exigentes.<\/p>\n<p><img fetchpriority=\"high\" decoding=\"async\" class=\"aligncenter wp-image-13809 size-medium\" src=\"https:\/\/k-level.com\/wp-content\/uploads\/2025\/07\/RLB02B1-1-300x300.jpg\" alt=\"El mejor soporte l\u00e1ser giratorio\" width=\"300\" height=\"300\" srcset=\"https:\/\/k-level.com\/wp-content\/uploads\/2025\/07\/RLB02B1-1-300x300.jpg 300w, https:\/\/k-level.com\/wp-content\/uploads\/2025\/07\/RLB02B1-1-150x150.jpg 150w, https:\/\/k-level.com\/wp-content\/uploads\/2025\/07\/RLB02B1-1-768x768.jpg 768w, https:\/\/k-level.com\/wp-content\/uploads\/2025\/07\/RLB02B1-1-12x12.jpg 12w, https:\/\/k-level.com\/wp-content\/uploads\/2025\/07\/RLB02B1-1-370x370.jpg 370w, https:\/\/k-level.com\/wp-content\/uploads\/2025\/07\/RLB02B1-1-400x400.jpg 400w, https:\/\/k-level.com\/wp-content\/uploads\/2025\/07\/RLB02B1-1-100x100.jpg 100w, https:\/\/k-level.com\/wp-content\/uploads\/2025\/07\/RLB02B1-1-50x50.jpg 50w, https:\/\/k-level.com\/wp-content\/uploads\/2025\/07\/RLB02B1-1.jpg 800w\" sizes=\"(max-width: 300px) 100vw, 300px\" \/><\/p>\n<p>La serie de soportes l\u00e1ser giratorios RLB02 incluye dos modelos: el soporte l\u00e1ser giratorio RLB02A y el soporte l\u00e1ser giratorio RLB02B. Cada uno ofrece diferentes m\u00e9todos de montaje para adaptarse a diversas situaciones de construcci\u00f3n. Tanto si trabaja en una estructura de techo de madera como en un sistema de canales de acero, estos soportes est\u00e1n dise\u00f1ados para que la instalaci\u00f3n del nivel l\u00e1ser sea m\u00e1s eficiente y segura.<\/p>\n<p>RLB02A Soporte l\u00e1ser giratorio para acero ligero.<\/p>\n<p>RLB02B Soporte l\u00e1ser giratorio para madera.<\/p>\n<p>Reconocido como uno de los <a href=\"https:\/\/k-level.com\/es\/sobre-nosotros\/\">El mejor soporte l\u00e1ser giratorio<\/a> Con las opciones disponibles en el mercado, el RLB02A\/02B se utiliza ampliamente en carpinter\u00eda, construcci\u00f3n de falsos techos y proyectos de acero con perfiles en L. Los soportes permiten un montaje y posicionamiento r\u00e1pidos de los l\u00e1seres rotativos, lo que proporciona m\u00e1xima flexibilidad sin sacrificar la precisi\u00f3n. Gracias a su robusto dise\u00f1o totalmente met\u00e1lico, resisten el desgaste y mantienen un alto rendimiento.<\/p>\n<p>\u00bfNecesita una soluci\u00f3n?<\/p>\n<p>K-level ofrece servicios de consultor\u00eda para equipos topogr\u00e1ficos. \u00a1Cont\u00e1ctenos para pedidos al por mayor o asistencia t\u00e9cnica!<\/p>","protected":false},"excerpt":{"rendered":"<ul>\n<li>El soporte l\u00e1ser giratorio RLB02A es un soporte de pared multifuncional para acero ligero<\/li>\n<li>El soporte l\u00e1ser giratorio RLB02B es un soporte de pared multifuncional para madera<\/li>\n<\/ul>\n<p><img decoding=\"async\" class=\"alignnone size-medium wp-image-13646\" src=\"https:\/\/k-level.com\/wp-content\/uploads\/2025\/05\/logo-300x98.png\" alt=\"\" width=\"300\" height=\"98\" srcset=\"https:\/\/k-level.com\/wp-content\/uploads\/2025\/05\/logo-300x98.png 300w, https:\/\/k-level.com\/wp-content\/uploads\/2025\/05\/logo-18x6.png 18w, https:\/\/k-level.com\/wp-content\/uploads\/2025\/05\/logo.png 307w\" sizes=\"(max-width: 300px) 100vw, 300px\" \/><\/p>","protected":false},"featured_media":13806,"comment_status":"open","ping_status":"closed","template":"","meta":[],"product_brand":[],"product_cat":[261],"product_tag":[238],"class_list":{"0":"post-13805","1":"product","2":"type-product","3":"status-publish","4":"has-post-thumbnail","6":"product_cat-rotary-laser-bracket","7":"product_tag-carpentry-and-furniture","9":"first","10":"instock","11":"shipping-taxable","12":"product-type-simple"},"_links":{"self":[{"href":"https:\/\/k-level.com\/es\/wp-json\/wp\/v2\/product\/13805","targetHints":{"allow":["GET"]}}],"collection":[{"href":"https:\/\/k-level.com\/es\/wp-json\/wp\/v2\/product"}],"about":[{"href":"https:\/\/k-level.com\/es\/wp-json\/wp\/v2\/types\/product"}],"replies":[{"embeddable":true,"href":"https:\/\/k-level.com\/es\/wp-json\/wp\/v2\/comments?post=13805"}],"version-history":[{"count":2,"href":"https:\/\/k-level.com\/es\/wp-json\/wp\/v2\/product\/13805\/revisions"}],"predecessor-version":[{"id":13811,"href":"https:\/\/k-level.com\/es\/wp-json\/wp\/v2\/product\/13805\/revisions\/13811"}],"wp:featuredmedia":[{"embeddable":true,"href":"https:\/\/k-level.com\/es\/wp-json\/wp\/v2\/media\/13806"}],"wp:attachment":[{"href":"https:\/\/k-level.com\/es\/wp-json\/wp\/v2\/media?parent=13805"}],"wp:term":[{"taxonomy":"product_brand","embeddable":true,"href":"https:\/\/k-level.com\/es\/wp-json\/wp\/v2\/product_brand?post=13805"},{"taxonomy":"product_cat","embeddable":true,"href":"https:\/\/k-level.com\/es\/wp-json\/wp\/v2\/product_cat?post=13805"},{"taxonomy":"product_tag","embeddable":true,"href":"https:\/\/k-level.com\/es\/wp-json\/wp\/v2\/product_tag?post=13805"}],"curies":[{"name":"gracias","href":"https:\/\/api.w.org\/{rel}","templated":true}]}}