{"id":13796,"date":"2025-07-16T14:40:47","date_gmt":"2025-07-16T06:40:47","guid":{"rendered":"https:\/\/k-level.com\/?post_type=product&#038;p=13796"},"modified":"2025-07-16T14:43:26","modified_gmt":"2025-07-16T06:43:26","slug":"soporte-laser-giratorio-rlb01a","status":"publish","type":"product","link":"https:\/\/k-level.com\/es\/producto\/soporte-laser-giratorio-rlb01a\/","title":{"rendered":"RLB01A Soporte l\u00e1ser giratorio"},"content":{"rendered":"<p><strong>Descripci\u00f3n general del soporte l\u00e1ser giratorio RLB01A<\/strong><\/p>\n<p>Uno de nuestros productos m\u00e1s destacados en la gama de accesorios l\u00e1ser es el soporte giratorio para l\u00e1ser RLB01A, dise\u00f1ado espec\u00edficamente para quienes exigen precisi\u00f3n y durabilidad en cada trabajo. Como parte de nuestra serie Ultimate Wall Bracket, el <a href=\"https:\/\/k-level.com\/es\/sobre-nosotros\/\">Soporte l\u00e1ser giratorio RLB01A<\/a> Ofrece un dise\u00f1o robusto y totalmente met\u00e1lico que garantiza un rendimiento duradero en entornos de trabajo dif\u00edciles.<\/p>\n<p>El <a href=\"https:\/\/k-level.com\/es\/sobre-nosotros\/\">Soporte l\u00e1ser giratorio RLB01A<\/a> Est\u00e1 dise\u00f1ado para ofrecer una estabilidad superior en el montaje en pared para l\u00e1seres rotativos en aplicaciones interiores y exteriores. Cuenta con microajustes de precisi\u00f3n que permiten a los usuarios ajustar con precisi\u00f3n la direcci\u00f3n del plano vertical con facilidad. Esto lo hace especialmente \u00fatil para alinear niveles l\u00e1ser en instalaciones de techos, tabiques y otras tareas de alta precisi\u00f3n.<\/p>\n<p><img fetchpriority=\"high\" decoding=\"async\" class=\"size-medium wp-image-13801 aligncenter\" src=\"https:\/\/k-level.com\/wp-content\/uploads\/2025\/07\/RLB01A5-300x300.jpg\" alt=\"RLB01A Soporte l\u00e1ser giratorio\" width=\"300\" height=\"300\" srcset=\"https:\/\/k-level.com\/wp-content\/uploads\/2025\/07\/RLB01A5-300x300.jpg 300w, https:\/\/k-level.com\/wp-content\/uploads\/2025\/07\/RLB01A5-150x150.jpg 150w, https:\/\/k-level.com\/wp-content\/uploads\/2025\/07\/RLB01A5-768x768.jpg 768w, https:\/\/k-level.com\/wp-content\/uploads\/2025\/07\/RLB01A5-12x12.jpg 12w, https:\/\/k-level.com\/wp-content\/uploads\/2025\/07\/RLB01A5-370x370.jpg 370w, https:\/\/k-level.com\/wp-content\/uploads\/2025\/07\/RLB01A5-400x400.jpg 400w, https:\/\/k-level.com\/wp-content\/uploads\/2025\/07\/RLB01A5-100x100.jpg 100w, https:\/\/k-level.com\/wp-content\/uploads\/2025\/07\/RLB01A5-50x50.jpg 50w, https:\/\/k-level.com\/wp-content\/uploads\/2025\/07\/RLB01A5.jpg 800w\" sizes=\"(max-width: 300px) 100vw, 300px\" \/><\/p>\n<p>Como parte de la l\u00ednea Ultimate Wall Bracket, el RLB01A es compatible con la mayor\u00eda de los niveles l\u00e1ser rotativos est\u00e1ndar. Su robusta construcci\u00f3n met\u00e1lica resiste el desgaste y los da\u00f1os, lo que lo convierte en una inversi\u00f3n a largo plazo para profesionales de la construcci\u00f3n y contratistas. Su dise\u00f1o intuitivo incluye mecanismos sencillos de montaje y bloqueo para reducir el tiempo de configuraci\u00f3n y aumentar la eficiencia en la obra.<\/p>\n<p>\u00bfNecesita una soluci\u00f3n?<\/p>\n<p><a href=\"https:\/\/k-level.com\/es\/\">Nivel K<\/a>\u00a0Ofrecemos servicios de consultor\u00eda para equipos topogr\u00e1ficos. \u00a1Cont\u00e1ctenos para pedidos al por mayor o asistencia t\u00e9cnica!<\/p>","protected":false},"excerpt":{"rendered":"<ul>\n<li>Elija el soporte l\u00e1ser giratorio RLB01A y experimente<\/li>\n<li>Soporte de nivel profesional en el que conf\u00edan expertos de todo el mundo.<\/li>\n<\/ul>\n<p><img decoding=\"async\" class=\"alignnone size-medium wp-image-13646\" src=\"https:\/\/k-level.com\/wp-content\/uploads\/2025\/05\/logo-300x98.png\" alt=\"\" width=\"300\" height=\"98\" srcset=\"https:\/\/k-level.com\/wp-content\/uploads\/2025\/05\/logo-300x98.png 300w, https:\/\/k-level.com\/wp-content\/uploads\/2025\/05\/logo-18x6.png 18w, https:\/\/k-level.com\/wp-content\/uploads\/2025\/05\/logo.png 307w\" sizes=\"(max-width: 300px) 100vw, 300px\" \/><\/p>","protected":false},"featured_media":13797,"comment_status":"open","ping_status":"closed","template":"","meta":[],"product_brand":[],"product_cat":[261],"product_tag":[238],"class_list":{"0":"post-13796","1":"product","2":"type-product","3":"status-publish","4":"has-post-thumbnail","6":"product_cat-rotary-laser-bracket","7":"product_tag-carpentry-and-furniture","9":"first","10":"instock","11":"shipping-taxable","12":"product-type-simple"},"_links":{"self":[{"href":"https:\/\/k-level.com\/es\/wp-json\/wp\/v2\/product\/13796","targetHints":{"allow":["GET"]}}],"collection":[{"href":"https:\/\/k-level.com\/es\/wp-json\/wp\/v2\/product"}],"about":[{"href":"https:\/\/k-level.com\/es\/wp-json\/wp\/v2\/types\/product"}],"replies":[{"embeddable":true,"href":"https:\/\/k-level.com\/es\/wp-json\/wp\/v2\/comments?post=13796"}],"version-history":[{"count":3,"href":"https:\/\/k-level.com\/es\/wp-json\/wp\/v2\/product\/13796\/revisions"}],"predecessor-version":[{"id":13804,"href":"https:\/\/k-level.com\/es\/wp-json\/wp\/v2\/product\/13796\/revisions\/13804"}],"wp:featuredmedia":[{"embeddable":true,"href":"https:\/\/k-level.com\/es\/wp-json\/wp\/v2\/media\/13797"}],"wp:attachment":[{"href":"https:\/\/k-level.com\/es\/wp-json\/wp\/v2\/media?parent=13796"}],"wp:term":[{"taxonomy":"product_brand","embeddable":true,"href":"https:\/\/k-level.com\/es\/wp-json\/wp\/v2\/product_brand?post=13796"},{"taxonomy":"product_cat","embeddable":true,"href":"https:\/\/k-level.com\/es\/wp-json\/wp\/v2\/product_cat?post=13796"},{"taxonomy":"product_tag","embeddable":true,"href":"https:\/\/k-level.com\/es\/wp-json\/wp\/v2\/product_tag?post=13796"}],"curies":[{"name":"gracias","href":"https:\/\/api.w.org\/{rel}","templated":true}]}}