{"id":13604,"date":"2025-07-01T15:49:48","date_gmt":"2025-07-01T07:49:48","guid":{"rendered":"https:\/\/k-level.com\/?post_type=product&#038;p=13604"},"modified":"2025-07-15T17:34:36","modified_gmt":"2025-07-15T09:34:36","slug":"soporte-para-laser-de-linea-llb25a-25ab","status":"publish","type":"product","link":"https:\/\/k-level.com\/es\/producto\/soporte-para-laser-de-linea-llb25a-25ab\/","title":{"rendered":"Soporte para l\u00e1ser de l\u00ednea LLB25A\/25AB"},"content":{"rendered":"<p>El soporte l\u00e1ser de l\u00ednea LLB25A\/25AB es un innovador soporte magn\u00e9tico en forma de L que puede girar 360\u00b0, lo que proporciona opciones de instalaci\u00f3n flexibles, ya sea una pared o un techo, puede adaptarse f\u00e1cilmente a \u00e9l, brind\u00e1ndole una gran comodidad.<\/p>\n<p>El <a href=\"https:\/\/k-level.com\/es\/comercio\/\">Soporte magn\u00e9tico multifuncional LLB25A\/25AB<\/a> Combina una fuerza magn\u00e9tica excepcional con una adaptabilidad inigualable. Con una potente fuerza de sujeci\u00f3n de 25 kg\/cm\u00b2, este soporte magn\u00e9tico multifuncional se fija firmemente a cualquier superficie ferrosa y ofrece m\u00faltiples opciones de configuraci\u00f3n.<\/p>\n<p>El LLB25A\/25AB <a href=\"https:\/\/k-level.com\/es\/comercio\/\">Soporte magn\u00e9tico multifuncional<\/a> Est\u00e1 fabricado con aleaci\u00f3n de aluminio de grado militar con un avanzado revestimiento anticorrosivo, lo que garantiza su durabilidad en condiciones de trabajo exigentes. Su compatibilidad universal con las principales marcas de niveles l\u00e1ser lo convierte en la opci\u00f3n ideal para contratistas, top\u00f3grafos y t\u00e9cnicos industriales que exigen un rendimiento de calidad profesional.<\/p>\n<p><img fetchpriority=\"high\" decoding=\"async\" class=\"aligncenter wp-image-13608 size-medium\" src=\"https:\/\/k-level.com\/wp-content\/uploads\/2025\/07\/04-1-300x300.jpg\" alt=\"Soporte magn\u00e9tico multifuncional\" width=\"300\" height=\"300\" srcset=\"https:\/\/k-level.com\/wp-content\/uploads\/2025\/07\/04-1-300x300.jpg 300w, https:\/\/k-level.com\/wp-content\/uploads\/2025\/07\/04-1-150x150.jpg 150w, https:\/\/k-level.com\/wp-content\/uploads\/2025\/07\/04-1-768x768.jpg 768w, https:\/\/k-level.com\/wp-content\/uploads\/2025\/07\/04-1-12x12.jpg 12w, https:\/\/k-level.com\/wp-content\/uploads\/2025\/07\/04-1-370x370.jpg 370w, https:\/\/k-level.com\/wp-content\/uploads\/2025\/07\/04-1-400x400.jpg 400w, https:\/\/k-level.com\/wp-content\/uploads\/2025\/07\/04-1-100x100.jpg 100w, https:\/\/k-level.com\/wp-content\/uploads\/2025\/07\/04-1-50x50.jpg 50w, https:\/\/k-level.com\/wp-content\/uploads\/2025\/07\/04-1.jpg 800w\" sizes=\"(max-width: 300px) 100vw, 300px\" \/><\/p>\n<p>Este soporte para l\u00e1ser de l\u00ednea LLB25 cuenta con cuatro perillas de ajuste fino que permiten ajustar con precisi\u00f3n la posici\u00f3n del l\u00e1ser en todas las direcciones. El rango de ajuste de altura es de hasta 9,5 cm. El soporte magn\u00e9tico del nivel l\u00e1ser permite ajustar r\u00e1pidamente la altura de trabajo seg\u00fan las necesidades, mejorando considerablemente la eficiencia del trabajo.<\/p>\n<p>El soporte l\u00e1ser de l\u00ednea LLB25 tiene dos modelos diferentes, a saber: <a href=\"https:\/\/k-level.com\/es\/comercio\/\">Soporte para l\u00e1ser de l\u00ednea LLB25A<\/a> y soporte para l\u00e1ser de l\u00ednea LLB25AB. El soporte para l\u00e1ser de l\u00ednea LLB25AB tiene un soporte en la parte posterior.<\/p>\n<p>\u00bfNecesita una soluci\u00f3n?<br \/>\nK-level ofrece servicios de consultor\u00eda para equipos topogr\u00e1ficos. \u00a1Cont\u00e1ctenos para pedidos al por mayor o asistencia t\u00e9cnica!<\/p>","protected":false},"excerpt":{"rendered":"<ul>\n<li>El soporte l\u00e1ser de l\u00ednea LLB25A\/25AB para trabajos de medici\u00f3n con su dise\u00f1o profesional y versatilidad.<\/li>\n<li>Este soporte magn\u00e9tico de nivel l\u00e1ser puede proporcionar un soporte estable.<\/li>\n<li>Ajuste preciso para ayudarle a completar diversas tareas sin problemas.<\/li>\n<\/ul>\n<p><img decoding=\"async\" class=\"alignnone size-medium wp-image-13646\" src=\"https:\/\/k-level.com\/wp-content\/uploads\/2025\/05\/logo-300x98.png\" alt=\"\" width=\"300\" height=\"98\" srcset=\"https:\/\/k-level.com\/wp-content\/uploads\/2025\/05\/logo-300x98.png 300w, https:\/\/k-level.com\/wp-content\/uploads\/2025\/05\/logo-18x6.png 18w, https:\/\/k-level.com\/wp-content\/uploads\/2025\/05\/logo.png 307w\" sizes=\"(max-width: 300px) 100vw, 300px\" \/><\/p>\n<p>&nbsp;<\/p>\n<p>&nbsp;<\/p>","protected":false},"featured_media":13606,"comment_status":"open","ping_status":"closed","template":"","meta":[],"product_brand":[],"product_cat":[260],"product_tag":[238],"class_list":{"0":"post-13604","1":"product","2":"type-product","3":"status-publish","4":"has-post-thumbnail","6":"product_cat-line-laser-bracket","7":"product_tag-carpentry-and-furniture","9":"first","10":"instock","11":"shipping-taxable","12":"product-type-simple"},"_links":{"self":[{"href":"https:\/\/k-level.com\/es\/wp-json\/wp\/v2\/product\/13604","targetHints":{"allow":["GET"]}}],"collection":[{"href":"https:\/\/k-level.com\/es\/wp-json\/wp\/v2\/product"}],"about":[{"href":"https:\/\/k-level.com\/es\/wp-json\/wp\/v2\/types\/product"}],"replies":[{"embeddable":true,"href":"https:\/\/k-level.com\/es\/wp-json\/wp\/v2\/comments?post=13604"}],"version-history":[{"count":3,"href":"https:\/\/k-level.com\/es\/wp-json\/wp\/v2\/product\/13604\/revisions"}],"predecessor-version":[{"id":13793,"href":"https:\/\/k-level.com\/es\/wp-json\/wp\/v2\/product\/13604\/revisions\/13793"}],"wp:featuredmedia":[{"embeddable":true,"href":"https:\/\/k-level.com\/es\/wp-json\/wp\/v2\/media\/13606"}],"wp:attachment":[{"href":"https:\/\/k-level.com\/es\/wp-json\/wp\/v2\/media?parent=13604"}],"wp:term":[{"taxonomy":"product_brand","embeddable":true,"href":"https:\/\/k-level.com\/es\/wp-json\/wp\/v2\/product_brand?post=13604"},{"taxonomy":"product_cat","embeddable":true,"href":"https:\/\/k-level.com\/es\/wp-json\/wp\/v2\/product_cat?post=13604"},{"taxonomy":"product_tag","embeddable":true,"href":"https:\/\/k-level.com\/es\/wp-json\/wp\/v2\/product_tag?post=13604"}],"curies":[{"name":"gracias","href":"https:\/\/api.w.org\/{rel}","templated":true}]}}