{"id":13597,"date":"2025-07-01T14:55:06","date_gmt":"2025-07-01T06:55:06","guid":{"rendered":"https:\/\/k-level.com\/?post_type=product&#038;p=13597"},"modified":"2025-07-15T17:28:17","modified_gmt":"2025-07-15T09:28:17","slug":"soporte-para-laser-de-linea-llb24a-24ab","status":"publish","type":"product","link":"https:\/\/k-level.com\/es\/producto\/soporte-para-laser-de-linea-llb24a-24ab\/","title":{"rendered":"Soporte para l\u00e1ser de l\u00ednea LLB24A\/24AB"},"content":{"rendered":"<p>El soporte para l\u00e1ser de l\u00ednea LLB24A\/24AB es el accesorio perfecto para todos los niveles l\u00e1ser. Su rosca de 1\/4\u2033 es compatible con todas las marcas de equipos l\u00e1ser y es apto para cualquier lugar de trabajo, garantizando mediciones estables y precisas. Ya sea en una obra o en una reforma, este soporte ofrece un soporte excelente.<\/p>\n<p>Este soporte l\u00e1ser de l\u00ednea LLB24A\/24AB tiene imanes potentes y se puede colocar f\u00e1cilmente en marcos de metal.<\/p>\n<p>El soporte de pared para niveles l\u00e1ser multidireccionales es una caracter\u00edstica clave del<a href=\"https:\/\/k-level.com\/es\/comercio\/\"> Soporte LLB24A\/24AB<\/a>Su dise\u00f1o \u00fanico permite una f\u00e1cil instalaci\u00f3n en diversas superficies de pared, proporcionando una plataforma estable para su nivel l\u00e1ser. Al montar su l\u00e1ser de forma segura, el soporte garantiza mediciones precisas y consistentes, reduciendo el riesgo de errores en cualquier proyecto. Ya sea que trabaje en obras de construcci\u00f3n, renovaciones de viviendas o instalaciones art\u00edsticas, este soporte de pared simplifica su flujo de trabajo.<\/p>\n<p>Una de las ventajas destacadas del LLB24A\/24AB es su capacidad multidireccional. <a href=\"https:\/\/k-level.com\/es\/comercio\/\">Soporte de pared para niveles l\u00e1ser multidireccionales<\/a> Permite a los usuarios proyectar l\u00edneas l\u00e1ser en m\u00faltiples orientaciones, lo que lo hace incre\u00edblemente vers\u00e1til. Esta funci\u00f3n es ideal para tareas que requieren una alineaci\u00f3n precisa, como colgar estantes, alinear azulejos o nivelar gabinetes.<\/p>\n<p><img fetchpriority=\"high\" decoding=\"async\" class=\"aligncenter wp-image-13600 size-medium\" src=\"https:\/\/k-level.com\/wp-content\/uploads\/2025\/07\/06-300x300.jpg\" alt=\"Soporte de pared para niveles l\u00e1ser multidireccionales\" width=\"300\" height=\"300\" srcset=\"https:\/\/k-level.com\/wp-content\/uploads\/2025\/07\/06-300x300.jpg 300w, https:\/\/k-level.com\/wp-content\/uploads\/2025\/07\/06-150x150.jpg 150w, https:\/\/k-level.com\/wp-content\/uploads\/2025\/07\/06-768x768.jpg 768w, https:\/\/k-level.com\/wp-content\/uploads\/2025\/07\/06-12x12.jpg 12w, https:\/\/k-level.com\/wp-content\/uploads\/2025\/07\/06-370x370.jpg 370w, https:\/\/k-level.com\/wp-content\/uploads\/2025\/07\/06-400x400.jpg 400w, https:\/\/k-level.com\/wp-content\/uploads\/2025\/07\/06-100x100.jpg 100w, https:\/\/k-level.com\/wp-content\/uploads\/2025\/07\/06-50x50.jpg 50w, https:\/\/k-level.com\/wp-content\/uploads\/2025\/07\/06.jpg 800w\" sizes=\"(max-width: 300px) 100vw, 300px\" \/><br \/>\nEl soporte para l\u00e1ser de l\u00ednea LLB24A\/24AB tambi\u00e9n se puede fijar a paneles de yeso a trav\u00e9s del orificio superior o usar con un poste telesc\u00f3pico profesional. El sistema de ajuste de altura permite alinear la l\u00ednea l\u00e1ser con rapidez y precisi\u00f3n, mejorando as\u00ed la eficiencia del trabajo.<\/p>\n<p>Existen dos modelos diferentes de soporte para l\u00e1ser de l\u00ednea LLB24: el LLB24A y el LLB24AB. El LLB24AB tiene un soporte en la parte posterior.<\/p>\n<p>\u00bfNecesita una soluci\u00f3n?<br \/>\nK-level ofrece servicios de consultor\u00eda para equipos topogr\u00e1ficos. \u00a1Cont\u00e1ctenos para pedidos al por mayor o asistencia t\u00e9cnica!<\/p>","protected":false},"excerpt":{"rendered":"<ul>\n<li>El soporte l\u00e1ser de l\u00ednea LLB24A\/24AB es una opci\u00f3n ideal para la medici\u00f3n<\/li>\n<li>Construcci\u00f3n con sus potentes funciones y dise\u00f1o conveniente.<\/li>\n<li>Ya sea que est\u00e9 buscando una herramienta de alineaci\u00f3n l\u00e1ser precisa o necesite un soporte port\u00e1til.<\/li>\n<\/ul>\n<p><img decoding=\"async\" class=\"alignnone size-medium wp-image-13646\" src=\"https:\/\/k-level.com\/wp-content\/uploads\/2025\/05\/logo-300x98.png\" alt=\"\" width=\"300\" height=\"98\" srcset=\"https:\/\/k-level.com\/wp-content\/uploads\/2025\/05\/logo-300x98.png 300w, https:\/\/k-level.com\/wp-content\/uploads\/2025\/05\/logo-18x6.png 18w, https:\/\/k-level.com\/wp-content\/uploads\/2025\/05\/logo.png 307w\" sizes=\"(max-width: 300px) 100vw, 300px\" \/><\/p>","protected":false},"featured_media":13598,"comment_status":"open","ping_status":"closed","template":"","meta":[],"product_brand":[],"product_cat":[260],"product_tag":[238],"class_list":{"0":"post-13597","1":"product","2":"type-product","3":"status-publish","4":"has-post-thumbnail","6":"product_cat-line-laser-bracket","7":"product_tag-carpentry-and-furniture","9":"first","10":"instock","11":"shipping-taxable","12":"product-type-simple"},"_links":{"self":[{"href":"https:\/\/k-level.com\/es\/wp-json\/wp\/v2\/product\/13597","targetHints":{"allow":["GET"]}}],"collection":[{"href":"https:\/\/k-level.com\/es\/wp-json\/wp\/v2\/product"}],"about":[{"href":"https:\/\/k-level.com\/es\/wp-json\/wp\/v2\/types\/product"}],"replies":[{"embeddable":true,"href":"https:\/\/k-level.com\/es\/wp-json\/wp\/v2\/comments?post=13597"}],"version-history":[{"count":5,"href":"https:\/\/k-level.com\/es\/wp-json\/wp\/v2\/product\/13597\/revisions"}],"predecessor-version":[{"id":13792,"href":"https:\/\/k-level.com\/es\/wp-json\/wp\/v2\/product\/13597\/revisions\/13792"}],"wp:featuredmedia":[{"embeddable":true,"href":"https:\/\/k-level.com\/es\/wp-json\/wp\/v2\/media\/13598"}],"wp:attachment":[{"href":"https:\/\/k-level.com\/es\/wp-json\/wp\/v2\/media?parent=13597"}],"wp:term":[{"taxonomy":"product_brand","embeddable":true,"href":"https:\/\/k-level.com\/es\/wp-json\/wp\/v2\/product_brand?post=13597"},{"taxonomy":"product_cat","embeddable":true,"href":"https:\/\/k-level.com\/es\/wp-json\/wp\/v2\/product_cat?post=13597"},{"taxonomy":"product_tag","embeddable":true,"href":"https:\/\/k-level.com\/es\/wp-json\/wp\/v2\/product_tag?post=13597"}],"curies":[{"name":"gracias","href":"https:\/\/api.w.org\/{rel}","templated":true}]}}