{"id":13591,"date":"2025-07-01T14:00:59","date_gmt":"2025-07-01T06:00:59","guid":{"rendered":"https:\/\/k-level.com\/?post_type=product&#038;p=13591"},"modified":"2025-07-15T17:12:27","modified_gmt":"2025-07-15T09:12:27","slug":"kit-de-accesorios-para-nivel-laser-con-soporte-para-laser-de-linea-llb23a","status":"publish","type":"product","link":"https:\/\/k-level.com\/es\/producto\/kit-de-accesorios-para-nivel-laser-con-soporte-para-laser-de-linea-llb23a\/","title":{"rendered":"Soporte para l\u00e1ser de l\u00ednea LLB23A"},"content":{"rendered":"<p>Versatile LLB23A Line Laser Bracket \u2013 Magnetic Design and Adjustable Clamp<\/p>\n<p>El soporte l\u00e1ser de l\u00ednea LLB23A es el compa\u00f1ero perfecto para sus herramientas de medici\u00f3n, combinando un dise\u00f1o innovador con una funcionalidad pr\u00e1ctica.<br \/>\nEl soporte l\u00e1ser de l\u00ednea LLB23A est\u00e1 equipado con una abrazadera ajustable con tornillo que se puede montar de forma segura en paneles de hasta 8,7 cm de alto, lo que proporciona un rango de sujeci\u00f3n m\u00e1s amplio que los dise\u00f1os de resorte tradicionales y se adapta a una variedad de escenarios de uso.<\/p>\n<p><a href=\"https:\/\/k-level.com\/es\/comercio\/\">Soporte para l\u00e1ser de l\u00ednea LLB23A<\/a>, la pieza central de nuestro completo <a href=\"https:\/\/k-level.com\/es\/comercio\/\">Kit de accesorios para nivel l\u00e1ser<\/a>Dise\u00f1ada para profesionales que exigen versatilidad y precisi\u00f3n, esta completa soluci\u00f3n de montaje transforma la forma de trabajar con l\u00e1seres de l\u00ednea en aplicaciones de construcci\u00f3n, topograf\u00eda e industriales.<\/p>\n<p>El kit de accesorios para nivel l\u00e1ser destaca por su innovador sistema de cambio r\u00e1pido que permite cambiar f\u00e1cilmente entre diferentes configuraciones de montaje en segundos. Ya sea que necesite montaje en el techo, en la pared o en un tr\u00edpode, este... <a href=\"https:\/\/k-level.com\/es\/comercio\/\">Kit de accesorios para nivel l\u00e1ser<\/a> provides the perfect solution. The LLB23A\u2019s aircraft-grade aluminum construction ensures durability while maintaining lightweight portability.<\/p>\n<p><img fetchpriority=\"high\" decoding=\"async\" class=\"aligncenter wp-image-13592 size-medium\" src=\"https:\/\/k-level.com\/wp-content\/uploads\/2025\/07\/01-300x300.jpg\" alt=\"Kit de accesorios para nivel l\u00e1ser\" width=\"300\" height=\"300\" srcset=\"https:\/\/k-level.com\/wp-content\/uploads\/2025\/07\/01-300x300.jpg 300w, https:\/\/k-level.com\/wp-content\/uploads\/2025\/07\/01-150x150.jpg 150w, https:\/\/k-level.com\/wp-content\/uploads\/2025\/07\/01-768x768.jpg 768w, https:\/\/k-level.com\/wp-content\/uploads\/2025\/07\/01-12x12.jpg 12w, https:\/\/k-level.com\/wp-content\/uploads\/2025\/07\/01-370x370.jpg 370w, https:\/\/k-level.com\/wp-content\/uploads\/2025\/07\/01-400x400.jpg 400w, https:\/\/k-level.com\/wp-content\/uploads\/2025\/07\/01-100x100.jpg 100w, https:\/\/k-level.com\/wp-content\/uploads\/2025\/07\/01-50x50.jpg 50w, https:\/\/k-level.com\/wp-content\/uploads\/2025\/07\/01.jpg 800w\" sizes=\"(max-width: 300px) 100vw, 300px\" \/><\/p>\n<p>Whether indoors or outdoors, this bracket provides you with four mounting options: magnetic attachment, clamping plate, hanging on nails, or mounting on a tripod with a 1\/4\u2033-20 threaded port. Its multi-directional adjustment function allows you to easily adjust the angle of the laser to ensure the accuracy of every measurement.<\/p>\n<p>\u00bfNecesita una soluci\u00f3n?<br \/>\nK-level ofrece servicios de consultor\u00eda para equipos topogr\u00e1ficos. \u00a1Cont\u00e1ctenos para pedidos al por mayor o asistencia t\u00e9cnica!<\/p>","protected":false},"excerpt":{"rendered":"<ul>\n<li>El soporte l\u00e1ser de l\u00ednea LLB23A es una opci\u00f3n ideal para<\/li>\n<li>Trabajos de medici\u00f3n con su construcci\u00f3n robusta y versatilidad.<\/li>\n<li>El soporte puede proporcionar un excelente apoyo y estabilidad para ayudarlo a completar f\u00e1cilmente cada tarea de medici\u00f3n.<\/li>\n<\/ul>\n<p><img decoding=\"async\" class=\"alignnone size-medium wp-image-13646\" src=\"https:\/\/k-level.com\/wp-content\/uploads\/2025\/05\/logo-300x98.png\" alt=\"\" width=\"300\" height=\"98\" srcset=\"https:\/\/k-level.com\/wp-content\/uploads\/2025\/05\/logo-300x98.png 300w, https:\/\/k-level.com\/wp-content\/uploads\/2025\/05\/logo-18x6.png 18w, https:\/\/k-level.com\/wp-content\/uploads\/2025\/05\/logo.png 307w\" sizes=\"(max-width: 300px) 100vw, 300px\" \/><\/p>","protected":false},"featured_media":13593,"comment_status":"open","ping_status":"closed","template":"","meta":[],"product_brand":[],"product_cat":[260],"product_tag":[238],"class_list":{"0":"post-13591","1":"product","2":"type-product","3":"status-publish","4":"has-post-thumbnail","6":"product_cat-line-laser-bracket","7":"product_tag-carpentry-and-furniture","9":"first","10":"instock","11":"shipping-taxable","12":"product-type-simple"},"_links":{"self":[{"href":"https:\/\/k-level.com\/es\/wp-json\/wp\/v2\/product\/13591","targetHints":{"allow":["GET"]}}],"collection":[{"href":"https:\/\/k-level.com\/es\/wp-json\/wp\/v2\/product"}],"about":[{"href":"https:\/\/k-level.com\/es\/wp-json\/wp\/v2\/types\/product"}],"replies":[{"embeddable":true,"href":"https:\/\/k-level.com\/es\/wp-json\/wp\/v2\/comments?post=13591"}],"version-history":[{"count":3,"href":"https:\/\/k-level.com\/es\/wp-json\/wp\/v2\/product\/13591\/revisions"}],"predecessor-version":[{"id":13791,"href":"https:\/\/k-level.com\/es\/wp-json\/wp\/v2\/product\/13591\/revisions\/13791"}],"wp:featuredmedia":[{"embeddable":true,"href":"https:\/\/k-level.com\/es\/wp-json\/wp\/v2\/media\/13593"}],"wp:attachment":[{"href":"https:\/\/k-level.com\/es\/wp-json\/wp\/v2\/media?parent=13591"}],"wp:term":[{"taxonomy":"product_brand","embeddable":true,"href":"https:\/\/k-level.com\/es\/wp-json\/wp\/v2\/product_brand?post=13591"},{"taxonomy":"product_cat","embeddable":true,"href":"https:\/\/k-level.com\/es\/wp-json\/wp\/v2\/product_cat?post=13591"},{"taxonomy":"product_tag","embeddable":true,"href":"https:\/\/k-level.com\/es\/wp-json\/wp\/v2\/product_tag?post=13591"}],"curies":[{"name":"gracias","href":"https:\/\/api.w.org\/{rel}","templated":true}]}}