{"id":13585,"date":"2025-06-30T17:26:10","date_gmt":"2025-06-30T09:26:10","guid":{"rendered":"https:\/\/k-level.com\/?post_type=product&#038;p=13585"},"modified":"2025-07-15T17:07:28","modified_gmt":"2025-07-15T09:07:28","slug":"soporte-para-laser-de-linea-llb22a","status":"publish","type":"product","link":"https:\/\/k-level.com\/es\/producto\/soporte-para-laser-de-linea-llb22a\/","title":{"rendered":"Soporte para l\u00e1ser de l\u00ednea LLB22A"},"content":{"rendered":"<p>El <a href=\"https:\/\/k-level.com\/es\/sobre-nosotros\/\">Soporte para l\u00e1ser de l\u00ednea LLB22A<\/a> Es una herramienta vers\u00e1til y duradera dise\u00f1ada para una fijaci\u00f3n segura en diversos escenarios.<\/p>\n<p>Con m\u00faltiples m\u00e9todos de fijaci\u00f3n, compatibilidad con roscas hembra de 1\/4\u2033-20 y un dise\u00f1o liviano.<\/p>\n<p>El sistema de soporte magn\u00e9tico del nivel l\u00e1ser LLB22A incorpora un im\u00e1n de neodimio de alta resistencia que proporciona una sujeci\u00f3n excepcional y mantiene una alineaci\u00f3n perfecta. A diferencia de los soportes est\u00e1ndar, nuestro...<a href=\"https:\/\/k-level.com\/es\/sobre-nosotros\/\"> Soporte magn\u00e9tico para nivel l\u00e1ser<\/a> Proporciona una estabilidad superior (con una fuerza magn\u00e9tica de hasta 22 kg\/cm\u00b2) que resiste vibraciones e impactos accidentales.<br \/>\nEl dise\u00f1o innovador cuenta con una base giratoria de 360\u00b0 con capacidad de ajuste fino, lo que permite una alineaci\u00f3n l\u00e1ser con precisi\u00f3n milim\u00e9trica en cualquier direcci\u00f3n.<\/p>\n<p>El soporte magn\u00e9tico de nivel l\u00e1ser de nuestro modelo LLB22A representa la dedicaci\u00f3n de K-level en la creaci\u00f3n de herramientas de calidad profesional que mejoran la eficiencia del trabajo.<\/p>\n<p><img fetchpriority=\"high\" decoding=\"async\" class=\"aligncenter wp-image-13587 size-medium\" src=\"https:\/\/k-level.com\/wp-content\/uploads\/2025\/06\/02-4-300x300.jpg\" alt=\"Soporte magn\u00e9tico para nivel l\u00e1ser\" width=\"300\" height=\"300\" srcset=\"https:\/\/k-level.com\/wp-content\/uploads\/2025\/06\/02-4-300x300.jpg 300w, https:\/\/k-level.com\/wp-content\/uploads\/2025\/06\/02-4-150x150.jpg 150w, https:\/\/k-level.com\/wp-content\/uploads\/2025\/06\/02-4-768x768.jpg 768w, https:\/\/k-level.com\/wp-content\/uploads\/2025\/06\/02-4-12x12.jpg 12w, https:\/\/k-level.com\/wp-content\/uploads\/2025\/06\/02-4-370x370.jpg 370w, https:\/\/k-level.com\/wp-content\/uploads\/2025\/06\/02-4-400x400.jpg 400w, https:\/\/k-level.com\/wp-content\/uploads\/2025\/06\/02-4-100x100.jpg 100w, https:\/\/k-level.com\/wp-content\/uploads\/2025\/06\/02-4-50x50.jpg 50w, https:\/\/k-level.com\/wp-content\/uploads\/2025\/06\/02-4.jpg 800w\" sizes=\"(max-width: 300px) 100vw, 300px\" \/><\/p>\n<p>Este soporte l\u00e1ser de l\u00ednea LLB22A mejora la comodidad y la eficiencia para los profesionales de la construcci\u00f3n y la topograf\u00eda.<\/p>\n<p>\u00bfNecesita una soluci\u00f3n?<br \/>\nK-level ofrece servicios de consultor\u00eda para equipos topogr\u00e1ficos. \u00a1Cont\u00e1ctenos para pedidos al por mayor o asistencia t\u00e9cnica!<\/p>","protected":false},"excerpt":{"rendered":"<ul>\n<li>Soporte para l\u00e1ser de l\u00ednea LLB22A que permite fijarlo a objetos de hierro<\/li>\n<li>tr\u00edpodes (con orificios roscados de 1\/4\u2033 y 5\/8\u2033), cuerdas o clavos para aplicaciones vers\u00e1tiles.<\/li>\n<li>Dise\u00f1ado para la compatibilidad, este soporte es adecuado para todos los niveles.<\/li>\n<\/ul>\n<p><img decoding=\"async\" class=\"alignnone size-medium wp-image-13646\" src=\"https:\/\/k-level.com\/wp-content\/uploads\/2025\/05\/logo-300x98.png\" alt=\"\" width=\"300\" height=\"98\" srcset=\"https:\/\/k-level.com\/wp-content\/uploads\/2025\/05\/logo-300x98.png 300w, https:\/\/k-level.com\/wp-content\/uploads\/2025\/05\/logo-18x6.png 18w, https:\/\/k-level.com\/wp-content\/uploads\/2025\/05\/logo.png 307w\" sizes=\"(max-width: 300px) 100vw, 300px\" \/><\/p>\n<p>&nbsp;<\/p>","protected":false},"featured_media":13586,"comment_status":"open","ping_status":"closed","template":"","meta":[],"product_brand":[],"product_cat":[261],"product_tag":[238],"class_list":{"0":"post-13585","1":"product","2":"type-product","3":"status-publish","4":"has-post-thumbnail","6":"product_cat-rotary-laser-bracket","7":"product_tag-carpentry-and-furniture","9":"first","10":"instock","11":"shipping-taxable","12":"product-type-simple"},"_links":{"self":[{"href":"https:\/\/k-level.com\/es\/wp-json\/wp\/v2\/product\/13585","targetHints":{"allow":["GET"]}}],"collection":[{"href":"https:\/\/k-level.com\/es\/wp-json\/wp\/v2\/product"}],"about":[{"href":"https:\/\/k-level.com\/es\/wp-json\/wp\/v2\/types\/product"}],"replies":[{"embeddable":true,"href":"https:\/\/k-level.com\/es\/wp-json\/wp\/v2\/comments?post=13585"}],"version-history":[{"count":3,"href":"https:\/\/k-level.com\/es\/wp-json\/wp\/v2\/product\/13585\/revisions"}],"predecessor-version":[{"id":13790,"href":"https:\/\/k-level.com\/es\/wp-json\/wp\/v2\/product\/13585\/revisions\/13790"}],"wp:featuredmedia":[{"embeddable":true,"href":"https:\/\/k-level.com\/es\/wp-json\/wp\/v2\/media\/13586"}],"wp:attachment":[{"href":"https:\/\/k-level.com\/es\/wp-json\/wp\/v2\/media?parent=13585"}],"wp:term":[{"taxonomy":"product_brand","embeddable":true,"href":"https:\/\/k-level.com\/es\/wp-json\/wp\/v2\/product_brand?post=13585"},{"taxonomy":"product_cat","embeddable":true,"href":"https:\/\/k-level.com\/es\/wp-json\/wp\/v2\/product_cat?post=13585"},{"taxonomy":"product_tag","embeddable":true,"href":"https:\/\/k-level.com\/es\/wp-json\/wp\/v2\/product_tag?post=13585"}],"curies":[{"name":"gracias","href":"https:\/\/api.w.org\/{rel}","templated":true}]}}