{"id":13571,"date":"2025-06-30T16:55:31","date_gmt":"2025-06-30T08:55:31","guid":{"rendered":"https:\/\/k-level.com\/?post_type=product&#038;p=13571"},"modified":"2025-07-15T15:46:26","modified_gmt":"2025-07-15T07:46:26","slug":"soporte-para-laser-de-linea-llb06","status":"publish","type":"product","link":"https:\/\/k-level.com\/es\/producto\/soporte-para-laser-de-linea-llb06\/","title":{"rendered":"Soporte para l\u00e1ser de l\u00ednea LLB06"},"content":{"rendered":"<p>El <a href=\"https:\/\/k-level.com\/es\/contactanos\/\">Soporte para l\u00e1ser de l\u00ednea LLB06<\/a> Es una soluci\u00f3n de montaje de calidad profesional dise\u00f1ada para ofrecer precisi\u00f3n y comodidad. Con un potente im\u00e1n, un \u00e1ngulo ajustable de 0\u00b0 a 90\u00b0 y adaptadores dobles (1\/4\u2033-20 y 5\/8\u2033-11), garantiza una fijaci\u00f3n segura y vers\u00e1til para l\u00e1seres de l\u00ednea en aplicaciones de construcci\u00f3n, topograf\u00eda e industriales.<\/p>\n<p><img fetchpriority=\"high\" decoding=\"async\" class=\"aligncenter wp-image-13572 size-medium\" src=\"https:\/\/k-level.com\/wp-content\/uploads\/2025\/06\/01-3-300x300.jpg\" alt=\"Nivel l\u00e1ser magn\u00e9tico con soporte en L\" width=\"300\" height=\"300\" srcset=\"https:\/\/k-level.com\/wp-content\/uploads\/2025\/06\/01-3-300x300.jpg 300w, https:\/\/k-level.com\/wp-content\/uploads\/2025\/06\/01-3-150x150.jpg 150w, https:\/\/k-level.com\/wp-content\/uploads\/2025\/06\/01-3-768x768.jpg 768w, https:\/\/k-level.com\/wp-content\/uploads\/2025\/06\/01-3-12x12.jpg 12w, https:\/\/k-level.com\/wp-content\/uploads\/2025\/06\/01-3-370x370.jpg 370w, https:\/\/k-level.com\/wp-content\/uploads\/2025\/06\/01-3-400x400.jpg 400w, https:\/\/k-level.com\/wp-content\/uploads\/2025\/06\/01-3-100x100.jpg 100w, https:\/\/k-level.com\/wp-content\/uploads\/2025\/06\/01-3-50x50.jpg 50w, https:\/\/k-level.com\/wp-content\/uploads\/2025\/06\/01-3.jpg 800w\" sizes=\"(max-width: 300px) 100vw, 300px\" \/><\/p>\n<p>El soporte l\u00e1ser de l\u00ednea LLB06 tiene un dise\u00f1o duradero y una f\u00e1cil instalaci\u00f3n que lo convierten en una herramienta esencial para los profesionales que buscan un posicionamiento l\u00e1ser confiable y eficiente.<\/p>\n<p>El soporte para l\u00e1ser de l\u00ednea LLB06 demuestra nuestro compromiso con la calidad y la innovaci\u00f3n. Esta vers\u00e1til herramienta est\u00e1 dise\u00f1ada para optimizar la funcionalidad de sus niveles l\u00e1ser de l\u00ednea, ofreciendo precisi\u00f3n y flexibilidad en diversas aplicaciones.<\/p>\n<p>El <a href=\"https:\/\/k-level.com\/es\/contactanos\/\">Nivel l\u00e1ser magn\u00e9tico con soporte en L<\/a> Es un accesorio esencial para cualquier profesional o aficionado al bricolaje que busque mediciones precisas. Su robusta base magn\u00e9tica se fija firmemente a superficies met\u00e1licas, proporcionando una plataforma estable para su l\u00e1ser de l\u00ednea, ya sea que trabaje en obras de construcci\u00f3n, reformas del hogar o incluso en instalaciones art\u00edsticas. El soporte magn\u00e9tico en L para nivel l\u00e1ser garantiza que su l\u00e1ser permanezca en su lugar mientras usted se concentra en sus mediciones, reduciendo el riesgo de errores y mejorando la eficiencia general.<\/p>\n<p>Una de las caracter\u00edsticas destacadas del LLB06 es su dise\u00f1o ajustable. El soporte en L del nivel l\u00e1ser magn\u00e9tico se puede colocar f\u00e1cilmente en varios \u00e1ngulos, lo que permite proyectar l\u00edneas l\u00e1ser con precisi\u00f3n. Esta flexibilidad es especialmente beneficiosa para tareas como alinear estantes, instalar gabinetes o marcar paredes para pintar. Con la posibilidad de personalizar el \u00e1ngulo y la altura, este soporte se adapta a las necesidades espec\u00edficas de su proyecto, convirti\u00e9ndolo en una herramienta indispensable en su arsenal de medici\u00f3n.<\/p>\n<p>La durabilidad es otro sello distintivo del LLB06. Fabricado con materiales de alta calidad, el <a href=\"https:\/\/k-level.com\/es\/contactanos\/\">Nivel l\u00e1ser magn\u00e9tico con soporte en L<\/a> Est\u00e1 construido para soportar los rigores del uso diario.<\/p>\n<p>\u00bfNecesita una soluci\u00f3n?<br \/>\nK-level ofrece servicios de consultor\u00eda para equipos topogr\u00e1ficos. \u00a1Cont\u00e1ctenos para pedidos al por mayor o asistencia t\u00e9cnica!<\/p>","protected":false},"excerpt":{"rendered":"<ul>\n<li>Soporte l\u00e1ser de l\u00ednea LLB06 para una alineaci\u00f3n l\u00e1ser estable en diversos entornos de trabajo<\/li>\n<li>lo que hace que el soporte l\u00e1ser de l\u00ednea LLB06 sea ideal para profesionales que<br \/>\nNecesita soluciones de montaje l\u00e1ser eficientes y precisas.<\/li>\n<\/ul>\n<p><img decoding=\"async\" class=\"alignnone size-medium wp-image-13646\" src=\"https:\/\/k-level.com\/wp-content\/uploads\/2025\/05\/logo-300x98.png\" alt=\"\" width=\"300\" height=\"98\" srcset=\"https:\/\/k-level.com\/wp-content\/uploads\/2025\/05\/logo-300x98.png 300w, https:\/\/k-level.com\/wp-content\/uploads\/2025\/05\/logo-18x6.png 18w, https:\/\/k-level.com\/wp-content\/uploads\/2025\/05\/logo.png 307w\" sizes=\"(max-width: 300px) 100vw, 300px\" \/><\/p>","protected":false},"featured_media":13572,"comment_status":"open","ping_status":"closed","template":"","meta":[],"product_brand":[],"product_cat":[260],"product_tag":[238],"class_list":{"0":"post-13571","1":"product","2":"type-product","3":"status-publish","4":"has-post-thumbnail","6":"product_cat-line-laser-bracket","7":"product_tag-carpentry-and-furniture","9":"first","10":"instock","11":"shipping-taxable","12":"product-type-simple"},"_links":{"self":[{"href":"https:\/\/k-level.com\/es\/wp-json\/wp\/v2\/product\/13571","targetHints":{"allow":["GET"]}}],"collection":[{"href":"https:\/\/k-level.com\/es\/wp-json\/wp\/v2\/product"}],"about":[{"href":"https:\/\/k-level.com\/es\/wp-json\/wp\/v2\/types\/product"}],"replies":[{"embeddable":true,"href":"https:\/\/k-level.com\/es\/wp-json\/wp\/v2\/comments?post=13571"}],"version-history":[{"count":4,"href":"https:\/\/k-level.com\/es\/wp-json\/wp\/v2\/product\/13571\/revisions"}],"predecessor-version":[{"id":13785,"href":"https:\/\/k-level.com\/es\/wp-json\/wp\/v2\/product\/13571\/revisions\/13785"}],"wp:featuredmedia":[{"embeddable":true,"href":"https:\/\/k-level.com\/es\/wp-json\/wp\/v2\/media\/13572"}],"wp:attachment":[{"href":"https:\/\/k-level.com\/es\/wp-json\/wp\/v2\/media?parent=13571"}],"wp:term":[{"taxonomy":"product_brand","embeddable":true,"href":"https:\/\/k-level.com\/es\/wp-json\/wp\/v2\/product_brand?post=13571"},{"taxonomy":"product_cat","embeddable":true,"href":"https:\/\/k-level.com\/es\/wp-json\/wp\/v2\/product_cat?post=13571"},{"taxonomy":"product_tag","embeddable":true,"href":"https:\/\/k-level.com\/es\/wp-json\/wp\/v2\/product_tag?post=13571"}],"curies":[{"name":"gracias","href":"https:\/\/api.w.org\/{rel}","templated":true}]}}