{"id":13565,"date":"2025-06-30T16:40:23","date_gmt":"2025-06-30T08:40:23","guid":{"rendered":"https:\/\/k-level.com\/?post_type=product&#038;p=13565"},"modified":"2025-07-15T15:27:15","modified_gmt":"2025-07-15T07:27:15","slug":"soporte-para-laser-de-linea-llb04","status":"publish","type":"product","link":"https:\/\/k-level.com\/es\/producto\/soporte-para-laser-de-linea-llb04\/","title":{"rendered":"Soporte para l\u00e1ser de l\u00ednea LLB04"},"content":{"rendered":"<p>El soporte l\u00e1ser de l\u00ednea LLB04 es una herramienta vers\u00e1til y duradera dise\u00f1ada para aplicaciones l\u00e1ser, con un dise\u00f1o de barra L magn\u00e9tica y disponible en dos estilos de rosca.<\/p>\n<p>El soporte l\u00e1ser de l\u00ednea LLB04 es de naturaleza telesc\u00f3pica, lo que permite ajustes f\u00e1ciles, mientras que el modo de operaci\u00f3n autom\u00e1tica mejora la comodidad del usuario.<\/p>\n<p>Soporte para l\u00e1ser de l\u00ednea LLB04A: rosca de 1\/4\u2033-20<br \/>\nSoporte para l\u00e1ser de l\u00ednea LLB04B: rosca de 5\/8\u2033-11<\/p>\n<p>Soporte para l\u00e1ser de l\u00ednea LLB04A\/04B y el<a href=\"https:\/\/k-level.com\/es\/sobre-nosotros\/\"> Soporte magn\u00e9tico en forma de L para nivel l\u00e1ser<\/a>, dise\u00f1ado para satisfacer diversos requisitos de montaje en construcci\u00f3n, dise\u00f1o de interiores y tareas de alineaci\u00f3n industrial.<\/p>\n<p>El <a href=\"https:\/\/k-level.com\/es\/sobre-nosotros\/\">Soporte para l\u00e1ser de l\u00ednea LLB04A\/04B<\/a> El sistema ofrece opciones de montaje vers\u00e1tiles gracias a su dise\u00f1o ajustable, lo que permite un posicionamiento preciso del \u00e1ngulo y una fijaci\u00f3n segura a diversas superficies. Para los profesionales que necesitan la comodidad de un sistema magn\u00e9tico, nuestro soporte magn\u00e9tico en forma de L para nivel l\u00e1ser ofrece una funcionalidad excepcional gracias a su resistente base magn\u00e9tica que se fija firmemente a superficies met\u00e1licas, manteniendo una alineaci\u00f3n perfecta de 90\u00b0. Tanto el soporte para l\u00e1ser de l\u00ednea LLB04A\/04B como el soporte magn\u00e9tico en forma de L para nivel l\u00e1ser est\u00e1n fabricados con materiales duraderos para soportar las duras condiciones del lugar de trabajo.<\/p>\n<p>Dise\u00f1ado para la eficiencia, el soporte magn\u00e9tico en forma de L para nivel l\u00e1ser permite una r\u00e1pida configuraci\u00f3n y reposicionamiento, mejorando significativamente la productividad del flujo de trabajo. Por otro lado, el soporte para l\u00e1ser de l\u00ednea LLB04A\/04B ofrece mayor estabilidad para periodos de funcionamiento prolongados.<\/p>\n<p><img fetchpriority=\"high\" decoding=\"async\" class=\"aligncenter wp-image-13567 size-medium\" src=\"https:\/\/k-level.com\/wp-content\/uploads\/2025\/06\/02-3-300x300.jpg\" alt=\"Soporte magn\u00e9tico en forma de L para nivel l\u00e1ser\" width=\"300\" height=\"300\" srcset=\"https:\/\/k-level.com\/wp-content\/uploads\/2025\/06\/02-3-300x300.jpg 300w, https:\/\/k-level.com\/wp-content\/uploads\/2025\/06\/02-3-150x150.jpg 150w, https:\/\/k-level.com\/wp-content\/uploads\/2025\/06\/02-3-768x768.jpg 768w, https:\/\/k-level.com\/wp-content\/uploads\/2025\/06\/02-3-12x12.jpg 12w, https:\/\/k-level.com\/wp-content\/uploads\/2025\/06\/02-3-370x370.jpg 370w, https:\/\/k-level.com\/wp-content\/uploads\/2025\/06\/02-3-400x400.jpg 400w, https:\/\/k-level.com\/wp-content\/uploads\/2025\/06\/02-3-100x100.jpg 100w, https:\/\/k-level.com\/wp-content\/uploads\/2025\/06\/02-3-50x50.jpg 50w, https:\/\/k-level.com\/wp-content\/uploads\/2025\/06\/02-3.jpg 800w\" sizes=\"(max-width: 300px) 100vw, 300px\" \/><\/p>\n<p>Este soporte es el complemento perfecto para los profesionales que buscan confiabilidad y precisi\u00f3n en sus configuraciones l\u00e1ser.<\/p>\n<p>\u00bfNecesita una soluci\u00f3n?<br \/>\n<a href=\"https:\/\/k-level.com\/es\/sobre-nosotros\/\">Nivel K<\/a> Ofrecemos servicios de consultor\u00eda para equipos topogr\u00e1ficos. \u00a1Cont\u00e1ctenos para pedidos al por mayor o asistencia t\u00e9cnica!<\/p>","protected":false},"excerpt":{"rendered":"<ul>\n<li>Soporte para l\u00e1ser de l\u00ednea LLB04 Con modo de funcionamiento autom\u00e1tico<\/li>\n<li>El soporte l\u00e1ser de l\u00ednea LLB04 simplifica la configuraci\u00f3n y garantiza ajustes r\u00e1pidos.<\/li>\n<li>Convirti\u00e9ndolo en una herramienta imprescindible para los profesionales de la construcci\u00f3n y la topograf\u00eda.<\/li>\n<\/ul>\n<p><img decoding=\"async\" class=\"alignnone size-medium wp-image-13646\" src=\"https:\/\/k-level.com\/wp-content\/uploads\/2025\/05\/logo-300x98.png\" alt=\"\" width=\"300\" height=\"98\" srcset=\"https:\/\/k-level.com\/wp-content\/uploads\/2025\/05\/logo-300x98.png 300w, https:\/\/k-level.com\/wp-content\/uploads\/2025\/05\/logo-18x6.png 18w, https:\/\/k-level.com\/wp-content\/uploads\/2025\/05\/logo.png 307w\" sizes=\"(max-width: 300px) 100vw, 300px\" \/><\/p>","protected":false},"featured_media":13566,"comment_status":"open","ping_status":"closed","template":"","meta":[],"product_brand":[],"product_cat":[260],"product_tag":[238],"class_list":{"0":"post-13565","1":"product","2":"type-product","3":"status-publish","4":"has-post-thumbnail","6":"product_cat-line-laser-bracket","7":"product_tag-carpentry-and-furniture","9":"first","10":"instock","11":"shipping-taxable","12":"product-type-simple"},"_links":{"self":[{"href":"https:\/\/k-level.com\/es\/wp-json\/wp\/v2\/product\/13565","targetHints":{"allow":["GET"]}}],"collection":[{"href":"https:\/\/k-level.com\/es\/wp-json\/wp\/v2\/product"}],"about":[{"href":"https:\/\/k-level.com\/es\/wp-json\/wp\/v2\/types\/product"}],"replies":[{"embeddable":true,"href":"https:\/\/k-level.com\/es\/wp-json\/wp\/v2\/comments?post=13565"}],"version-history":[{"count":4,"href":"https:\/\/k-level.com\/es\/wp-json\/wp\/v2\/product\/13565\/revisions"}],"predecessor-version":[{"id":13783,"href":"https:\/\/k-level.com\/es\/wp-json\/wp\/v2\/product\/13565\/revisions\/13783"}],"wp:featuredmedia":[{"embeddable":true,"href":"https:\/\/k-level.com\/es\/wp-json\/wp\/v2\/media\/13566"}],"wp:attachment":[{"href":"https:\/\/k-level.com\/es\/wp-json\/wp\/v2\/media?parent=13565"}],"wp:term":[{"taxonomy":"product_brand","embeddable":true,"href":"https:\/\/k-level.com\/es\/wp-json\/wp\/v2\/product_brand?post=13565"},{"taxonomy":"product_cat","embeddable":true,"href":"https:\/\/k-level.com\/es\/wp-json\/wp\/v2\/product_cat?post=13565"},{"taxonomy":"product_tag","embeddable":true,"href":"https:\/\/k-level.com\/es\/wp-json\/wp\/v2\/product_tag?post=13565"}],"curies":[{"name":"gracias","href":"https:\/\/api.w.org\/{rel}","templated":true}]}}