{"id":13541,"date":"2025-06-25T17:29:16","date_gmt":"2025-06-25T09:29:16","guid":{"rendered":"https:\/\/k-level.com\/?post_type=product&#038;p=13541"},"modified":"2025-07-15T14:33:56","modified_gmt":"2025-07-15T06:33:56","slug":"placa-de-objetivo-laser-ltp02","status":"publish","type":"product","link":"https:\/\/k-level.com\/es\/producto\/placa-de-objetivo-laser-ltp02\/","title":{"rendered":"Placa de objetivo l\u00e1ser LTP02"},"content":{"rendered":"<p>Nuestra placa objetivo l\u00e1ser LTP02 est\u00e1 dise\u00f1ada para mejorar la precisi\u00f3n en aplicaciones de alineaci\u00f3n y nivelaci\u00f3n l\u00e1ser.<br \/>\nPlaca de objetivo l\u00e1ser magn\u00e9tica reflectante y placa de objetivo para l\u00e1ser rojo, ambas dise\u00f1adas para un rendimiento superior en construcci\u00f3n, topograf\u00eda y entornos industriales.<\/p>\n<p>El <a href=\"https:\/\/k-level.com\/es\/contactanos\/\">Placa de objetivo l\u00e1ser magn\u00e9tica reflectante<\/a> Est\u00e1 dise\u00f1ado para brindar m\u00e1xima visibilidad y durabilidad, con una superficie altamente reflectante que garantiza una detecci\u00f3n clara del rayo l\u00e1ser incluso en condiciones de luz brillante o baja.<br \/>\nMientras tanto, la placa objetivo para l\u00e1ser rojo est\u00e1 optimizada para la compatibilidad con rayos l\u00e1ser rojos, brindando un contraste n\u00edtido y una orientaci\u00f3n precisa para una mejor precisi\u00f3n de medici\u00f3n.<\/p>\n<p>La serie de placas de objetivo l\u00e1ser LTP02 ofrece una fiabilidad inigualable. Dise\u00f1adas para profesionales que exigen eficiencia y precisi\u00f3n, estas herramientas ayudan a optimizar los flujos de trabajo y a reducir errores en proyectos cr\u00edticos. Conf\u00ede en K-level para obtener soluciones de objetivo l\u00e1ser duraderas y de alto rendimiento que cumplen con los m\u00e1s altos est\u00e1ndares de la industria.<\/p>\n<p>&nbsp;<\/p>\n<p><img fetchpriority=\"high\" decoding=\"async\" class=\"aligncenter wp-image-13544 size-medium\" src=\"https:\/\/k-level.com\/wp-content\/uploads\/2025\/06\/LTP024-300x300.jpg\" alt=\"Placa de objetivo l\u00e1ser magn\u00e9tica reflectante\" width=\"300\" height=\"300\" srcset=\"https:\/\/k-level.com\/wp-content\/uploads\/2025\/06\/LTP024-300x300.jpg 300w, https:\/\/k-level.com\/wp-content\/uploads\/2025\/06\/LTP024-150x150.jpg 150w, https:\/\/k-level.com\/wp-content\/uploads\/2025\/06\/LTP024-768x768.jpg 768w, https:\/\/k-level.com\/wp-content\/uploads\/2025\/06\/LTP024-12x12.jpg 12w, https:\/\/k-level.com\/wp-content\/uploads\/2025\/06\/LTP024-370x370.jpg 370w, https:\/\/k-level.com\/wp-content\/uploads\/2025\/06\/LTP024-400x400.jpg 400w, https:\/\/k-level.com\/wp-content\/uploads\/2025\/06\/LTP024-100x100.jpg 100w, https:\/\/k-level.com\/wp-content\/uploads\/2025\/06\/LTP024-50x50.jpg 50w, https:\/\/k-level.com\/wp-content\/uploads\/2025\/06\/LTP024.jpg 800w\" sizes=\"(max-width: 300px) 100vw, 300px\" \/><\/p>\n<p>Placas de objetivo l\u00e1ser LTP02R (roja) y LTP02G (verde) con soporte: objetivos con visibilidad mejorada 1.3X para alineaci\u00f3n a larga distancia<\/p>\n<p>Visibilidad mejorada 1,3 veces: la pel\u00edcula reflectante especial aumenta la claridad de la l\u00ednea\/punto del l\u00e1ser<\/p>\n<p>Escalas de medici\u00f3n duales: marcas precisas en pulgadas y cent\u00edmetros con punto cero central<\/p>\n<p>Montaje en m\u00faltiples posiciones: parte trasera magn\u00e9tica, soporte plegable y orificio para colgar<\/p>\n<p>Compatibilidad universal: funciona con todos los niveles l\u00e1ser de haz rojo\/verde<\/p>\n<p>Calidad profesional: ideal para trabajos a larga distancia en condiciones de mucha luz.<\/p>\n<p>\u00bfNecesita una soluci\u00f3n?<br \/>\n<a href=\"https:\/\/k-level.com\/es\/contactanos\/\">Nivel K<\/a> Ofrecemos servicios de consultor\u00eda para equipos topogr\u00e1ficos. \u00a1Cont\u00e1ctenos para pedidos al por mayor o asistencia t\u00e9cnica!<\/p>","protected":false},"excerpt":{"rendered":"<ul>\n<li>Rendimiento mejorado: vea su l\u00ednea l\u00e1ser 30% m\u00e1s clara<\/li>\n<li>Posicionamiento vers\u00e1til: m\u00faltiples opciones de montaje<\/li>\n<li>Marcas de precisi\u00f3n: mediciones precisas en ambas unidades<\/li>\n<li>Construcci\u00f3n duradera: resiste las condiciones del lugar de trabajo<\/li>\n<\/ul>\n<p><img decoding=\"async\" class=\"alignnone size-medium wp-image-13646\" src=\"https:\/\/k-level.com\/wp-content\/uploads\/2025\/05\/logo-300x98.png\" alt=\"\" width=\"300\" height=\"98\" srcset=\"https:\/\/k-level.com\/wp-content\/uploads\/2025\/05\/logo-300x98.png 300w, https:\/\/k-level.com\/wp-content\/uploads\/2025\/05\/logo-18x6.png 18w, https:\/\/k-level.com\/wp-content\/uploads\/2025\/05\/logo.png 307w\" sizes=\"(max-width: 300px) 100vw, 300px\" \/><\/p>","protected":false},"featured_media":13542,"comment_status":"open","ping_status":"closed","template":"","meta":[],"product_brand":[],"product_cat":[255],"product_tag":[238],"class_list":{"0":"post-13541","1":"product","2":"type-product","3":"status-publish","4":"has-post-thumbnail","6":"product_cat-laser-target-plate","7":"product_tag-carpentry-and-furniture","9":"first","10":"instock","11":"shipping-taxable","12":"product-type-simple"},"_links":{"self":[{"href":"https:\/\/k-level.com\/es\/wp-json\/wp\/v2\/product\/13541","targetHints":{"allow":["GET"]}}],"collection":[{"href":"https:\/\/k-level.com\/es\/wp-json\/wp\/v2\/product"}],"about":[{"href":"https:\/\/k-level.com\/es\/wp-json\/wp\/v2\/types\/product"}],"replies":[{"embeddable":true,"href":"https:\/\/k-level.com\/es\/wp-json\/wp\/v2\/comments?post=13541"}],"version-history":[{"count":5,"href":"https:\/\/k-level.com\/es\/wp-json\/wp\/v2\/product\/13541\/revisions"}],"predecessor-version":[{"id":13781,"href":"https:\/\/k-level.com\/es\/wp-json\/wp\/v2\/product\/13541\/revisions\/13781"}],"wp:featuredmedia":[{"embeddable":true,"href":"https:\/\/k-level.com\/es\/wp-json\/wp\/v2\/media\/13542"}],"wp:attachment":[{"href":"https:\/\/k-level.com\/es\/wp-json\/wp\/v2\/media?parent=13541"}],"wp:term":[{"taxonomy":"product_brand","embeddable":true,"href":"https:\/\/k-level.com\/es\/wp-json\/wp\/v2\/product_brand?post=13541"},{"taxonomy":"product_cat","embeddable":true,"href":"https:\/\/k-level.com\/es\/wp-json\/wp\/v2\/product_cat?post=13541"},{"taxonomy":"product_tag","embeddable":true,"href":"https:\/\/k-level.com\/es\/wp-json\/wp\/v2\/product_tag?post=13541"}],"curies":[{"name":"gracias","href":"https:\/\/api.w.org\/{rel}","templated":true}]}}