{"id":13532,"date":"2025-06-25T17:20:58","date_gmt":"2025-06-25T09:20:58","guid":{"rendered":"https:\/\/k-level.com\/?post_type=product&#038;p=13532"},"modified":"2025-07-15T14:16:30","modified_gmt":"2025-07-15T06:16:30","slug":"placa-de-objetivo-laser-ltp01","status":"publish","type":"product","link":"https:\/\/k-level.com\/es\/producto\/placa-de-objetivo-laser-ltp01\/","title":{"rendered":"Placa de objetivo l\u00e1ser LTP01"},"content":{"rendered":"<p><strong>Placas de objetivo l\u00e1ser LTP01R\/LTP01G<\/strong> \u2013 Herramientas de medici\u00f3n de precisi\u00f3n para niveles l\u00e1ser<\/p>\n<p>El<a href=\"https:\/\/k-level.com\/es\/\"> Placa de objetivo l\u00e1ser LTP01<\/a> Es una herramienta de precisi\u00f3n esencial que mejora significativamente la precisi\u00f3n de la medici\u00f3n para diversas aplicaciones de nivel l\u00e1ser.<\/p>\n<p>Disponibles en dos modelos especializados (LTP01R para l\u00e1seres rojos y LTP01G para l\u00e1seres verdes), estos objetivos l\u00e1ser magn\u00e9ticos brindan una visibilidad clara del haz y capacidades de medici\u00f3n precisas, incluso a distancias extendidas de su unidad l\u00e1ser.<\/p>\n<p>En el nivel K, nos enorgullecemos de ofrecer instrumentos de medici\u00f3n de alta precisi\u00f3n y nuestros <a href=\"https:\/\/k-level.com\/es\/contactanos\/\">Placa de objetivo l\u00e1ser LTP01<\/a> Es una soluci\u00f3n excepcional para tareas precisas de alineaci\u00f3n y nivelaci\u00f3n l\u00e1ser. Dise\u00f1ada para profesionales de la construcci\u00f3n, topograf\u00eda e industria, esta categor\u00eda de productos incluye variantes especializadas como la placa de objetivo magn\u00e9tica verde y la tarjeta de placa de objetivo l\u00e1ser magn\u00e9tica para suelo, lo que garantiza versatilidad y fiabilidad en diversos entornos de trabajo.<\/p>\n<p>El <a href=\"https:\/\/k-level.com\/es\/contactanos\/\">Placa de objetivo magn\u00e9tica verde<\/a> Est\u00e1 dise\u00f1ado para una visibilidad y durabilidad superiores, con una superficie verde brillante que mejora la detecci\u00f3n del rayo l\u00e1ser incluso en condiciones de poca luz. Su fuerte base magn\u00e9tica permite una fijaci\u00f3n segura a superficies met\u00e1licas, lo que lo hace ideal para estructuras de acero, conductos y alineaci\u00f3n de maquinaria. Por otro lado, la tarjeta magn\u00e9tica para placa de objetivo l\u00e1ser de piso ofrece un dise\u00f1o ligero y resistente, perfecto para mediciones en piso y marcado de planos.<\/p>\n<p>Tanto la placa de objetivo magn\u00e9tica verde como la placa de objetivo l\u00e1ser de suelo magn\u00e9tico son herramientas esenciales para los profesionales que exigen precisi\u00f3n y eficiencia.<\/p>\n<p><img fetchpriority=\"high\" decoding=\"async\" class=\"aligncenter wp-image-13534 size-medium\" src=\"https:\/\/k-level.com\/wp-content\/uploads\/2025\/06\/LTP012-300x300.jpg\" alt=\"Placa de objetivo magn\u00e9tica verde\" width=\"300\" height=\"300\" srcset=\"https:\/\/k-level.com\/wp-content\/uploads\/2025\/06\/LTP012-300x300.jpg 300w, https:\/\/k-level.com\/wp-content\/uploads\/2025\/06\/LTP012-150x150.jpg 150w, https:\/\/k-level.com\/wp-content\/uploads\/2025\/06\/LTP012-768x768.jpg 768w, https:\/\/k-level.com\/wp-content\/uploads\/2025\/06\/LTP012-12x12.jpg 12w, https:\/\/k-level.com\/wp-content\/uploads\/2025\/06\/LTP012-370x370.jpg 370w, https:\/\/k-level.com\/wp-content\/uploads\/2025\/06\/LTP012-400x400.jpg 400w, https:\/\/k-level.com\/wp-content\/uploads\/2025\/06\/LTP012-100x100.jpg 100w, https:\/\/k-level.com\/wp-content\/uploads\/2025\/06\/LTP012-50x50.jpg 50w, https:\/\/k-level.com\/wp-content\/uploads\/2025\/06\/LTP012.jpg 800w\" sizes=\"(max-width: 300px) 100vw, 300px\" \/><\/p>\n<p><strong>Compatibilidad universal<\/strong><\/p>\n<p>Funciona con todo tipo de niveles l\u00e1ser, incluidos:<br \/>\nL\u00e1seres rotatorios<br \/>\nL\u00e1seres de l\u00edneas cruzadas<br \/>\nL\u00e1seres de puntos<br \/>\nMedidas l\u00e1ser<\/p>\n<p>&nbsp;<\/p>\n<p>\u00bfNecesita una soluci\u00f3n?<br \/>\nK-level ofrece servicios de consultor\u00eda para equipos topogr\u00e1ficos. \u00a1Cont\u00e1ctenos para pedidos al por mayor o asistencia t\u00e9cnica!<\/p>","protected":false},"excerpt":{"rendered":"<ul>\n<li>Medici\u00f3n de precisi\u00f3n: Las escalas precisas en pulgadas\/cm garantizan mediciones confiables<\/li>\n<li>Visibilidad mejorada: Las superficies especializadas hacen que los rayos l\u00e1ser se destaquen con claridad<\/li>\n<li>Compatibilidad universal: placa de objetivo magn\u00e9tica verde compatible con todas las principales marcas de niveles l\u00e1ser<\/li>\n<\/ul>\n<p><img decoding=\"async\" class=\"alignnone size-medium wp-image-13646\" src=\"https:\/\/k-level.com\/wp-content\/uploads\/2025\/05\/logo-300x98.png\" alt=\"\" width=\"300\" height=\"98\" srcset=\"https:\/\/k-level.com\/wp-content\/uploads\/2025\/05\/logo-300x98.png 300w, https:\/\/k-level.com\/wp-content\/uploads\/2025\/05\/logo-18x6.png 18w, https:\/\/k-level.com\/wp-content\/uploads\/2025\/05\/logo.png 307w\" sizes=\"(max-width: 300px) 100vw, 300px\" \/><\/p>","protected":false},"featured_media":13533,"comment_status":"open","ping_status":"closed","template":"","meta":[],"product_brand":[],"product_cat":[255],"product_tag":[238],"class_list":{"0":"post-13532","1":"product","2":"type-product","3":"status-publish","4":"has-post-thumbnail","6":"product_cat-laser-target-plate","7":"product_tag-carpentry-and-furniture","9":"first","10":"instock","11":"shipping-taxable","12":"product-type-simple"},"_links":{"self":[{"href":"https:\/\/k-level.com\/es\/wp-json\/wp\/v2\/product\/13532","targetHints":{"allow":["GET"]}}],"collection":[{"href":"https:\/\/k-level.com\/es\/wp-json\/wp\/v2\/product"}],"about":[{"href":"https:\/\/k-level.com\/es\/wp-json\/wp\/v2\/types\/product"}],"replies":[{"embeddable":true,"href":"https:\/\/k-level.com\/es\/wp-json\/wp\/v2\/comments?post=13532"}],"version-history":[{"count":4,"href":"https:\/\/k-level.com\/es\/wp-json\/wp\/v2\/product\/13532\/revisions"}],"predecessor-version":[{"id":13779,"href":"https:\/\/k-level.com\/es\/wp-json\/wp\/v2\/product\/13532\/revisions\/13779"}],"wp:featuredmedia":[{"embeddable":true,"href":"https:\/\/k-level.com\/es\/wp-json\/wp\/v2\/media\/13533"}],"wp:attachment":[{"href":"https:\/\/k-level.com\/es\/wp-json\/wp\/v2\/media?parent=13532"}],"wp:term":[{"taxonomy":"product_brand","embeddable":true,"href":"https:\/\/k-level.com\/es\/wp-json\/wp\/v2\/product_brand?post=13532"},{"taxonomy":"product_cat","embeddable":true,"href":"https:\/\/k-level.com\/es\/wp-json\/wp\/v2\/product_cat?post=13532"},{"taxonomy":"product_tag","embeddable":true,"href":"https:\/\/k-level.com\/es\/wp-json\/wp\/v2\/product_tag?post=13532"}],"curies":[{"name":"gracias","href":"https:\/\/api.w.org\/{rel}","templated":true}]}}