{"id":13519,"date":"2025-06-25T16:27:09","date_gmt":"2025-06-25T08:27:09","guid":{"rendered":"https:\/\/k-level.com\/?post_type=product&#038;p=13519"},"modified":"2026-03-30T10:07:01","modified_gmt":"2026-03-30T02:07:01","slug":"control-remoto-laser-rotatorio-rc300","status":"publish","type":"product","link":"https:\/\/k-level.com\/es\/producto\/control-remoto-laser-rotatorio-rc300\/","title":{"rendered":"Control remoto l\u00e1ser rotatorio RC300"},"content":{"rendered":"<p>Control remoto l\u00e1ser giratorio RC300: control remoto inal\u00e1mbrico LCD profesional con ajuste de pendiente<\/p>\n<p>El <strong>Control remoto l\u00e1ser rotatorio RC300<\/strong> Revoluciona la eficiencia en el lugar de trabajo con su pantalla LCD para un ajuste conveniente de pendientes y capacidades de comunicaci\u00f3n bidireccional.<\/p>\n<p>El <a href=\"https:\/\/k-level.com\/es\/comercio\/\">Control remoto l\u00e1ser rotatorio RC300<\/a> se destaca como el control remoto de nivel l\u00e1ser econ\u00f3mico m\u00e1s rentable de su clase, ofreciendo funciones premium a un precio accesible.<br \/>\nA pesar de su asequibilidad, este control remoto de nivel l\u00e1ser mantiene la precisi\u00f3n y confiabilidad esperadas de los productos de nivel K.<\/p>\n<p>Aunque se comercializa como un <a href=\"https:\/\/k-level.com\/es\/comercio\/\">Control remoto de nivel l\u00e1ser econ\u00f3mico<\/a>El RC300 no escatima en gastos all\u00ed donde importa.<\/p>\n<p><img fetchpriority=\"high\" decoding=\"async\" class=\"aligncenter wp-image-13520 size-medium\" src=\"https:\/\/k-level.com\/wp-content\/uploads\/2025\/06\/RC3001-300x300.jpg\" alt=\"Control remoto de nivel l\u00e1ser econ\u00f3mico\" width=\"300\" height=\"300\" srcset=\"https:\/\/k-level.com\/wp-content\/uploads\/2025\/06\/RC3001-300x300.jpg 300w, https:\/\/k-level.com\/wp-content\/uploads\/2025\/06\/RC3001-150x150.jpg 150w, https:\/\/k-level.com\/wp-content\/uploads\/2025\/06\/RC3001-768x768.jpg 768w, https:\/\/k-level.com\/wp-content\/uploads\/2025\/06\/RC3001-12x12.jpg 12w, https:\/\/k-level.com\/wp-content\/uploads\/2025\/06\/RC3001-370x370.jpg 370w, https:\/\/k-level.com\/wp-content\/uploads\/2025\/06\/RC3001-400x400.jpg 400w, https:\/\/k-level.com\/wp-content\/uploads\/2025\/06\/RC3001-100x100.jpg 100w, https:\/\/k-level.com\/wp-content\/uploads\/2025\/06\/RC3001-50x50.jpg 50w, https:\/\/k-level.com\/wp-content\/uploads\/2025\/06\/RC3001.jpg 800w\" sizes=\"(max-width: 300px) 100vw, 300px\" \/><\/p>\n<p>Este control remoto l\u00e1ser rotatorio avanzado proporciona un control inigualable sobre niveles l\u00e1ser rotatorios desde distancias de \u2265300 m, con monitoreo de estado en tiempo real y cinco velocidades de rotaci\u00f3n l\u00e1ser ajustables (300\/600\/1000\/1500\/3000 rpm) para m\u00e1xima precisi\u00f3n en aplicaciones de construcci\u00f3n y topograf\u00eda.<\/p>\n<p>&nbsp;<\/p>\n<p><img decoding=\"async\" class=\"wp-image-13523 aligncenter\" src=\"https:\/\/k-level.com\/wp-content\/uploads\/2025\/06\/1750839659214-300x205.png\" alt=\"\" width=\"559\" height=\"382\" \/><\/p>\n<p>&nbsp;<\/p>\n<p>&nbsp;<\/p>\n<p>\u00bfNecesita una soluci\u00f3n?<br \/>\nK-level ofrece servicios de consultor\u00eda para equipos topogr\u00e1ficos. \u00a1Cont\u00e1ctenos para pedidos al por mayor o asistencia t\u00e9cnica!<\/p>","protected":false},"excerpt":{"rendered":"<ul>\n<li>Cinco opciones de velocidad (300-3000 rpm): control vers\u00e1til de la velocidad de rotaci\u00f3n del l\u00e1ser para todas las aplicaciones<\/li>\n<li>Indicadores de estado en tiempo real: supervise de inmediato el funcionamiento de su nivel l\u00e1ser giratorio mediante luces de funci\u00f3n claras<\/li>\n<li>Cuerpo resistente recubierto de goma: control remoto de nivel l\u00e1ser econ\u00f3mico y duradero.<\/li>\n<\/ul>\n<p><img decoding=\"async\" class=\"alignnone size-medium wp-image-13646\" src=\"https:\/\/k-level.com\/wp-content\/uploads\/2025\/05\/logo-300x98.png\" alt=\"\" width=\"300\" height=\"98\" srcset=\"https:\/\/k-level.com\/wp-content\/uploads\/2025\/05\/logo-300x98.png 300w, https:\/\/k-level.com\/wp-content\/uploads\/2025\/05\/logo-18x6.png 18w, https:\/\/k-level.com\/wp-content\/uploads\/2025\/05\/logo.png 307w\" sizes=\"(max-width: 300px) 100vw, 300px\" \/><\/p>","protected":false},"featured_media":14006,"comment_status":"open","ping_status":"closed","template":"","meta":[],"product_brand":[],"product_cat":[251],"product_tag":[237],"class_list":{"0":"post-13519","1":"product","2":"type-product","3":"status-publish","4":"has-post-thumbnail","6":"product_cat-rotary-laser-remote-control","7":"product_tag-professional-engineering","9":"first","10":"instock","11":"shipping-taxable","12":"product-type-simple"},"_links":{"self":[{"href":"https:\/\/k-level.com\/es\/wp-json\/wp\/v2\/product\/13519","targetHints":{"allow":["GET"]}}],"collection":[{"href":"https:\/\/k-level.com\/es\/wp-json\/wp\/v2\/product"}],"about":[{"href":"https:\/\/k-level.com\/es\/wp-json\/wp\/v2\/types\/product"}],"replies":[{"embeddable":true,"href":"https:\/\/k-level.com\/es\/wp-json\/wp\/v2\/comments?post=13519"}],"version-history":[{"count":4,"href":"https:\/\/k-level.com\/es\/wp-json\/wp\/v2\/product\/13519\/revisions"}],"predecessor-version":[{"id":13776,"href":"https:\/\/k-level.com\/es\/wp-json\/wp\/v2\/product\/13519\/revisions\/13776"}],"wp:featuredmedia":[{"embeddable":true,"href":"https:\/\/k-level.com\/es\/wp-json\/wp\/v2\/media\/14006"}],"wp:attachment":[{"href":"https:\/\/k-level.com\/es\/wp-json\/wp\/v2\/media?parent=13519"}],"wp:term":[{"taxonomy":"product_brand","embeddable":true,"href":"https:\/\/k-level.com\/es\/wp-json\/wp\/v2\/product_brand?post=13519"},{"taxonomy":"product_cat","embeddable":true,"href":"https:\/\/k-level.com\/es\/wp-json\/wp\/v2\/product_cat?post=13519"},{"taxonomy":"product_tag","embeddable":true,"href":"https:\/\/k-level.com\/es\/wp-json\/wp\/v2\/product_tag?post=13519"}],"curies":[{"name":"gracias","href":"https:\/\/api.w.org\/{rel}","templated":true}]}}