{"id":13509,"date":"2025-06-25T15:49:01","date_gmt":"2025-06-25T07:49:01","guid":{"rendered":"https:\/\/k-level.com\/?post_type=product&#038;p=13509"},"modified":"2026-03-30T10:05:12","modified_gmt":"2026-03-30T02:05:12","slug":"control-remoto-laser-rotatorio-rc100","status":"publish","type":"product","link":"https:\/\/k-level.com\/es\/producto\/control-remoto-laser-rotatorio-rc100\/","title":{"rendered":"Control remoto l\u00e1ser rotatorio RC100"},"content":{"rendered":"<p>El control remoto l\u00e1ser giratorio RC100 est\u00e1 dise\u00f1ado para ofrecer un rendimiento inigualable en aplicaciones de construcci\u00f3n y topograf\u00eda. Dise\u00f1ado para una integraci\u00f3n perfecta con sistemas de nivel l\u00e1ser de 360\u00b0, este control remoto garantiza un funcionamiento preciso y manos libres, mejorando la eficiencia en cualquier obra.<\/p>\n<p>El RC100 <a href=\"https:\/\/k-level.com\/es\/contactanos\/\">Control remoto de nivel l\u00e1ser de 360 grados<\/a> Proporciona control total sobre 360 dispositivos de nivel l\u00e1ser, lo que permite a los usuarios ajustar la pendiente, la inclinaci\u00f3n y la alineaci\u00f3n a distancia. Su conectividad de largo alcance (hasta 300 m) lo hace ideal para proyectos de construcci\u00f3n a gran escala.<\/p>\n<p>En comparaci\u00f3n con la competencia, el control remoto l\u00e1ser giratorio del RC100 ofrece una relaci\u00f3n calidad-precio excepcional sin comprometer la durabilidad ni la funcionalidad. Est\u00e1 dise\u00f1ado para soportar entornos hostiles gracias a su clasificaci\u00f3n IP54 y su resistencia a impactos.<\/p>\n<p><img fetchpriority=\"high\" decoding=\"async\" class=\"aligncenter wp-image-13512 size-medium\" src=\"https:\/\/k-level.com\/wp-content\/uploads\/2025\/06\/RC1003-300x300.jpg\" alt=\"Nivel l\u00e1ser remoto RC100 360\" width=\"300\" height=\"300\" srcset=\"https:\/\/k-level.com\/wp-content\/uploads\/2025\/06\/RC1003-300x300.jpg 300w, https:\/\/k-level.com\/wp-content\/uploads\/2025\/06\/RC1003-150x150.jpg 150w, https:\/\/k-level.com\/wp-content\/uploads\/2025\/06\/RC1003-768x768.jpg 768w, https:\/\/k-level.com\/wp-content\/uploads\/2025\/06\/RC1003-12x12.jpg 12w, https:\/\/k-level.com\/wp-content\/uploads\/2025\/06\/RC1003-370x370.jpg 370w, https:\/\/k-level.com\/wp-content\/uploads\/2025\/06\/RC1003-400x400.jpg 400w, https:\/\/k-level.com\/wp-content\/uploads\/2025\/06\/RC1003-100x100.jpg 100w, https:\/\/k-level.com\/wp-content\/uploads\/2025\/06\/RC1003-50x50.jpg 50w, https:\/\/k-level.com\/wp-content\/uploads\/2025\/06\/RC1003.jpg 800w\" sizes=\"(max-width: 300px) 100vw, 300px\" \/><\/p>\n<p>Con su dise\u00f1o f\u00e1cil de usar y su mayor alcance operativo, este control remoto simplifica el proceso de nivelaci\u00f3n, lo que lo convierte en un complemento invaluable para cualquier juego de herramientas.<\/p>\n<p>\u00bfNecesita una soluci\u00f3n?<br \/>\n<a href=\"https:\/\/k-level.com\/es\/contactanos\/\">Nivel K<\/a> Ofrecemos servicios de consultor\u00eda para equipos topogr\u00e1ficos. \u00a1Cont\u00e1ctenos para pedidos al por mayor o asistencia t\u00e9cnica!<\/p>","protected":false},"excerpt":{"rendered":"<ul>\n<li>Facilidad de uso: El control remoto l\u00e1ser giratorio RC100 proporciona controles intuitivos.<\/li>\n<li>Compatibilidad: Control remoto de nivel l\u00e1ser 360 Dise\u00f1ado para funcionar sin problemas con varios modelos de l\u00e1ser rotatorio, mejorando su funcionalidad.<\/li>\n<li>Durabilidad: Construido para soportar duras condiciones del lugar de trabajo, garantizando un rendimiento confiable a lo largo del tiempo.<\/li>\n<\/ul>\n<p><img decoding=\"async\" class=\"alignnone size-medium wp-image-13646\" src=\"https:\/\/k-level.com\/wp-content\/uploads\/2025\/05\/logo-300x98.png\" alt=\"\" width=\"300\" height=\"98\" srcset=\"https:\/\/k-level.com\/wp-content\/uploads\/2025\/05\/logo-300x98.png 300w, https:\/\/k-level.com\/wp-content\/uploads\/2025\/05\/logo-18x6.png 18w, https:\/\/k-level.com\/wp-content\/uploads\/2025\/05\/logo.png 307w\" sizes=\"(max-width: 300px) 100vw, 300px\" \/><\/p>","protected":false},"featured_media":14004,"comment_status":"open","ping_status":"closed","template":"","meta":[],"product_brand":[],"product_cat":[251],"product_tag":[237],"class_list":{"0":"post-13509","1":"product","2":"type-product","3":"status-publish","4":"has-post-thumbnail","6":"product_cat-rotary-laser-remote-control","7":"product_tag-professional-engineering","9":"first","10":"instock","11":"shipping-taxable","12":"product-type-simple"},"_links":{"self":[{"href":"https:\/\/k-level.com\/es\/wp-json\/wp\/v2\/product\/13509","targetHints":{"allow":["GET"]}}],"collection":[{"href":"https:\/\/k-level.com\/es\/wp-json\/wp\/v2\/product"}],"about":[{"href":"https:\/\/k-level.com\/es\/wp-json\/wp\/v2\/types\/product"}],"replies":[{"embeddable":true,"href":"https:\/\/k-level.com\/es\/wp-json\/wp\/v2\/comments?post=13509"}],"version-history":[{"count":4,"href":"https:\/\/k-level.com\/es\/wp-json\/wp\/v2\/product\/13509\/revisions"}],"predecessor-version":[{"id":13771,"href":"https:\/\/k-level.com\/es\/wp-json\/wp\/v2\/product\/13509\/revisions\/13771"}],"wp:featuredmedia":[{"embeddable":true,"href":"https:\/\/k-level.com\/es\/wp-json\/wp\/v2\/media\/14004"}],"wp:attachment":[{"href":"https:\/\/k-level.com\/es\/wp-json\/wp\/v2\/media?parent=13509"}],"wp:term":[{"taxonomy":"product_brand","embeddable":true,"href":"https:\/\/k-level.com\/es\/wp-json\/wp\/v2\/product_brand?post=13509"},{"taxonomy":"product_cat","embeddable":true,"href":"https:\/\/k-level.com\/es\/wp-json\/wp\/v2\/product_cat?post=13509"},{"taxonomy":"product_tag","embeddable":true,"href":"https:\/\/k-level.com\/es\/wp-json\/wp\/v2\/product_tag?post=13509"}],"curies":[{"name":"gracias","href":"https:\/\/api.w.org\/{rel}","templated":true}]}}