{"id":13464,"date":"2025-06-20T17:04:48","date_gmt":"2025-06-20T09:04:48","guid":{"rendered":"https:\/\/k-level.com\/?post_type=product&#038;p=13464"},"modified":"2026-03-30T10:04:24","modified_gmt":"2026-03-30T02:04:24","slug":"receptor-laser-lp700-para-nivel-laser","status":"publish","type":"product","link":"https:\/\/k-level.com\/es\/producto\/receptor-laser-lp700-para-nivel-laser\/","title":{"rendered":"Receptor LP700"},"content":{"rendered":"<p>Receptor LP700: el compa\u00f1ero ideal para mediciones precisas<\/p>\n<p>Dise\u00f1ado para mejorar la funcionalidad de los niveles l\u00e1ser, el LP700 es un avanzado <a href=\"https:\/\/k-level.com\/es\/sobre-nosotros\/\">receptor l\u00e1ser para nivel l\u00e1ser<\/a> aplicaciones, lo que lo convierte en una herramienta esencial para los profesionales de la construcci\u00f3n, topograf\u00eda y diversos proyectos de bricolaje.<\/p>\n<p>Como detector l\u00e1ser vers\u00e1til, el LP700 cuenta con una pantalla clara y f\u00e1cil de leer que proporciona informaci\u00f3n en tiempo real. Los usuarios pueden elegir entre indicadores audibles y visuales, lo que permite un funcionamiento fluido independientemente de las condiciones ambientales. Ya sea que est\u00e9 replanteando un terreno, alineando estructuras o realizando tareas de nivelaci\u00f3n, el receptor l\u00e1ser LP700 para aplicaciones de nivel l\u00e1ser le garantiza alcanzar sus objetivos con seguridad.<\/p>\n<p>El LP700 est\u00e1 dise\u00f1ado pensando en la comodidad del usuario. Su dise\u00f1o ligero y compacto lo hace port\u00e1til y f\u00e1cil de manejar, mientras que su robusta construcci\u00f3n garantiza durabilidad en entornos de trabajo exigentes. El receptor se puede montar f\u00e1cilmente en tr\u00edpodes u otras superficies, lo que proporciona flexibilidad en diversas aplicaciones. Adem\u00e1s, la larga duraci\u00f3n de la bater\u00eda le garantiza que podr\u00e1 confiar en el LP700 durante toda su jornada laboral sin interrupciones.<\/p>\n<p><img fetchpriority=\"high\" decoding=\"async\" class=\"aligncenter wp-image-13467 size-medium\" src=\"https:\/\/k-level.com\/wp-content\/uploads\/2025\/06\/03-1-300x300.jpg\" alt=\"Receptor l\u00e1ser LP700 para nivel l\u00e1ser\" width=\"300\" height=\"300\" srcset=\"https:\/\/k-level.com\/wp-content\/uploads\/2025\/06\/03-1-300x300.jpg 300w, https:\/\/k-level.com\/wp-content\/uploads\/2025\/06\/03-1-150x150.jpg 150w, https:\/\/k-level.com\/wp-content\/uploads\/2025\/06\/03-1-768x768.jpg 768w, https:\/\/k-level.com\/wp-content\/uploads\/2025\/06\/03-1-12x12.jpg 12w, https:\/\/k-level.com\/wp-content\/uploads\/2025\/06\/03-1-370x370.jpg 370w, https:\/\/k-level.com\/wp-content\/uploads\/2025\/06\/03-1-400x400.jpg 400w, https:\/\/k-level.com\/wp-content\/uploads\/2025\/06\/03-1-100x100.jpg 100w, https:\/\/k-level.com\/wp-content\/uploads\/2025\/06\/03-1-50x50.jpg 50w, https:\/\/k-level.com\/wp-content\/uploads\/2025\/06\/03-1.jpg 800w\" sizes=\"(max-width: 300px) 100vw, 300px\" \/><\/p>\n<p>El <a href=\"https:\/\/k-level.com\/es\/sobre-nosotros\/\">Receptor LP700<\/a> Se puede usar hasta 400 metros (con el l\u00e1ser rotatorio K-LEVEL) y hasta 300 metros con otros l\u00e1seres rotatorios. Equipado con una abrazadera, es f\u00e1cil de fijar y ajustar. Funciona con pilas alcalinas n.\u00b0 5 y muestra claramente la distancia medida.<\/p>\n<p>\u00bfNecesita una soluci\u00f3n?<br \/>\nK-level ofrece servicios de consultor\u00eda para equipos topogr\u00e1ficos. \u00a1Cont\u00e1ctenos para pedidos al por mayor o asistencia t\u00e9cnica!<\/p>\n<p>&nbsp;<\/p>","protected":false},"excerpt":{"rendered":"<ul>\n<li>El receptor LP700 es un receptor de medici\u00f3n eficiente y duradero.<\/li>\n<li>Adecuado para utilizar con el kit L\u00c1SER ROTATIVO.<\/li>\n<li>El receptor l\u00e1ser LP700 para nivel l\u00e1ser puede proporcionar una experiencia de medici\u00f3n precisa y confiable.<\/li>\n<\/ul>\n<p><img decoding=\"async\" class=\"alignnone size-medium wp-image-13646\" src=\"https:\/\/k-level.com\/wp-content\/uploads\/2025\/05\/logo-300x98.png\" alt=\"\" width=\"300\" height=\"98\" srcset=\"https:\/\/k-level.com\/wp-content\/uploads\/2025\/05\/logo-300x98.png 300w, https:\/\/k-level.com\/wp-content\/uploads\/2025\/05\/logo-18x6.png 18w, https:\/\/k-level.com\/wp-content\/uploads\/2025\/05\/logo.png 307w\" sizes=\"(max-width: 300px) 100vw, 300px\" \/><\/p>","protected":false},"featured_media":14003,"comment_status":"open","ping_status":"closed","template":"","meta":[],"product_brand":[],"product_cat":[223],"product_tag":[237],"class_list":{"0":"post-13464","1":"product","2":"type-product","3":"status-publish","4":"has-post-thumbnail","6":"product_cat-rotary-laser-detector","7":"product_tag-professional-engineering","9":"first","10":"instock","11":"shipping-taxable","12":"product-type-simple"},"_links":{"self":[{"href":"https:\/\/k-level.com\/es\/wp-json\/wp\/v2\/product\/13464","targetHints":{"allow":["GET"]}}],"collection":[{"href":"https:\/\/k-level.com\/es\/wp-json\/wp\/v2\/product"}],"about":[{"href":"https:\/\/k-level.com\/es\/wp-json\/wp\/v2\/types\/product"}],"replies":[{"embeddable":true,"href":"https:\/\/k-level.com\/es\/wp-json\/wp\/v2\/comments?post=13464"}],"version-history":[{"count":4,"href":"https:\/\/k-level.com\/es\/wp-json\/wp\/v2\/product\/13464\/revisions"}],"predecessor-version":[{"id":13767,"href":"https:\/\/k-level.com\/es\/wp-json\/wp\/v2\/product\/13464\/revisions\/13767"}],"wp:featuredmedia":[{"embeddable":true,"href":"https:\/\/k-level.com\/es\/wp-json\/wp\/v2\/media\/14003"}],"wp:attachment":[{"href":"https:\/\/k-level.com\/es\/wp-json\/wp\/v2\/media?parent=13464"}],"wp:term":[{"taxonomy":"product_brand","embeddable":true,"href":"https:\/\/k-level.com\/es\/wp-json\/wp\/v2\/product_brand?post=13464"},{"taxonomy":"product_cat","embeddable":true,"href":"https:\/\/k-level.com\/es\/wp-json\/wp\/v2\/product_cat?post=13464"},{"taxonomy":"product_tag","embeddable":true,"href":"https:\/\/k-level.com\/es\/wp-json\/wp\/v2\/product_tag?post=13464"}],"curies":[{"name":"gracias","href":"https:\/\/api.w.org\/{rel}","templated":true}]}}