{"id":13128,"date":"2025-06-12T16:01:59","date_gmt":"2025-06-12T08:01:59","guid":{"rendered":"https:\/\/k-level.com\/?post_type=product&#038;p=13128"},"modified":"2026-03-30T10:03:39","modified_gmt":"2026-03-30T02:03:39","slug":"receptor-lp500","status":"publish","type":"product","link":"https:\/\/k-level.com\/es\/producto\/receptor-lp500\/","title":{"rendered":"Receptor LP500"},"content":{"rendered":"<p><strong>Introducci\u00f3n al receptor LP500<\/strong><\/p>\n<p>Como componente esencial de los equipos de topograf\u00eda y construcci\u00f3n de nivel profesional, el receptor LP500 garantiza una detecci\u00f3n precisa del rayo l\u00e1ser para tareas de nivelaci\u00f3n y alineaci\u00f3n, incluso en condiciones exteriores brillantes.<\/p>\n<p>El<strong> Receptor LP500<\/strong> Est\u00e1 dise\u00f1ado para integrarse perfectamente con cualquier <a href=\"https:\/\/k-level.com\/es\/sobre-nosotros\/\">kit de nivel l\u00e1ser rotatorio<\/a>.<\/p>\n<p>Ideal para:<br \/>\n\u2713 Nivelaci\u00f3n y nivelaci\u00f3n de sitios de construcci\u00f3n<br \/>\n\u2713 Proyectos de topograf\u00eda y excavaci\u00f3n de terrenos<br \/>\n\u2713 Vertido de hormig\u00f3n y trabajos de cimentaci\u00f3n<br \/>\n\u2713 Alineaci\u00f3n de pendientes y drenaje<\/p>\n<p>Como receptor de nivel l\u00e1ser esencial en cualquier kit de nivel l\u00e1ser rotatorio, el LP500 ofrece un rendimiento fiable y de alta precisi\u00f3n, garantizando a los profesionales resultados impecables en sus tareas de medici\u00f3n. Conf\u00ede en K-level para obtener las herramientas que optimizan su flujo de trabajo.<\/p>\n<p><img fetchpriority=\"high\" decoding=\"async\" class=\"aligncenter wp-image-13131 size-medium\" src=\"https:\/\/k-level.com\/wp-content\/uploads\/2025\/06\/03-300x300.jpg\" alt=\"kit de nivel l\u00e1ser rotatorio\" width=\"300\" height=\"300\" srcset=\"https:\/\/k-level.com\/wp-content\/uploads\/2025\/06\/03-300x300.jpg 300w, https:\/\/k-level.com\/wp-content\/uploads\/2025\/06\/03-150x150.jpg 150w, https:\/\/k-level.com\/wp-content\/uploads\/2025\/06\/03-768x768.jpg 768w, https:\/\/k-level.com\/wp-content\/uploads\/2025\/06\/03-12x12.jpg 12w, https:\/\/k-level.com\/wp-content\/uploads\/2025\/06\/03-370x370.jpg 370w, https:\/\/k-level.com\/wp-content\/uploads\/2025\/06\/03-400x400.jpg 400w, https:\/\/k-level.com\/wp-content\/uploads\/2025\/06\/03-100x100.jpg 100w, https:\/\/k-level.com\/wp-content\/uploads\/2025\/06\/03-50x50.jpg 50w, https:\/\/k-level.com\/wp-content\/uploads\/2025\/06\/03.jpg 800w\" sizes=\"(max-width: 300px) 100vw, 300px\" \/><\/p>\n<p>\u00bfNecesita una soluci\u00f3n?<br \/>\n<a href=\"https:\/\/k-level.com\/es\/sobre-nosotros\/\">Nivel K<\/a> Ofrecemos servicios de consultor\u00eda para equipos topogr\u00e1ficos. \u00a1Cont\u00e1ctenos para pedidos al por mayor o asistencia t\u00e9cnica!<\/p>\n<p>&nbsp;<\/p>","protected":false},"excerpt":{"rendered":"<ul>\n<li>El receptor LP500 es un detector l\u00e1ser rotatorio imprescindible.<\/li>\n<li>Mejora las capacidades de cualquier nivel l\u00e1ser.<\/li>\n<li>Kit de nivel l\u00e1ser rotatorio Mejore su experiencia de nivelaci\u00f3n.<\/li>\n<\/ul>\n<p><img decoding=\"async\" class=\"alignnone size-medium wp-image-13646\" src=\"https:\/\/k-level.com\/wp-content\/uploads\/2025\/05\/logo-300x98.png\" alt=\"\" width=\"300\" height=\"98\" srcset=\"https:\/\/k-level.com\/wp-content\/uploads\/2025\/05\/logo-300x98.png 300w, https:\/\/k-level.com\/wp-content\/uploads\/2025\/05\/logo-18x6.png 18w, https:\/\/k-level.com\/wp-content\/uploads\/2025\/05\/logo.png 307w\" sizes=\"(max-width: 300px) 100vw, 300px\" \/><\/p>","protected":false},"featured_media":14002,"comment_status":"open","ping_status":"closed","template":"","meta":[],"product_brand":[],"product_cat":[223],"product_tag":[237],"class_list":{"0":"post-13128","1":"product","2":"type-product","3":"status-publish","4":"has-post-thumbnail","6":"product_cat-rotary-laser-detector","7":"product_tag-professional-engineering","9":"first","10":"instock","11":"shipping-taxable","12":"product-type-simple"},"_links":{"self":[{"href":"https:\/\/k-level.com\/es\/wp-json\/wp\/v2\/product\/13128","targetHints":{"allow":["GET"]}}],"collection":[{"href":"https:\/\/k-level.com\/es\/wp-json\/wp\/v2\/product"}],"about":[{"href":"https:\/\/k-level.com\/es\/wp-json\/wp\/v2\/types\/product"}],"replies":[{"embeddable":true,"href":"https:\/\/k-level.com\/es\/wp-json\/wp\/v2\/comments?post=13128"}],"version-history":[{"count":5,"href":"https:\/\/k-level.com\/es\/wp-json\/wp\/v2\/product\/13128\/revisions"}],"predecessor-version":[{"id":13329,"href":"https:\/\/k-level.com\/es\/wp-json\/wp\/v2\/product\/13128\/revisions\/13329"}],"wp:featuredmedia":[{"embeddable":true,"href":"https:\/\/k-level.com\/es\/wp-json\/wp\/v2\/media\/14002"}],"wp:attachment":[{"href":"https:\/\/k-level.com\/es\/wp-json\/wp\/v2\/media?parent=13128"}],"wp:term":[{"taxonomy":"product_brand","embeddable":true,"href":"https:\/\/k-level.com\/es\/wp-json\/wp\/v2\/product_brand?post=13128"},{"taxonomy":"product_cat","embeddable":true,"href":"https:\/\/k-level.com\/es\/wp-json\/wp\/v2\/product_cat?post=13128"},{"taxonomy":"product_tag","embeddable":true,"href":"https:\/\/k-level.com\/es\/wp-json\/wp\/v2\/product_tag?post=13128"}],"curies":[{"name":"gracias","href":"https:\/\/api.w.org\/{rel}","templated":true}]}}