{"id":13040,"date":"2025-06-11T11:26:44","date_gmt":"2025-06-11T03:26:44","guid":{"rendered":"https:\/\/k-level.com\/?post_type=product&#038;p=13040"},"modified":"2026-03-30T09:40:54","modified_gmt":"2026-03-30T01:40:54","slug":"laser-de-linea-kll-d800","status":"publish","type":"product","link":"https:\/\/k-level.com\/es\/producto\/laser-de-linea-kll-d800\/","title":{"rendered":"L\u00e1ser de l\u00ednea KLL-D800"},"content":{"rendered":"<p><strong>Introducci\u00f3n al l\u00e1ser de l\u00ednea KLL-D800<\/strong><\/p>\n<p>K-Level es reconocido como un fabricante l\u00edder de instrumentos de medici\u00f3n, y nuestra serie de l\u00e1seres de l\u00ednea KLL-D800 es un testimonio de nuestra dedicaci\u00f3n a la calidad y la innovaci\u00f3n. Entre los productos estrella de esta serie se encuentra el <strong>Nivel l\u00e1ser de l\u00ednea cruzada autonivelante para exteriores<\/strong>Dise\u00f1ado espec\u00edficamente para aplicaciones en exteriores. Este nivel l\u00e1ser de vanguardia ofrece precisi\u00f3n y fiabilidad inigualables en diversos entornos exteriores, lo que lo convierte en una herramienta esencial tanto para profesionales como para aficionados al bricolaje.<\/p>\n<p>Adem\u00e1s de sus robustas funciones de autonivelaci\u00f3n, el <a href=\"https:\/\/k-level.com\/es\/sobre-nosotros\/\">Nivel l\u00e1ser de l\u00ednea cruzada autonivelante para exteriores<\/a> Est\u00e1 dise\u00f1ado para ofrecer durabilidad y facilidad de uso. Su exterior robusto est\u00e1 dise\u00f1ado para soportar condiciones ambientales adversas, lo que garantiza un rendimiento duradero en cualquier lugar de trabajo. Su interfaz intuitiva permite una configuraci\u00f3n y un funcionamiento r\u00e1pidos, lo que lo hace ideal tanto para principiantes como para usuarios experimentados. Los accesorios de montaje incluidos aumentan a\u00fan m\u00e1s su versatilidad, permiti\u00e9ndole fijar el nivel l\u00e1ser en diversas posiciones para lograr la alineaci\u00f3n deseada.<\/p>\n<p>El <a href=\"https:\/\/k-level.com\/es\/sobre-nosotros\/\">KLL-D800<\/a> No se trata solo de funcionalidad, sino tambi\u00e9n de portabilidad. Ligero y compacto, este nivel l\u00e1ser se puede transportar f\u00e1cilmente de un lugar de trabajo a otro, lo que garantiza que siempre tenga una herramienta de medici\u00f3n confiable a su disposici\u00f3n. Ya sea que est\u00e9 alineando cercas, colocando cimientos o demarcando jardines, el nivel l\u00e1ser autonivelante de l\u00edneas cruzadas para exteriores es la soluci\u00f3n ideal para obtener resultados precisos.<\/p>\n<p><img fetchpriority=\"high\" decoding=\"async\" class=\"aligncenter wp-image-13041 size-medium\" src=\"https:\/\/k-level.com\/wp-content\/uploads\/2025\/06\/KLL-8001-1-300x300.jpg\" alt=\"Nivel l\u00e1ser de l\u00ednea cruzada autonivelante para exteriores\" width=\"300\" height=\"300\" srcset=\"https:\/\/k-level.com\/wp-content\/uploads\/2025\/06\/KLL-8001-1-300x300.jpg 300w, https:\/\/k-level.com\/wp-content\/uploads\/2025\/06\/KLL-8001-1-370x370.jpg 370w, https:\/\/k-level.com\/wp-content\/uploads\/2025\/06\/KLL-8001-1-100x100.jpg 100w, https:\/\/k-level.com\/wp-content\/uploads\/2025\/06\/KLL-8001-1-400x400.jpg 400w, https:\/\/k-level.com\/wp-content\/uploads\/2025\/06\/KLL-8001-1-150x150.jpg 150w, https:\/\/k-level.com\/wp-content\/uploads\/2025\/06\/KLL-8001-1-768x768.jpg 768w, https:\/\/k-level.com\/wp-content\/uploads\/2025\/06\/KLL-8001-1-12x12.jpg 12w, https:\/\/k-level.com\/wp-content\/uploads\/2025\/06\/KLL-8001-1-50x50.jpg 50w, https:\/\/k-level.com\/wp-content\/uploads\/2025\/06\/KLL-8001-1.jpg 800w\" sizes=\"(max-width: 300px) 100vw, 300px\" \/><\/p>\n<p>&nbsp;<\/p>\n<p>Disponible en varios modelos, incluidos KLL-D801R, KLL-D802R, KLL-D803R (haz rojo) y KLL-D801G, KLL-D802G, KLL-D803G (haz verde), el l\u00e1ser de l\u00ednea KLL-D800 ofrece versatilidad para satisfacer diferentes necesidades de los usuarios.<\/p>\n<p>\u00bfNecesita una soluci\u00f3n?<br \/>\nK-level ofrece servicios de consultor\u00eda para equipos topogr\u00e1ficos. \u00a1Cont\u00e1ctenos para pedidos al por mayor o asistencia t\u00e9cnica!<\/p>","protected":false},"excerpt":{"rendered":"<ul>\n<li>El l\u00e1ser de l\u00ednea KLL-D800 es un l\u00e1ser vers\u00e1til y preciso.<\/li>\n<li>Nivel l\u00e1ser de l\u00ednea cruzada autonivelante para exteriores. Herramienta duradera esencial para los profesionales de la construcci\u00f3n.<\/li>\n<li>El l\u00e1ser de l\u00ednea KLL-D800 tiene funciones avanzadas, incluidas opciones de luz dual.<\/li>\n<\/ul>\n<p><img decoding=\"async\" class=\"alignnone size-medium wp-image-13646\" src=\"https:\/\/k-level.com\/wp-content\/uploads\/2025\/05\/logo-300x98.png\" alt=\"\" width=\"300\" height=\"98\" srcset=\"https:\/\/k-level.com\/wp-content\/uploads\/2025\/05\/logo-300x98.png 300w, https:\/\/k-level.com\/wp-content\/uploads\/2025\/05\/logo-18x6.png 18w, https:\/\/k-level.com\/wp-content\/uploads\/2025\/05\/logo.png 307w\" sizes=\"(max-width: 300px) 100vw, 300px\" \/><\/p>","protected":false},"featured_media":14022,"comment_status":"open","ping_status":"closed","template":"","meta":[],"product_brand":[110],"product_cat":[133],"product_tag":[235],"class_list":{"0":"post-13040","1":"product","2":"type-product","3":"status-publish","4":"has-post-thumbnail","6":"product_brand-kll-d800","7":"product_cat-electronic-line-laser-for-sale","8":"product_tag-interior-decoration","10":"first","11":"instock","12":"shipping-taxable","13":"product-type-simple"},"_links":{"self":[{"href":"https:\/\/k-level.com\/es\/wp-json\/wp\/v2\/product\/13040","targetHints":{"allow":["GET"]}}],"collection":[{"href":"https:\/\/k-level.com\/es\/wp-json\/wp\/v2\/product"}],"about":[{"href":"https:\/\/k-level.com\/es\/wp-json\/wp\/v2\/types\/product"}],"replies":[{"embeddable":true,"href":"https:\/\/k-level.com\/es\/wp-json\/wp\/v2\/comments?post=13040"}],"version-history":[{"count":5,"href":"https:\/\/k-level.com\/es\/wp-json\/wp\/v2\/product\/13040\/revisions"}],"predecessor-version":[{"id":13765,"href":"https:\/\/k-level.com\/es\/wp-json\/wp\/v2\/product\/13040\/revisions\/13765"}],"wp:featuredmedia":[{"embeddable":true,"href":"https:\/\/k-level.com\/es\/wp-json\/wp\/v2\/media\/14022"}],"wp:attachment":[{"href":"https:\/\/k-level.com\/es\/wp-json\/wp\/v2\/media?parent=13040"}],"wp:term":[{"taxonomy":"product_brand","embeddable":true,"href":"https:\/\/k-level.com\/es\/wp-json\/wp\/v2\/product_brand?post=13040"},{"taxonomy":"product_cat","embeddable":true,"href":"https:\/\/k-level.com\/es\/wp-json\/wp\/v2\/product_cat?post=13040"},{"taxonomy":"product_tag","embeddable":true,"href":"https:\/\/k-level.com\/es\/wp-json\/wp\/v2\/product_tag?post=13040"}],"curies":[{"name":"gracias","href":"https:\/\/api.w.org\/{rel}","templated":true}]}}