{"id":609,"date":"2020-10-13T07:28:49","date_gmt":"2020-10-13T07:28:49","guid":{"rendered":"http:\/\/localhost\/razzi\/?page_id=609"},"modified":"2025-12-31T11:17:15","modified_gmt":"2025-12-31T03:17:15","slug":"preguntas-frecuentes","status":"publish","type":"page","link":"https:\/\/k-level.com\/es\/preguntas-frecuentes\/","title":{"rendered":"Preguntas frecuentes"},"content":{"rendered":"<div data-elementor-type=\"wp-page\" data-elementor-id=\"609\" class=\"elementor elementor-609\" data-elementor-post-type=\"page\">\n\t\t\t\t\t\t<section class=\"elementor-section elementor-top-section elementor-element elementor-element-c22eabf elementor-section-boxed elementor-section-height-default elementor-section-height-default\" data-id=\"c22eabf\" data-element_type=\"section\">\n\t\t\t\t\t\t<div class=\"elementor-container elementor-column-gap-extended\">\n\t\t\t\t\t<div class=\"elementor-column elementor-col-16 elementor-top-column elementor-element elementor-element-eb69a9e elementor-hidden-tablet elementor-hidden-phone\" data-id=\"eb69a9e\" data-element_type=\"column\">\n\t\t\t<div class=\"elementor-widget-wrap\">\n\t\t\t\t\t\t\t<\/div>\n\t\t<\/div>\n\t\t\t\t<div class=\"elementor-column elementor-col-66 elementor-top-column elementor-element elementor-element-4c5906c\" data-id=\"4c5906c\" data-element_type=\"column\">\n\t\t\t<div class=\"elementor-widget-wrap elementor-element-populated\">\n\t\t\t\t\t\t<div class=\"elementor-element elementor-element-01593e1 elementor-widget elementor-widget-razzi-heading\" data-id=\"01593e1\" data-element_type=\"widget\" data-widget_type=\"razzi-heading.default\">\n\t\t\t\t<div class=\"elementor-widget-container\">\n\t\t\t\t\t<div class=\"razzi-heading-wrapper\"><h4 class=\"razzi-heading-title\"> Pedidos:<\/h4><\/div>\t\t\t\t<\/div>\n\t\t\t\t<\/div>\n\t\t\t\t<div class=\"elementor-element elementor-element-401bed2 elementor-widget elementor-widget-razzi-faq\" data-id=\"401bed2\" data-element_type=\"widget\" data-settings=\"{&quot;status&quot;:&quot;yes&quot;}\" data-widget_type=\"razzi-faq.default\">\n\t\t\t\t<div class=\"elementor-widget-container\">\n\t\t\t\t\t<div class=\"razzi-faq\"><div class=\"box-content active\"><h2 class=\"faq-title\">1. \u00bfQu\u00e9 es el l\u00e1ser rotatorio?<span class=\"razzi-svg-icon razzi-svg-default\"><svg aria-hidden=\"true\" role=\"img\" focusable=\"false\" xmlns=\"http:\/\/www.w3.org\/2000\/svg\" width=\"24\" height=\"24\" viewbox=\"0 0 24 24\" fill=\"none\" stroke=\"currentColor\" stroke-width=\"2\" stroke-linecap=\"round\" stroke-linejoin=\"round\"><polyline points=\"6 9 12 15 18 9\"><\/polyline><\/svg><\/span><\/h2> <div class=\"faq-desc\"><p><a href=\"https:\/\/k-level.com\/es\/comercio\/\">L\u00e1ser rotatorio<\/a> Es un instrumento de medici\u00f3n de precisi\u00f3n que genera l\u00edneas de referencia horizontales y verticales de 360\u00b0 mediante cabezales l\u00e1ser giratorios de alta velocidad. Se utiliza ampliamente en la nivelaci\u00f3n de edificios, la construcci\u00f3n de carreteras, la decoraci\u00f3n de interiores y otros campos. El l\u00e1ser giratorio de K-Level utiliza tecnolog\u00eda de nivelaci\u00f3n autom\u00e1tica con una precisi\u00f3n de \u00b11 mm\/10 m.<\/p><\/div><\/div><div class=\"box-content\"><h2 class=\"faq-title\">2. \u00bfCu\u00e1les son las principales ventajas del l\u00e1ser rotatorio K-Level?<span class=\"razzi-svg-icon razzi-svg-default\"><svg aria-hidden=\"true\" role=\"img\" focusable=\"false\" xmlns=\"http:\/\/www.w3.org\/2000\/svg\" width=\"24\" height=\"24\" viewbox=\"0 0 24 24\" fill=\"none\" stroke=\"currentColor\" stroke-width=\"2\" stroke-linecap=\"round\" stroke-linejoin=\"round\"><polyline points=\"6 9 12 15 18 9\"><\/polyline><\/svg><\/span><\/h2> <div class=\"faq-desc\"><p>Alta precisi\u00f3n: error de medici\u00f3n de nivel milim\u00e9trico (como la serie KL-800 hasta \u00b10,3 mm\/10 m)<\/p><p>Durabilidad: Nivel de protecci\u00f3n IP66, adaptable a entornos hostiles de obras de construcci\u00f3n.<\/p><p>Funciones inteligentes: nivelaci\u00f3n autom\u00e1tica, control remoto, trabajo sincr\u00f3nico entre m\u00faltiples m\u00e1quinas.<\/p><p>Bater\u00eda de larga duraci\u00f3n: la bater\u00eda de litio admite trabajo continuo durante m\u00e1s de 30 horas.<\/p><\/div><\/div><div class=\"box-content\"><h2 class=\"faq-title\">3. \u00bfCu\u00e1l es la diferencia entre el l\u00e1ser de l\u00ednea y el l\u00e1ser rotatorio?<span class=\"razzi-svg-icon razzi-svg-default\"><svg aria-hidden=\"true\" role=\"img\" focusable=\"false\" xmlns=\"http:\/\/www.w3.org\/2000\/svg\" width=\"24\" height=\"24\" viewbox=\"0 0 24 24\" fill=\"none\" stroke=\"currentColor\" stroke-width=\"2\" stroke-linecap=\"round\" stroke-linejoin=\"round\"><polyline points=\"6 9 12 15 18 9\"><\/polyline><\/svg><\/span><\/h2> <div class=\"faq-desc\"><p><a href=\"https:\/\/k-level.com\/es\/comercio\/\">L\u00e1ser de l\u00ednea<\/a>:Proyecta cruces fijas o l\u00edneas horizontales\/verticales, adecuadas para operaciones de precisi\u00f3n de corta distancia, como decoraci\u00f3n de interiores (como alicatado, techos), instalaci\u00f3n de muebles, etc.<\/p><p>L\u00e1ser rotatorio: gira y proyecta un c\u00edrculo l\u00e1ser de 360\u00b0, adecuado para construcciones a gran escala (como nivelaci\u00f3n de cimientos o pavimentaci\u00f3n de carreteras).<\/p><p>El l\u00e1ser de l\u00ednea de la serie KL-300 de K-Level admite conmutaci\u00f3n de m\u00faltiples l\u00edneas (horizontal + vertical), \u00a1con una precisi\u00f3n de \u00b10,5 mm\/5 m!<\/p><\/div><\/div><div class=\"box-content\"><h2 class=\"faq-title\">4.\u00bfPor qu\u00e9 el l\u00e1ser de l\u00ednea de K-Level es m\u00e1s adecuado para la decoraci\u00f3n de interiores?<span class=\"razzi-svg-icon razzi-svg-default\"><svg aria-hidden=\"true\" role=\"img\" focusable=\"false\" xmlns=\"http:\/\/www.w3.org\/2000\/svg\" width=\"24\" height=\"24\" viewbox=\"0 0 24 24\" fill=\"none\" stroke=\"currentColor\" stroke-width=\"2\" stroke-linecap=\"round\" stroke-linejoin=\"round\"><polyline points=\"6 9 12 15 18 9\"><\/polyline><\/svg><\/span><\/h2> <div class=\"faq-desc\"><p>Dise\u00f1o ultrafino: solo 2 cm de grosor, se coloca f\u00e1cilmente en la bolsa de herramientas;<\/p><p>Base magn\u00e9tica: se puede adsorber directamente sobre la superficie met\u00e1lica sin soporte;<\/p><p>Funci\u00f3n de autonivelaci\u00f3n: Alarma autom\u00e1tica cuando se inclina m\u00e1s de 3\u00b0 para evitar errores de medici\u00f3n.<\/p><\/div><\/div><div class=\"box-content\"><h2 class=\"faq-title\">5.\u00bfC\u00f3mo elijo el accesorio de nivel l\u00e1ser adecuado?<span class=\"razzi-svg-icon razzi-svg-default\"><svg aria-hidden=\"true\" role=\"img\" focusable=\"false\" xmlns=\"http:\/\/www.w3.org\/2000\/svg\" width=\"24\" height=\"24\" viewbox=\"0 0 24 24\" fill=\"none\" stroke=\"currentColor\" stroke-width=\"2\" stroke-linecap=\"round\" stroke-linejoin=\"round\"><polyline points=\"6 9 12 15 18 9\"><\/polyline><\/svg><\/span><\/h2> <div class=\"faq-desc\"><p>Tipo de trabajo (interior\/exterior, requisitos de precisi\u00f3n)<\/p><p>Compatibilidad (verifique el tama\u00f1o de la rosca: 5\/8&quot;-11 o 1\/4&quot;-20)<\/p><p>Material (aluminio para mayor durabilidad, fibra de vidrio para seguridad el\u00e9ctrica)<\/p><\/div><\/div><div class=\"box-content\"><h2 class=\"faq-title\">6.\u00bfEstos accesorios de nivel l\u00e1ser son intercambiables entre marcas?<span class=\"razzi-svg-icon razzi-svg-default\"><svg aria-hidden=\"true\" role=\"img\" focusable=\"false\" xmlns=\"http:\/\/www.w3.org\/2000\/svg\" width=\"24\" height=\"24\" viewbox=\"0 0 24 24\" fill=\"none\" stroke=\"currentColor\" stroke-width=\"2\" stroke-linecap=\"round\" stroke-linejoin=\"round\"><polyline points=\"6 9 12 15 18 9\"><\/polyline><\/svg><\/span><\/h2> <div class=\"faq-desc\"><p>Mayor\u00eda <a href=\"https:\/\/k-level.com\/es\/contactanos\/\">accesorios de nivel l\u00e1ser<\/a> Utilice roscas de montaje est\u00e1ndar, pero verifique siempre la compatibilidad con su modelo de nivel l\u00e1ser antes de comprarlo.<\/p><\/div><\/div><div class=\"box-content\"><h2 class=\"faq-title\">7.\u00bfNecesito un tr\u00edpode si tengo un poste de soporte?<span class=\"razzi-svg-icon razzi-svg-default\"><svg aria-hidden=\"true\" role=\"img\" focusable=\"false\" xmlns=\"http:\/\/www.w3.org\/2000\/svg\" width=\"24\" height=\"24\" viewbox=\"0 0 24 24\" fill=\"none\" stroke=\"currentColor\" stroke-width=\"2\" stroke-linecap=\"round\" stroke-linejoin=\"round\"><polyline points=\"6 9 12 15 18 9\"><\/polyline><\/svg><\/span><\/h2> <div class=\"faq-desc\"><p>Un tr\u00edpode proporciona una base independiente, mientras que un <a href=\"https:\/\/k-level.com\/es\/contactanos\/\">poste de apoyo<\/a> Normalmente se fija entre el suelo y el techo. Elija seg\u00fan la configuraci\u00f3n de su espacio de trabajo.<\/p><\/div><\/div><div class=\"box-content\"><h2 class=\"faq-title\">8.\u00bfD\u00f3nde puedo comprar accesorios de nivel l\u00e1ser de alta calidad al por mayor?<span class=\"razzi-svg-icon razzi-svg-default\"><svg aria-hidden=\"true\" role=\"img\" focusable=\"false\" xmlns=\"http:\/\/www.w3.org\/2000\/svg\" width=\"24\" height=\"24\" viewbox=\"0 0 24 24\" fill=\"none\" stroke=\"currentColor\" stroke-width=\"2\" stroke-linecap=\"round\" stroke-linejoin=\"round\"><polyline points=\"6 9 12 15 18 9\"><\/polyline><\/svg><\/span><\/h2> <div class=\"faq-desc\"><p>K-level Factory ofrece soporte OEM\/ODM, descuentos por volumen y env\u00edos confiables. \u00a1Cont\u00e1ctanos para ofertas al por mayor!<\/p><\/div><\/div><\/div>\t\t\t\t<\/div>\n\t\t\t\t<\/div>\n\t\t\t\t\t<\/div>\n\t\t<\/div>\n\t\t\t\t<div class=\"elementor-column elementor-col-16 elementor-top-column elementor-element elementor-element-a422420 elementor-hidden-tablet elementor-hidden-phone\" data-id=\"a422420\" data-element_type=\"column\">\n\t\t\t<div class=\"elementor-widget-wrap\">\n\t\t\t\t\t\t\t<\/div>\n\t\t<\/div>\n\t\t\t\t\t<\/div>\n\t\t<\/section>\n\t\t\t\t<\/div>","protected":false},"excerpt":{"rendered":"<p>Orders: 1. What is Rotary Laser? Rotary Laser is a precision measuring instrument that generates 360\u00b0 horizontal\/vertical reference lines through high-speed rotating laser heads. It is widely used in building leveling, road construction, interior decoration and other fields. K-Level&#8217;s rotary laser uses automatic leveling technology with an accuracy of \u00b11mm\/10m. 2. What are the core [&hellip;]<\/p>","protected":false},"author":1,"featured_media":0,"parent":0,"menu_order":0,"comment_status":"closed","ping_status":"closed","template":"","meta":{"footnotes":""},"class_list":["post-609","page","type-page","status-publish","hentry"],"_links":{"self":[{"href":"https:\/\/k-level.com\/es\/wp-json\/wp\/v2\/pages\/609","targetHints":{"allow":["GET"]}}],"collection":[{"href":"https:\/\/k-level.com\/es\/wp-json\/wp\/v2\/pages"}],"about":[{"href":"https:\/\/k-level.com\/es\/wp-json\/wp\/v2\/types\/page"}],"author":[{"embeddable":true,"href":"https:\/\/k-level.com\/es\/wp-json\/wp\/v2\/users\/1"}],"replies":[{"embeddable":true,"href":"https:\/\/k-level.com\/es\/wp-json\/wp\/v2\/comments?post=609"}],"version-history":[{"count":5,"href":"https:\/\/k-level.com\/es\/wp-json\/wp\/v2\/pages\/609\/revisions"}],"predecessor-version":[{"id":14535,"href":"https:\/\/k-level.com\/es\/wp-json\/wp\/v2\/pages\/609\/revisions\/14535"}],"wp:attachment":[{"href":"https:\/\/k-level.com\/es\/wp-json\/wp\/v2\/media?parent=609"}],"curies":[{"name":"gracias","href":"https:\/\/api.w.org\/{rel}","templated":true}]}}