{"id":13978,"date":"2025-07-23T15:34:45","date_gmt":"2025-07-23T07:34:45","guid":{"rendered":"https:\/\/k-level.com\/?post_type=product&#038;p=13978"},"modified":"2025-07-23T15:35:24","modified_gmt":"2025-07-23T07:35:24","slug":"hochwertiges-laser-nivellierstativ","status":"publish","type":"product","link":"https:\/\/k-level.com\/de\/produkt\/hochwertiges-laser-nivellierstativ\/","title":{"rendered":"Hochwertiges Laser-Nivellierstativ"},"content":{"rendered":"<p>Die hochwertige Laser-Nivellierstativ-Serie von <a href=\"https:\/\/k-level.com\/de\/uber-uns\/\">K-Stufe<\/a> bietet Pr\u00e4zision, Haltbarkeit und Stabilit\u00e4t f\u00fcr professionelle Vermessungs- und Bauanwendungen. Entwickelt f\u00fcr anspruchsvolle Umgebungen.<\/p>\n<p>Das <a href=\"https:\/\/k-level.com\/de\/uber-uns\/\">Schwarzes H\u00f6henverstell-Laser-Stativ<\/a> ist aus hochwertigem Aluminiumoxid (A) gefertigt und gew\u00e4hrleistet so geringes Gewicht, Festigkeit und Korrosionsbest\u00e4ndigkeit.<\/p>\n<p><img fetchpriority=\"high\" decoding=\"async\" class=\"size-medium wp-image-13980 aligncenter\" src=\"https:\/\/k-level.com\/wp-content\/uploads\/2025\/07\/B3160HP2-2-300x300.jpg\" alt=\"Hochwertiges Laser-Nivellierstativ\" width=\"300\" height=\"300\" srcset=\"https:\/\/k-level.com\/wp-content\/uploads\/2025\/07\/B3160HP2-2-300x300.jpg 300w, https:\/\/k-level.com\/wp-content\/uploads\/2025\/07\/B3160HP2-2-150x150.jpg 150w, https:\/\/k-level.com\/wp-content\/uploads\/2025\/07\/B3160HP2-2-768x768.jpg 768w, https:\/\/k-level.com\/wp-content\/uploads\/2025\/07\/B3160HP2-2-12x12.jpg 12w, https:\/\/k-level.com\/wp-content\/uploads\/2025\/07\/B3160HP2-2-370x370.jpg 370w, https:\/\/k-level.com\/wp-content\/uploads\/2025\/07\/B3160HP2-2-400x400.jpg 400w, https:\/\/k-level.com\/wp-content\/uploads\/2025\/07\/B3160HP2-2-100x100.jpg 100w, https:\/\/k-level.com\/wp-content\/uploads\/2025\/07\/B3160HP2-2-50x50.jpg 50w, https:\/\/k-level.com\/wp-content\/uploads\/2025\/07\/B3160HP2-2.jpg 800w\" sizes=\"(max-width: 300px) 100vw, 300px\" \/><\/p>\n<p><a href=\"https:\/\/k-level.com\/de\/uber-uns\/\">Hochwertiges Laser-Nivellierstativ<\/a> 3er<br \/>\nBA3-045HP:0,45 Meter, mit Kunststoffkopf 5\/8\u2033-11<br \/>\nBA3-120HP: 1,20 Meter, mit Kunststoffkopf 5\/8\u2033-11<br \/>\nBA3-160HP: 1,60 Meter, mit Kunststoffkopf 5\/8\u2033-11<br \/>\nBA3-180HB: 1,80 Meter, mit gro\u00dfem runden Kopf 5\/8\u2033-11<br \/>\nBA3-200HB: 2,00 Meter, mit gro\u00dfem runden Kopf 5\/8\u2033-11<br \/>\nBA3-300HA: 3,00 Meter, mit Aluminiumkopf 5\/8\u2033-11<\/p>\n<p><img decoding=\"async\" class=\"size-medium wp-image-13982 aligncenter\" src=\"https:\/\/k-level.com\/wp-content\/uploads\/2025\/07\/B3160HP5-300x300.jpg\" alt=\"Hochwertiges Laser-Nivellierstativ\" width=\"300\" height=\"300\" srcset=\"https:\/\/k-level.com\/wp-content\/uploads\/2025\/07\/B3160HP5-300x300.jpg 300w, https:\/\/k-level.com\/wp-content\/uploads\/2025\/07\/B3160HP5-150x150.jpg 150w, https:\/\/k-level.com\/wp-content\/uploads\/2025\/07\/B3160HP5-768x768.jpg 768w, https:\/\/k-level.com\/wp-content\/uploads\/2025\/07\/B3160HP5-12x12.jpg 12w, https:\/\/k-level.com\/wp-content\/uploads\/2025\/07\/B3160HP5-370x370.jpg 370w, https:\/\/k-level.com\/wp-content\/uploads\/2025\/07\/B3160HP5-400x400.jpg 400w, https:\/\/k-level.com\/wp-content\/uploads\/2025\/07\/B3160HP5-100x100.jpg 100w, https:\/\/k-level.com\/wp-content\/uploads\/2025\/07\/B3160HP5-50x50.jpg 50w, https:\/\/k-level.com\/wp-content\/uploads\/2025\/07\/B3160HP5.jpg 800w\" sizes=\"(max-width: 300px) 100vw, 300px\" \/><\/p>\n<p>Ben\u00f6tigen Sie eine L\u00f6sung?<\/p>\n<p>K-level bietet Beratungsdienste f\u00fcr Vermessungsger\u00e4te an. Kontaktieren Sie uns f\u00fcr Gro\u00dfbestellungen oder technischen Support!<\/p>","protected":false},"excerpt":{"rendered":"<ul>\n<li>Ob Sie ein hochwertiges Laser-Nivellierstativ f\u00fcr die Aufzugsausrichtung, die Bauplanung oder die Vermessung ben\u00f6tigen<\/li>\n<li>oder ein robustes schwarzes Elevator-Laser-Level-Stativ f\u00fcr Hochleistungsanwendungen<\/li>\n<li>Die BA3-Serie bietet Zuverl\u00e4ssigkeit und Pr\u00e4zision in jedem Modell.<\/li>\n<\/ul>\n<p><img decoding=\"async\" class=\"alignnone size-medium wp-image-13646\" src=\"https:\/\/k-level.com\/wp-content\/uploads\/2025\/05\/logo-300x98.png\" alt=\"\" width=\"300\" height=\"98\" srcset=\"https:\/\/k-level.com\/wp-content\/uploads\/2025\/05\/logo-300x98.png 300w, https:\/\/k-level.com\/wp-content\/uploads\/2025\/05\/logo-18x6.png 18w, https:\/\/k-level.com\/wp-content\/uploads\/2025\/05\/logo.png 307w\" sizes=\"(max-width: 300px) 100vw, 300px\" \/><\/p>","protected":false},"featured_media":13982,"comment_status":"open","ping_status":"closed","template":"","meta":[],"product_brand":[],"product_cat":[263],"product_tag":[238],"class_list":{"0":"post-13978","1":"product","2":"type-product","3":"status-publish","4":"has-post-thumbnail","6":"product_cat-laser-level-tripod","7":"product_tag-carpentry-and-furniture","9":"first","10":"instock","11":"shipping-taxable","12":"product-type-simple"},"_links":{"self":[{"href":"https:\/\/k-level.com\/de\/wp-json\/wp\/v2\/product\/13978","targetHints":{"allow":["GET"]}}],"collection":[{"href":"https:\/\/k-level.com\/de\/wp-json\/wp\/v2\/product"}],"about":[{"href":"https:\/\/k-level.com\/de\/wp-json\/wp\/v2\/types\/product"}],"replies":[{"embeddable":true,"href":"https:\/\/k-level.com\/de\/wp-json\/wp\/v2\/comments?post=13978"}],"version-history":[{"count":2,"href":"https:\/\/k-level.com\/de\/wp-json\/wp\/v2\/product\/13978\/revisions"}],"predecessor-version":[{"id":13985,"href":"https:\/\/k-level.com\/de\/wp-json\/wp\/v2\/product\/13978\/revisions\/13985"}],"wp:featuredmedia":[{"embeddable":true,"href":"https:\/\/k-level.com\/de\/wp-json\/wp\/v2\/media\/13982"}],"wp:attachment":[{"href":"https:\/\/k-level.com\/de\/wp-json\/wp\/v2\/media?parent=13978"}],"wp:term":[{"taxonomy":"product_brand","embeddable":true,"href":"https:\/\/k-level.com\/de\/wp-json\/wp\/v2\/product_brand?post=13978"},{"taxonomy":"product_cat","embeddable":true,"href":"https:\/\/k-level.com\/de\/wp-json\/wp\/v2\/product_cat?post=13978"},{"taxonomy":"product_tag","embeddable":true,"href":"https:\/\/k-level.com\/de\/wp-json\/wp\/v2\/product_tag?post=13978"}],"curies":[{"name":"wp","href":"https:\/\/api.w.org\/{rel}","templated":true}]}}