{"id":13964,"date":"2025-07-23T14:39:04","date_gmt":"2025-07-23T06:39:04","guid":{"rendered":"https:\/\/k-level.com\/?post_type=product&#038;p=13964"},"modified":"2025-07-23T14:59:49","modified_gmt":"2025-07-23T06:59:49","slug":"mini-laser-nivellierstativ-aus-silbernem-aluminium","status":"publish","type":"product","link":"https:\/\/k-level.com\/de\/produkt\/mini-laser-nivellierstativ-aus-silbernem-aluminium\/","title":{"rendered":"Mini-Laser-Nivellierstativ aus Aluminium der SA11-Serie in Silber"},"content":{"rendered":"<p>Einf\u00fchrung des Mini-Laser-Nivellierstativs aus silbernem Aluminium der SA11-Serie<\/p>\n<p>Die SA11-Serie <a href=\"https:\/\/k-level.com\/de\/geschaft\/\">Mini-Laser-Nivellierstativ aus Aluminium in Silber<\/a> von K-Level ist eine Pr\u00e4mie<a href=\"https:\/\/k-level.com\/de\/geschaft\/\"> verstellbares Stativ f\u00fcr Laser-Wasserwaage<\/a>, entwickelt f\u00fcr Pr\u00e4zision und Tragbarkeit.<br \/>\nDieses tragbare Laser-Wasserwaagenstativ aus Aluminium ist ideal f\u00fcr Vermesser, Bauunternehmer und Heimwerker und vereint Haltbarkeit, leichte Konstruktion und professionelle Stabilit\u00e4t f\u00fcr genaue Messungen in verschiedenen Anwendungen.<\/p>\n<p>Silver Mini Elevator Tripod bietet zwei Modelle an, die sich durch das h\u00f6henverstellbare Laser-Level-Stativ unterscheiden.<\/p>\n<p><img fetchpriority=\"high\" decoding=\"async\" class=\"aligncenter wp-image-13968 size-medium\" src=\"https:\/\/k-level.com\/wp-content\/uploads\/2025\/07\/S110507-300x300.jpg\" alt=\"Mini-Laser-Nivellierstativ aus Aluminium in Silber\" width=\"300\" height=\"300\" srcset=\"https:\/\/k-level.com\/wp-content\/uploads\/2025\/07\/S110507-300x300.jpg 300w, https:\/\/k-level.com\/wp-content\/uploads\/2025\/07\/S110507-150x150.jpg 150w, https:\/\/k-level.com\/wp-content\/uploads\/2025\/07\/S110507-768x768.jpg 768w, https:\/\/k-level.com\/wp-content\/uploads\/2025\/07\/S110507-12x12.jpg 12w, https:\/\/k-level.com\/wp-content\/uploads\/2025\/07\/S110507-370x370.jpg 370w, https:\/\/k-level.com\/wp-content\/uploads\/2025\/07\/S110507-400x400.jpg 400w, https:\/\/k-level.com\/wp-content\/uploads\/2025\/07\/S110507-100x100.jpg 100w, https:\/\/k-level.com\/wp-content\/uploads\/2025\/07\/S110507-50x50.jpg 50w, https:\/\/k-level.com\/wp-content\/uploads\/2025\/07\/S110507.jpg 800w\" sizes=\"(max-width: 300px) 100vw, 300px\" \/><br \/>\nModellnummer der SA11-Serie:<\/p>\n<p>SA11-050F: Silber, 0,50 m, fester Kippkopf mit abnehmbarem 1\/4\u2033-20-Gewinde<br \/>\nSA11-100F: Silber, 1,00 m, fester Neigekopf mit abnehmbarem 1\/4\u2033-20-Gewinde<\/p>\n<p><img decoding=\"async\" class=\"aligncenter wp-image-13967 size-medium\" src=\"https:\/\/k-level.com\/wp-content\/uploads\/2025\/07\/S1105051-300x300.jpg\" alt=\"SA11-100F Mini-Laser-Nivellierstativ aus silbernem Aluminium\" width=\"300\" height=\"300\" srcset=\"https:\/\/k-level.com\/wp-content\/uploads\/2025\/07\/S1105051-300x300.jpg 300w, https:\/\/k-level.com\/wp-content\/uploads\/2025\/07\/S1105051-150x150.jpg 150w, https:\/\/k-level.com\/wp-content\/uploads\/2025\/07\/S1105051-768x768.jpg 768w, https:\/\/k-level.com\/wp-content\/uploads\/2025\/07\/S1105051-12x12.jpg 12w, https:\/\/k-level.com\/wp-content\/uploads\/2025\/07\/S1105051-370x370.jpg 370w, https:\/\/k-level.com\/wp-content\/uploads\/2025\/07\/S1105051-400x400.jpg 400w, https:\/\/k-level.com\/wp-content\/uploads\/2025\/07\/S1105051-100x100.jpg 100w, https:\/\/k-level.com\/wp-content\/uploads\/2025\/07\/S1105051-50x50.jpg 50w, https:\/\/k-level.com\/wp-content\/uploads\/2025\/07\/S1105051.jpg 800w\" sizes=\"(max-width: 300px) 100vw, 300px\" \/><\/p>\n<p>Ben\u00f6tigen Sie eine L\u00f6sung?<\/p>\n<p><a href=\"https:\/\/k-level.com\/de\/geschaft\/\">K-Stufe<\/a>\u00a0bietet Beratungsdienste f\u00fcr Vermessungsger\u00e4te an. Kontaktieren Sie uns f\u00fcr Gro\u00dfbestellungen oder technischen Support!<\/p>","protected":false},"excerpt":{"rendered":"<ul>\n<li>Ob Sie ein verstellbares Stativ f\u00fcr Lasernivellierung f\u00fcr Innennivellierung oder Au\u00dfenvermessung ben\u00f6tigen<\/li>\n<li>Das Laser-Nivellierstativ mit kippbarem Kopf bietet Zuverl\u00e4ssigkeit und Pr\u00e4zision in kompakter Form.<\/li>\n<\/ul>\n<p><img decoding=\"async\" class=\"alignnone size-medium wp-image-13646\" src=\"https:\/\/k-level.com\/wp-content\/uploads\/2025\/05\/logo-300x98.png\" alt=\"\" width=\"300\" height=\"98\" srcset=\"https:\/\/k-level.com\/wp-content\/uploads\/2025\/05\/logo-300x98.png 300w, https:\/\/k-level.com\/wp-content\/uploads\/2025\/05\/logo-18x6.png 18w, https:\/\/k-level.com\/wp-content\/uploads\/2025\/05\/logo.png 307w\" sizes=\"(max-width: 300px) 100vw, 300px\" \/><\/p>","protected":false},"featured_media":13965,"comment_status":"open","ping_status":"closed","template":"","meta":[],"product_brand":[],"product_cat":[263],"product_tag":[238],"class_list":{"0":"post-13964","1":"product","2":"type-product","3":"status-publish","4":"has-post-thumbnail","6":"product_cat-laser-level-tripod","7":"product_tag-carpentry-and-furniture","9":"first","10":"instock","11":"shipping-taxable","12":"product-type-simple"},"_links":{"self":[{"href":"https:\/\/k-level.com\/de\/wp-json\/wp\/v2\/product\/13964","targetHints":{"allow":["GET"]}}],"collection":[{"href":"https:\/\/k-level.com\/de\/wp-json\/wp\/v2\/product"}],"about":[{"href":"https:\/\/k-level.com\/de\/wp-json\/wp\/v2\/types\/product"}],"replies":[{"embeddable":true,"href":"https:\/\/k-level.com\/de\/wp-json\/wp\/v2\/comments?post=13964"}],"version-history":[{"count":3,"href":"https:\/\/k-level.com\/de\/wp-json\/wp\/v2\/product\/13964\/revisions"}],"predecessor-version":[{"id":13977,"href":"https:\/\/k-level.com\/de\/wp-json\/wp\/v2\/product\/13964\/revisions\/13977"}],"wp:featuredmedia":[{"embeddable":true,"href":"https:\/\/k-level.com\/de\/wp-json\/wp\/v2\/media\/13965"}],"wp:attachment":[{"href":"https:\/\/k-level.com\/de\/wp-json\/wp\/v2\/media?parent=13964"}],"wp:term":[{"taxonomy":"product_brand","embeddable":true,"href":"https:\/\/k-level.com\/de\/wp-json\/wp\/v2\/product_brand?post=13964"},{"taxonomy":"product_cat","embeddable":true,"href":"https:\/\/k-level.com\/de\/wp-json\/wp\/v2\/product_cat?post=13964"},{"taxonomy":"product_tag","embeddable":true,"href":"https:\/\/k-level.com\/de\/wp-json\/wp\/v2\/product_tag?post=13964"}],"curies":[{"name":"wp","href":"https:\/\/api.w.org\/{rel}","templated":true}]}}