{"id":13870,"date":"2025-07-18T17:25:28","date_gmt":"2025-07-18T09:25:28","guid":{"rendered":"https:\/\/k-level.com\/?post_type=product&#038;p=13870"},"modified":"2025-07-25T09:39:30","modified_gmt":"2025-07-25T01:39:30","slug":"l8s8-35-nivellierlatte","status":"publish","type":"product","link":"https:\/\/k-level.com\/de\/produkt\/l8s8-35-nivellierlatte\/","title":{"rendered":"L8S8-35 Nivellierlatte"},"content":{"rendered":"<p>L8S8-35 Nivellierlatte von K-level, eine erstklassige Wahl f\u00fcr Profis in der Vermessungsbranche. Dieses vielseitige <a href=\"https:\/\/k-level.com\/de\/uber-uns\/\">Laser-Nivellierlatte<\/a> wurde entwickelt, um eine Vielzahl von Vermessungsanforderungen zu erf\u00fcllen und vereint Genauigkeit, Haltbarkeit und Benutzerfreundlichkeit. Unser Vermessungspersonal zum Verkauf umfasst dieses au\u00dfergew\u00f6hnliche Modell, das sorgf\u00e4ltig gefertigt wurde, um Ihr Vermessungserlebnis zu verbessern.<\/p>\n<p>Die Nivellierlatte L8S8-35 verf\u00fcgt \u00fcber verschiedene Messskalen, sodass Benutzer zwischen Fu\u00df\/Zehntel und Fu\u00df\/Zoll w\u00e4hlen k\u00f6nnen. Diese rechteckige Nivellierlatte aus leichter und dennoch robuster Aluminiumlegierung ist f\u00fcr die harten Anforderungen im Feldeinsatz konzipiert. Die Skala auf der R\u00fcckseite erleichtert das Ablesen der Gesamth\u00f6he und stellt sicher, dass Vermesser Messungen schnell und pr\u00e4zise durchf\u00fchren k\u00f6nnen.<\/p>\n<p><img fetchpriority=\"high\" decoding=\"async\" class=\"aligncenter wp-image-13871 size-medium\" src=\"https:\/\/k-level.com\/wp-content\/uploads\/2025\/07\/L8S8-351-300x300.jpg\" alt=\"Laser-Nivellierlatte\" width=\"300\" height=\"300\" srcset=\"https:\/\/k-level.com\/wp-content\/uploads\/2025\/07\/L8S8-351-300x300.jpg 300w, https:\/\/k-level.com\/wp-content\/uploads\/2025\/07\/L8S8-351-150x150.jpg 150w, https:\/\/k-level.com\/wp-content\/uploads\/2025\/07\/L8S8-351-768x768.jpg 768w, https:\/\/k-level.com\/wp-content\/uploads\/2025\/07\/L8S8-351-12x12.jpg 12w, https:\/\/k-level.com\/wp-content\/uploads\/2025\/07\/L8S8-351-370x370.jpg 370w, https:\/\/k-level.com\/wp-content\/uploads\/2025\/07\/L8S8-351-400x400.jpg 400w, https:\/\/k-level.com\/wp-content\/uploads\/2025\/07\/L8S8-351-100x100.jpg 100w, https:\/\/k-level.com\/wp-content\/uploads\/2025\/07\/L8S8-351-50x50.jpg 50w, https:\/\/k-level.com\/wp-content\/uploads\/2025\/07\/L8S8-351.jpg 800w\" sizes=\"(max-width: 300px) 100vw, 300px\" \/><\/p>\n<p>Mit vier verstellbaren Abschnitten und einem sicheren Verriegelungsknopf ist die<a href=\"https:\/\/k-level.com\/de\/uber-uns\/\"> L8S8-35 Laser-Nivellierlatte<\/a> bietet Flexibilit\u00e4t und Stabilit\u00e4t im Einsatz. Es ist zudem wasser- und korrosionsbest\u00e4ndig und somit ideal f\u00fcr verschiedene Wetterbedingungen. F\u00fcr eine bessere Mobilit\u00e4t wird die Nivellierlatte mit einer praktischen Tragetasche geliefert, sodass Vermesser sie problemlos von einer Baustelle zur anderen transportieren k\u00f6nnen.<\/p>\n<p>Ben\u00f6tigen Sie eine L\u00f6sung?<\/p>\n<p>K-level bietet Beratungsdienste f\u00fcr Vermessungsger\u00e4te an. Kontaktieren Sie uns f\u00fcr Gro\u00dfbestellungen oder technischen Support!<\/p>\n<p>&nbsp;<\/p>","protected":false},"excerpt":{"rendered":"<ul>\n<li>K-Level stellt sicher, dass jeder Laser-Nivellierstab auf Pr\u00e4zision und Zuverl\u00e4ssigkeit ausgelegt ist<\/li>\n<li>Damit ist es eine wertvolle Erg\u00e4nzung f\u00fcr jedes Vermessungs-Toolkit.<\/li>\n<li>Unser Vermessungspersonal zum Verkauf, einschlie\u00dflich des L8S8-35, ist sowohl f\u00fcr erfahrene Profis als auch f\u00fcr Neueinsteiger auf diesem Gebiet perfekt geeignet<\/li>\n<\/ul>\n<p><img decoding=\"async\" class=\"alignnone size-medium wp-image-13646\" src=\"https:\/\/k-level.com\/wp-content\/uploads\/2025\/05\/logo-300x98.png\" alt=\"\" width=\"300\" height=\"98\" srcset=\"https:\/\/k-level.com\/wp-content\/uploads\/2025\/05\/logo-300x98.png 300w, https:\/\/k-level.com\/wp-content\/uploads\/2025\/05\/logo-18x6.png 18w, https:\/\/k-level.com\/wp-content\/uploads\/2025\/05\/logo.png 307w\" sizes=\"(max-width: 300px) 100vw, 300px\" \/><\/p>","protected":false},"featured_media":13875,"comment_status":"open","ping_status":"closed","template":"","meta":[],"product_brand":[],"product_cat":[248],"product_tag":[237],"class_list":{"0":"post-13870","1":"product","2":"type-product","3":"status-publish","4":"has-post-thumbnail","6":"product_cat-leveling-staff","7":"product_tag-professional-engineering","9":"first","10":"instock","11":"shipping-taxable","12":"product-type-simple"},"_links":{"self":[{"href":"https:\/\/k-level.com\/de\/wp-json\/wp\/v2\/product\/13870","targetHints":{"allow":["GET"]}}],"collection":[{"href":"https:\/\/k-level.com\/de\/wp-json\/wp\/v2\/product"}],"about":[{"href":"https:\/\/k-level.com\/de\/wp-json\/wp\/v2\/types\/product"}],"replies":[{"embeddable":true,"href":"https:\/\/k-level.com\/de\/wp-json\/wp\/v2\/comments?post=13870"}],"version-history":[{"count":2,"href":"https:\/\/k-level.com\/de\/wp-json\/wp\/v2\/product\/13870\/revisions"}],"predecessor-version":[{"id":13877,"href":"https:\/\/k-level.com\/de\/wp-json\/wp\/v2\/product\/13870\/revisions\/13877"}],"wp:featuredmedia":[{"embeddable":true,"href":"https:\/\/k-level.com\/de\/wp-json\/wp\/v2\/media\/13875"}],"wp:attachment":[{"href":"https:\/\/k-level.com\/de\/wp-json\/wp\/v2\/media?parent=13870"}],"wp:term":[{"taxonomy":"product_brand","embeddable":true,"href":"https:\/\/k-level.com\/de\/wp-json\/wp\/v2\/product_brand?post=13870"},{"taxonomy":"product_cat","embeddable":true,"href":"https:\/\/k-level.com\/de\/wp-json\/wp\/v2\/product_cat?post=13870"},{"taxonomy":"product_tag","embeddable":true,"href":"https:\/\/k-level.com\/de\/wp-json\/wp\/v2\/product_tag?post=13870"}],"curies":[{"name":"wp","href":"https:\/\/api.w.org\/{rel}","templated":true}]}}