{"id":13853,"date":"2025-07-17T17:48:15","date_gmt":"2025-07-17T09:48:15","guid":{"rendered":"https:\/\/k-level.com\/?post_type=product&#038;p=13853"},"modified":"2025-07-21T17:48:11","modified_gmt":"2025-07-21T09:48:11","slug":"cs100-schrankstutzstange","status":"publish","type":"product","link":"https:\/\/k-level.com\/de\/produkt\/cs100-schrankstutzstange\/","title":{"rendered":"CS100 Schrankst\u00fctzstange"},"content":{"rendered":"<p>CS100 Schrankst\u00fctzstange \u2013 eine unverzichtbare, verstellbare Schrankst\u00fctzstange, die Ihre Schrankwerkzeugsammlung f\u00fcr die Schrankmontage revolutioniert. Dank verst\u00e4rkter Stabilit\u00e4t und intelligenter Funktionen bietet diese St\u00fctzstange un\u00fcbertroffene Unterst\u00fctzung bei der Installation von K\u00fcchen- und Badezimmerschr\u00e4nken.<\/p>\n<p><a href=\"https:\/\/k-level.com\/de\/geschaft\/\">Komplette Schrankst\u00fctzstange<\/a> Serie:<br \/>\nCS100 Schrankst\u00fctzstange: 60\u2013100 cm\/23,6\u201339,4 Zoll \u2013 perfekt f\u00fcr Standard-Unterschr\u00e4nke<\/p>\n<p>CS160 Schrankst\u00fctzstange: 90\u2013160 cm\/35,4\u201363 Zoll \u2013 ideal f\u00fcr wandmontierte Einheiten<\/p>\n<p>CS290 Schrankst\u00fctzstange: 145\u2013290 cm\/57\u2013114,2 Zoll \u2013 konzipiert f\u00fcr hohe Lagerl\u00f6sungen<\/p>\n<p>&nbsp;<\/p>\n<p><strong><a href=\"https:\/\/k-level.com\/de\/geschaft\/\">Schrankwerkzeuge zum Einbau von Schr\u00e4nken<\/a> Einfache Bedienung in 4 einfachen Schritten:<\/strong><\/p>\n<p>1.Dr\u00fccken Sie die rechte Entriegelungstaste<\/p>\n<p>2. Stellen Sie die gew\u00fcnschte H\u00f6he ein, w\u00e4hrend Sie die Taste gedr\u00fcckt halten<\/p>\n<p>3. Aktivieren Sie die Sicherheitsverriegelung<\/p>\n<p>4. Feinabstimmung mit Gewindeenden f\u00fcr perfekten Halt<\/p>\n<p><img fetchpriority=\"high\" decoding=\"async\" class=\"aligncenter wp-image-13855 size-medium\" src=\"https:\/\/k-level.com\/wp-content\/uploads\/2025\/07\/04-2-300x300.jpg\" alt=\"Schrankwerkzeuge zum Einbau von Schr\u00e4nken\" width=\"300\" height=\"300\" srcset=\"https:\/\/k-level.com\/wp-content\/uploads\/2025\/07\/04-2-300x300.jpg 300w, https:\/\/k-level.com\/wp-content\/uploads\/2025\/07\/04-2-150x150.jpg 150w, https:\/\/k-level.com\/wp-content\/uploads\/2025\/07\/04-2-768x768.jpg 768w, https:\/\/k-level.com\/wp-content\/uploads\/2025\/07\/04-2-12x12.jpg 12w, https:\/\/k-level.com\/wp-content\/uploads\/2025\/07\/04-2-370x370.jpg 370w, https:\/\/k-level.com\/wp-content\/uploads\/2025\/07\/04-2-400x400.jpg 400w, https:\/\/k-level.com\/wp-content\/uploads\/2025\/07\/04-2-100x100.jpg 100w, https:\/\/k-level.com\/wp-content\/uploads\/2025\/07\/04-2-50x50.jpg 50w, https:\/\/k-level.com\/wp-content\/uploads\/2025\/07\/04-2.jpg 800w\" sizes=\"(max-width: 300px) 100vw, 300px\" \/><\/p>\n<p>Als zuverl\u00e4ssigste verstellbare Schrankst\u00fctzstange in unserem Sortiment sticht die CS100 unter den professionellen Schrankwerkzeugen f\u00fcr die Schrankmontage hervor und bietet sowohl Sicherheit als auch Pr\u00e4zision bei jedem Montageprojekt.<\/p>\n<p><img decoding=\"async\" class=\"aligncenter wp-image-13858 size-medium\" src=\"https:\/\/k-level.com\/wp-content\/uploads\/2025\/07\/07-300x300.jpg\" alt=\"Schrankwerkzeuge zum Einbau von Schr\u00e4nken\" width=\"300\" height=\"300\" srcset=\"https:\/\/k-level.com\/wp-content\/uploads\/2025\/07\/07-300x300.jpg 300w, https:\/\/k-level.com\/wp-content\/uploads\/2025\/07\/07-150x150.jpg 150w, https:\/\/k-level.com\/wp-content\/uploads\/2025\/07\/07-768x768.jpg 768w, https:\/\/k-level.com\/wp-content\/uploads\/2025\/07\/07-12x12.jpg 12w, https:\/\/k-level.com\/wp-content\/uploads\/2025\/07\/07-370x370.jpg 370w, https:\/\/k-level.com\/wp-content\/uploads\/2025\/07\/07-400x400.jpg 400w, https:\/\/k-level.com\/wp-content\/uploads\/2025\/07\/07-100x100.jpg 100w, https:\/\/k-level.com\/wp-content\/uploads\/2025\/07\/07-50x50.jpg 50w, https:\/\/k-level.com\/wp-content\/uploads\/2025\/07\/07.jpg 800w\" sizes=\"(max-width: 300px) 100vw, 300px\" \/><\/p>\n<p>Ben\u00f6tigen Sie eine L\u00f6sung?<\/p>\n<p><a href=\"https:\/\/k-level.com\/de\/\">K-Stufe<\/a>\u00a0bietet Beratungsdienste f\u00fcr Vermessungsger\u00e4te an. Kontaktieren Sie uns f\u00fcr Gro\u00dfbestellungen oder technischen Support!<\/p>","protected":false},"excerpt":{"rendered":"<ul>\n<li>Entwickelt mit verst\u00e4rkter Stabilit\u00e4t und intelligenten Funktionen<\/li>\n<li>Die Schrankst\u00fctzstange CS100 bietet un\u00fcbertroffene Unterst\u00fctzung bei der Installation von K\u00fcchen- und Badezimmerschr\u00e4nken.<\/li>\n<\/ul>\n<p><img decoding=\"async\" class=\"alignnone size-medium wp-image-13646\" src=\"https:\/\/k-level.com\/wp-content\/uploads\/2025\/05\/logo-300x98.png\" alt=\"\" width=\"300\" height=\"98\" srcset=\"https:\/\/k-level.com\/wp-content\/uploads\/2025\/05\/logo-300x98.png 300w, https:\/\/k-level.com\/wp-content\/uploads\/2025\/05\/logo-18x6.png 18w, https:\/\/k-level.com\/wp-content\/uploads\/2025\/05\/logo.png 307w\" sizes=\"(max-width: 300px) 100vw, 300px\" \/><\/p>","protected":false},"featured_media":13852,"comment_status":"open","ping_status":"closed","template":"","meta":[],"product_brand":[],"product_cat":[262],"product_tag":[],"class_list":{"0":"post-13853","1":"product","2":"type-product","3":"status-publish","4":"has-post-thumbnail","6":"product_cat-cabinet-support-pole","8":"first","9":"instock","10":"shipping-taxable","11":"product-type-simple"},"_links":{"self":[{"href":"https:\/\/k-level.com\/de\/wp-json\/wp\/v2\/product\/13853","targetHints":{"allow":["GET"]}}],"collection":[{"href":"https:\/\/k-level.com\/de\/wp-json\/wp\/v2\/product"}],"about":[{"href":"https:\/\/k-level.com\/de\/wp-json\/wp\/v2\/types\/product"}],"replies":[{"embeddable":true,"href":"https:\/\/k-level.com\/de\/wp-json\/wp\/v2\/comments?post=13853"}],"version-history":[{"count":2,"href":"https:\/\/k-level.com\/de\/wp-json\/wp\/v2\/product\/13853\/revisions"}],"predecessor-version":[{"id":13860,"href":"https:\/\/k-level.com\/de\/wp-json\/wp\/v2\/product\/13853\/revisions\/13860"}],"wp:featuredmedia":[{"embeddable":true,"href":"https:\/\/k-level.com\/de\/wp-json\/wp\/v2\/media\/13852"}],"wp:attachment":[{"href":"https:\/\/k-level.com\/de\/wp-json\/wp\/v2\/media?parent=13853"}],"wp:term":[{"taxonomy":"product_brand","embeddable":true,"href":"https:\/\/k-level.com\/de\/wp-json\/wp\/v2\/product_brand?post=13853"},{"taxonomy":"product_cat","embeddable":true,"href":"https:\/\/k-level.com\/de\/wp-json\/wp\/v2\/product_cat?post=13853"},{"taxonomy":"product_tag","embeddable":true,"href":"https:\/\/k-level.com\/de\/wp-json\/wp\/v2\/product_tag?post=13853"}],"curies":[{"name":"wp","href":"https:\/\/api.w.org\/{rel}","templated":true}]}}