{"id":13841,"date":"2025-07-16T17:43:50","date_gmt":"2025-07-16T09:43:50","guid":{"rendered":"https:\/\/k-level.com\/?post_type=product&#038;p=13841"},"modified":"2025-07-16T17:43:50","modified_gmt":"2025-07-16T09:43:50","slug":"llra09a-09b-laser-nivellier-drehadapter","status":"publish","type":"product","link":"https:\/\/k-level.com\/de\/produkt\/llra09a-09b-laser-nivellier-drehadapter\/","title":{"rendered":"LLRA09A\/ 09B Laser Level Drehadapter"},"content":{"rendered":"<p>LLRA09A\/09B Laser-Nivellier-Drehadapter zur Montage von Laser-Nivellierger\u00e4ten auf Stativen mit verbesserter Rotationskontrolle. Diese Adapterserie ist ein unverzichtbares <a href=\"https:\/\/k-level.com\/de\/geschaft\/\">Stativadapter f\u00fcr Lasernivellierger\u00e4te<\/a> f\u00fcr Profis, die im Au\u00dfeneinsatz Vielseitigkeit, Pr\u00e4zision und Haltbarkeit ben\u00f6tigen.<\/p>\n<p>Der Laser-Nivellier-Drehadapter LLRA09A\/09B verf\u00fcgt \u00fcber zwei Gewindeoptionen f\u00fcr unterschiedliche Laser- und Stativkonfigurationen. Der Laser-Nivellier-Drehadapter LLRA09A verf\u00fcgt \u00fcber ein 1\/4\u2033-20-Gewinde, w\u00e4hrend der Laser-Nivellier-Drehadapter LLRA09B \u00fcber ein 5\/8\u2033-11-Gewinde verf\u00fcgt und somit mit einer Vielzahl von Laser-Nivellierger\u00e4ten und Stativen kompatibel ist, die \u00fcblicherweise im Bauwesen und in der Vermessung verwendet werden. Egal, ob Sie mit Rotations- oder Linienlasern arbeiten, dieser Adapter sorgt f\u00fcr sicheren Sitz und pr\u00e4zise Ausrichtung.<\/p>\n<p>Als zuverl\u00e4ssiger <a href=\"https:\/\/k-level.com\/de\/uber-uns\/\">Stativadapter f\u00fcr Lasernivellierger\u00e4te<\/a>Beide Modelle sind f\u00fcr eine reibungslose 360\u00b0-Drehung ausgelegt und erm\u00f6glichen pr\u00e4zise Richtungsanpassungen, ohne das Stativ bewegen zu m\u00fcssen. Dies steigert die Effizienz bei Einrichtungs- und Layoutarbeiten erheblich. Der LLRA09A\/09B ist aus hochwertigen Materialien gefertigt und bietet Langlebigkeit und eine stabile Plattform f\u00fcr Ihre Laserwerkzeuge in anspruchsvollen Baustellenumgebungen.<\/p>\n<p><img fetchpriority=\"high\" decoding=\"async\" class=\"aligncenter wp-image-13842 size-medium\" src=\"https:\/\/k-level.com\/wp-content\/uploads\/2025\/07\/LLRA091-300x300.jpg\" alt=\"Stativadapter f\u00fcr Lasernivellierger\u00e4te\" width=\"300\" height=\"300\" srcset=\"https:\/\/k-level.com\/wp-content\/uploads\/2025\/07\/LLRA091-300x300.jpg 300w, https:\/\/k-level.com\/wp-content\/uploads\/2025\/07\/LLRA091-150x150.jpg 150w, https:\/\/k-level.com\/wp-content\/uploads\/2025\/07\/LLRA091-768x768.jpg 768w, https:\/\/k-level.com\/wp-content\/uploads\/2025\/07\/LLRA091-12x12.jpg 12w, https:\/\/k-level.com\/wp-content\/uploads\/2025\/07\/LLRA091-370x370.jpg 370w, https:\/\/k-level.com\/wp-content\/uploads\/2025\/07\/LLRA091-400x400.jpg 400w, https:\/\/k-level.com\/wp-content\/uploads\/2025\/07\/LLRA091-100x100.jpg 100w, https:\/\/k-level.com\/wp-content\/uploads\/2025\/07\/LLRA091-50x50.jpg 50w, https:\/\/k-level.com\/wp-content\/uploads\/2025\/07\/LLRA091.jpg 800w\" sizes=\"(max-width: 300px) 100vw, 300px\" \/><\/p>\n<p>Ben\u00f6tigen Sie eine L\u00f6sung?<\/p>\n<p><a href=\"https:\/\/k-level.com\/de\/uber-uns\/\">K-Stufe<\/a>\u00a0bietet Beratungsdienste f\u00fcr Vermessungsger\u00e4te an. Kontaktieren Sie uns f\u00fcr Gro\u00dfbestellungen oder technischen Support!<\/p>\n<p>&nbsp;<\/p>","protected":false},"excerpt":{"rendered":"<ul>\n<li>K-level liefert weiterhin professionelle L\u00f6sungen, die einfach, intelligent und effektiv sind.<\/li>\n<li>Der perfekte Laser-Nivellierstativadapter zur Verbesserung Ihres Arbeitsablaufs und der Laserpr\u00e4zision.<\/li>\n<\/ul>\n<p><img decoding=\"async\" class=\"alignnone size-medium wp-image-13646\" src=\"https:\/\/k-level.com\/wp-content\/uploads\/2025\/05\/logo-300x98.png\" alt=\"\" width=\"300\" height=\"98\" srcset=\"https:\/\/k-level.com\/wp-content\/uploads\/2025\/05\/logo-300x98.png 300w, https:\/\/k-level.com\/wp-content\/uploads\/2025\/05\/logo-18x6.png 18w, https:\/\/k-level.com\/wp-content\/uploads\/2025\/05\/logo.png 307w\" sizes=\"(max-width: 300px) 100vw, 300px\" \/><\/p>","protected":false},"featured_media":13842,"comment_status":"open","ping_status":"closed","template":"","meta":[],"product_brand":[],"product_cat":[264],"product_tag":[238],"class_list":{"0":"post-13841","1":"product","2":"type-product","3":"status-publish","4":"has-post-thumbnail","6":"product_cat-rotation-adapter","7":"product_tag-carpentry-and-furniture","9":"first","10":"instock","11":"shipping-taxable","12":"product-type-simple"},"_links":{"self":[{"href":"https:\/\/k-level.com\/de\/wp-json\/wp\/v2\/product\/13841","targetHints":{"allow":["GET"]}}],"collection":[{"href":"https:\/\/k-level.com\/de\/wp-json\/wp\/v2\/product"}],"about":[{"href":"https:\/\/k-level.com\/de\/wp-json\/wp\/v2\/types\/product"}],"replies":[{"embeddable":true,"href":"https:\/\/k-level.com\/de\/wp-json\/wp\/v2\/comments?post=13841"}],"version-history":[{"count":2,"href":"https:\/\/k-level.com\/de\/wp-json\/wp\/v2\/product\/13841\/revisions"}],"predecessor-version":[{"id":13844,"href":"https:\/\/k-level.com\/de\/wp-json\/wp\/v2\/product\/13841\/revisions\/13844"}],"wp:featuredmedia":[{"embeddable":true,"href":"https:\/\/k-level.com\/de\/wp-json\/wp\/v2\/media\/13842"}],"wp:attachment":[{"href":"https:\/\/k-level.com\/de\/wp-json\/wp\/v2\/media?parent=13841"}],"wp:term":[{"taxonomy":"product_brand","embeddable":true,"href":"https:\/\/k-level.com\/de\/wp-json\/wp\/v2\/product_brand?post=13841"},{"taxonomy":"product_cat","embeddable":true,"href":"https:\/\/k-level.com\/de\/wp-json\/wp\/v2\/product_cat?post=13841"},{"taxonomy":"product_tag","embeddable":true,"href":"https:\/\/k-level.com\/de\/wp-json\/wp\/v2\/product_tag?post=13841"}],"curies":[{"name":"wp","href":"https:\/\/api.w.org\/{rel}","templated":true}]}}