{"id":13837,"date":"2025-07-16T17:30:07","date_gmt":"2025-07-16T09:30:07","guid":{"rendered":"https:\/\/k-level.com\/?post_type=product&#038;p=13837"},"modified":"2025-07-16T17:30:07","modified_gmt":"2025-07-16T09:30:07","slug":"llra05-laser-nivellier-drehadapter","status":"publish","type":"product","link":"https:\/\/k-level.com\/de\/produkt\/llra05-laser-nivellier-drehadapter\/","title":{"rendered":"LLRA05 Laser-Nivellier-Drehadapter"},"content":{"rendered":"<p>Der LLRA05 Laser Level Rotating Adapter ist ein hochpr\u00e4zises Zubeh\u00f6r, das eine sanfte, pr\u00e4zise 360\u00b0-Drehung f\u00fcr die Laser-Nivellierausrichtung erm\u00f6glicht. Der LLRA05 ist auf Leistung und Vielseitigkeit ausgelegt und fungiert sowohl als Laser-Nivellierger\u00e4t <a href=\"https:\/\/k-level.com\/de\/uber-uns\/\">360\u00b0 drehbarer Basisadapter<\/a> und ein zuverl\u00e4ssiger <a href=\"https:\/\/k-level.com\/de\/uber-uns\/\">360-Grad-Drehsockel-Laser-Nivellieradapter<\/a> f\u00fcr den professionellen Bau- und Vermessungsbedarf.<\/p>\n<p>Der 360\u00b0 drehbare Basisadapter LLRA05 Laser Level ist mit einem 1\/4\u2033-20-Gewinde ausgestattet und somit universell mit den meisten Lasernivellieren und Stativen kompatibel. Egal ob Nivellierung, Layout oder Ausrichtung \u2013 mit diesem Adapter k\u00f6nnen Sie Ihre Lasernivellierung pr\u00e4zise und einfach drehen, ohne Ihr Stativ oder Ihre Basis zu ver\u00e4ndern. Der ultraleichte Drehmechanismus sorgt f\u00fcr feinjustierte Einstellungen bei kritischen Aufgaben und tr\u00e4gt so zu hervorragenden Ergebnissen vor Ort bei.<\/p>\n<p><img fetchpriority=\"high\" decoding=\"async\" class=\"size-medium wp-image-13838 aligncenter\" src=\"https:\/\/k-level.com\/wp-content\/uploads\/2025\/07\/LLRA051-300x300.jpg\" alt=\"LLRA05 Laser-Nivellier-Drehadapter\" width=\"300\" height=\"300\" srcset=\"https:\/\/k-level.com\/wp-content\/uploads\/2025\/07\/LLRA051-300x300.jpg 300w, https:\/\/k-level.com\/wp-content\/uploads\/2025\/07\/LLRA051-150x150.jpg 150w, https:\/\/k-level.com\/wp-content\/uploads\/2025\/07\/LLRA051-768x768.jpg 768w, https:\/\/k-level.com\/wp-content\/uploads\/2025\/07\/LLRA051-12x12.jpg 12w, https:\/\/k-level.com\/wp-content\/uploads\/2025\/07\/LLRA051-370x370.jpg 370w, https:\/\/k-level.com\/wp-content\/uploads\/2025\/07\/LLRA051-400x400.jpg 400w, https:\/\/k-level.com\/wp-content\/uploads\/2025\/07\/LLRA051-100x100.jpg 100w, https:\/\/k-level.com\/wp-content\/uploads\/2025\/07\/LLRA051-50x50.jpg 50w, https:\/\/k-level.com\/wp-content\/uploads\/2025\/07\/LLRA051.jpg 800w\" sizes=\"(max-width: 300px) 100vw, 300px\" \/><\/p>\n<p>Der hochpr\u00e4zise Laser-Nivellieradapter LLRA05 ist die ideale L\u00f6sung f\u00fcr alle, die einen zuverl\u00e4ssigen Laser-Nivellieradapter mit 360-Grad-Drehbasis suchen. Seine kompakte und stabile Bauweise bietet die notwendige Unterst\u00fctzung f\u00fcr eine pr\u00e4zise Winkelkontrolle im Innen- und Au\u00dfenbereich. Der Adapter erweitert die Funktionalit\u00e4t Ihres Laserwerkzeugs und erm\u00f6glicht die vollst\u00e4ndige Kontrolle \u00fcber Richtung und Winkel w\u00e4hrend des Gebrauchs.<\/p>\n<p>Ben\u00f6tigen Sie eine L\u00f6sung?<\/p>\n<p><a href=\"https:\/\/k-level.com\/de\/\">K-Stufe<\/a>\u00a0bietet Beratungsdienste f\u00fcr Vermessungsger\u00e4te an. Kontaktieren Sie uns f\u00fcr Gro\u00dfbestellungen oder technischen Support!<\/p>","protected":false},"excerpt":{"rendered":"<ul>\n<li>Der LLRA05 Laser Level 360\u00b0 Rotating Base Adapter wird von Profis auf diesem Gebiet gesch\u00e4tzt und ist ein unverzichtbares Werkzeug f\u00fcr alle, die<br \/>\nverlangen von ihrer Laseranlage Genauigkeit, Zuverl\u00e4ssigkeit und reibungslosen Betrieb.<\/li>\n<\/ul>\n<p><img decoding=\"async\" class=\"alignnone size-medium wp-image-13646\" src=\"https:\/\/k-level.com\/wp-content\/uploads\/2025\/05\/logo-300x98.png\" alt=\"\" width=\"300\" height=\"98\" srcset=\"https:\/\/k-level.com\/wp-content\/uploads\/2025\/05\/logo-300x98.png 300w, https:\/\/k-level.com\/wp-content\/uploads\/2025\/05\/logo-18x6.png 18w, https:\/\/k-level.com\/wp-content\/uploads\/2025\/05\/logo.png 307w\" sizes=\"(max-width: 300px) 100vw, 300px\" \/><\/p>","protected":false},"featured_media":13838,"comment_status":"open","ping_status":"closed","template":"","meta":[],"product_brand":[],"product_cat":[264],"product_tag":[238],"class_list":{"0":"post-13837","1":"product","2":"type-product","3":"status-publish","4":"has-post-thumbnail","6":"product_cat-rotation-adapter","7":"product_tag-carpentry-and-furniture","9":"first","10":"instock","11":"shipping-taxable","12":"product-type-simple"},"_links":{"self":[{"href":"https:\/\/k-level.com\/de\/wp-json\/wp\/v2\/product\/13837","targetHints":{"allow":["GET"]}}],"collection":[{"href":"https:\/\/k-level.com\/de\/wp-json\/wp\/v2\/product"}],"about":[{"href":"https:\/\/k-level.com\/de\/wp-json\/wp\/v2\/types\/product"}],"replies":[{"embeddable":true,"href":"https:\/\/k-level.com\/de\/wp-json\/wp\/v2\/comments?post=13837"}],"version-history":[{"count":2,"href":"https:\/\/k-level.com\/de\/wp-json\/wp\/v2\/product\/13837\/revisions"}],"predecessor-version":[{"id":13840,"href":"https:\/\/k-level.com\/de\/wp-json\/wp\/v2\/product\/13837\/revisions\/13840"}],"wp:featuredmedia":[{"embeddable":true,"href":"https:\/\/k-level.com\/de\/wp-json\/wp\/v2\/media\/13838"}],"wp:attachment":[{"href":"https:\/\/k-level.com\/de\/wp-json\/wp\/v2\/media?parent=13837"}],"wp:term":[{"taxonomy":"product_brand","embeddable":true,"href":"https:\/\/k-level.com\/de\/wp-json\/wp\/v2\/product_brand?post=13837"},{"taxonomy":"product_cat","embeddable":true,"href":"https:\/\/k-level.com\/de\/wp-json\/wp\/v2\/product_cat?post=13837"},{"taxonomy":"product_tag","embeddable":true,"href":"https:\/\/k-level.com\/de\/wp-json\/wp\/v2\/product_tag?post=13837"}],"curies":[{"name":"wp","href":"https:\/\/api.w.org\/{rel}","templated":true}]}}