{"id":13821,"date":"2025-07-16T16:41:09","date_gmt":"2025-07-16T08:41:09","guid":{"rendered":"https:\/\/k-level.com\/?post_type=product&#038;p=13821"},"modified":"2025-07-16T16:41:09","modified_gmt":"2025-07-16T08:41:09","slug":"llra01-laser-nivellier-drehadapter","status":"publish","type":"product","link":"https:\/\/k-level.com\/de\/produkt\/llra01-laser-nivellier-drehadapter\/","title":{"rendered":"LLRA01 Laser-Nivellier-Drehadapter"},"content":{"rendered":"<p><strong>LLRA01 Laser Level Rotating Adapter \u00dcbersicht<\/strong><\/p>\n<p>Als zuverl\u00e4ssiger <a href=\"https:\/\/k-level.com\/de\/geschaft\/\">Nivellieradapter<\/a>Der rotierende Adapter f\u00fcr Laser-Nivellierger\u00e4te LLRA01 ist ideal f\u00fcr die Ausrichtung von Laserwerkzeugen mit gr\u00f6\u00dferer Stabilit\u00e4t und Pr\u00e4zision auf Baustellen.<\/p>\n<p>Der Laser-Nivellier-Drehadapter LLRA01 erm\u00f6glicht sanfte und pr\u00e4zise Dreheinstellungen und ist somit eine hervorragende L\u00f6sung f\u00fcr die Feinabstimmung Ihres Lasers bei Layout-, Nivellierungs- und Ausrichtungsaufgaben. Dank seiner Doppelgewindekompatibilit\u00e4t \u2013 1\/4\u2033-20 oben und 5\/8\u2033-11 unten \u2013 erm\u00f6glicht er den Anschluss einer Vielzahl von Laser-Nivellierger\u00e4ten, Stativen und Vermessungsinstrumenten. Dies macht ihn zu einem hochkompatiblen <a href=\"https:\/\/k-level.com\/de\/geschaft\/\">Nivellieradapter<\/a> sowohl f\u00fcr professionelle als auch f\u00fcr Heimwerkeranwendungen.<\/p>\n<p>Mit einem Au\u00dfendurchmesser von 65 mm bietet der LLRA01 eine kompakte und dennoch stabile Basis f\u00fcr Rotationsarbeiten. Das Pr\u00e4zisionsdesign des Adapters erm\u00f6glicht eine 360\u00b0-Drehung und gibt dem Benutzer die volle Kontrolle \u00fcber die Richtung seines Laserstrahls, ohne das gesamte Setup neu positionieren zu m\u00fcssen. Egal, ob Sie an horizontalen Layouts oder vertikalen Ausrichtungen arbeiten, der <a href=\"https:\/\/k-level.com\/de\/kontakt\/\">LLRA01 Laser-Nivellier-Drehadapter<\/a> bietet die Stabilit\u00e4t und Flexibilit\u00e4t, die Sie brauchen.<img fetchpriority=\"high\" decoding=\"async\" class=\"aligncenter wp-image-13822 size-medium\" src=\"https:\/\/k-level.com\/wp-content\/uploads\/2025\/07\/LLRA011-300x300.jpg\" alt=\"Nivellieradapter\" width=\"300\" height=\"300\" srcset=\"https:\/\/k-level.com\/wp-content\/uploads\/2025\/07\/LLRA011-300x300.jpg 300w, https:\/\/k-level.com\/wp-content\/uploads\/2025\/07\/LLRA011-150x150.jpg 150w, https:\/\/k-level.com\/wp-content\/uploads\/2025\/07\/LLRA011-768x768.jpg 768w, https:\/\/k-level.com\/wp-content\/uploads\/2025\/07\/LLRA011-12x12.jpg 12w, https:\/\/k-level.com\/wp-content\/uploads\/2025\/07\/LLRA011-370x370.jpg 370w, https:\/\/k-level.com\/wp-content\/uploads\/2025\/07\/LLRA011-400x400.jpg 400w, https:\/\/k-level.com\/wp-content\/uploads\/2025\/07\/LLRA011-100x100.jpg 100w, https:\/\/k-level.com\/wp-content\/uploads\/2025\/07\/LLRA011-50x50.jpg 50w, https:\/\/k-level.com\/wp-content\/uploads\/2025\/07\/LLRA011.jpg 800w\" sizes=\"(max-width: 300px) 100vw, 300px\" \/><\/p>\n<p>Vertrauensw\u00fcrdiger Level Surveying Adapter. Dieses Produkt ist aus hochwertigen Materialien gefertigt, um eine lange Lebensdauer im Innen- und Au\u00dfenbereich zu gew\u00e4hrleisten.<\/p>\n<p>Ben\u00f6tigen Sie eine L\u00f6sung?<\/p>\n<p>K-level bietet Beratungsdienste f\u00fcr Vermessungsger\u00e4te an. Kontaktieren Sie uns f\u00fcr Gro\u00dfbestellungen oder technischen Support!<\/p>","protected":false},"excerpt":{"rendered":"<ul>\n<li>K-levels Engagement f\u00fcr Funktionalit\u00e4t, Pr\u00e4zision und professionelle Leistung<\/li>\n<li>Macht den LLRA01 zu einem unverzichtbaren Werkzeug in jeder Laservermessungseinrichtung.<\/li>\n<\/ul>\n<p><img decoding=\"async\" class=\"alignnone size-medium wp-image-13646\" src=\"https:\/\/k-level.com\/wp-content\/uploads\/2025\/05\/logo-300x98.png\" alt=\"\" width=\"300\" height=\"98\" srcset=\"https:\/\/k-level.com\/wp-content\/uploads\/2025\/05\/logo-300x98.png 300w, https:\/\/k-level.com\/wp-content\/uploads\/2025\/05\/logo-18x6.png 18w, https:\/\/k-level.com\/wp-content\/uploads\/2025\/05\/logo.png 307w\" sizes=\"(max-width: 300px) 100vw, 300px\" \/><\/p>","protected":false},"featured_media":13822,"comment_status":"open","ping_status":"closed","template":"","meta":[],"product_brand":[],"product_cat":[264],"product_tag":[238],"class_list":{"0":"post-13821","1":"product","2":"type-product","3":"status-publish","4":"has-post-thumbnail","6":"product_cat-rotation-adapter","7":"product_tag-carpentry-and-furniture","9":"first","10":"instock","11":"shipping-taxable","12":"product-type-simple"},"_links":{"self":[{"href":"https:\/\/k-level.com\/de\/wp-json\/wp\/v2\/product\/13821","targetHints":{"allow":["GET"]}}],"collection":[{"href":"https:\/\/k-level.com\/de\/wp-json\/wp\/v2\/product"}],"about":[{"href":"https:\/\/k-level.com\/de\/wp-json\/wp\/v2\/types\/product"}],"replies":[{"embeddable":true,"href":"https:\/\/k-level.com\/de\/wp-json\/wp\/v2\/comments?post=13821"}],"version-history":[{"count":2,"href":"https:\/\/k-level.com\/de\/wp-json\/wp\/v2\/product\/13821\/revisions"}],"predecessor-version":[{"id":13824,"href":"https:\/\/k-level.com\/de\/wp-json\/wp\/v2\/product\/13821\/revisions\/13824"}],"wp:featuredmedia":[{"embeddable":true,"href":"https:\/\/k-level.com\/de\/wp-json\/wp\/v2\/media\/13822"}],"wp:attachment":[{"href":"https:\/\/k-level.com\/de\/wp-json\/wp\/v2\/media?parent=13821"}],"wp:term":[{"taxonomy":"product_brand","embeddable":true,"href":"https:\/\/k-level.com\/de\/wp-json\/wp\/v2\/product_brand?post=13821"},{"taxonomy":"product_cat","embeddable":true,"href":"https:\/\/k-level.com\/de\/wp-json\/wp\/v2\/product_cat?post=13821"},{"taxonomy":"product_tag","embeddable":true,"href":"https:\/\/k-level.com\/de\/wp-json\/wp\/v2\/product_tag?post=13821"}],"curies":[{"name":"wp","href":"https:\/\/api.w.org\/{rel}","templated":true}]}}